{"id":20910,"date":"2020-09-03T05:06:02","date_gmt":"2020-09-03T03:06:02","guid":{"rendered":"https:\/\/www.shizenna.com\/?page_id=20910"},"modified":"2020-10-19T16:52:37","modified_gmt":"2020-10-19T14:52:37","slug":"visio","status":"publish","type":"page","link":"https:\/\/www.shizenna.com\/en\/visio\/","title":{"rendered":"Vision"},"content":{"rendered":"<p>A Shizen&#8217;na volem ser una refer\u00e8ncia en el m\u00f3n de les ess\u00e8ncies naturals amb la contribuci\u00f3 a la millora de l&#8217;aire que es respira en l&#8217;ambient professional, p\u00fablic i privat, el comer\u00e7 i les llars particulars.<\/p>\n<p>Creem col\u00b7leccions d&#8217;olis essencials basats en la perfecci\u00f3 dels elements de la terra per un p\u00fablic que vol respirar natura, amb els coneixements professionals dels nostres perfumistes titulats.<\/p>\n<p>Tamb\u00e9 som especialistes en l&#8217;elaboraci\u00f3 de perfums personalitzats i exclusius per contribuir a la potenciaci\u00f3 i posicionament de marca.<\/p>\n<p>Comptem amb difusors personals de petit i mitj\u00e0 abast per particulars i de mides superiors per \u00e0mbits comercials i industrials de mitjanes i grans superf\u00edcies.<\/p>","protected":false},"excerpt":{"rendered":"<p>A Shizen&#8217;na volem ser una refer\u00e8ncia en el m\u00f3n de [&hellip;]<\/p>","protected":false},"author":1,"featured_media":0,"parent":0,"menu_order":0,"comment_status":"closed","ping_status":"closed","template":"","meta":{"footnotes":""},"class_list":["post-20910","page","type-page","status-publish","hentry"],"yoast_head":"<!-- This site is optimized with the Yoast SEO plugin v25.8 - https:\/\/yoast.com\/wordpress\/plugins\/seo\/ -->\n<title>Visi\u00f3 - Shizen&#039;na<\/title>\n<meta name=\"description\" content=\"Refer\u00e8ncia en el m\u00f3n de les ess\u00e8ncies naturals contribuint a la millora de l&#039;aire en l&#039;ambient professional p\u00fablic i les llars particulars.\" \/>\n<meta name=\"robots\" content=\"index, follow, max-snippet:-1, max-image-preview:large, max-video-preview:-1\" \/>\n<link rel=\"canonical\" href=\"https:\/\/www.shizenna.com\/en\/visio\/\" \/>\n<meta property=\"og:locale\" content=\"en_GB\" \/>\n<meta property=\"og:type\" content=\"article\" \/>\n<meta property=\"og:title\" content=\"Visi\u00f3 - Shizen&#039;na\" \/>\n<meta property=\"og:description\" content=\"Refer\u00e8ncia en el m\u00f3n de les ess\u00e8ncies naturals contribuint a la millora de l&#039;aire en l&#039;ambient professional p\u00fablic i les llars particulars.\" \/>\n<meta property=\"og:url\" content=\"https:\/\/www.shizenna.com\/en\/visio\/\" \/>\n<meta property=\"og:site_name\" content=\"Shizen&#039;na\" \/>\n<meta property=\"article:modified_time\" content=\"2020-10-19T14:52:37+00:00\" \/>\n<meta name=\"twitter:card\" content=\"summary_large_image\" \/>\n<meta name=\"twitter:label1\" content=\"Estimated reading time\" \/>\n\t<meta name=\"twitter:data1\" content=\"1 minute\" \/>\n<script type=\"application\/ld+json\" class=\"yoast-schema-graph\">{\"@context\":\"https:\/\/schema.org\",\"@graph\":[{\"@type\":\"WebPage\",\"@id\":\"https:\/\/www.shizenna.com\/es\/visio\/\",\"url\":\"https:\/\/www.shizenna.com\/es\/visio\/\",\"name\":\"Visi\u00f3 - Shizen&#039;na\",\"isPartOf\":{\"@id\":\"https:\/\/www.shizenna.com\/#website\"},\"datePublished\":\"2020-09-03T03:06:02+00:00\",\"dateModified\":\"2020-10-19T14:52:37+00:00\",\"description\":\"Refer\u00e8ncia en el m\u00f3n de les ess\u00e8ncies naturals contribuint a la millora de l'aire en l'ambient professional p\u00fablic i les llars particulars.\",\"inLanguage\":\"en-GB\",\"potentialAction\":[{\"@type\":\"ReadAction\",\"target\":[\"https:\/\/www.shizenna.com\/es\/visio\/\"]}]},{\"@type\":\"WebSite\",\"@id\":\"https:\/\/www.shizenna.com\/#website\",\"url\":\"https:\/\/www.shizenna.com\/\",\"name\":\"Shizen&#039;na\",\"description\":\"Respira 100% natural\",\"potentialAction\":[{\"@type\":\"SearchAction\",\"target\":{\"@type\":\"EntryPoint\",\"urlTemplate\":\"https:\/\/www.shizenna.com\/?s={search_term_string}\"},\"query-input\":{\"@type\":\"PropertyValueSpecification\",\"valueRequired\":true,\"valueName\":\"search_term_string\"}}],\"inLanguage\":\"en-GB\"}]}<\/script>\n<!-- \/ Yoast SEO plugin. -->","yoast_head_json":{"title":"Visi\u00f3 - Shizen&#039;na","description":"Refer\u00e8ncia en el m\u00f3n de les ess\u00e8ncies naturals contribuint a la millora de l'aire en l'ambient professional p\u00fablic i les llars particulars.","robots":{"index":"index","follow":"follow","max-snippet":"max-snippet:-1","max-image-preview":"max-image-preview:large","max-video-preview":"max-video-preview:-1"},"canonical":"https:\/\/www.shizenna.com\/en\/visio\/","og_locale":"en_GB","og_type":"article","og_title":"Visi\u00f3 - Shizen&#039;na","og_description":"Refer\u00e8ncia en el m\u00f3n de les ess\u00e8ncies naturals contribuint a la millora de l'aire en l'ambient professional p\u00fablic i les llars particulars.","og_url":"https:\/\/www.shizenna.com\/en\/visio\/","og_site_name":"Shizen&#039;na","article_modified_time":"2020-10-19T14:52:37+00:00","twitter_card":"summary_large_image","twitter_misc":{"Estimated reading time":"1 minute"},"schema":{"@context":"https:\/\/schema.org","@graph":[{"@type":"WebPage","@id":"https:\/\/www.shizenna.com\/es\/visio\/","url":"https:\/\/www.shizenna.com\/es\/visio\/","name":"Visi\u00f3 - Shizen&#039;na","isPartOf":{"@id":"https:\/\/www.shizenna.com\/#website"},"datePublished":"2020-09-03T03:06:02+00:00","dateModified":"2020-10-19T14:52:37+00:00","description":"Refer\u00e8ncia en el m\u00f3n de les ess\u00e8ncies naturals contribuint a la millora de l'aire en l'ambient professional p\u00fablic i les llars particulars.","inLanguage":"en-GB","potentialAction":[{"@type":"ReadAction","target":["https:\/\/www.shizenna.com\/es\/visio\/"]}]},{"@type":"WebSite","@id":"https:\/\/www.shizenna.com\/#website","url":"https:\/\/www.shizenna.com\/","name":"Shizen&#039;na","description":"Respira 100% natural","potentialAction":[{"@type":"SearchAction","target":{"@type":"EntryPoint","urlTemplate":"https:\/\/www.shizenna.com\/?s={search_term_string}"},"query-input":{"@type":"PropertyValueSpecification","valueRequired":true,"valueName":"search_term_string"}}],"inLanguage":"en-GB"}]}},"_links":{"self":[{"href":"https:\/\/www.shizenna.com\/en\/wp-json\/wp\/v2\/pages\/20910","targetHints":{"allow":["GET"]}}],"collection":[{"href":"https:\/\/www.shizenna.com\/en\/wp-json\/wp\/v2\/pages"}],"about":[{"href":"https:\/\/www.shizenna.com\/en\/wp-json\/wp\/v2\/types\/page"}],"author":[{"embeddable":true,"href":"https:\/\/www.shizenna.com\/en\/wp-json\/wp\/v2\/users\/1"}],"replies":[{"embeddable":true,"href":"https:\/\/www.shizenna.com\/en\/wp-json\/wp\/v2\/comments?post=20910"}],"version-history":[{"count":0,"href":"https:\/\/www.shizenna.com\/en\/wp-json\/wp\/v2\/pages\/20910\/revisions"}],"wp:attachment":[{"href":"https:\/\/www.shizenna.com\/en\/wp-json\/wp\/v2\/media?parent=20910"}],"curies":[{"name":"wp","href":"https:\/\/api.w.org\/{rel}","templated":true}]}}