{"id":20912,"date":"2020-09-03T05:06:37","date_gmt":"2020-09-03T03:06:37","guid":{"rendered":"https:\/\/www.shizenna.com\/?page_id=20912"},"modified":"2020-10-19T15:55:55","modified_gmt":"2020-10-19T13:55:55","slug":"missio","status":"publish","type":"page","link":"https:\/\/www.shizenna.com\/en\/missio\/","title":{"rendered":"Mission"},"content":{"rendered":"<p>Des del convenciment que un m\u00f3n millor \u00e9s possible, Shizen&#8217;na es crea amb l&#8217;objectiu de millorar el medi dels espais tancats, eliminant els elements sint\u00e8tics de l&#8217;aire per aportar ess\u00e8ncies naturals.<\/p>\n<p>Pretenem que l&#8217;aire sigui net i crear atmosferes lliures de les cl\u00e0ssiques frag\u00e0ncies qu\u00edmiques que aconsegueixen olors m\u00e9s o menys agradables, per\u00f2 perjudicials.<\/p>","protected":false},"excerpt":{"rendered":"<p>Des del convenciment que un m\u00f3n millor \u00e9s possible, Shizen&#8217;na [&hellip;]<\/p>","protected":false},"author":1,"featured_media":0,"parent":0,"menu_order":0,"comment_status":"closed","ping_status":"closed","template":"","meta":{"footnotes":""},"class_list":["post-20912","page","type-page","status-publish","hentry"],"yoast_head":"<!-- This site is optimized with the Yoast SEO plugin v25.8 - https:\/\/yoast.com\/wordpress\/plugins\/seo\/ -->\n<title>Missi\u00f3 - Shizen&#039;na<\/title>\n<meta name=\"description\" content=\"Shizen\u2019na t\u00e9 l\u2019objectiu de millorar el medi dels espais tancats, eliminant els elements sint\u00e8tics de l\u2019aire per aportar ess\u00e8ncies naturals.\" \/>\n<meta name=\"robots\" content=\"index, follow, max-snippet:-1, max-image-preview:large, max-video-preview:-1\" \/>\n<link rel=\"canonical\" href=\"https:\/\/www.shizenna.com\/en\/missio\/\" \/>\n<meta property=\"og:locale\" content=\"en_GB\" \/>\n<meta property=\"og:type\" content=\"article\" \/>\n<meta property=\"og:title\" content=\"Missi\u00f3 - Shizen&#039;na\" \/>\n<meta property=\"og:description\" content=\"Shizen\u2019na t\u00e9 l\u2019objectiu de millorar el medi dels espais tancats, eliminant els elements sint\u00e8tics de l\u2019aire per aportar ess\u00e8ncies naturals.\" \/>\n<meta property=\"og:url\" content=\"https:\/\/www.shizenna.com\/en\/missio\/\" \/>\n<meta property=\"og:site_name\" content=\"Shizen&#039;na\" \/>\n<meta property=\"article:modified_time\" content=\"2020-10-19T13:55:55+00:00\" \/>\n<meta name=\"twitter:card\" content=\"summary_large_image\" \/>\n<script type=\"application\/ld+json\" class=\"yoast-schema-graph\">{\"@context\":\"https:\/\/schema.org\",\"@graph\":[{\"@type\":\"WebPage\",\"@id\":\"https:\/\/www.shizenna.com\/en\/missio\/\",\"url\":\"https:\/\/www.shizenna.com\/en\/missio\/\",\"name\":\"Missi\u00f3 - Shizen&#039;na\",\"isPartOf\":{\"@id\":\"https:\/\/www.shizenna.com\/#website\"},\"datePublished\":\"2020-09-03T03:06:37+00:00\",\"dateModified\":\"2020-10-19T13:55:55+00:00\",\"description\":\"Shizen\u2019na t\u00e9 l\u2019objectiu de millorar el medi dels espais tancats, eliminant els elements sint\u00e8tics de l\u2019aire per aportar ess\u00e8ncies naturals.\",\"inLanguage\":\"en-GB\",\"potentialAction\":[{\"@type\":\"ReadAction\",\"target\":[\"https:\/\/www.shizenna.com\/en\/missio\/\"]}]},{\"@type\":\"WebSite\",\"@id\":\"https:\/\/www.shizenna.com\/#website\",\"url\":\"https:\/\/www.shizenna.com\/\",\"name\":\"Shizen&#039;na\",\"description\":\"Respira 100% natural\",\"potentialAction\":[{\"@type\":\"SearchAction\",\"target\":{\"@type\":\"EntryPoint\",\"urlTemplate\":\"https:\/\/www.shizenna.com\/?s={search_term_string}\"},\"query-input\":{\"@type\":\"PropertyValueSpecification\",\"valueRequired\":true,\"valueName\":\"search_term_string\"}}],\"inLanguage\":\"en-GB\"}]}<\/script>\n<!-- \/ Yoast SEO plugin. -->","yoast_head_json":{"title":"Missi\u00f3 - Shizen&#039;na","description":"Shizen\u2019na t\u00e9 l\u2019objectiu de millorar el medi dels espais tancats, eliminant els elements sint\u00e8tics de l\u2019aire per aportar ess\u00e8ncies naturals.","robots":{"index":"index","follow":"follow","max-snippet":"max-snippet:-1","max-image-preview":"max-image-preview:large","max-video-preview":"max-video-preview:-1"},"canonical":"https:\/\/www.shizenna.com\/en\/missio\/","og_locale":"en_GB","og_type":"article","og_title":"Missi\u00f3 - Shizen&#039;na","og_description":"Shizen\u2019na t\u00e9 l\u2019objectiu de millorar el medi dels espais tancats, eliminant els elements sint\u00e8tics de l\u2019aire per aportar ess\u00e8ncies naturals.","og_url":"https:\/\/www.shizenna.com\/en\/missio\/","og_site_name":"Shizen&#039;na","article_modified_time":"2020-10-19T13:55:55+00:00","twitter_card":"summary_large_image","schema":{"@context":"https:\/\/schema.org","@graph":[{"@type":"WebPage","@id":"https:\/\/www.shizenna.com\/en\/missio\/","url":"https:\/\/www.shizenna.com\/en\/missio\/","name":"Missi\u00f3 - Shizen&#039;na","isPartOf":{"@id":"https:\/\/www.shizenna.com\/#website"},"datePublished":"2020-09-03T03:06:37+00:00","dateModified":"2020-10-19T13:55:55+00:00","description":"Shizen\u2019na t\u00e9 l\u2019objectiu de millorar el medi dels espais tancats, eliminant els elements sint\u00e8tics de l\u2019aire per aportar ess\u00e8ncies naturals.","inLanguage":"en-GB","potentialAction":[{"@type":"ReadAction","target":["https:\/\/www.shizenna.com\/en\/missio\/"]}]},{"@type":"WebSite","@id":"https:\/\/www.shizenna.com\/#website","url":"https:\/\/www.shizenna.com\/","name":"Shizen&#039;na","description":"Respira 100% natural","potentialAction":[{"@type":"SearchAction","target":{"@type":"EntryPoint","urlTemplate":"https:\/\/www.shizenna.com\/?s={search_term_string}"},"query-input":{"@type":"PropertyValueSpecification","valueRequired":true,"valueName":"search_term_string"}}],"inLanguage":"en-GB"}]}},"_links":{"self":[{"href":"https:\/\/www.shizenna.com\/en\/wp-json\/wp\/v2\/pages\/20912","targetHints":{"allow":["GET"]}}],"collection":[{"href":"https:\/\/www.shizenna.com\/en\/wp-json\/wp\/v2\/pages"}],"about":[{"href":"https:\/\/www.shizenna.com\/en\/wp-json\/wp\/v2\/types\/page"}],"author":[{"embeddable":true,"href":"https:\/\/www.shizenna.com\/en\/wp-json\/wp\/v2\/users\/1"}],"replies":[{"embeddable":true,"href":"https:\/\/www.shizenna.com\/en\/wp-json\/wp\/v2\/comments?post=20912"}],"version-history":[{"count":0,"href":"https:\/\/www.shizenna.com\/en\/wp-json\/wp\/v2\/pages\/20912\/revisions"}],"wp:attachment":[{"href":"https:\/\/www.shizenna.com\/en\/wp-json\/wp\/v2\/media?parent=20912"}],"curies":[{"name":"wp","href":"https:\/\/api.w.org\/{rel}","templated":true}]}}