{"id":20918,"date":"2020-09-03T05:25:31","date_gmt":"2020-09-03T03:25:31","guid":{"rendered":"https:\/\/www.shizenna.com\/?page_id=20918"},"modified":"2021-02-26T13:09:23","modified_gmt":"2021-02-26T12:09:23","slug":"producte","status":"publish","type":"page","link":"https:\/\/www.shizenna.com\/en\/producte\/","title":{"rendered":"Producte"},"content":{"rendered":"<p><span style=\"font-weight: 400;\">Per elaborar les nostres sinergies (<\/span><i><span style=\"font-weight: 400;\">blends<\/span><\/i><span style=\"font-weight: 400;\">)<\/span> <span style=\"font-weight: 400;\">naturals, fem l&#8217;elecci\u00f3 de les plantes, flors, fustes i fruits c\u00edtrics, tenint cura de la sostenibilitat de les plantacions i amb models de comer\u00e7 just, tractant els elements naturals amb criteris de responsabilitat. Nom\u00e9s d&#8217;aquesta manera, quan eliminem els qu\u00edmics de l&#8217;ambient i aromatitzem amb ess\u00e8ncies naturals, retornem a la terra el que ens d\u00f3na, sense contaminar-ne l\u2019ambient.<\/span><\/p>\n<p><b>Les aromes de Shizen&#8217;na nom\u00e9s contenen elements naturals<\/b><span style=\"font-weight: 400;\">. En cap cas s&#8217;afegeixen frag\u00e0ncies qu\u00edmiques ni subst\u00e0ncies sint\u00e8tiques fixadores o de qualsevol altra mena.<\/span><\/p>\n<p><span style=\"font-weight: 400;\">Diverses col\u00b7leccions formades per m\u00e9s de 70 tipus de sinergies d&#8217;olis essencials han estat elaborades per les nostres aromat\u00f2logues, amb olis extrets de tot el m\u00f3n de manera respectuosa i seleccionats per la seva qualitat, per obtenir unes ess\u00e8ncies naturals exclusives.\u00a0<\/span><\/p>\n<p><span style=\"font-weight: 400;\">Tamb\u00e9 elaborem perfumeria natural a mida per una perfecta interacci\u00f3 entre l\u2019espai i la marca i poder obsequiar una aroma personalitzada.<\/span><\/p>\n<p>&nbsp;<\/p>\n<p><b>PROCESSOS<\/b><\/p>\n<p><span style=\"font-weight: 400;\">HIGIENITZACI\u00d3<\/span><\/p>\n<p><span style=\"font-weight: 400;\">Nebulitzaci\u00f3 ambiental de nanopart\u00edcules d&#8217;olis essencials amb propietats <strong>antiviral<\/strong>, <strong>antibacterianes<\/strong> and <strong>reductores de contaminaci\u00f3<\/strong>, certificats pel Centre d&#8217;Investigaci\u00f3 Kitasato de Ci\u00e8ncies Ambientals del Jap\u00f3 i el Japan Aroma Laboratory.<\/span><\/p>\n<p><span style=\"font-weight: 400;\">\u00a0<\/span><\/p>\n<p><span style=\"font-weight: 400;\">DIFFUSION<\/span><\/p>\n<p><span style=\"font-weight: 400;\">Estudiem els espais per tal d\u2019aromatitzar-los a mida i arribar a tots els racons on es desitgi que l&#8217;aroma aporti els efectes beneficiosos desitjats, col\u00b7locant aparells nebulitzadors amb tecnologia de doble fluid per a la perfecta difusi\u00f3, amb l&#8217;aprofitament del 100% de les propietats dels olis essencials.<\/span><\/p>\n<p><span style=\"font-weight: 400;\">\u00a0<\/span><\/p>\n<p><span style=\"font-weight: 400;\">CUSTOMIZATION<\/span><\/p>\n<p><span style=\"font-weight: 400;\">El nostre equip d&#8217;experts analitza amb el client quin es l\u2019aroma m\u00e9s adequat per al seu espai en funci\u00f3 de la seva especialitat, el seu producte, el seu objectiu i el seu entorn i creem conjuntament l&#8217;aroma de la seva marca.<\/span><\/p>\n<p><span style=\"font-weight: 400;\">\u00a0<\/span><\/p>\n<p><span style=\"font-weight: 400;\">AROMA 100% NATURAL<\/span><\/p>\n<p><span style=\"font-weight: 400;\">Tenim una col\u00b7lecci\u00f3 de sinergies d\u2019olis essencials 100% estudiada durant anys per aromat\u00f2logues i perfumistes, per a aromatitzar espais de tota mida en funci\u00f3 de la seva activitat o l&#8217;objectiu establert.<\/span><\/p>\n<p><span style=\"font-weight: 400;\">\u00a0<\/span><\/p>\n<p><b><i>Col\u00b7leccions de sinergies:<\/i><\/b><\/p>\n<p><b>SHIZEN&#8217;NA <\/b><b>PURE<\/b><\/p>\n<p><span style=\"font-weight: 400;\">Una col\u00b7lecci\u00f3 basada en olis essencials amb principis actius antivirals i antibacterians per a la neteja del teu espai. Amoroseix el teu ambient i aporta serenor a l\u2019entorn.<\/span><\/p>\n<p>&nbsp;<\/p>\n<p><b>SHIZEN&#8217;NA <\/b><b>ARCHITECTURE<\/b><\/p>\n<p><span style=\"font-weight: 400;\">Una col\u00b7lecci\u00f3 harm\u00f2nica que integra les olors a les diverses formes est\u00e8tiques de l&#8217;arquitectura i\u00a0 la decoraci\u00f3 dels diferents espais.<\/span><\/p>\n<p><span style=\"font-weight: 400;\">\u00a0<\/span><\/p>\n<p><b>SHIZEN&#8217;NA <\/b><b>ANTHROPOLOGY<\/b><\/p>\n<p><span style=\"font-weight: 400;\">Una col\u00b7lecci\u00f3 \u00fanica que ens porta a l\u2019ess\u00e8ncia del comportament hum\u00e0 en societat. Parlant d\u2019empatia, d\u2019identitat, de cooperaci\u00f3. Comprenent el que compartim, per\u00f2 tamb\u00e9 el que ens fa singulars i \u00fanics. Aprenent amb tot el que ens ensenya l\u2019antropologia de nosaltres mateixos i del m\u00f3n divers que ens envolta<\/span><\/p>\n<p><span style=\"font-weight: 400;\">\u00a0<\/span><\/p>\n<p><b>SHIZEN&#8217;NA UTILITY<\/b><\/p>\n<p><span style=\"font-weight: 400;\">Synergies made with 100% natural ingredients and studied to have a specific benefit in their dissemination.<\/span><\/p>\n<p>&nbsp;<\/p>\n<p><strong>SHIZEN&#8217;NA SEASON<\/strong><\/p>\n<p>When we want to adapt the smell of our surroundings to the season in which we live, Shizen'na incorporates synergies that accompany the environment, filling the space with the heat or freshness that time asks of us.<\/p>\n<p>&nbsp;<\/p>\n<p><b>@aroma CLEAN AIR<\/b><\/p>\n<p><span style=\"font-weight: 400;\">Reductors naturals de contaminaci\u00f3, males olors i g\u00e8rmens pat\u00f2gens<\/span><\/p>\n<p><span style=\"font-weight: 400;\">\u00a0<\/span><\/p>\n<p><b>@aroma DESIGN AIR<\/b><\/p>\n<p><span style=\"font-weight: 400;\">Estudiada per l&#8217;harmonitzaci\u00f3 entre els espais i el seu disseny\u00a0<\/span><\/p>\n<p><span style=\"font-weight: 400;\">\u00a0<\/span><\/p>\n<p><b>@aroma JAPANESE AIR<\/b><\/p>\n<p><span style=\"font-weight: 400;\">La cultura i els elements exclusivament japonesos per sentir confort i plaer<\/span><\/p>\n<p><span style=\"font-weight: 400;\">\u00a0<\/span><\/p>\n<p><b>@aroma BOTANICAL AIR<\/b><\/p>\n<p><span style=\"font-weight: 400;\">L&#8217;ess\u00e8ncia refrescant de les plantes que ajuda a relaxar la ment i reduir l&#8217;estr\u00e8s\u00a0<\/span><\/p>\n<p><span style=\"font-weight: 400;\">\u00a0<\/span><\/p>\n<p><b>@aroma SUPPLEMENT AIR<\/b><\/p>\n<p><span style=\"font-weight: 400;\">Acompanyar els elements del dia a dia amb una aroma personal estimulant<\/span><\/p>\n<p>&nbsp;<\/p>\n<p><b>DIFUSORS SHIZEN&#8217;NA I EXCLUSIUS @aroma<\/b><\/p>\n<p><span style=\"font-weight: 400;\">Diversos tipus de difusi\u00f3, professionals i personals, per totes les mides d\u2019espais, a trav\u00e9s d\u2019aparells el\u00e8ctrics o de difusi\u00f3 directa, dissenyats aqu\u00ed i al Jap\u00f3, amb tecnologia patentada de doble fluid, per aprofitar el 100% de les propietats dels olis essencials.<\/span><\/p>\n<p><span style=\"font-weight: 400;\">\u00a0<\/span><\/p>\n<p><b>DIFUSORS PROFESSIONALS<\/b><\/p>\n<p><span style=\"font-weight: 400;\">(Venda o lloguer per esdeveniments. Consultar condicions a hola@shizenna.com)<\/span><\/p>\n<p><b>Els diferents difusors professionals de SHIZENNA estan concebuts per a zones di\u00e0fanes de treball com\u00fa, \u00e0mplies sales de reunions, centres de convencions, comer\u00e7os de grans superf\u00edcies i espais de celebraci\u00f3 de tota mena d&#8217;esdeveniments, des de teatres fins a pavellons esportius o firals.\u00a0<\/b><\/p>\n<p><b>Es poden llogar per dies o adquirir-los per a poder-los tenir sempre a l&#8217;abast.<\/b><\/p>\n<p><b>\u00a0<\/b><\/p>\n<p><b>SHIZEN&#8217;NA NEBUSCENT<\/b><\/p>\n<p><span style=\"font-weight: 400;\">Programable via app, amb tecnologia de doble fluid.\u00a0<\/span><\/p>\n<p><span style=\"font-weight: 400;\">Abast fins a 400m<\/span><span style=\"font-weight: 400;\">2<\/span><\/p>\n<p><b>\u00a0<\/b><\/p>\n<p><b>SHIZEN&#8217;NA OKI<\/b><\/p>\n<p><span style=\"font-weight: 400;\">Per a grans superf\u00edcies a trav\u00e9s del sistema de ventilaci\u00f3 existent.\u00a0<\/span><\/p>\n<p><span style=\"font-weight: 400;\">Abast: Fins a 3500m<\/span><span style=\"font-weight: 400;\">2<\/span><\/p>\n<p>&nbsp;<\/p>\n<p><b>@aroma ALL IN ONE<\/b><\/p>\n<p><span style=\"font-weight: 400;\">Difusor d&#8217;alta qualitat dissenyat per Toshihiko Sakai. Per espais p\u00fablics.\u00a0<\/span><\/p>\n<p><span style=\"font-weight: 400;\">Abast fins a 175m<\/span><span style=\"font-weight: 400;\">2<\/span><\/p>\n<p><b>\u00a0<\/b><\/p>\n<p><b>@aroma SELECT TYPE<\/b><\/p>\n<p><span style=\"font-weight: 400;\">Resistent, per espais humits o severs.<\/span><\/p>\n<p><span style=\"font-weight: 400;\">Abast fins a 150m<\/span><span style=\"font-weight: 400;\">2 <\/span><span style=\"font-weight: 400;\">amb possibilitat de doblar extensi\u00f3<\/span><\/p>\n<p><span style=\"font-weight: 400;\">\u00a0<\/span><\/p>\n<p><b>DIFUSORS PERSONALS<\/b><\/p>\n<p><b>Per \u00fas en habitatge, oficines, petits comer\u00e7os o espais privats<\/b><\/p>\n<p><b><i>\u00a0<\/i><\/b><\/p>\n<p><b>SHIZEN&#8217;NA NEBUCHIC<\/b><\/p>\n<p><span style=\"font-weight: 400;\">Nova tecnologia efectiva de nebulitzaci\u00f3 en un disseny redu\u00eft i efica\u00e7.\u00a0<\/span><\/p>\n<p><span style=\"font-weight: 400;\">Abast: Fins a 60m<\/span><span style=\"font-weight: 400;\">2<\/span><\/p>\n<p><b>\u00a0<\/b><\/p>\n<p><b>SHIZEN&#8217;NA BRUMA<\/b><\/p>\n<p><span style=\"font-weight: 400;\">Silenci absolut per sentir la profunditat arom\u00e0tica. Espais de fins a 25 m<\/span><span style=\"font-weight: 400;\">2<\/span><\/p>\n<p>&nbsp;<\/p>\n<p><b>SHIZEN&#8217;NA TODANA<\/b><\/p>\n<p><span style=\"font-weight: 400;\">Vas de cer\u00e0mica i fusta fets individualment a m\u00e0 per a Shizen&#8217;na, per aromatitzar d&#8217;armaris o per sobretaula amb possibilitat d\u2019incorporar el nostre especial Oli Essencial Zanzar (repel\u00b7lent de mosquits)\u00a0<\/span><\/p>\n<p><b>SHIZEN&#8217;NA KABIN<\/b><\/p>\n<p><span style=\"font-weight: 400;\">Gerro de cer\u00e0mica i fusta fet a m\u00e0 per a Shizen&#8217;na amb bastons de Mitsumata, per decoraci\u00f3.<\/span><\/p>\n<p>&nbsp;<\/p>\n<p><b>SHIZEN&#8217;NA OTO CAR<\/b><\/p>\n<p><span style=\"font-weight: 400;\">Especial per cotxe, es col\u00b7loca a la sortida de l&#8217;aire del propi vehicle i aromatitza silenciosament i sense connexions.\u00a0\u00a0<\/span><\/p>\n<p>&nbsp;<\/p>\n<p><b>@aroma PIEZO SOLO<\/b><\/p>\n<p><span style=\"font-weight: 400;\">Funcionalitat silenciosa per ultrasons, d&#8217;alta qualitat aromatitzant.\u00a0<\/span><\/p>\n<p><span style=\"font-weight: 400;\">Abats: Fins a 75m<\/span><span style=\"font-weight: 400;\">2<\/span><\/p>\n<p><span style=\"font-weight: 400;\">\u00a0<\/span><\/p>\n<p><b>@aroma TOKONAME VASE<\/b><\/p>\n<p><span style=\"font-weight: 400;\">Gerro japon\u00e8s de branca arom\u00e0tica per decoraci\u00f3 d&#8217;interiors.<\/span><\/p>\n<p><span style=\"font-weight: 400;\">\u00a0<\/span><\/p>\n<p><b>@aroma HINOCO<\/b><\/p>\n<p><span style=\"font-weight: 400;\">Fusta de xiprer japon\u00e8s per copsar i estendre tota l&#8217;ess\u00e8ncia de l&#8217;oli en espais redu\u00efts.<\/span><\/p>\n<p><span style=\"font-weight: 400;\">\u00a0<\/span><\/p>\n<p><b>@aroma TOKONAME STONE<\/b><\/p>\n<p><span style=\"font-weight: 400;\">Dissenyat per Fumie Shibata i produ\u00eft a m\u00e0 al Jap\u00f3 per aromatitzar un petit espai propi.<\/span><\/p>\n<p><span style=\"font-weight: 400;\">\u00a0<\/span><\/p>\n<p><b>@aroma USB Aroma Time<\/b><\/p>\n<p><span style=\"font-weight: 400;\">Alimentat per USB. Suport arom\u00e0tic personal durant el treball o els viatges<\/span><\/p>","protected":false},"excerpt":{"rendered":"<p>Per elaborar les nostres sinergies (blends) naturals, fem l&#8217;elecci\u00f3 de [&hellip;]<\/p>","protected":false},"author":1,"featured_media":0,"parent":0,"menu_order":0,"comment_status":"closed","ping_status":"closed","template":"","meta":{"footnotes":""},"class_list":["post-20918","page","type-page","status-publish","hentry"],"yoast_head":"<!-- This site is optimized with the Yoast SEO plugin v25.8 - https:\/\/yoast.com\/wordpress\/plugins\/seo\/ -->\n<title>Producte - Shizen&#039;na<\/title>\n<meta name=\"description\" content=\"Les aromes de Shizen&#039;na nom\u00e9s contenen elements naturals. En cap cas s&#039;afegeixen frag\u00e0ncies qu\u00edmiques ni subst\u00e0ncies sint\u00e8tiques fixadores.\" \/>\n<meta name=\"robots\" content=\"index, follow, max-snippet:-1, max-image-preview:large, max-video-preview:-1\" \/>\n<link rel=\"canonical\" href=\"https:\/\/www.shizenna.com\/en\/producte\/\" \/>\n<meta property=\"og:locale\" content=\"en_GB\" \/>\n<meta property=\"og:type\" content=\"article\" \/>\n<meta property=\"og:title\" content=\"Producte - Shizen&#039;na\" \/>\n<meta property=\"og:description\" content=\"Les aromes de Shizen&#039;na nom\u00e9s contenen elements naturals. En cap cas s&#039;afegeixen frag\u00e0ncies qu\u00edmiques ni subst\u00e0ncies sint\u00e8tiques fixadores.\" \/>\n<meta property=\"og:url\" content=\"https:\/\/www.shizenna.com\/en\/producte\/\" \/>\n<meta property=\"og:site_name\" content=\"Shizen&#039;na\" \/>\n<meta property=\"article:modified_time\" content=\"2021-02-26T12:09:23+00:00\" \/>\n<meta name=\"twitter:card\" content=\"summary_large_image\" \/>\n<meta name=\"twitter:label1\" content=\"Estimated reading time\" \/>\n\t<meta name=\"twitter:data1\" content=\"5 minutes\" \/>\n<script type=\"application\/ld+json\" class=\"yoast-schema-graph\">{\"@context\":\"https:\/\/schema.org\",\"@graph\":[{\"@type\":\"WebPage\",\"@id\":\"https:\/\/www.shizenna.com\/producte\/\",\"url\":\"https:\/\/www.shizenna.com\/producte\/\",\"name\":\"Producte - Shizen&#039;na\",\"isPartOf\":{\"@id\":\"https:\/\/www.shizenna.com\/#website\"},\"datePublished\":\"2020-09-03T03:25:31+00:00\",\"dateModified\":\"2021-02-26T12:09:23+00:00\",\"description\":\"Les aromes de Shizen'na nom\u00e9s contenen elements naturals. En cap cas s'afegeixen frag\u00e0ncies qu\u00edmiques ni subst\u00e0ncies sint\u00e8tiques fixadores.\",\"inLanguage\":\"en-GB\",\"potentialAction\":[{\"@type\":\"ReadAction\",\"target\":[\"https:\/\/www.shizenna.com\/producte\/\"]}]},{\"@type\":\"WebSite\",\"@id\":\"https:\/\/www.shizenna.com\/#website\",\"url\":\"https:\/\/www.shizenna.com\/\",\"name\":\"Shizen&#039;na\",\"description\":\"Respira 100% natural\",\"potentialAction\":[{\"@type\":\"SearchAction\",\"target\":{\"@type\":\"EntryPoint\",\"urlTemplate\":\"https:\/\/www.shizenna.com\/?s={search_term_string}\"},\"query-input\":{\"@type\":\"PropertyValueSpecification\",\"valueRequired\":true,\"valueName\":\"search_term_string\"}}],\"inLanguage\":\"en-GB\"}]}<\/script>\n<!-- \/ Yoast SEO plugin. -->","yoast_head_json":{"title":"Producte - Shizen&#039;na","description":"Les aromes de Shizen'na nom\u00e9s contenen elements naturals. En cap cas s'afegeixen frag\u00e0ncies qu\u00edmiques ni subst\u00e0ncies sint\u00e8tiques fixadores.","robots":{"index":"index","follow":"follow","max-snippet":"max-snippet:-1","max-image-preview":"max-image-preview:large","max-video-preview":"max-video-preview:-1"},"canonical":"https:\/\/www.shizenna.com\/en\/producte\/","og_locale":"en_GB","og_type":"article","og_title":"Producte - Shizen&#039;na","og_description":"Les aromes de Shizen'na nom\u00e9s contenen elements naturals. En cap cas s'afegeixen frag\u00e0ncies qu\u00edmiques ni subst\u00e0ncies sint\u00e8tiques fixadores.","og_url":"https:\/\/www.shizenna.com\/en\/producte\/","og_site_name":"Shizen&#039;na","article_modified_time":"2021-02-26T12:09:23+00:00","twitter_card":"summary_large_image","twitter_misc":{"Estimated reading time":"5 minutes"},"schema":{"@context":"https:\/\/schema.org","@graph":[{"@type":"WebPage","@id":"https:\/\/www.shizenna.com\/producte\/","url":"https:\/\/www.shizenna.com\/producte\/","name":"Producte - Shizen&#039;na","isPartOf":{"@id":"https:\/\/www.shizenna.com\/#website"},"datePublished":"2020-09-03T03:25:31+00:00","dateModified":"2021-02-26T12:09:23+00:00","description":"Les aromes de Shizen'na nom\u00e9s contenen elements naturals. En cap cas s'afegeixen frag\u00e0ncies qu\u00edmiques ni subst\u00e0ncies sint\u00e8tiques fixadores.","inLanguage":"en-GB","potentialAction":[{"@type":"ReadAction","target":["https:\/\/www.shizenna.com\/producte\/"]}]},{"@type":"WebSite","@id":"https:\/\/www.shizenna.com\/#website","url":"https:\/\/www.shizenna.com\/","name":"Shizen&#039;na","description":"Respira 100% natural","potentialAction":[{"@type":"SearchAction","target":{"@type":"EntryPoint","urlTemplate":"https:\/\/www.shizenna.com\/?s={search_term_string}"},"query-input":{"@type":"PropertyValueSpecification","valueRequired":true,"valueName":"search_term_string"}}],"inLanguage":"en-GB"}]}},"_links":{"self":[{"href":"https:\/\/www.shizenna.com\/en\/wp-json\/wp\/v2\/pages\/20918","targetHints":{"allow":["GET"]}}],"collection":[{"href":"https:\/\/www.shizenna.com\/en\/wp-json\/wp\/v2\/pages"}],"about":[{"href":"https:\/\/www.shizenna.com\/en\/wp-json\/wp\/v2\/types\/page"}],"author":[{"embeddable":true,"href":"https:\/\/www.shizenna.com\/en\/wp-json\/wp\/v2\/users\/1"}],"replies":[{"embeddable":true,"href":"https:\/\/www.shizenna.com\/en\/wp-json\/wp\/v2\/comments?post=20918"}],"version-history":[{"count":2,"href":"https:\/\/www.shizenna.com\/en\/wp-json\/wp\/v2\/pages\/20918\/revisions"}],"predecessor-version":[{"id":23159,"href":"https:\/\/www.shizenna.com\/en\/wp-json\/wp\/v2\/pages\/20918\/revisions\/23159"}],"wp:attachment":[{"href":"https:\/\/www.shizenna.com\/en\/wp-json\/wp\/v2\/media?parent=20918"}],"curies":[{"name":"wp","href":"https:\/\/api.w.org\/{rel}","templated":true}]}}