{"id":3,"date":"2020-08-18T16:54:00","date_gmt":"2020-08-18T16:54:00","guid":{"rendered":"https:\/\/www.shizenna.com\/?page_id=3"},"modified":"2020-10-29T14:04:18","modified_gmt":"2020-10-29T13:04:18","slug":"politica-de-privacitat","status":"publish","type":"page","link":"https:\/\/www.shizenna.com\/en\/politica-de-privacitat\/","title":{"rendered":"Privacy policy"},"content":{"rendered":"<p><strong>AV\u00cdS LEGAL<\/strong><\/p>\n<p>OBJECTE<\/p>\n<p>El prestador, responsable del lloc web, posa a la disposici\u00f3 dels usuaris el present document amb el qual pret\u00e9n donar compliment a les obligacions disposades en la Llei 34\/2002, de Serveis de la Societat de la Informaci\u00f3 i del Comer\u00e7 Electr\u00f2nic (LSSI-CE), aix\u00ed com informar a tots els usuaris del lloc web respecte a quins s\u00f3n les condicions d&#8217;\u00fas del lloc web.<\/p>\n<p>Tota persona que accedeixi a aquest lloc web assumeix el paper d&#8217;usuari, comprometent-se a l&#8217;observan\u00e7a i compliment rigor\u00f3s de les disposicions aqu\u00ed disposades, aix\u00ed com a qualsevol altra disposici\u00f3 legal que fos aplicable.<\/p>\n<p>Aquest lloc web ha estat revisat i provat perqu\u00e8 funcioni correctament. En principi, pot garantir-se el correcte funcionament els 365 dies de l&#8217;any, 24 hores al dia. No obstant aix\u00f2, el prestador no descarta la possibilitat que existeixin uns certs errors de programaci\u00f3, o que esdevinguin causes de for\u00e7a major, cat\u00e0strofes naturals, vagues, o circumst\u00e0ncies semblants que facin impossible l&#8217;acc\u00e9s a la p\u00e0gina web.<\/p>\n<p><strong>PROTECCI\u00d3 DE DADES PERSONALS<\/strong><\/p>\n<p>De conformitat amb el que es disposa en la Llei org\u00e0nica 15\/1999, de Protecci\u00f3 de Dades de Car\u00e0cter Personal (LOPD) i la seva normativa de desenvolupament, el responsable del lloc web, en compliment del que es disposa en l&#8217;art. 5 i 6 de la LOPD, informa a tots els usuaris del lloc web que facilitin o vagin a facilitar les seves dades personals, que aquests seran incorporats en un fitxer automatitzat que es troba degudament inscrit en l&#8217;Ag\u00e8ncia Espanyola de Protecci\u00f3 de Dades.<\/p>\n<p>Els usuaris, mitjan\u00e7ant la marcaci\u00f3 de la casella, accepten expressament i de manera lliure i inequ\u00edvoca que les seves dades personals siguin tractats per part del prestador per a realitzar les seg\u00fcents finalitats:<\/p>\n<ol>\n<li>Tramitar enc\u00e0rrecs, sol\u00b7licituds o qualsevol tipus de petici\u00f3 que sigui realitzada per l\u2019usuari a trav\u00e9s de qualsevol de les formes de contacte que es posen a disposici\u00f3 de l&#8217;usuari en el lloc web de la companyia.<\/li>\n<li>Tramitar les comandes a trav\u00e9s de la botiga online.<\/li>\n<\/ol>\n<p>El prestador informa i garanteix expressament als usuaris que les seves dades personals no seran cedits en cap cas a terceres companyies, i que sempre que an\u00e9s a realitzar-se algun tipus de cessi\u00f3 de dades personals, de manera pr\u00e8via, se sol\u00b7licitaria el consentiment expr\u00e9s, informat, i inequ\u00edvoc per part dels titulars.<\/p>\n<p>Totes les dades sol\u00b7licitades a trav\u00e9s del lloc web s\u00f3n obligatoris, ja que s\u00f3n necessaris per a la prestaci\u00f3 d&#8217;un servei \u00f2ptim a l&#8217;usuari. En cas que no siguin facilitats totes les dades, el prestador no garanteix que la informaci\u00f3 i serveis facilitats siguin completament ajustats a les seves necessitats.<\/p>\n<p>El prestador garanteix en tot cas a l&#8217;usuari l&#8217;exercici dels drets d&#8217;acc\u00e9s, rectificaci\u00f3, cancel\u00b7laci\u00f3, informaci\u00f3 i oposici\u00f3, en els termes disposats en la legislaci\u00f3 vigent. Per aix\u00f2, de conformitat amb el que es disposa en la Llei org\u00e0nica 15\/1999, de Protecci\u00f3 de Dades de Car\u00e0cter Personal (LOPD) podr\u00e0 exercir els seus drets remetent una sol\u00b7licitud expressa, al costat d&#8217;una c\u00f2pia del seu DNI, a trav\u00e9s dels seg\u00fcents mitjans:<\/p>\n<ol>\n<li>E-mail: hola@shizenna.com<\/li>\n<li>Correu Postal: Masia Montbr\u00fa (Casa Shizen&#8217;na) 08180 MOI\u00c0<\/li>\n<\/ol>\n<p>Si no desitja rebre comunicacions comercials de la nostra empresa, li preguem que ens ho sol\u00b7liciti per email a: hola@shizenna.com.<\/p>\n<p>El prestador ha adoptat totes les mesures t\u00e8cniques i d&#8217;organitzaci\u00f3 necess\u00e0ria per a garantir la seguretat i integritat de les dades de car\u00e0cter personal que tracti, aix\u00ed com per a evitar la seva p\u00e8rdua, alteraci\u00f3 i\/o acc\u00e9s per part de tercers no autoritzats.<\/p>\n<p>L&#8217;usuari respondr\u00e0, en qualsevol cas, de la veracitat de les dades facilitades, reservant-se SHIZENNA, S.L. el dret a excloure dels serveis registrats a aquells usuaris que hagin facilitat dades falses, sense perjudici d&#8217;emprendre aquelles accions legals que trobi pertinents.<\/p>\n<p><strong>\u00daS DE COOKIES<\/strong><\/p>\n<p>El lloc web del prestador pot utilitzar cookies (petits arxius d&#8217;informaci\u00f3 que el servidor envia a l&#8217;ordinador de qui accedeix a la p\u00e0gina) per a dur a terme determinades funcions que s\u00f3n considerades imprescindibles per al correcte funcionament i visualitzaci\u00f3 del lloc. Les cookies utilitzades pel lloc web s&#8217;associen \u00fanicament amb un usuari an\u00f2nim i el seu ordinador, i no proporcionen per si mateixes les dades personals de l&#8217;usuari.<\/p>\n<p>En navegar per aquest web l&#8217;usuari est\u00e0 acceptant que es puguin instal\u00b7lar &#8216;cookies&#8217; en la seva terminal i que ens permeten con\u00e8ixer la seg\u00fcent informaci\u00f3:<\/p>\n<p>Informaci\u00f3 estad\u00edstica de l&#8217;\u00fas de la web.<\/p>\n<h5>Tipus de &#8216;cookies&#8217; utilitzades<\/h5>\n<p>Aquesta web utilitza tant &#8216;cookies&#8217; temporals de sessi\u00f3 com &#8216;cookies&#8217; permanents. Les &#8216;cookies&#8217; de sessi\u00f3 emmagatzemen dades \u00fanicament mentre l&#8217;usuari accedeix a la web i les &#8216;cookies&#8217; permanents emmagatzemen les dades en el terminal perqu\u00e8 siguin accedits i utilitzats en m\u00e9s d&#8217;una sessi\u00f3.<\/p>\n<p>Segons la finalitat per a la qual es tractin les dades obtingudes a trav\u00e9s de les &#8216;cookies&#8217;, la web pot utilitzar:<\/p>\n<h5>&#8216;Cookies&#8217; t\u00e8cniques<\/h5>\n<p>S\u00f3n aquelles que permeten a l&#8217;usuari la navegaci\u00f3 a trav\u00e9s de la p\u00e0gina web o aplicaci\u00f3 i la utilitzaci\u00f3 de les diferents opcions o serveis que en ella existeixen. Per exemple, controlar el tr\u00e0nsit i la comunicaci\u00f3 de dades, identificar la sessi\u00f3, accedir a les parts web d&#8217;acc\u00e9s restringit, recordar els elements que integren una comanda, realitzar la sol\u00b7licitud d&#8217;inscripci\u00f3 o participaci\u00f3 en un esdeveniment, utilitzar elements de seguretat durant la navegaci\u00f3 i emmagatzemar continguts per a la difusi\u00f3 de v\u00eddeos o so.<\/p>\n<h5>&#8216;Cookies&#8217; de tercers<\/h5>\n<p>En algunes p\u00e0gines web es poden instal\u00b7lar &#8216;cookies&#8217; de tercers que permeten gestionar i millorar els serveis oferts. Com per exemple, serveis estad\u00edstics de Google Analytics i Comscore.<\/p>\n<p>L&#8217;usuari t\u00e9 la possibilitat de configurar el seu navegador per a ser avisat de la recepci\u00f3 de cookies i per a impedir la seva instal\u00b7laci\u00f3 en el seu equip. Si us plau, consulti les instruccions i manuals del seu navegador per a ampliar aquesta informaci\u00f3. A continuaci\u00f3 li facilitem les instruccions dels navegadors m\u00e9s utilitzats.<\/p>\n<p>Per a ajustar els permisos relacionats amb les &#8216;cookies&#8217; en el navegador Google Chrome:<\/p>\n<p>Fer clic en el men\u00fa situat en la barra d&#8217;eines.<\/p>\n<p>Seleccionar Configuraci\u00f3.<\/p>\n<p>Fer clic a Mostrar opcions avan\u00e7ades.<\/p>\n<p>En la secci\u00f3 &#8216;Privacitat&#8217; fer clic en el bot\u00f3 Configuraci\u00f3 de contingut.<\/p>\n<p>En la secci\u00f3 de &#8216;Cookies&#8217; es poden configurar les opcions.<\/p>\n<p>Per a ajustar els permisos relacionats amb les &#8216;cookies&#8217; en el navegador Mozilla Firefox:<\/p>\n<p>En la part superior de la finestra de Firefox fer clic en el men\u00fa Eines.<\/p>\n<p>Seleccionar Opcions.<\/p>\n<p>Seleccionar el panell Privacitat.<\/p>\n<p>En l&#8217;opci\u00f3 Firefox podr\u00e0 triar Usar una configuraci\u00f3 personalitzada per a l&#8217;historial per a configurar les opcions.<\/p>\n<p>Per a ajustar els permisos relacionats amb les &#8216;cookies&#8217; en el navegador Internet Explorer 9:<\/p>\n<p>En la part superior de la finestra d&#8217;Internet Explorer fer clic en el men\u00fa Eines.<\/p>\n<p>Seleccionar la pestanya de Seguretat i utilitzar l&#8217;opci\u00f3 Eliminar l&#8217;historial d&#8217;exploraci\u00f3 per a eliminar les &#8216;cookies&#8217;. Activar la casella &#8216;Cookies&#8217; i, a continuaci\u00f3,<\/p>\n<p>fer clic a Eliminar.<\/p>\n<p>Seleccionar la pestanya de Seguretat i accedir a Configuraci\u00f3. Moure el control lliscant totalment cap amunt per a bloquejar totes les &#8216;cookies&#8217; o totalment cap avall per a permetre totes les &#8216;cookies&#8217;. Despr\u00e9s d&#8217;aix\u00f2, fer clic a Acceptar.<\/p>\n<p>En cas de bloquejar l&#8217;\u00fas de &#8216;cookies&#8217; en el seu navegador \u00e9s possible que alguns serveis o funcionalitats de la p\u00e0gina web no estiguin disponibles.<\/p>\n<p>En alguns navegadors es poden configurar regles espec\u00edfiques per a administrar &#8216;cookies&#8217; per lloc web, la qual cosa ofereix un control m\u00e9s prec\u00eds sobre la privacitat. Aix\u00f2 significa que es pot inhabilitar &#8216;cookies&#8217; de tots els llocs excepte d&#8217;aquells en els quals es confi\u00ef.<\/p>\n<p><strong>PROPIETAT INTEL\u00b7LECTUAL I INDUSTRIAL<\/strong><\/p>\n<p>El lloc web, incloent a t\u00edtol enunciatiu per\u00f2 no limitatiu la seva programaci\u00f3, edici\u00f3, compilaci\u00f3 i altres elements necessaris per al seu funcionament, els dissenys, logotips, text i\/o gr\u00e0fics s\u00f3n propietat del prestador o en el seu cas disposa de llic\u00e8ncia o autoritzaci\u00f3 expressa per part dels autors. Tots els continguts del lloc web es troben degudament protegits per la normativa de propietat intel\u00b7lectual i industrial, aix\u00ed com inscrits en els registres p\u00fablics corresponents.<\/p>\n<p>Independentment de la finalitat per a la qual fossin destinats, la reproducci\u00f3 total o parcial, \u00fas, explotaci\u00f3, distribuci\u00f3 i comercialitzaci\u00f3, requereix en tot cas de l&#8217;autoritzaci\u00f3 escrita pr\u00e8via per part del prestador. Qualsevol \u00fas no autoritzat pr\u00e8viament per part del prestador ser\u00e0 considerat un incompliment greu dels drets de propietat intel\u00b7lectual o industrial de l&#8217;autor.<\/p>\n<p>Els dissenys, logotips, text i\/o gr\u00e0fics aliens al prestador i que poguessin apar\u00e8ixer en el lloc web, pertanyen als seus respectius propietaris, sent ells mateixos responsables de qualsevol possible controv\u00e8rsia que pogu\u00e9s suscitar-se respecte a aquests. En tot cas, el prestador compta amb l&#8217;autoritzaci\u00f3 expressa i pr\u00e8via per part d&#8217;aquests.<\/p>\n<p>El prestador no autoritza expressament al fet que tercers puguin redirigir directament als continguts concrets del lloc web, devent en tot cas redirigir al lloc web principal del prestador.<\/p>\n<p>El prestador reconeix a favor dels seus titulars els corresponents drets de propietat industrial i intel\u00b7lectual, no implicant el seu sol esment o aparici\u00f3 en el lloc web l&#8217;exist\u00e8ncia de drets o cap responsabilitat del prestador sobre aquests, com tampoc suport, patrocini o recomanaci\u00f3 per part d&#8217;aquest.<\/p>\n<p>Per a realitzar qualsevol tipus d&#8217;observaci\u00f3 respecte a possibles incompliments dels drets de propietat intel\u00b7lectual o industrial, aix\u00ed com sobre qualsevol dels continguts del lloc web, pot fer-lo a trav\u00e9s del seg\u00fcent correu electr\u00f2nic: hola@shizenna.com<\/p>\n<p><strong>LLEI APLICABLE I JURISDICCI\u00d3<\/strong><\/p>\n<p>Per a la resoluci\u00f3 de totes les controv\u00e8rsies o q\u00fcestions relacionades amb el present lloc web o de les activitats en ell desenvolupades, ser\u00e0 aplicable la legislaci\u00f3 espanyola, a la qual se sotmeten expressament les parts, sent competents per a la resoluci\u00f3 de tots els conflictes derivats o relacionats amb el seu \u00fas els Jutjats i Tribunals de Barcelona.<\/p>\n<p>&nbsp;<\/p>\n<h4>TERMES I CONDICIONS<\/h4>\n<p><strong>APARTAT CONDICIONS D&#8217;\u00daS.<\/strong><\/p>\n<p>Les vendes en aquest website van dirigides a particulars, empreses o professionals.<\/p>\n<p>S&#8217;haur\u00e0 de marcar una casella acceptant les condicions d&#8217;\u00fas per a procedir a realitzar la compra.<\/p>\n<p>Condicions d&#8217;\u00fas<\/p>\n<p>En registrar-se en shizenna.com vost\u00e8 accepta les seves condicions d&#8217;\u00fas.<\/p>\n<p>L&#8217;\u00fas dels serveis de shizenna.com despr\u00e9s d&#8217;haver-se publicat les modificacions en les condicions d&#8217;\u00fas suposa l&#8217;acceptaci\u00f3 d&#8217;aquestes. En el cas de no acceptar aquestes modificacions, si us plau doni de baixa el seu compte d&#8217;usuari registrat de shizenna.com, enviant un correu electr\u00f2nic a hola@shizenna.com indicant que desitja donar-se de baixa del servei.<\/p>\n<p>Identifiqui&#8217;s com a client<\/p>\n<p>Pot registrar-se com a client en un primer moment des del seu Compte. Des d&#8217;aquest moment podr\u00e0 realitzar compres i a m\u00e9s rebre comunicacions comercials. En qualsevol moment, si no desitja rebre comunicacions comercials de la nostra empresa pot enviar-nos un mail sol\u00b7licitant-lo a: hola@shizenna.com.<\/p>\n<p>Si no desitja registrar-se amb un compte d&#8217;usuari en el lloc web, vost\u00e8 pot realitzar la compra com a Usuari Convidat.<\/p>\n<p>Vegi la pol\u00edtica de privacitat i confidencialitat de shizenna.com per a con\u00e8ixer sobre el tractament de les seves dades personals i l&#8217;\u00fas de cookies en la nostra web.<\/p>\n<p>Com seleccionar el producte<\/p>\n<p>No t\u00e9 m\u00e9s que seleccionar l&#8217;article que desitgi, la quantitat, mida&#8230; i pr\u00e9mer en el bot\u00f3 de \u201cComprar\u201d. En cada producte s&#8217;indica el preu sense l&#8217;IVA incl\u00f2s.<\/p>\n<p>Durant el proc\u00e9s de compra t\u00e9 la possibilitat de modificar el contingut del carret. Pot eliminar articles, afegir nous o modificar la quantitat sol\u00b7licitada.<\/p>\n<p>Com eliminar un o diversos articles del carret<\/p>\n<p>En la part dreta de cada l\u00ednia dels articles trobar\u00e0 la icona de \u201cEliminar\u201d el producte, bastar\u00e0 que faci clic en la icona en cadascun dels articles que desitgi suprimir, i s&#8217;actualitzar\u00e0 l&#8217;import de la seva compra.<\/p>\n<p>Com modificar la quantitat d&#8217;un article<\/p>\n<p>En l&#8217;apartat de les quantitats bastar\u00e0 que introdueixi la nova quantitat, i s&#8217;actualitzar\u00e0 l&#8217;import de la seva compra.<\/p>\n<p>Com afegir un nou producte al carret<\/p>\n<p>Despr\u00e9s d&#8217;haver introdu\u00eft articles en el seu carret, pot pr\u00e9mer l&#8217;opci\u00f3 \u201cContinuar comprant\u201d, que li retornar\u00e0 a la p\u00e0gina principal de shizenna.com. Seleccionant l&#8217;article que desitgi i prement \u201cComprar\u201d l&#8217;introduir\u00e0 en el seu carret.<\/p>\n<p>Una vegada triats els productes, premi \u201cTramitar comanda\u201d.<\/p>\n<p>Com triar una adre\u00e7a<\/p>\n<p>En la pantalla que visualitzar\u00e0 despr\u00e9s de confirmar els articles que vulgui adquirir, tindr\u00e0 dos espais per a introduir l&#8217;Adre\u00e7a de facturaci\u00f3 i l&#8217;Adre\u00e7a de lliurament. Aquestes dues adreces seran diferents si desitja enviar el producte a una adre\u00e7a diferent a la de facturaci\u00f3. En aquest cas haur\u00e0 d&#8217;introduir com a adre\u00e7a de lliurament aquella on desitgi que enviem la seva compra i com a adre\u00e7a de facturaci\u00f3 indicar\u00e0 la seva adre\u00e7a fiscal.<\/p>\n<p>Prendrem per defecte la informaci\u00f3 de lliurament i facturaci\u00f3 que hagi indicat en el seu compte d&#8217;usuari. No obstant aix\u00f2 en realitzar cadascuna de les seves compres se li demanar\u00e0 confirmaci\u00f3 de les direccions preses per defecte. Si fos necessari, pot modificar-les en l&#8217;acte.<\/p>\n<p>Continguts i informaci\u00f3 subministrada en el web site<\/p>\n<p>shizenna.com es reserva el dret a modificar l&#8217;oferta comercial presentada en el web site (modificacions sobre productes, preus, promocions i altres condicions comercials i de servei) en qualsevol moment.<\/p>\n<p>Fem tots els esfor\u00e7os per a oferir la informaci\u00f3 continguda en el web site de manera vera\u00e7 i sense errors tipogr\u00e0fics. En el cas que en algun moment es produ\u00eds algun error d&#8217;aquest tipus, ali\u00e8 en tot moment a la voluntat de SHIZENNA SL, es procediria immediatament a la seva correcci\u00f3. D&#8217;existir un error tipogr\u00e0fic en algun dels preus mostrats i algun client hauria pres una decisi\u00f3 de compra basada en aquest error, li comunicarem al client aquest error i tindr\u00e0 el dret a rescindir la seva compra sense cap cost per part seva.<\/p>\n<p>El web site de shizenna.com, aix\u00ed com els correus electr\u00f2nics que vost\u00e8 rep de shizenna.com contenen material protegit per drets d&#8217;autor. Vost\u00e8 accepta que no adquireix la propietat d&#8217;aquest material protegit pel mer fet de baixar (download) del web site de shizenna.com informaci\u00f3 protegida sota els drets d&#8217;autor o copyrights. SHIZENNA S.L. \u00e9s amo i posseeix la propietat en la selecci\u00f3, coordinaci\u00f3, disposici\u00f3 i modificaci\u00f3 del contingut publicat en el web site, aix\u00ed com en els seus originals.<\/p>\n<p>Els usuaris de la web shizenna.com actuessin de manera responsable i utilitzessin les eines que proporciona shizenna.com de manera correcta i legalment. Si shizenna.com determina que algun dels usuaris no est\u00e0 utilitzant de manera responsable les eines que proveeix, shizenna.com estar\u00e0 facultat per a censurar, editar o bloquejar tot tipus de transmissions d&#8217;informaci\u00f3 d&#8217;aquest usuari o \u00fas del sistema de shizenna.com.<\/p>\n<p><strong>PREUS<\/strong><\/p>\n<p>Els preus publicats en aquest web site estan indicats sense l&#8217;IVA incl\u00f2s i amb l&#8217;IVA incl\u00f2s. En el moment de realitzar la comanda s&#8217;inclour\u00e0 el preu total amb les despeses i impostos que corresponguin. Totes les vendes es realitzen amb la seva corresponent factura.<\/p>\n<p>Excepte acord escrit que indiqui el contrari, els productes s\u00f3n lliurats com \u201cEn f\u00e0brica\u201d (Ex-works), tal com aquest terme es defineix en els Incoterms 2010.<\/p>\n<p>Denominaci\u00f3 Social: SHIZENNA SL<\/p>\n<p>Domicili Social: c\/ Tosca 32, 2n \u00b7 08180 MOI\u00c0<\/p>\n<p>CIF: B67509232<\/p>\n<p>Tel\u00e8fon: (+34) 636482001<\/p>\n<p>e-mail: hola@shizenna.com<\/p>\n<p>Inscrita en el Registre Mercantil de Barcelona<\/p>","protected":false},"excerpt":{"rendered":"<p>AV\u00cdS LEGAL OBJECTE El prestador, responsable del lloc web, posa [&hellip;]<\/p>","protected":false},"author":1,"featured_media":0,"parent":0,"menu_order":0,"comment_status":"closed","ping_status":"closed","template":"","meta":{"footnotes":""},"class_list":["post-3","page","type-page","status-publish","hentry"],"yoast_head":"<!-- This site is optimized with the Yoast SEO plugin v25.8 - https:\/\/yoast.com\/wordpress\/plugins\/seo\/ -->\n<title>Pol\u00edtica de privacitat - Shizen&#039;na<\/title>\n<meta name=\"description\" content=\"Pol\u00edtica de privacitat|Pol\u00edtica de privacidad\" \/>\n<meta name=\"robots\" content=\"index, follow, max-snippet:-1, max-image-preview:large, max-video-preview:-1\" \/>\n<link rel=\"canonical\" href=\"https:\/\/www.shizenna.com\/en\/politica-de-privacitat\/\" \/>\n<meta property=\"og:locale\" content=\"en_GB\" \/>\n<meta property=\"og:type\" content=\"article\" \/>\n<meta property=\"og:title\" content=\"Pol\u00edtica de privacitat - Shizen&#039;na\" \/>\n<meta property=\"og:description\" content=\"Pol\u00edtica de privacitat|Pol\u00edtica de privacidad\" \/>\n<meta property=\"og:url\" content=\"https:\/\/www.shizenna.com\/en\/politica-de-privacitat\/\" \/>\n<meta property=\"og:site_name\" content=\"Shizen&#039;na\" \/>\n<meta property=\"article:modified_time\" content=\"2020-10-29T13:04:18+00:00\" \/>\n<meta name=\"twitter:card\" content=\"summary_large_image\" \/>\n<meta name=\"twitter:label1\" content=\"Estimated reading time\" \/>\n\t<meta name=\"twitter:data1\" content=\"13 minutes\" \/>\n<script type=\"application\/ld+json\" class=\"yoast-schema-graph\">{\"@context\":\"https:\/\/schema.org\",\"@graph\":[{\"@type\":\"WebPage\",\"@id\":\"https:\/\/www.shizenna.com\/politica-de-privacitat\/\",\"url\":\"https:\/\/www.shizenna.com\/politica-de-privacitat\/\",\"name\":\"Pol\u00edtica de privacitat - Shizen&#039;na\",\"isPartOf\":{\"@id\":\"https:\/\/www.shizenna.com\/#website\"},\"datePublished\":\"2020-08-18T16:54:00+00:00\",\"dateModified\":\"2020-10-29T13:04:18+00:00\",\"description\":\"Pol\u00edtica de privacitat|Pol\u00edtica de privacidad\",\"inLanguage\":\"en-GB\",\"potentialAction\":[{\"@type\":\"ReadAction\",\"target\":[\"https:\/\/www.shizenna.com\/politica-de-privacitat\/\"]}]},{\"@type\":\"WebSite\",\"@id\":\"https:\/\/www.shizenna.com\/#website\",\"url\":\"https:\/\/www.shizenna.com\/\",\"name\":\"Shizen&#039;na\",\"description\":\"Respira 100% natural\",\"potentialAction\":[{\"@type\":\"SearchAction\",\"target\":{\"@type\":\"EntryPoint\",\"urlTemplate\":\"https:\/\/www.shizenna.com\/?s={search_term_string}\"},\"query-input\":{\"@type\":\"PropertyValueSpecification\",\"valueRequired\":true,\"valueName\":\"search_term_string\"}}],\"inLanguage\":\"en-GB\"}]}<\/script>\n<!-- \/ Yoast SEO plugin. -->","yoast_head_json":{"title":"Pol\u00edtica de privacitat - Shizen&#039;na","description":"Pol\u00edtica de privacitat|Pol\u00edtica de privacidad","robots":{"index":"index","follow":"follow","max-snippet":"max-snippet:-1","max-image-preview":"max-image-preview:large","max-video-preview":"max-video-preview:-1"},"canonical":"https:\/\/www.shizenna.com\/en\/politica-de-privacitat\/","og_locale":"en_GB","og_type":"article","og_title":"Pol\u00edtica de privacitat - Shizen&#039;na","og_description":"Pol\u00edtica de privacitat|Pol\u00edtica de privacidad","og_url":"https:\/\/www.shizenna.com\/en\/politica-de-privacitat\/","og_site_name":"Shizen&#039;na","article_modified_time":"2020-10-29T13:04:18+00:00","twitter_card":"summary_large_image","twitter_misc":{"Estimated reading time":"13 minutes"},"schema":{"@context":"https:\/\/schema.org","@graph":[{"@type":"WebPage","@id":"https:\/\/www.shizenna.com\/politica-de-privacitat\/","url":"https:\/\/www.shizenna.com\/politica-de-privacitat\/","name":"Pol\u00edtica de privacitat - Shizen&#039;na","isPartOf":{"@id":"https:\/\/www.shizenna.com\/#website"},"datePublished":"2020-08-18T16:54:00+00:00","dateModified":"2020-10-29T13:04:18+00:00","description":"Pol\u00edtica de privacitat|Pol\u00edtica de privacidad","inLanguage":"en-GB","potentialAction":[{"@type":"ReadAction","target":["https:\/\/www.shizenna.com\/politica-de-privacitat\/"]}]},{"@type":"WebSite","@id":"https:\/\/www.shizenna.com\/#website","url":"https:\/\/www.shizenna.com\/","name":"Shizen&#039;na","description":"Respira 100% natural","potentialAction":[{"@type":"SearchAction","target":{"@type":"EntryPoint","urlTemplate":"https:\/\/www.shizenna.com\/?s={search_term_string}"},"query-input":{"@type":"PropertyValueSpecification","valueRequired":true,"valueName":"search_term_string"}}],"inLanguage":"en-GB"}]}},"_links":{"self":[{"href":"https:\/\/www.shizenna.com\/en\/wp-json\/wp\/v2\/pages\/3","targetHints":{"allow":["GET"]}}],"collection":[{"href":"https:\/\/www.shizenna.com\/en\/wp-json\/wp\/v2\/pages"}],"about":[{"href":"https:\/\/www.shizenna.com\/en\/wp-json\/wp\/v2\/types\/page"}],"author":[{"embeddable":true,"href":"https:\/\/www.shizenna.com\/en\/wp-json\/wp\/v2\/users\/1"}],"replies":[{"embeddable":true,"href":"https:\/\/www.shizenna.com\/en\/wp-json\/wp\/v2\/comments?post=3"}],"version-history":[{"count":2,"href":"https:\/\/www.shizenna.com\/en\/wp-json\/wp\/v2\/pages\/3\/revisions"}],"predecessor-version":[{"id":22673,"href":"https:\/\/www.shizenna.com\/en\/wp-json\/wp\/v2\/pages\/3\/revisions\/22673"}],"wp:attachment":[{"href":"https:\/\/www.shizenna.com\/en\/wp-json\/wp\/v2\/media?parent=3"}],"curies":[{"name":"wp","href":"https:\/\/api.w.org\/{rel}","templated":true}]}}