{"id":20121,"date":"2020-08-22T00:35:42","date_gmt":"2020-08-21T22:35:42","guid":{"rendered":"https:\/\/www.shizenna.com\/?post_type=product&#038;p=20121"},"modified":"2026-02-10T18:50:34","modified_gmt":"2026-02-10T17:50:34","slug":"nebbia","status":"publish","type":"product","link":"https:\/\/www.shizenna.com\/en\/producto\/nebbia\/","title":{"rendered":"NEBBIA"},"content":{"rendered":"<p><span data-sheets-value=\"{&quot;1&quot;:2,&quot;2&quot;:&quot;Petit i elegant difusor de vidre i alumini de funcionament molt simple, que atomitza les micropart\u00edcules d'oli essencial en un absolut silenci.&quot;}\" data-sheets-userformat=\"{&quot;2&quot;:15105,&quot;3&quot;:{&quot;1&quot;:0},&quot;11&quot;:4,&quot;12&quot;:0,&quot;14&quot;:{&quot;1&quot;:2,&quot;2&quot;:8289386},&quot;15&quot;:&quot;Arial&quot;,&quot;16&quot;:9}\">Difusor d&#8217;aromes d&#8217;\u00fas senzill, amb programes de funcionament per botons +<\/span> temporitzador de difusi\u00f3 d&#8217;aroma via app. Programa quin dia i a quines hores vols que funcioni i les que vols que es quedi en pausa.<\/p>\n<p>Funciona amb endoll directe a paret.<\/p>\n<p>Per a gaudir en espais com una habitaci\u00f3, un despatx, el bany, la cuina&#8230; i fins i tot per a zones d&#8217;olors viciades o canviants (banys&#8230;).<\/p>\n<p style=\"padding-left: 40px;\">\u2022 Dimensions: 110 mm x 101 mm x 60 mm<br \/>\n\u2022 Cobertura: 30m2 \/ 90m\u00b3 \/ 3100 ft\u00b3<br \/>\n\u2022 Capacitat d&#8217;oli essencial: 60 ml (amb ampolla directa al dispensador d&#8217;aroma intern)<br \/>\n\u2022 Tecnologia: nebulitzaci\u00f3 de nanopart\u00edcules via bot\u00f3 i Bluetooth<\/p>\n<p style=\"padding-left: 40px;\">\u2022 M\u00e8tode d&#8217;instal\u00b7laci\u00f3: endoll incorporat<\/p>\n<p style=\"padding-left: 40px;\">\u2022 Pes: 0,280 kg<br \/>\n\u2022 Amount of atomizationn: 0,2 - 1,6 ml \/ h<br \/>\n\u2022 Power: 5W<br \/>\n\u2022 Voltage: DC5V<br \/>\n\u2022 2000maH battery \/ Standby 72 hores<\/p>\n<p style=\"padding-left: 40px;\">\u2022 Works without heat and without water<br \/>\n\u2022 Color: Negre \/ Blanc<\/p>\n<p>&nbsp;<\/p>\n<p>The WARRANTY of the device is one year from its purchase and is only applicable with operation with synergies of essential oils from Shizen'na. Any other substance introduced or manipulation of the machinery will make you lose the warranty.<\/p>","protected":false},"excerpt":{"rendered":"<p>Nebulitzador d&#8217;ess\u00e8ncies programable en la quantitat de difusi\u00f3 i en el temps en funcionament, amb intervals de tres o sis hores o amb mode app per programar l&#8217;aromatitzaci\u00f3 de l&#8217;espai desitjat per dies i hores.<\/p>\n<p>&nbsp;<\/p>","protected":false},"featured_media":24089,"template":"","meta":[],"product_brand":[],"product_cat":[194,195,196],"product_tag":[],"class_list":{"0":"post-20121","1":"product","2":"type-product","3":"status-publish","4":"has-post-thumbnail","6":"product_cat-difusors","7":"product_cat-personal","8":"product_cat-professional","9":"product-grid-view","11":"first","12":"instock","13":"taxable","14":"shipping-taxable","15":"purchasable","16":"product-type-variable"},"yoast_head":"<!-- This site is optimized with the Yoast SEO plugin v25.8 - https:\/\/yoast.com\/wordpress\/plugins\/seo\/ -->\n<title>NEBBIA - Shizen&#039;na<\/title>\n<meta name=\"description\" content=\"Petit i elegant difusor programable que nebulitza les nanopart\u00edcules d&#039;oli essencial en un absolut silenci i que s&#039;adapta a tot tipus d&#039;espais.\" \/>\n<meta name=\"robots\" content=\"index, follow, max-snippet:-1, max-image-preview:large, max-video-preview:-1\" \/>\n<link rel=\"canonical\" href=\"https:\/\/www.shizenna.com\/en\/producto\/nebbia\/\" \/>\n<meta property=\"og:locale\" content=\"en_GB\" \/>\n<meta property=\"og:type\" content=\"article\" \/>\n<meta property=\"og:title\" content=\"NEBBIA - Shizen&#039;na\" \/>\n<meta property=\"og:description\" content=\"Petit i elegant difusor programable que nebulitza les nanopart\u00edcules d&#039;oli essencial en un absolut silenci i que s&#039;adapta a tot tipus d&#039;espais.\" \/>\n<meta property=\"og:url\" content=\"https:\/\/www.shizenna.com\/en\/producto\/nebbia\/\" \/>\n<meta property=\"og:site_name\" content=\"Shizen&#039;na\" \/>\n<meta property=\"article:modified_time\" content=\"2026-02-10T17:50:34+00:00\" \/>\n<meta property=\"og:image\" content=\"https:\/\/www.shizenna.com\/wp-content\/uploads\/2024\/12\/A323-white-8-1-1024x683.png\" \/>\n\t<meta property=\"og:image:width\" content=\"1024\" \/>\n\t<meta property=\"og:image:height\" content=\"683\" \/>\n\t<meta property=\"og:image:type\" content=\"image\/png\" \/>\n<meta name=\"twitter:card\" content=\"summary_large_image\" \/>\n<meta name=\"twitter:label1\" content=\"Estimated reading time\" \/>\n\t<meta name=\"twitter:data1\" content=\"2 minutes\" \/>\n<script type=\"application\/ld+json\" class=\"yoast-schema-graph\">{\"@context\":\"https:\/\/schema.org\",\"@graph\":[{\"@type\":\"WebPage\",\"@id\":\"https:\/\/www.shizenna.com\/producto\/nebbia\/\",\"url\":\"https:\/\/www.shizenna.com\/producto\/nebbia\/\",\"name\":\"NEBBIA - Shizen&#039;na\",\"isPartOf\":{\"@id\":\"https:\/\/www.shizenna.com\/#website\"},\"primaryImageOfPage\":{\"@id\":\"https:\/\/www.shizenna.com\/producto\/nebbia\/#primaryimage\"},\"image\":{\"@id\":\"https:\/\/www.shizenna.com\/producto\/nebbia\/#primaryimage\"},\"thumbnailUrl\":\"https:\/\/www.shizenna.com\/wp-content\/uploads\/2024\/12\/A323-white-8-1.png\",\"datePublished\":\"2020-08-21T22:35:42+00:00\",\"dateModified\":\"2026-02-10T17:50:34+00:00\",\"description\":\"Petit i elegant difusor programable que nebulitza les nanopart\u00edcules d'oli essencial en un absolut silenci i que s'adapta a tot tipus d'espais.\",\"breadcrumb\":{\"@id\":\"https:\/\/www.shizenna.com\/producto\/nebbia\/#breadcrumb\"},\"inLanguage\":\"en-GB\",\"potentialAction\":[{\"@type\":\"ReadAction\",\"target\":[\"https:\/\/www.shizenna.com\/producto\/nebbia\/\"]}]},{\"@type\":\"ImageObject\",\"inLanguage\":\"en-GB\",\"@id\":\"https:\/\/www.shizenna.com\/producto\/nebbia\/#primaryimage\",\"url\":\"https:\/\/www.shizenna.com\/wp-content\/uploads\/2024\/12\/A323-white-8-1.png\",\"contentUrl\":\"https:\/\/www.shizenna.com\/wp-content\/uploads\/2024\/12\/A323-white-8-1.png\",\"width\":7008,\"height\":4672},{\"@type\":\"BreadcrumbList\",\"@id\":\"https:\/\/www.shizenna.com\/producto\/nebbia\/#breadcrumb\",\"itemListElement\":[{\"@type\":\"ListItem\",\"position\":1,\"name\":\"Products\",\"item\":\"https:\/\/www.shizenna.com\/en\/shop\/\"},{\"@type\":\"ListItem\",\"position\":2,\"name\":\"NEBBIA\"}]},{\"@type\":\"WebSite\",\"@id\":\"https:\/\/www.shizenna.com\/#website\",\"url\":\"https:\/\/www.shizenna.com\/\",\"name\":\"Shizen&#039;na\",\"description\":\"Respira 100% natural\",\"potentialAction\":[{\"@type\":\"SearchAction\",\"target\":{\"@type\":\"EntryPoint\",\"urlTemplate\":\"https:\/\/www.shizenna.com\/?s={search_term_string}\"},\"query-input\":{\"@type\":\"PropertyValueSpecification\",\"valueRequired\":true,\"valueName\":\"search_term_string\"}}],\"inLanguage\":\"en-GB\"}]}<\/script>\n<!-- \/ Yoast SEO plugin. -->","yoast_head_json":{"title":"NEBBIA - Shizen&#039;na","description":"Petit i elegant difusor programable que nebulitza les nanopart\u00edcules d'oli essencial en un absolut silenci i que s'adapta a tot tipus d'espais.","robots":{"index":"index","follow":"follow","max-snippet":"max-snippet:-1","max-image-preview":"max-image-preview:large","max-video-preview":"max-video-preview:-1"},"canonical":"https:\/\/www.shizenna.com\/en\/producto\/nebbia\/","og_locale":"en_GB","og_type":"article","og_title":"NEBBIA - Shizen&#039;na","og_description":"Petit i elegant difusor programable que nebulitza les nanopart\u00edcules d'oli essencial en un absolut silenci i que s'adapta a tot tipus d'espais.","og_url":"https:\/\/www.shizenna.com\/en\/producto\/nebbia\/","og_site_name":"Shizen&#039;na","article_modified_time":"2026-02-10T17:50:34+00:00","og_image":[{"width":1024,"height":683,"url":"https:\/\/www.shizenna.com\/wp-content\/uploads\/2024\/12\/A323-white-8-1-1024x683.png","type":"image\/png"}],"twitter_card":"summary_large_image","twitter_misc":{"Estimated reading time":"2 minutes"},"schema":{"@context":"https:\/\/schema.org","@graph":[{"@type":"WebPage","@id":"https:\/\/www.shizenna.com\/producto\/nebbia\/","url":"https:\/\/www.shizenna.com\/producto\/nebbia\/","name":"NEBBIA - Shizen&#039;na","isPartOf":{"@id":"https:\/\/www.shizenna.com\/#website"},"primaryImageOfPage":{"@id":"https:\/\/www.shizenna.com\/producto\/nebbia\/#primaryimage"},"image":{"@id":"https:\/\/www.shizenna.com\/producto\/nebbia\/#primaryimage"},"thumbnailUrl":"https:\/\/www.shizenna.com\/wp-content\/uploads\/2024\/12\/A323-white-8-1.png","datePublished":"2020-08-21T22:35:42+00:00","dateModified":"2026-02-10T17:50:34+00:00","description":"Petit i elegant difusor programable que nebulitza les nanopart\u00edcules d'oli essencial en un absolut silenci i que s'adapta a tot tipus d'espais.","breadcrumb":{"@id":"https:\/\/www.shizenna.com\/producto\/nebbia\/#breadcrumb"},"inLanguage":"en-GB","potentialAction":[{"@type":"ReadAction","target":["https:\/\/www.shizenna.com\/producto\/nebbia\/"]}]},{"@type":"ImageObject","inLanguage":"en-GB","@id":"https:\/\/www.shizenna.com\/producto\/nebbia\/#primaryimage","url":"https:\/\/www.shizenna.com\/wp-content\/uploads\/2024\/12\/A323-white-8-1.png","contentUrl":"https:\/\/www.shizenna.com\/wp-content\/uploads\/2024\/12\/A323-white-8-1.png","width":7008,"height":4672},{"@type":"BreadcrumbList","@id":"https:\/\/www.shizenna.com\/producto\/nebbia\/#breadcrumb","itemListElement":[{"@type":"ListItem","position":1,"name":"Products","item":"https:\/\/www.shizenna.com\/en\/shop\/"},{"@type":"ListItem","position":2,"name":"NEBBIA"}]},{"@type":"WebSite","@id":"https:\/\/www.shizenna.com\/#website","url":"https:\/\/www.shizenna.com\/","name":"Shizen&#039;na","description":"Respira 100% natural","potentialAction":[{"@type":"SearchAction","target":{"@type":"EntryPoint","urlTemplate":"https:\/\/www.shizenna.com\/?s={search_term_string}"},"query-input":{"@type":"PropertyValueSpecification","valueRequired":true,"valueName":"search_term_string"}}],"inLanguage":"en-GB"}]}},"_links":{"self":[{"href":"https:\/\/www.shizenna.com\/en\/wp-json\/wp\/v2\/product\/20121","targetHints":{"allow":["GET"]}}],"collection":[{"href":"https:\/\/www.shizenna.com\/en\/wp-json\/wp\/v2\/product"}],"about":[{"href":"https:\/\/www.shizenna.com\/en\/wp-json\/wp\/v2\/types\/product"}],"wp:featuredmedia":[{"embeddable":true,"href":"https:\/\/www.shizenna.com\/en\/wp-json\/wp\/v2\/media\/24089"}],"wp:attachment":[{"href":"https:\/\/www.shizenna.com\/en\/wp-json\/wp\/v2\/media?parent=20121"}],"wp:term":[{"taxonomy":"product_brand","embeddable":true,"href":"https:\/\/www.shizenna.com\/en\/wp-json\/wp\/v2\/product_brand?post=20121"},{"taxonomy":"product_cat","embeddable":true,"href":"https:\/\/www.shizenna.com\/en\/wp-json\/wp\/v2\/product_cat?post=20121"},{"taxonomy":"product_tag","embeddable":true,"href":"https:\/\/www.shizenna.com\/en\/wp-json\/wp\/v2\/product_tag?post=20121"}],"curies":[{"name":"wp","href":"https:\/\/api.w.org\/{rel}","templated":true}]}}