{"id":20145,"date":"2020-08-22T00:51:26","date_gmt":"2020-08-21T22:51:26","guid":{"rendered":"https:\/\/www.shizenna.com\/?post_type=product&#038;p=20145"},"modified":"2026-01-15T13:23:12","modified_gmt":"2026-01-15T12:23:12","slug":"nebuscent","status":"publish","type":"product","link":"https:\/\/www.shizenna.com\/en\/producto\/nebuscent\/","title":{"rendered":"NEBUSCENT"},"content":{"rendered":"<p><span data-sheets-value=\"{&quot;1&quot;:2,&quot;2&quot;:&quot;El difusor d\u2019aroma professional per a grans espais NEBUSCENT adopta la tecnologia de nebulitzaci\u00f3 de dos fluids a temperatura ambient, l\u00edder a la ind\u00fastria, que causen que l'oli essencial retingui tots els ingredients i mantingui intacta la concentraci\u00f3 i la puresa de les seves propietats originals.&quot;}\" data-sheets-userformat=\"{&quot;2&quot;:15105,&quot;3&quot;:{&quot;1&quot;:0},&quot;11&quot;:4,&quot;12&quot;:0,&quot;14&quot;:{&quot;1&quot;:2,&quot;2&quot;:8289386},&quot;15&quot;:&quot;Arial&quot;,&quot;16&quot;:9}\">NEBUSCENT large space professional aroma diffuser adopts two-fluid fogging technology to room temperature, leading in the industry, which cause the essential oil to retain all the ingredients in diffusion and keep intact the concentration and purity of its original properties.<\/span><\/p>\n<p><span data-sheets-value=\"{&quot;1&quot;:2,&quot;2&quot;:&quot;Aquest difusor pot treballar a trav\u00e9s de la seva pr\u00f2pia aplicaci\u00f3 (app) que afegeix una funci\u00f3 de verificaci\u00f3 per a la quantitat d'oli; l'equip ho comunicar\u00e0 a l'usuari amb una indicaci\u00f3 de nivell d'oli baix quan el quantitat sigui inferior al 5%.&quot;}\" data-sheets-userformat=\"{&quot;2&quot;:15105,&quot;3&quot;:{&quot;1&quot;:0},&quot;11&quot;:4,&quot;12&quot;:0,&quot;14&quot;:{&quot;1&quot;:2,&quot;2&quot;:8289386},&quot;15&quot;:&quot;Arial&quot;,&quot;16&quot;:9}\">Equip de baix consum i gran capacitat per oblidar-se de reposar l\u00edquid fins al cap de diversos mesos.\u00a0<\/span><\/p>\n<p><span data-sheets-value=\"{&quot;1&quot;:2,&quot;2&quot;:&quot;Funciona sense aigua i sense calor.&quot;}\" data-sheets-userformat=\"{&quot;2&quot;:15105,&quot;3&quot;:{&quot;1&quot;:0},&quot;11&quot;:4,&quot;12&quot;:0,&quot;14&quot;:{&quot;1&quot;:2,&quot;2&quot;:8289386},&quot;15&quot;:&quot;Arial&quot;,&quot;16&quot;:9}\">Programable via app per regular la quantitat de difusi\u00f3 i les hores i dies de funcionament. <\/span><\/p>\n<p><span data-sheets-value=\"{&quot;1&quot;:2,&quot;2&quot;:&quot;Funciona sense aigua i sense calor.&quot;}\" data-sheets-userformat=\"{&quot;2&quot;:15105,&quot;3&quot;:{&quot;1&quot;:0},&quot;11&quot;:4,&quot;12&quot;:0,&quot;14&quot;:{&quot;1&quot;:2,&quot;2&quot;:8289386},&quot;15&quot;:&quot;Arial&quot;,&quot;16&quot;:9}\">Works without water nor heat.<\/span><\/p>\n<ul>\n<li>\u00c0rea de cobertura: fins a 480m\u00b3<\/li>\n<li>Quantitat d\u2018atomitzaci\u00f3: 0,10 \u2013 1,6 g \/ h<\/li>\n<li>Pot\u00e8ncia: 5W<\/li>\n<li>Voltatge d&#8217;entrada: DC 12V &#8211; 1A<\/li>\n<li>Capacitat d&#8217;oli essencial: 400ml<\/li>\n<li>Pes: 0,74 Kg<\/li>\n<li>Technology: Two-Fluid Nebulization (Patented)<\/li>\n<\/ul>\n<p><span data-sheets-value=\"{&quot;1&quot;:2,&quot;2&quot;:&quot;Preu: 410,00\u20ac \/ POSSIBILITAT DE LLOGUER PER ESDEVENIMENTS DES DE 95,00\u20ac\/DIA&quot;}\" data-sheets-userformat=\"{&quot;2&quot;:13185,&quot;3&quot;:{&quot;1&quot;:0},&quot;10&quot;:2,&quot;11&quot;:4,&quot;12&quot;:0,&quot;15&quot;:&quot;Arial&quot;,&quot;16&quot;:9}\">POSSIBILITAT DE LLOGUER PER ESDEVENIMENTS DES DE 40,00\u20ac\/DIA (+IVA). M\u00ednim 3 dies<\/span><\/p>\n<p>The WARRANTY of the device is one year from its purchase and is only applicable with operation with synergies of essential oils from Shizen'na. Any other substance introduced or manipulation of the machinery will make you lose the warranty.<\/p>","protected":false},"excerpt":{"rendered":"<p><span data-sheets-value=\"{&quot;1&quot;:2,&quot;2&quot;:&quot;El difusor d\u2019aroma professional per a grans espais NEBUSCENT adopta la tecnologia de nebulitzaci\u00f3 de dos fluids a temperatura ambient, l\u00edder a la ind\u00fastria, que causen que l'oli essencial retingui tots els ingredients i mantingui intacta la concentraci\u00f3 i la puresa de les seves propietats originals.&quot;}\" data-sheets-userformat=\"{&quot;2&quot;:15105,&quot;3&quot;:{&quot;1&quot;:0},&quot;11&quot;:4,&quot;12&quot;:0,&quot;14&quot;:{&quot;1&quot;:2,&quot;2&quot;:8289386},&quot;15&quot;:&quot;Arial&quot;,&quot;16&quot;:9}\">NEBUSCENT large space professional aroma diffuser adopts two-fluid fogging technology to room temperature.<\/span><\/p>","protected":false},"featured_media":24073,"template":"","meta":[],"product_brand":[],"product_cat":[194,196],"product_tag":[],"class_list":{"0":"post-20145","1":"product","2":"type-product","3":"status-publish","4":"has-post-thumbnail","6":"product_cat-difusors","7":"product_cat-professional","8":"product-grid-view","10":"first","11":"instock","12":"taxable","13":"shipping-taxable","14":"purchasable","15":"product-type-variable"},"yoast_head":"<!-- This site is optimized with the Yoast SEO plugin v25.8 - https:\/\/yoast.com\/wordpress\/plugins\/seo\/ -->\n<title>NEBUSCENT - Shizen&#039;na<\/title>\n<meta name=\"description\" content=\"El difusor d\u2019aroma professional NEBUSCENT, adopta la tecnologia exclusiva de nebulitzaci\u00f3 de dos fluids a temperatura ambient.\" \/>\n<meta name=\"robots\" content=\"index, follow, max-snippet:-1, max-image-preview:large, max-video-preview:-1\" \/>\n<link rel=\"canonical\" href=\"https:\/\/www.shizenna.com\/en\/producto\/nebuscent\/\" \/>\n<meta property=\"og:locale\" content=\"en_GB\" \/>\n<meta property=\"og:type\" content=\"article\" \/>\n<meta property=\"og:title\" content=\"NEBUSCENT - Shizen&#039;na\" \/>\n<meta property=\"og:description\" content=\"El difusor d\u2019aroma professional NEBUSCENT, adopta la tecnologia exclusiva de nebulitzaci\u00f3 de dos fluids a temperatura ambient.\" \/>\n<meta property=\"og:url\" content=\"https:\/\/www.shizenna.com\/en\/producto\/nebuscent\/\" \/>\n<meta property=\"og:site_name\" content=\"Shizen&#039;na\" \/>\n<meta property=\"article:modified_time\" content=\"2026-01-15T12:23:12+00:00\" \/>\n<meta property=\"og:image\" content=\"https:\/\/www.shizenna.com\/wp-content\/uploads\/2024\/12\/A320-03-1024x683.png\" \/>\n\t<meta property=\"og:image:width\" content=\"1024\" \/>\n\t<meta property=\"og:image:height\" content=\"683\" \/>\n\t<meta property=\"og:image:type\" content=\"image\/png\" \/>\n<meta name=\"twitter:card\" content=\"summary_large_image\" \/>\n<meta name=\"twitter:label1\" content=\"Estimated reading time\" \/>\n\t<meta name=\"twitter:data1\" content=\"1 minute\" \/>\n<script type=\"application\/ld+json\" class=\"yoast-schema-graph\">{\"@context\":\"https:\/\/schema.org\",\"@graph\":[{\"@type\":\"WebPage\",\"@id\":\"https:\/\/www.shizenna.com\/producto\/nebuscent\/\",\"url\":\"https:\/\/www.shizenna.com\/producto\/nebuscent\/\",\"name\":\"NEBUSCENT - Shizen&#039;na\",\"isPartOf\":{\"@id\":\"https:\/\/www.shizenna.com\/#website\"},\"primaryImageOfPage\":{\"@id\":\"https:\/\/www.shizenna.com\/producto\/nebuscent\/#primaryimage\"},\"image\":{\"@id\":\"https:\/\/www.shizenna.com\/producto\/nebuscent\/#primaryimage\"},\"thumbnailUrl\":\"https:\/\/www.shizenna.com\/wp-content\/uploads\/2024\/12\/A320-03.png\",\"datePublished\":\"2020-08-21T22:51:26+00:00\",\"dateModified\":\"2026-01-15T12:23:12+00:00\",\"description\":\"El difusor d\u2019aroma professional NEBUSCENT, adopta la tecnologia exclusiva de nebulitzaci\u00f3 de dos fluids a temperatura ambient.\",\"breadcrumb\":{\"@id\":\"https:\/\/www.shizenna.com\/producto\/nebuscent\/#breadcrumb\"},\"inLanguage\":\"en-GB\",\"potentialAction\":[{\"@type\":\"ReadAction\",\"target\":[\"https:\/\/www.shizenna.com\/producto\/nebuscent\/\"]}]},{\"@type\":\"ImageObject\",\"inLanguage\":\"en-GB\",\"@id\":\"https:\/\/www.shizenna.com\/producto\/nebuscent\/#primaryimage\",\"url\":\"https:\/\/www.shizenna.com\/wp-content\/uploads\/2024\/12\/A320-03.png\",\"contentUrl\":\"https:\/\/www.shizenna.com\/wp-content\/uploads\/2024\/12\/A320-03.png\",\"width\":7008,\"height\":4672},{\"@type\":\"BreadcrumbList\",\"@id\":\"https:\/\/www.shizenna.com\/producto\/nebuscent\/#breadcrumb\",\"itemListElement\":[{\"@type\":\"ListItem\",\"position\":1,\"name\":\"Products\",\"item\":\"https:\/\/www.shizenna.com\/en\/shop\/\"},{\"@type\":\"ListItem\",\"position\":2,\"name\":\"NEBUSCENT\"}]},{\"@type\":\"WebSite\",\"@id\":\"https:\/\/www.shizenna.com\/#website\",\"url\":\"https:\/\/www.shizenna.com\/\",\"name\":\"Shizen&#039;na\",\"description\":\"Respira 100% natural\",\"potentialAction\":[{\"@type\":\"SearchAction\",\"target\":{\"@type\":\"EntryPoint\",\"urlTemplate\":\"https:\/\/www.shizenna.com\/?s={search_term_string}\"},\"query-input\":{\"@type\":\"PropertyValueSpecification\",\"valueRequired\":true,\"valueName\":\"search_term_string\"}}],\"inLanguage\":\"en-GB\"}]}<\/script>\n<!-- \/ Yoast SEO plugin. -->","yoast_head_json":{"title":"NEBUSCENT - Shizen&#039;na","description":"El difusor d\u2019aroma professional NEBUSCENT, adopta la tecnologia exclusiva de nebulitzaci\u00f3 de dos fluids a temperatura ambient.","robots":{"index":"index","follow":"follow","max-snippet":"max-snippet:-1","max-image-preview":"max-image-preview:large","max-video-preview":"max-video-preview:-1"},"canonical":"https:\/\/www.shizenna.com\/en\/producto\/nebuscent\/","og_locale":"en_GB","og_type":"article","og_title":"NEBUSCENT - Shizen&#039;na","og_description":"El difusor d\u2019aroma professional NEBUSCENT, adopta la tecnologia exclusiva de nebulitzaci\u00f3 de dos fluids a temperatura ambient.","og_url":"https:\/\/www.shizenna.com\/en\/producto\/nebuscent\/","og_site_name":"Shizen&#039;na","article_modified_time":"2026-01-15T12:23:12+00:00","og_image":[{"width":1024,"height":683,"url":"https:\/\/www.shizenna.com\/wp-content\/uploads\/2024\/12\/A320-03-1024x683.png","type":"image\/png"}],"twitter_card":"summary_large_image","twitter_misc":{"Estimated reading time":"1 minute"},"schema":{"@context":"https:\/\/schema.org","@graph":[{"@type":"WebPage","@id":"https:\/\/www.shizenna.com\/producto\/nebuscent\/","url":"https:\/\/www.shizenna.com\/producto\/nebuscent\/","name":"NEBUSCENT - Shizen&#039;na","isPartOf":{"@id":"https:\/\/www.shizenna.com\/#website"},"primaryImageOfPage":{"@id":"https:\/\/www.shizenna.com\/producto\/nebuscent\/#primaryimage"},"image":{"@id":"https:\/\/www.shizenna.com\/producto\/nebuscent\/#primaryimage"},"thumbnailUrl":"https:\/\/www.shizenna.com\/wp-content\/uploads\/2024\/12\/A320-03.png","datePublished":"2020-08-21T22:51:26+00:00","dateModified":"2026-01-15T12:23:12+00:00","description":"El difusor d\u2019aroma professional NEBUSCENT, adopta la tecnologia exclusiva de nebulitzaci\u00f3 de dos fluids a temperatura ambient.","breadcrumb":{"@id":"https:\/\/www.shizenna.com\/producto\/nebuscent\/#breadcrumb"},"inLanguage":"en-GB","potentialAction":[{"@type":"ReadAction","target":["https:\/\/www.shizenna.com\/producto\/nebuscent\/"]}]},{"@type":"ImageObject","inLanguage":"en-GB","@id":"https:\/\/www.shizenna.com\/producto\/nebuscent\/#primaryimage","url":"https:\/\/www.shizenna.com\/wp-content\/uploads\/2024\/12\/A320-03.png","contentUrl":"https:\/\/www.shizenna.com\/wp-content\/uploads\/2024\/12\/A320-03.png","width":7008,"height":4672},{"@type":"BreadcrumbList","@id":"https:\/\/www.shizenna.com\/producto\/nebuscent\/#breadcrumb","itemListElement":[{"@type":"ListItem","position":1,"name":"Products","item":"https:\/\/www.shizenna.com\/en\/shop\/"},{"@type":"ListItem","position":2,"name":"NEBUSCENT"}]},{"@type":"WebSite","@id":"https:\/\/www.shizenna.com\/#website","url":"https:\/\/www.shizenna.com\/","name":"Shizen&#039;na","description":"Respira 100% natural","potentialAction":[{"@type":"SearchAction","target":{"@type":"EntryPoint","urlTemplate":"https:\/\/www.shizenna.com\/?s={search_term_string}"},"query-input":{"@type":"PropertyValueSpecification","valueRequired":true,"valueName":"search_term_string"}}],"inLanguage":"en-GB"}]}},"_links":{"self":[{"href":"https:\/\/www.shizenna.com\/en\/wp-json\/wp\/v2\/product\/20145","targetHints":{"allow":["GET"]}}],"collection":[{"href":"https:\/\/www.shizenna.com\/en\/wp-json\/wp\/v2\/product"}],"about":[{"href":"https:\/\/www.shizenna.com\/en\/wp-json\/wp\/v2\/types\/product"}],"wp:featuredmedia":[{"embeddable":true,"href":"https:\/\/www.shizenna.com\/en\/wp-json\/wp\/v2\/media\/24073"}],"wp:attachment":[{"href":"https:\/\/www.shizenna.com\/en\/wp-json\/wp\/v2\/media?parent=20145"}],"wp:term":[{"taxonomy":"product_brand","embeddable":true,"href":"https:\/\/www.shizenna.com\/en\/wp-json\/wp\/v2\/product_brand?post=20145"},{"taxonomy":"product_cat","embeddable":true,"href":"https:\/\/www.shizenna.com\/en\/wp-json\/wp\/v2\/product_cat?post=20145"},{"taxonomy":"product_tag","embeddable":true,"href":"https:\/\/www.shizenna.com\/en\/wp-json\/wp\/v2\/product_tag?post=20145"}],"curies":[{"name":"wp","href":"https:\/\/api.w.org\/{rel}","templated":true}]}}