{"id":20364,"date":"2020-08-25T18:09:17","date_gmt":"2020-08-25T16:09:17","guid":{"rendered":"https:\/\/www.shizenna.com\/?post_type=product&#038;p=20364"},"modified":"2024-09-30T03:44:34","modified_gmt":"2024-09-30T01:44:34","slug":"lavender","status":"publish","type":"product","link":"https:\/\/www.shizenna.com\/en\/producto\/lavender\/","title":{"rendered":"LAVENDER"},"content":{"rendered":"<p>A synergy of essential oils that is based on Eucalyptus for its antiviral and antibacterial capacity and that carries essential oil from the Lavender flower that makes the environment clean and especially pleasant.<\/p>\n<p>The essences of Shizen'na give off all their effectiveness in the diffusers of the own brand, without heat, without water and adapted to its density. <strong>Cannot be used in heat diffusers<\/strong>.<\/p>\n<h6>OFFICIAL PRODUCT ECHA UFI NUMBER: 8C00-X02A-J00X-FNFY<\/h6>\n<p>&nbsp;<\/p>","protected":false},"excerpt":{"rendered":"<p>From the fields of French Provence or the interior of our country to a synergy that cleanses the environment with the pleasant scent of Lavender.<\/p>\n<p>Aromatic composition: Eucalyptus, Lavender, \n Petitgrain<\/p>","protected":false},"featured_media":22621,"template":"","meta":[],"product_brand":[],"product_cat":[233,175],"product_tag":[180],"class_list":{"0":"post-20364","1":"product","2":"type-product","3":"status-publish","4":"has-post-thumbnail","6":"product_cat-aromariques","7":"product_cat-pure","8":"product_tag-olis-essencials","9":"pa_difusor-seleccionat-bruma","10":"pa_difusor-seleccionat-cap","11":"pa_difusor-seleccionat-kabin","12":"pa_difusor-seleccionat-nebuchic","13":"pa_difusor-seleccionat-nebuscent","14":"pa_difusor-seleccionat-oki","15":"pa_difusor-seleccionat-spray","16":"pa_difusor-seleccionat-todana","17":"pa_mida-seleccionat-168","18":"pa_mida-seleccionat-spray-100-ml","19":"pa_mida-seleccionat-166","20":"pa_mida-seleccionat-500-ml","21":"pa_tipus-essencia","22":"pa_tipus-spray","23":"product-grid-view","25":"first","26":"instock","27":"taxable","28":"shipping-taxable","29":"purchasable","30":"product-type-variable","31":"has-default-attributes"},"yoast_head":"<!-- This site is optimized with the Yoast SEO plugin v25.8 - https:\/\/yoast.com\/wordpress\/plugins\/seo\/ -->\n<title>LAVENDER - Shizen&#039;na<\/title>\n<meta name=\"description\" content=\"Dels camps de la Proven\u00e7a francesa o de l&#039;interior del nostre pa\u00eds a una sin\u00e8rgia que neteja l&#039;entorn amb l&#039;agradable perfum de l&#039;Esp\u00edgol.\" \/>\n<meta name=\"robots\" content=\"index, follow, max-snippet:-1, max-image-preview:large, max-video-preview:-1\" \/>\n<link rel=\"canonical\" href=\"https:\/\/www.shizenna.com\/en\/producto\/lavender\/\" \/>\n<meta property=\"og:locale\" content=\"en_GB\" \/>\n<meta property=\"og:type\" content=\"article\" \/>\n<meta property=\"og:title\" content=\"LAVENDER - Shizen&#039;na\" \/>\n<meta property=\"og:description\" content=\"Dels camps de la Proven\u00e7a francesa o de l&#039;interior del nostre pa\u00eds a una sin\u00e8rgia que neteja l&#039;entorn amb l&#039;agradable perfum de l&#039;Esp\u00edgol.\" \/>\n<meta property=\"og:url\" content=\"https:\/\/www.shizenna.com\/en\/producto\/lavender\/\" \/>\n<meta property=\"og:site_name\" content=\"Shizen&#039;na\" \/>\n<meta property=\"article:modified_time\" content=\"2024-09-30T01:44:34+00:00\" \/>\n<meta property=\"og:image\" content=\"https:\/\/www.shizenna.com\/wp-content\/uploads\/2020\/10\/001-Eucalyptol-lavender.jpg\" \/>\n\t<meta property=\"og:image:width\" content=\"2000\" \/>\n\t<meta property=\"og:image:height\" content=\"2000\" \/>\n\t<meta property=\"og:image:type\" content=\"image\/jpeg\" \/>\n<meta name=\"twitter:card\" content=\"summary_large_image\" \/>\n<meta name=\"twitter:label1\" content=\"Estimated reading time\" \/>\n\t<meta name=\"twitter:data1\" content=\"1 minute\" \/>\n<script type=\"application\/ld+json\" class=\"yoast-schema-graph\">{\"@context\":\"https:\/\/schema.org\",\"@graph\":[{\"@type\":\"WebPage\",\"@id\":\"https:\/\/www.shizenna.com\/producto\/lavender\/\",\"url\":\"https:\/\/www.shizenna.com\/producto\/lavender\/\",\"name\":\"LAVENDER - Shizen&#039;na\",\"isPartOf\":{\"@id\":\"https:\/\/www.shizenna.com\/#website\"},\"primaryImageOfPage\":{\"@id\":\"https:\/\/www.shizenna.com\/producto\/lavender\/#primaryimage\"},\"image\":{\"@id\":\"https:\/\/www.shizenna.com\/producto\/lavender\/#primaryimage\"},\"thumbnailUrl\":\"https:\/\/www.shizenna.com\/wp-content\/uploads\/2020\/10\/001-Eucalyptol-lavender.jpg\",\"datePublished\":\"2020-08-25T16:09:17+00:00\",\"dateModified\":\"2024-09-30T01:44:34+00:00\",\"description\":\"Dels camps de la Proven\u00e7a francesa o de l'interior del nostre pa\u00eds a una sin\u00e8rgia que neteja l'entorn amb l'agradable perfum de l'Esp\u00edgol.\",\"breadcrumb\":{\"@id\":\"https:\/\/www.shizenna.com\/producto\/lavender\/#breadcrumb\"},\"inLanguage\":\"en-GB\",\"potentialAction\":[{\"@type\":\"ReadAction\",\"target\":[\"https:\/\/www.shizenna.com\/producto\/lavender\/\"]}]},{\"@type\":\"ImageObject\",\"inLanguage\":\"en-GB\",\"@id\":\"https:\/\/www.shizenna.com\/producto\/lavender\/#primaryimage\",\"url\":\"https:\/\/www.shizenna.com\/wp-content\/uploads\/2020\/10\/001-Eucalyptol-lavender.jpg\",\"contentUrl\":\"https:\/\/www.shizenna.com\/wp-content\/uploads\/2020\/10\/001-Eucalyptol-lavender.jpg\",\"width\":2000,\"height\":2000},{\"@type\":\"BreadcrumbList\",\"@id\":\"https:\/\/www.shizenna.com\/producto\/lavender\/#breadcrumb\",\"itemListElement\":[{\"@type\":\"ListItem\",\"position\":1,\"name\":\"Products\",\"item\":\"https:\/\/www.shizenna.com\/en\/shop\/\"},{\"@type\":\"ListItem\",\"position\":2,\"name\":\"LAVENDER\"}]},{\"@type\":\"WebSite\",\"@id\":\"https:\/\/www.shizenna.com\/#website\",\"url\":\"https:\/\/www.shizenna.com\/\",\"name\":\"Shizen&#039;na\",\"description\":\"Respira 100% natural\",\"potentialAction\":[{\"@type\":\"SearchAction\",\"target\":{\"@type\":\"EntryPoint\",\"urlTemplate\":\"https:\/\/www.shizenna.com\/?s={search_term_string}\"},\"query-input\":{\"@type\":\"PropertyValueSpecification\",\"valueRequired\":true,\"valueName\":\"search_term_string\"}}],\"inLanguage\":\"en-GB\"}]}<\/script>\n<!-- \/ Yoast SEO plugin. -->","yoast_head_json":{"title":"LAVENDER - Shizen&#039;na","description":"Dels camps de la Proven\u00e7a francesa o de l'interior del nostre pa\u00eds a una sin\u00e8rgia que neteja l'entorn amb l'agradable perfum de l'Esp\u00edgol.","robots":{"index":"index","follow":"follow","max-snippet":"max-snippet:-1","max-image-preview":"max-image-preview:large","max-video-preview":"max-video-preview:-1"},"canonical":"https:\/\/www.shizenna.com\/en\/producto\/lavender\/","og_locale":"en_GB","og_type":"article","og_title":"LAVENDER - Shizen&#039;na","og_description":"Dels camps de la Proven\u00e7a francesa o de l'interior del nostre pa\u00eds a una sin\u00e8rgia que neteja l'entorn amb l'agradable perfum de l'Esp\u00edgol.","og_url":"https:\/\/www.shizenna.com\/en\/producto\/lavender\/","og_site_name":"Shizen&#039;na","article_modified_time":"2024-09-30T01:44:34+00:00","og_image":[{"width":2000,"height":2000,"url":"https:\/\/www.shizenna.com\/wp-content\/uploads\/2020\/10\/001-Eucalyptol-lavender.jpg","type":"image\/jpeg"}],"twitter_card":"summary_large_image","twitter_misc":{"Estimated reading time":"1 minute"},"schema":{"@context":"https:\/\/schema.org","@graph":[{"@type":"WebPage","@id":"https:\/\/www.shizenna.com\/producto\/lavender\/","url":"https:\/\/www.shizenna.com\/producto\/lavender\/","name":"LAVENDER - Shizen&#039;na","isPartOf":{"@id":"https:\/\/www.shizenna.com\/#website"},"primaryImageOfPage":{"@id":"https:\/\/www.shizenna.com\/producto\/lavender\/#primaryimage"},"image":{"@id":"https:\/\/www.shizenna.com\/producto\/lavender\/#primaryimage"},"thumbnailUrl":"https:\/\/www.shizenna.com\/wp-content\/uploads\/2020\/10\/001-Eucalyptol-lavender.jpg","datePublished":"2020-08-25T16:09:17+00:00","dateModified":"2024-09-30T01:44:34+00:00","description":"Dels camps de la Proven\u00e7a francesa o de l'interior del nostre pa\u00eds a una sin\u00e8rgia que neteja l'entorn amb l'agradable perfum de l'Esp\u00edgol.","breadcrumb":{"@id":"https:\/\/www.shizenna.com\/producto\/lavender\/#breadcrumb"},"inLanguage":"en-GB","potentialAction":[{"@type":"ReadAction","target":["https:\/\/www.shizenna.com\/producto\/lavender\/"]}]},{"@type":"ImageObject","inLanguage":"en-GB","@id":"https:\/\/www.shizenna.com\/producto\/lavender\/#primaryimage","url":"https:\/\/www.shizenna.com\/wp-content\/uploads\/2020\/10\/001-Eucalyptol-lavender.jpg","contentUrl":"https:\/\/www.shizenna.com\/wp-content\/uploads\/2020\/10\/001-Eucalyptol-lavender.jpg","width":2000,"height":2000},{"@type":"BreadcrumbList","@id":"https:\/\/www.shizenna.com\/producto\/lavender\/#breadcrumb","itemListElement":[{"@type":"ListItem","position":1,"name":"Products","item":"https:\/\/www.shizenna.com\/en\/shop\/"},{"@type":"ListItem","position":2,"name":"LAVENDER"}]},{"@type":"WebSite","@id":"https:\/\/www.shizenna.com\/#website","url":"https:\/\/www.shizenna.com\/","name":"Shizen&#039;na","description":"Respira 100% natural","potentialAction":[{"@type":"SearchAction","target":{"@type":"EntryPoint","urlTemplate":"https:\/\/www.shizenna.com\/?s={search_term_string}"},"query-input":{"@type":"PropertyValueSpecification","valueRequired":true,"valueName":"search_term_string"}}],"inLanguage":"en-GB"}]}},"_links":{"self":[{"href":"https:\/\/www.shizenna.com\/en\/wp-json\/wp\/v2\/product\/20364","targetHints":{"allow":["GET"]}}],"collection":[{"href":"https:\/\/www.shizenna.com\/en\/wp-json\/wp\/v2\/product"}],"about":[{"href":"https:\/\/www.shizenna.com\/en\/wp-json\/wp\/v2\/types\/product"}],"wp:featuredmedia":[{"embeddable":true,"href":"https:\/\/www.shizenna.com\/en\/wp-json\/wp\/v2\/media\/22621"}],"wp:attachment":[{"href":"https:\/\/www.shizenna.com\/en\/wp-json\/wp\/v2\/media?parent=20364"}],"wp:term":[{"taxonomy":"product_brand","embeddable":true,"href":"https:\/\/www.shizenna.com\/en\/wp-json\/wp\/v2\/product_brand?post=20364"},{"taxonomy":"product_cat","embeddable":true,"href":"https:\/\/www.shizenna.com\/en\/wp-json\/wp\/v2\/product_cat?post=20364"},{"taxonomy":"product_tag","embeddable":true,"href":"https:\/\/www.shizenna.com\/en\/wp-json\/wp\/v2\/product_tag?post=20364"}],"curies":[{"name":"wp","href":"https:\/\/api.w.org\/{rel}","templated":true}]}}