{"id":20366,"date":"2020-08-25T18:14:25","date_gmt":"2020-08-25T16:14:25","guid":{"rendered":"https:\/\/www.shizenna.com\/?post_type=product&#038;p=20366"},"modified":"2025-06-14T17:52:08","modified_gmt":"2025-06-14T15:52:08","slug":"village","status":"publish","type":"product","link":"https:\/\/www.shizenna.com\/en\/producto\/village\/","title":{"rendered":"VILLAGE"},"content":{"rendered":"<p>Una combinaci\u00f3 d&#8217;0lis europeus i asi\u00e0tics que aconsegueixen una aroma c\u00edtrica elegant, amable i complaent, acompanyats de la for\u00e7a que li donen les fustes de S\u00e0ndal i de Hiba. La flor d&#8217;aglia li completa la seva exquisida aroma.<\/p>\n<h4><strong>Bergamota &#8211; Citrus bergamia<\/strong><br \/>\n<em><span style=\"color: #5b9bd5;\"><strong>Joy<\/strong><\/span><\/em><br \/>\n<strong>Iuzu &#8211; Citrus xjunum<\/strong><br \/>\n<em><span style=\"color: #5b9bd5;\"><strong>Antioxidant<\/strong><\/span><\/em><br \/>\n<strong>S\u00e0ndal &#8211; Santalum album<\/strong><br \/>\n<em><span style=\"color: #5b9bd5;\"><strong>Relaxant<\/strong><\/span><\/em><br \/>\n<strong>P\u00e0txuli \u2013 Pogostemon patchouli<\/strong><br \/>\n<em><span style=\"color: #5b9bd5;\"><strong>Peace<\/strong><\/span><\/em><br \/>\n<strong>Hiba &#8211; Thujopsis dolabrata<\/strong><br \/>\n<em><span style=\"color: #5b9bd5;\"><strong>Relax<\/strong><\/span><\/em><br \/>\n<strong>Muguet &#8211; Convallaria majalis<\/strong><br \/>\n<em><span style=\"color: #5b9bd5;\"><strong>Concentraci\u00f3<\/strong><\/span><\/em><\/h4>\n<p>The essences of Shizen'na give off all their effectiveness in the diffusers of the own brand, without heat, without water and adapted to its density. <strong>Cannot be used in heat diffusers<\/strong>.<\/p>\n<h6>OFFICIAL PRODUCT ECHA UFI NUMBER: SM00-F04H-G00E-FP75<\/h6>","protected":false},"excerpt":{"rendered":"<p>Feel the smell of green, of plants, of the essence that nature gives us when it garnishes the interior farmhouses, providing well-being and tranquility.<\/p>\n<p>Composici\u00f3 arom\u00e0tica: Bargamot, Yuzu, Blue Lotus, Aglaia, Lilli of the Valley, Sandalwood, Hiba, Patchouli<\/p>","protected":false},"featured_media":22624,"template":"","meta":[],"product_brand":[],"product_cat":[233,231,176],"product_tag":[],"class_list":{"0":"post-20366","1":"product","2":"type-product","3":"status-publish","4":"has-post-thumbnail","6":"product_cat-aromariques","7":"product_cat-citriques","8":"product_cat-architecture","9":"pa_difusor-seleccionat-bruma","10":"pa_difusor-seleccionat-cap","11":"pa_difusor-seleccionat-kabin","12":"pa_difusor-seleccionat-nebuchic","13":"pa_difusor-seleccionat-nebuscent","14":"pa_difusor-seleccionat-oki","15":"pa_difusor-seleccionat-spray","16":"pa_mida-seleccionat-168","17":"pa_mida-seleccionat-spray-100-ml","18":"pa_mida-seleccionat-166","19":"pa_mida-seleccionat-500-ml","20":"pa_tipus-essencia","21":"pa_tipus-spray","22":"product-grid-view","24":"first","25":"instock","26":"featured","27":"taxable","28":"shipping-taxable","29":"purchasable","30":"product-type-variable","31":"has-default-attributes"},"yoast_head":"<!-- This site is optimized with the Yoast SEO plugin v25.8 - https:\/\/yoast.com\/wordpress\/plugins\/seo\/ -->\n<title>VILLAGE - Shizen&#039;na<\/title>\n<meta name=\"description\" content=\"L&#039;olor de verd, de plantes, de l\u2019ess\u00e8ncia que ens dona la natura quan adorna les masies de l\u2019interior, aportant benestar i tranquil\u00b7litat.\" \/>\n<meta name=\"robots\" content=\"index, follow, max-snippet:-1, max-image-preview:large, max-video-preview:-1\" \/>\n<link rel=\"canonical\" href=\"https:\/\/www.shizenna.com\/en\/producto\/village\/\" \/>\n<meta property=\"og:locale\" content=\"en_GB\" \/>\n<meta property=\"og:type\" content=\"article\" \/>\n<meta property=\"og:title\" content=\"VILLAGE - Shizen&#039;na\" \/>\n<meta property=\"og:description\" content=\"L&#039;olor de verd, de plantes, de l\u2019ess\u00e8ncia que ens dona la natura quan adorna les masies de l\u2019interior, aportant benestar i tranquil\u00b7litat.\" \/>\n<meta property=\"og:url\" content=\"https:\/\/www.shizenna.com\/en\/producto\/village\/\" \/>\n<meta property=\"og:site_name\" content=\"Shizen&#039;na\" \/>\n<meta property=\"article:modified_time\" content=\"2025-06-14T15:52:08+00:00\" \/>\n<meta property=\"og:image\" content=\"https:\/\/www.shizenna.com\/wp-content\/uploads\/2020\/10\/002-Architecture-Village.jpg\" \/>\n\t<meta property=\"og:image:width\" content=\"2000\" \/>\n\t<meta property=\"og:image:height\" content=\"2000\" \/>\n\t<meta property=\"og:image:type\" content=\"image\/jpeg\" \/>\n<meta name=\"twitter:card\" content=\"summary_large_image\" \/>\n<meta name=\"twitter:label1\" content=\"Estimated reading time\" \/>\n\t<meta name=\"twitter:data1\" content=\"1 minute\" \/>\n<script type=\"application\/ld+json\" class=\"yoast-schema-graph\">{\"@context\":\"https:\/\/schema.org\",\"@graph\":[{\"@type\":\"WebPage\",\"@id\":\"https:\/\/www.shizenna.com\/producto\/village\/\",\"url\":\"https:\/\/www.shizenna.com\/producto\/village\/\",\"name\":\"VILLAGE - Shizen&#039;na\",\"isPartOf\":{\"@id\":\"https:\/\/www.shizenna.com\/#website\"},\"primaryImageOfPage\":{\"@id\":\"https:\/\/www.shizenna.com\/producto\/village\/#primaryimage\"},\"image\":{\"@id\":\"https:\/\/www.shizenna.com\/producto\/village\/#primaryimage\"},\"thumbnailUrl\":\"https:\/\/www.shizenna.com\/wp-content\/uploads\/2020\/10\/002-Architecture-Village.jpg\",\"datePublished\":\"2020-08-25T16:14:25+00:00\",\"dateModified\":\"2025-06-14T15:52:08+00:00\",\"description\":\"L'olor de verd, de plantes, de l\u2019ess\u00e8ncia que ens dona la natura quan adorna les masies de l\u2019interior, aportant benestar i tranquil\u00b7litat.\",\"breadcrumb\":{\"@id\":\"https:\/\/www.shizenna.com\/producto\/village\/#breadcrumb\"},\"inLanguage\":\"en-GB\",\"potentialAction\":[{\"@type\":\"ReadAction\",\"target\":[\"https:\/\/www.shizenna.com\/producto\/village\/\"]}]},{\"@type\":\"ImageObject\",\"inLanguage\":\"en-GB\",\"@id\":\"https:\/\/www.shizenna.com\/producto\/village\/#primaryimage\",\"url\":\"https:\/\/www.shizenna.com\/wp-content\/uploads\/2020\/10\/002-Architecture-Village.jpg\",\"contentUrl\":\"https:\/\/www.shizenna.com\/wp-content\/uploads\/2020\/10\/002-Architecture-Village.jpg\",\"width\":2000,\"height\":2000},{\"@type\":\"BreadcrumbList\",\"@id\":\"https:\/\/www.shizenna.com\/producto\/village\/#breadcrumb\",\"itemListElement\":[{\"@type\":\"ListItem\",\"position\":1,\"name\":\"Products\",\"item\":\"https:\/\/www.shizenna.com\/en\/shop\/\"},{\"@type\":\"ListItem\",\"position\":2,\"name\":\"VILLAGE\"}]},{\"@type\":\"WebSite\",\"@id\":\"https:\/\/www.shizenna.com\/#website\",\"url\":\"https:\/\/www.shizenna.com\/\",\"name\":\"Shizen&#039;na\",\"description\":\"Respira 100% natural\",\"potentialAction\":[{\"@type\":\"SearchAction\",\"target\":{\"@type\":\"EntryPoint\",\"urlTemplate\":\"https:\/\/www.shizenna.com\/?s={search_term_string}\"},\"query-input\":{\"@type\":\"PropertyValueSpecification\",\"valueRequired\":true,\"valueName\":\"search_term_string\"}}],\"inLanguage\":\"en-GB\"}]}<\/script>\n<!-- \/ Yoast SEO plugin. -->","yoast_head_json":{"title":"VILLAGE - Shizen&#039;na","description":"L'olor de verd, de plantes, de l\u2019ess\u00e8ncia que ens dona la natura quan adorna les masies de l\u2019interior, aportant benestar i tranquil\u00b7litat.","robots":{"index":"index","follow":"follow","max-snippet":"max-snippet:-1","max-image-preview":"max-image-preview:large","max-video-preview":"max-video-preview:-1"},"canonical":"https:\/\/www.shizenna.com\/en\/producto\/village\/","og_locale":"en_GB","og_type":"article","og_title":"VILLAGE - Shizen&#039;na","og_description":"L'olor de verd, de plantes, de l\u2019ess\u00e8ncia que ens dona la natura quan adorna les masies de l\u2019interior, aportant benestar i tranquil\u00b7litat.","og_url":"https:\/\/www.shizenna.com\/en\/producto\/village\/","og_site_name":"Shizen&#039;na","article_modified_time":"2025-06-14T15:52:08+00:00","og_image":[{"width":2000,"height":2000,"url":"https:\/\/www.shizenna.com\/wp-content\/uploads\/2020\/10\/002-Architecture-Village.jpg","type":"image\/jpeg"}],"twitter_card":"summary_large_image","twitter_misc":{"Estimated reading time":"1 minute"},"schema":{"@context":"https:\/\/schema.org","@graph":[{"@type":"WebPage","@id":"https:\/\/www.shizenna.com\/producto\/village\/","url":"https:\/\/www.shizenna.com\/producto\/village\/","name":"VILLAGE - Shizen&#039;na","isPartOf":{"@id":"https:\/\/www.shizenna.com\/#website"},"primaryImageOfPage":{"@id":"https:\/\/www.shizenna.com\/producto\/village\/#primaryimage"},"image":{"@id":"https:\/\/www.shizenna.com\/producto\/village\/#primaryimage"},"thumbnailUrl":"https:\/\/www.shizenna.com\/wp-content\/uploads\/2020\/10\/002-Architecture-Village.jpg","datePublished":"2020-08-25T16:14:25+00:00","dateModified":"2025-06-14T15:52:08+00:00","description":"L'olor de verd, de plantes, de l\u2019ess\u00e8ncia que ens dona la natura quan adorna les masies de l\u2019interior, aportant benestar i tranquil\u00b7litat.","breadcrumb":{"@id":"https:\/\/www.shizenna.com\/producto\/village\/#breadcrumb"},"inLanguage":"en-GB","potentialAction":[{"@type":"ReadAction","target":["https:\/\/www.shizenna.com\/producto\/village\/"]}]},{"@type":"ImageObject","inLanguage":"en-GB","@id":"https:\/\/www.shizenna.com\/producto\/village\/#primaryimage","url":"https:\/\/www.shizenna.com\/wp-content\/uploads\/2020\/10\/002-Architecture-Village.jpg","contentUrl":"https:\/\/www.shizenna.com\/wp-content\/uploads\/2020\/10\/002-Architecture-Village.jpg","width":2000,"height":2000},{"@type":"BreadcrumbList","@id":"https:\/\/www.shizenna.com\/producto\/village\/#breadcrumb","itemListElement":[{"@type":"ListItem","position":1,"name":"Products","item":"https:\/\/www.shizenna.com\/en\/shop\/"},{"@type":"ListItem","position":2,"name":"VILLAGE"}]},{"@type":"WebSite","@id":"https:\/\/www.shizenna.com\/#website","url":"https:\/\/www.shizenna.com\/","name":"Shizen&#039;na","description":"Respira 100% natural","potentialAction":[{"@type":"SearchAction","target":{"@type":"EntryPoint","urlTemplate":"https:\/\/www.shizenna.com\/?s={search_term_string}"},"query-input":{"@type":"PropertyValueSpecification","valueRequired":true,"valueName":"search_term_string"}}],"inLanguage":"en-GB"}]}},"_links":{"self":[{"href":"https:\/\/www.shizenna.com\/en\/wp-json\/wp\/v2\/product\/20366","targetHints":{"allow":["GET"]}}],"collection":[{"href":"https:\/\/www.shizenna.com\/en\/wp-json\/wp\/v2\/product"}],"about":[{"href":"https:\/\/www.shizenna.com\/en\/wp-json\/wp\/v2\/types\/product"}],"wp:featuredmedia":[{"embeddable":true,"href":"https:\/\/www.shizenna.com\/en\/wp-json\/wp\/v2\/media\/22624"}],"wp:attachment":[{"href":"https:\/\/www.shizenna.com\/en\/wp-json\/wp\/v2\/media?parent=20366"}],"wp:term":[{"taxonomy":"product_brand","embeddable":true,"href":"https:\/\/www.shizenna.com\/en\/wp-json\/wp\/v2\/product_brand?post=20366"},{"taxonomy":"product_cat","embeddable":true,"href":"https:\/\/www.shizenna.com\/en\/wp-json\/wp\/v2\/product_cat?post=20366"},{"taxonomy":"product_tag","embeddable":true,"href":"https:\/\/www.shizenna.com\/en\/wp-json\/wp\/v2\/product_tag?post=20366"}],"curies":[{"name":"wp","href":"https:\/\/api.w.org\/{rel}","templated":true}]}}