{"id":20503,"date":"2020-08-25T18:23:51","date_gmt":"2020-08-25T16:23:51","guid":{"rendered":"https:\/\/www.shizenna.com\/?post_type=product&#038;p=20503"},"modified":"2024-10-24T04:30:21","modified_gmt":"2024-10-24T02:30:21","slug":"emotion","status":"publish","type":"product","link":"https:\/\/www.shizenna.com\/en\/producto\/emotion\/","title":{"rendered":"EMOTION"},"content":{"rendered":"<p>Intense feeling of joy, peace, happiness and pleasure that surrounds us. More intense than words, it awakens our most primal instinct: emotion.<\/p>\n<p>Si les emocions s\u00f3n lliures \u00e9s perqu\u00e8 el pensament tamb\u00e9 ho \u00e9s. Trobem aquesta llibertat per gaudir de la creaci\u00f3 d&#8217;ess\u00e8ncies fent que el resultat sigui m\u00e9s intens per, finalment, consolidar aquesta aroma que ser\u00e0 dif\u00edcil que no emocioni des del primer instant.<\/p>\n<h4>Rosa &#8211; Rosa damascena<br \/>\n<em><strong><span style=\"color: #5b9bd5;\">Amor<\/span><\/strong><\/em><br \/>\nP\u00e0txuli &#8211; Pogostemon cablin<br \/>\n<em><strong><span style=\"color: #5b9bd5;\">Peace<\/span><\/strong><\/em><br \/>\nFrangipani &#8211; Plumeria Alba<br \/>\n<em><strong><span style=\"color: #5b9bd5;\">Imaginaci\u00f3<\/span><\/strong><\/em><br \/>\nGerani &#8211; Pelargonium graveolens<br \/>\n<em><strong><span style=\"color: #5b9bd5;\">Harmon\u00eda<\/span><\/strong><\/em><br \/>\nFusta d\u2019ho &#8211; Cinnamomum Camphora<br \/>\n<em><strong><span style=\"color: #5b9bd5;\">Aphrodisiac<\/span><\/strong><\/em><\/h4>\n<p>The essences of Shizen'na give off all their effectiveness in the diffusers of the own brand, without heat, without water and adapted to its density. <strong>Cannot be used in heat diffusers<\/strong>.<\/p>\n<h6>OFFICIAL PRODUCT ECHA UFI NUMBER: 7110-Y0KH-000W-RD4G<\/h6>","protected":false},"excerpt":{"rendered":"<p>Intense feeling of joy, peace, happiness and pleasure that surrounds us. More intense than words, it awakens our most primal instinct: emotion.<\/p>\n<p>Composici\u00f3 arom\u00e0tica: Rosa, P\u00e0txuli, Frangipani, Gerani, Fusta d\u2019Ho<\/p>","protected":false},"featured_media":22626,"template":"","meta":[],"product_brand":[],"product_cat":[235,177],"product_tag":[],"class_list":{"0":"post-20503","1":"product","2":"type-product","3":"status-publish","4":"has-post-thumbnail","6":"product_cat-florals","7":"product_cat-anthropology","8":"pa_difusor-seleccionat-bruma","9":"pa_difusor-seleccionat-cap","10":"pa_difusor-seleccionat-kabin","11":"pa_difusor-seleccionat-nebuchic","12":"pa_difusor-seleccionat-nebuscent","13":"pa_difusor-seleccionat-oki","14":"pa_difusor-seleccionat-spray","15":"pa_difusor-seleccionat-todana","16":"pa_mida-seleccionat-168","17":"pa_mida-seleccionat-spray-100-ml","18":"pa_mida-seleccionat-166","19":"pa_mida-seleccionat-500-ml","20":"pa_tipus-essencia","21":"pa_tipus-spray","22":"product-grid-view","24":"first","25":"instock","26":"taxable","27":"shipping-taxable","28":"purchasable","29":"product-type-variable","30":"has-default-attributes"},"yoast_head":"<!-- This site is optimized with the Yoast SEO plugin v25.8 - https:\/\/yoast.com\/wordpress\/plugins\/seo\/ -->\n<title>EMOTION - Shizen&#039;na<\/title>\n<meta name=\"description\" content=\"Sentiment intens d&#039;alegria, pau, felicitat i plaer. M\u00e9s intens que les paraules, desperta el nostre instint m\u00e9s primari: l&#039;emoci\u00f3.\" \/>\n<meta name=\"robots\" content=\"index, follow, max-snippet:-1, max-image-preview:large, max-video-preview:-1\" \/>\n<link rel=\"canonical\" href=\"https:\/\/www.shizenna.com\/en\/producto\/emotion\/\" \/>\n<meta property=\"og:locale\" content=\"en_GB\" \/>\n<meta property=\"og:type\" content=\"article\" \/>\n<meta property=\"og:title\" content=\"EMOTION - Shizen&#039;na\" \/>\n<meta property=\"og:description\" content=\"Sentiment intens d&#039;alegria, pau, felicitat i plaer. M\u00e9s intens que les paraules, desperta el nostre instint m\u00e9s primari: l&#039;emoci\u00f3.\" \/>\n<meta property=\"og:url\" content=\"https:\/\/www.shizenna.com\/en\/producto\/emotion\/\" \/>\n<meta property=\"og:site_name\" content=\"Shizen&#039;na\" \/>\n<meta property=\"article:modified_time\" content=\"2024-10-24T02:30:21+00:00\" \/>\n<meta property=\"og:image\" content=\"https:\/\/www.shizenna.com\/wp-content\/uploads\/2020\/10\/003-Antropology-Emotion.jpg\" \/>\n\t<meta property=\"og:image:width\" content=\"2000\" \/>\n\t<meta property=\"og:image:height\" content=\"2000\" \/>\n\t<meta property=\"og:image:type\" content=\"image\/jpeg\" \/>\n<meta name=\"twitter:card\" content=\"summary_large_image\" \/>\n<meta name=\"twitter:label1\" content=\"Estimated reading time\" \/>\n\t<meta name=\"twitter:data1\" content=\"1 minute\" \/>\n<script type=\"application\/ld+json\" class=\"yoast-schema-graph\">{\"@context\":\"https:\/\/schema.org\",\"@graph\":[{\"@type\":\"WebPage\",\"@id\":\"https:\/\/www.shizenna.com\/producto\/emotion\/\",\"url\":\"https:\/\/www.shizenna.com\/producto\/emotion\/\",\"name\":\"EMOTION - Shizen&#039;na\",\"isPartOf\":{\"@id\":\"https:\/\/www.shizenna.com\/#website\"},\"primaryImageOfPage\":{\"@id\":\"https:\/\/www.shizenna.com\/producto\/emotion\/#primaryimage\"},\"image\":{\"@id\":\"https:\/\/www.shizenna.com\/producto\/emotion\/#primaryimage\"},\"thumbnailUrl\":\"https:\/\/www.shizenna.com\/wp-content\/uploads\/2020\/10\/003-Antropology-Emotion.jpg\",\"datePublished\":\"2020-08-25T16:23:51+00:00\",\"dateModified\":\"2024-10-24T02:30:21+00:00\",\"description\":\"Sentiment intens d'alegria, pau, felicitat i plaer. M\u00e9s intens que les paraules, desperta el nostre instint m\u00e9s primari: l'emoci\u00f3.\",\"breadcrumb\":{\"@id\":\"https:\/\/www.shizenna.com\/producto\/emotion\/#breadcrumb\"},\"inLanguage\":\"en-GB\",\"potentialAction\":[{\"@type\":\"ReadAction\",\"target\":[\"https:\/\/www.shizenna.com\/producto\/emotion\/\"]}]},{\"@type\":\"ImageObject\",\"inLanguage\":\"en-GB\",\"@id\":\"https:\/\/www.shizenna.com\/producto\/emotion\/#primaryimage\",\"url\":\"https:\/\/www.shizenna.com\/wp-content\/uploads\/2020\/10\/003-Antropology-Emotion.jpg\",\"contentUrl\":\"https:\/\/www.shizenna.com\/wp-content\/uploads\/2020\/10\/003-Antropology-Emotion.jpg\",\"width\":2000,\"height\":2000},{\"@type\":\"BreadcrumbList\",\"@id\":\"https:\/\/www.shizenna.com\/producto\/emotion\/#breadcrumb\",\"itemListElement\":[{\"@type\":\"ListItem\",\"position\":1,\"name\":\"Products\",\"item\":\"https:\/\/www.shizenna.com\/en\/shop\/\"},{\"@type\":\"ListItem\",\"position\":2,\"name\":\"EMOTION\"}]},{\"@type\":\"WebSite\",\"@id\":\"https:\/\/www.shizenna.com\/#website\",\"url\":\"https:\/\/www.shizenna.com\/\",\"name\":\"Shizen&#039;na\",\"description\":\"Respira 100% natural\",\"potentialAction\":[{\"@type\":\"SearchAction\",\"target\":{\"@type\":\"EntryPoint\",\"urlTemplate\":\"https:\/\/www.shizenna.com\/?s={search_term_string}\"},\"query-input\":{\"@type\":\"PropertyValueSpecification\",\"valueRequired\":true,\"valueName\":\"search_term_string\"}}],\"inLanguage\":\"en-GB\"}]}<\/script>\n<!-- \/ Yoast SEO plugin. -->","yoast_head_json":{"title":"EMOTION - Shizen&#039;na","description":"Sentiment intens d'alegria, pau, felicitat i plaer. M\u00e9s intens que les paraules, desperta el nostre instint m\u00e9s primari: l'emoci\u00f3.","robots":{"index":"index","follow":"follow","max-snippet":"max-snippet:-1","max-image-preview":"max-image-preview:large","max-video-preview":"max-video-preview:-1"},"canonical":"https:\/\/www.shizenna.com\/en\/producto\/emotion\/","og_locale":"en_GB","og_type":"article","og_title":"EMOTION - Shizen&#039;na","og_description":"Sentiment intens d'alegria, pau, felicitat i plaer. M\u00e9s intens que les paraules, desperta el nostre instint m\u00e9s primari: l'emoci\u00f3.","og_url":"https:\/\/www.shizenna.com\/en\/producto\/emotion\/","og_site_name":"Shizen&#039;na","article_modified_time":"2024-10-24T02:30:21+00:00","og_image":[{"width":2000,"height":2000,"url":"https:\/\/www.shizenna.com\/wp-content\/uploads\/2020\/10\/003-Antropology-Emotion.jpg","type":"image\/jpeg"}],"twitter_card":"summary_large_image","twitter_misc":{"Estimated reading time":"1 minute"},"schema":{"@context":"https:\/\/schema.org","@graph":[{"@type":"WebPage","@id":"https:\/\/www.shizenna.com\/producto\/emotion\/","url":"https:\/\/www.shizenna.com\/producto\/emotion\/","name":"EMOTION - Shizen&#039;na","isPartOf":{"@id":"https:\/\/www.shizenna.com\/#website"},"primaryImageOfPage":{"@id":"https:\/\/www.shizenna.com\/producto\/emotion\/#primaryimage"},"image":{"@id":"https:\/\/www.shizenna.com\/producto\/emotion\/#primaryimage"},"thumbnailUrl":"https:\/\/www.shizenna.com\/wp-content\/uploads\/2020\/10\/003-Antropology-Emotion.jpg","datePublished":"2020-08-25T16:23:51+00:00","dateModified":"2024-10-24T02:30:21+00:00","description":"Sentiment intens d'alegria, pau, felicitat i plaer. M\u00e9s intens que les paraules, desperta el nostre instint m\u00e9s primari: l'emoci\u00f3.","breadcrumb":{"@id":"https:\/\/www.shizenna.com\/producto\/emotion\/#breadcrumb"},"inLanguage":"en-GB","potentialAction":[{"@type":"ReadAction","target":["https:\/\/www.shizenna.com\/producto\/emotion\/"]}]},{"@type":"ImageObject","inLanguage":"en-GB","@id":"https:\/\/www.shizenna.com\/producto\/emotion\/#primaryimage","url":"https:\/\/www.shizenna.com\/wp-content\/uploads\/2020\/10\/003-Antropology-Emotion.jpg","contentUrl":"https:\/\/www.shizenna.com\/wp-content\/uploads\/2020\/10\/003-Antropology-Emotion.jpg","width":2000,"height":2000},{"@type":"BreadcrumbList","@id":"https:\/\/www.shizenna.com\/producto\/emotion\/#breadcrumb","itemListElement":[{"@type":"ListItem","position":1,"name":"Products","item":"https:\/\/www.shizenna.com\/en\/shop\/"},{"@type":"ListItem","position":2,"name":"EMOTION"}]},{"@type":"WebSite","@id":"https:\/\/www.shizenna.com\/#website","url":"https:\/\/www.shizenna.com\/","name":"Shizen&#039;na","description":"Respira 100% natural","potentialAction":[{"@type":"SearchAction","target":{"@type":"EntryPoint","urlTemplate":"https:\/\/www.shizenna.com\/?s={search_term_string}"},"query-input":{"@type":"PropertyValueSpecification","valueRequired":true,"valueName":"search_term_string"}}],"inLanguage":"en-GB"}]}},"_links":{"self":[{"href":"https:\/\/www.shizenna.com\/en\/wp-json\/wp\/v2\/product\/20503","targetHints":{"allow":["GET"]}}],"collection":[{"href":"https:\/\/www.shizenna.com\/en\/wp-json\/wp\/v2\/product"}],"about":[{"href":"https:\/\/www.shizenna.com\/en\/wp-json\/wp\/v2\/types\/product"}],"wp:featuredmedia":[{"embeddable":true,"href":"https:\/\/www.shizenna.com\/en\/wp-json\/wp\/v2\/media\/22626"}],"wp:attachment":[{"href":"https:\/\/www.shizenna.com\/en\/wp-json\/wp\/v2\/media?parent=20503"}],"wp:term":[{"taxonomy":"product_brand","embeddable":true,"href":"https:\/\/www.shizenna.com\/en\/wp-json\/wp\/v2\/product_brand?post=20503"},{"taxonomy":"product_cat","embeddable":true,"href":"https:\/\/www.shizenna.com\/en\/wp-json\/wp\/v2\/product_cat?post=20503"},{"taxonomy":"product_tag","embeddable":true,"href":"https:\/\/www.shizenna.com\/en\/wp-json\/wp\/v2\/product_tag?post=20503"}],"curies":[{"name":"wp","href":"https:\/\/api.w.org\/{rel}","templated":true}]}}