{"id":20545,"date":"2020-08-25T18:32:57","date_gmt":"2020-08-25T16:32:57","guid":{"rendered":"https:\/\/www.shizenna.com\/?post_type=product&#038;p=20545"},"modified":"2025-02-22T19:39:35","modified_gmt":"2025-02-22T18:39:35","slug":"feeling","status":"publish","type":"product","link":"https:\/\/www.shizenna.com\/en\/producto\/feeling\/","title":{"rendered":"FEELING &#8211; (Nou \/ Nuevo \/ New!!)"},"content":{"rendered":"<p>Feeling reflexa el sentiment de companyia, de sentir alguna cosa m\u00e9s enll\u00e0 de l&#8217;amistat, amb la voluntat de sentir de prop alg\u00fa que ens arriba, que ens fa sentir b\u00e9 i amb qui volem compartir. La dol\u00e7or de la Vainilla, l&#8217;aroma del Gessam\u00ed, la for\u00e7a de la Canyella&#8230; combinades amb el Yuzu, un c\u00edtric japon\u00e8s que les aplega perfectament per trobar aquesta sensaci\u00f3 d&#8217;estar ben acompanyat.<\/p>\n<h4><strong><span style=\"color: #000000;\">Vanilla &#8211; Vanilla planifolia<\/span><\/strong><br \/>\n<strong><em><span style=\"color: #5b9bd5;\">Dol\u00e7a<\/span><\/em><\/strong><br \/>\n<strong><span style=\"color: #000000;\">Jasmine &#8211; Jasmine grandiflora<\/span><\/strong><br \/>\n<strong><span style=\"color: #5b9bd5;\"><em>Ansiol\u00edtica<\/em><\/span><\/strong><br \/>\n<strong><span style=\"color: #000000;\">Cinnamon &#8211; Cinnamonum Zeylanicum<\/span><\/strong><br \/>\n<strong><em><span style=\"color: #5b9bd5;\">Afrodis\u00edaca<\/span><\/em><\/strong><\/h4>\n<h4><strong><span style=\"color: #000000;\">Yuzu &#8211; Citrus Junos<\/span><\/strong><br \/>\n<strong><em><span style=\"color: #5b9bd5;\">Revitalizing<\/span><\/em><\/strong><\/h4>\n<h4><strong><span style=\"color: #000000;\">Ylang ylang &#8211; Cananga odorata<\/span><\/strong><br \/>\n<strong><em><span style=\"color: #5b9bd5;\">Desestressant<\/span><\/em><\/strong><\/h4>\n<p>The essences of Shizen'na give off all their effectiveness in the diffusers of the own brand, without heat, without water and adapted to its density. <strong>Cannot be used in heat diffusers<\/strong>.<\/p>\n<h6>OFFICIAL PRODUCT ECHA UFI NUMBER: U410-G08W-A00D-EQQJ<\/h6>","protected":false},"excerpt":{"rendered":"<p>I listen to you, I understand you, we embrace each other, we live, we meet. I am, you are. We simply feel. We make the aroma make us feel like in a hug.<\/p>\n<p>Composici\u00f3 arom\u00e0tica: Vainilla, Gessam\u00ed, Canyella, Yuzu, Ylang ylang<\/p>","protected":false},"featured_media":22627,"template":"","meta":[],"product_brand":[],"product_cat":[230,177],"product_tag":[],"class_list":{"0":"post-20545","1":"product","2":"type-product","3":"status-publish","4":"has-post-thumbnail","6":"product_cat-especiades-balsamiques","7":"product_cat-anthropology","8":"pa_difusor-seleccionat-bruma","9":"pa_difusor-seleccionat-cap","10":"pa_difusor-seleccionat-kabin","11":"pa_difusor-seleccionat-nebuchic","12":"pa_difusor-seleccionat-nebuscent","13":"pa_difusor-seleccionat-oki","14":"pa_difusor-seleccionat-spray","15":"pa_difusor-seleccionat-todana","16":"pa_mida-seleccionat-168","17":"pa_mida-seleccionat-spray-100-ml","18":"pa_mida-seleccionat-166","19":"pa_mida-seleccionat-500-ml","20":"pa_tipus-essencia","21":"pa_tipus-spray","22":"product-grid-view","24":"first","25":"instock","26":"taxable","27":"shipping-taxable","28":"purchasable","29":"product-type-variable","30":"has-default-attributes"},"yoast_head":"<!-- This site is optimized with the Yoast SEO plugin v25.8 - https:\/\/yoast.com\/wordpress\/plugins\/seo\/ -->\n<title>FEELING - (Nou \/ Nuevo \/ New!!) - Shizen&#039;na<\/title>\n<meta name=\"description\" content=\"T&#039;escolto, ens abracem, vivim, ens reunim. Hi s\u00f3c, hi ets. Senzillament, ens sentim. Fem que l&#039;aroma ens faci sentir com en una abra\u00e7ada.\" \/>\n<meta name=\"robots\" content=\"index, follow, max-snippet:-1, max-image-preview:large, max-video-preview:-1\" \/>\n<link rel=\"canonical\" href=\"https:\/\/www.shizenna.com\/en\/producto\/feeling\/\" \/>\n<meta property=\"og:locale\" content=\"en_GB\" \/>\n<meta property=\"og:type\" content=\"article\" \/>\n<meta property=\"og:title\" content=\"FEELING - (Nou \/ Nuevo \/ New!!) - Shizen&#039;na\" \/>\n<meta property=\"og:description\" content=\"T&#039;escolto, ens abracem, vivim, ens reunim. Hi s\u00f3c, hi ets. Senzillament, ens sentim. Fem que l&#039;aroma ens faci sentir com en una abra\u00e7ada.\" \/>\n<meta property=\"og:url\" content=\"https:\/\/www.shizenna.com\/en\/producto\/feeling\/\" \/>\n<meta property=\"og:site_name\" content=\"Shizen&#039;na\" \/>\n<meta property=\"article:modified_time\" content=\"2025-02-22T18:39:35+00:00\" \/>\n<meta property=\"og:image\" content=\"https:\/\/www.shizenna.com\/wp-content\/uploads\/2020\/10\/003-Antropology-Feeling.jpg\" \/>\n\t<meta property=\"og:image:width\" content=\"2000\" \/>\n\t<meta property=\"og:image:height\" content=\"2000\" \/>\n\t<meta property=\"og:image:type\" content=\"image\/jpeg\" \/>\n<meta name=\"twitter:card\" content=\"summary_large_image\" \/>\n<meta name=\"twitter:label1\" content=\"Estimated reading time\" \/>\n\t<meta name=\"twitter:data1\" content=\"1 minute\" \/>\n<script type=\"application\/ld+json\" class=\"yoast-schema-graph\">{\"@context\":\"https:\/\/schema.org\",\"@graph\":[{\"@type\":\"WebPage\",\"@id\":\"https:\/\/www.shizenna.com\/producto\/feeling\/\",\"url\":\"https:\/\/www.shizenna.com\/producto\/feeling\/\",\"name\":\"FEELING - (Nou \/ Nuevo \/ New!!) - Shizen&#039;na\",\"isPartOf\":{\"@id\":\"https:\/\/www.shizenna.com\/#website\"},\"primaryImageOfPage\":{\"@id\":\"https:\/\/www.shizenna.com\/producto\/feeling\/#primaryimage\"},\"image\":{\"@id\":\"https:\/\/www.shizenna.com\/producto\/feeling\/#primaryimage\"},\"thumbnailUrl\":\"https:\/\/www.shizenna.com\/wp-content\/uploads\/2020\/10\/003-Antropology-Feeling.jpg\",\"datePublished\":\"2020-08-25T16:32:57+00:00\",\"dateModified\":\"2025-02-22T18:39:35+00:00\",\"description\":\"T'escolto, ens abracem, vivim, ens reunim. Hi s\u00f3c, hi ets. Senzillament, ens sentim. Fem que l'aroma ens faci sentir com en una abra\u00e7ada.\",\"breadcrumb\":{\"@id\":\"https:\/\/www.shizenna.com\/producto\/feeling\/#breadcrumb\"},\"inLanguage\":\"en-GB\",\"potentialAction\":[{\"@type\":\"ReadAction\",\"target\":[\"https:\/\/www.shizenna.com\/producto\/feeling\/\"]}]},{\"@type\":\"ImageObject\",\"inLanguage\":\"en-GB\",\"@id\":\"https:\/\/www.shizenna.com\/producto\/feeling\/#primaryimage\",\"url\":\"https:\/\/www.shizenna.com\/wp-content\/uploads\/2020\/10\/003-Antropology-Feeling.jpg\",\"contentUrl\":\"https:\/\/www.shizenna.com\/wp-content\/uploads\/2020\/10\/003-Antropology-Feeling.jpg\",\"width\":2000,\"height\":2000},{\"@type\":\"BreadcrumbList\",\"@id\":\"https:\/\/www.shizenna.com\/producto\/feeling\/#breadcrumb\",\"itemListElement\":[{\"@type\":\"ListItem\",\"position\":1,\"name\":\"Products\",\"item\":\"https:\/\/www.shizenna.com\/en\/shop\/\"},{\"@type\":\"ListItem\",\"position\":2,\"name\":\"FEELING &#8211; (Nou \/ Nuevo \/ New!!)\"}]},{\"@type\":\"WebSite\",\"@id\":\"https:\/\/www.shizenna.com\/#website\",\"url\":\"https:\/\/www.shizenna.com\/\",\"name\":\"Shizen&#039;na\",\"description\":\"Respira 100% natural\",\"potentialAction\":[{\"@type\":\"SearchAction\",\"target\":{\"@type\":\"EntryPoint\",\"urlTemplate\":\"https:\/\/www.shizenna.com\/?s={search_term_string}\"},\"query-input\":{\"@type\":\"PropertyValueSpecification\",\"valueRequired\":true,\"valueName\":\"search_term_string\"}}],\"inLanguage\":\"en-GB\"}]}<\/script>\n<!-- \/ Yoast SEO plugin. -->","yoast_head_json":{"title":"FEELING - (Nou \/ Nuevo \/ New!!) - Shizen&#039;na","description":"T'escolto, ens abracem, vivim, ens reunim. Hi s\u00f3c, hi ets. Senzillament, ens sentim. Fem que l'aroma ens faci sentir com en una abra\u00e7ada.","robots":{"index":"index","follow":"follow","max-snippet":"max-snippet:-1","max-image-preview":"max-image-preview:large","max-video-preview":"max-video-preview:-1"},"canonical":"https:\/\/www.shizenna.com\/en\/producto\/feeling\/","og_locale":"en_GB","og_type":"article","og_title":"FEELING - (Nou \/ Nuevo \/ New!!) - Shizen&#039;na","og_description":"T'escolto, ens abracem, vivim, ens reunim. Hi s\u00f3c, hi ets. Senzillament, ens sentim. Fem que l'aroma ens faci sentir com en una abra\u00e7ada.","og_url":"https:\/\/www.shizenna.com\/en\/producto\/feeling\/","og_site_name":"Shizen&#039;na","article_modified_time":"2025-02-22T18:39:35+00:00","og_image":[{"width":2000,"height":2000,"url":"https:\/\/www.shizenna.com\/wp-content\/uploads\/2020\/10\/003-Antropology-Feeling.jpg","type":"image\/jpeg"}],"twitter_card":"summary_large_image","twitter_misc":{"Estimated reading time":"1 minute"},"schema":{"@context":"https:\/\/schema.org","@graph":[{"@type":"WebPage","@id":"https:\/\/www.shizenna.com\/producto\/feeling\/","url":"https:\/\/www.shizenna.com\/producto\/feeling\/","name":"FEELING - (Nou \/ Nuevo \/ New!!) - Shizen&#039;na","isPartOf":{"@id":"https:\/\/www.shizenna.com\/#website"},"primaryImageOfPage":{"@id":"https:\/\/www.shizenna.com\/producto\/feeling\/#primaryimage"},"image":{"@id":"https:\/\/www.shizenna.com\/producto\/feeling\/#primaryimage"},"thumbnailUrl":"https:\/\/www.shizenna.com\/wp-content\/uploads\/2020\/10\/003-Antropology-Feeling.jpg","datePublished":"2020-08-25T16:32:57+00:00","dateModified":"2025-02-22T18:39:35+00:00","description":"T'escolto, ens abracem, vivim, ens reunim. Hi s\u00f3c, hi ets. Senzillament, ens sentim. Fem que l'aroma ens faci sentir com en una abra\u00e7ada.","breadcrumb":{"@id":"https:\/\/www.shizenna.com\/producto\/feeling\/#breadcrumb"},"inLanguage":"en-GB","potentialAction":[{"@type":"ReadAction","target":["https:\/\/www.shizenna.com\/producto\/feeling\/"]}]},{"@type":"ImageObject","inLanguage":"en-GB","@id":"https:\/\/www.shizenna.com\/producto\/feeling\/#primaryimage","url":"https:\/\/www.shizenna.com\/wp-content\/uploads\/2020\/10\/003-Antropology-Feeling.jpg","contentUrl":"https:\/\/www.shizenna.com\/wp-content\/uploads\/2020\/10\/003-Antropology-Feeling.jpg","width":2000,"height":2000},{"@type":"BreadcrumbList","@id":"https:\/\/www.shizenna.com\/producto\/feeling\/#breadcrumb","itemListElement":[{"@type":"ListItem","position":1,"name":"Products","item":"https:\/\/www.shizenna.com\/en\/shop\/"},{"@type":"ListItem","position":2,"name":"FEELING &#8211; (Nou \/ Nuevo \/ New!!)"}]},{"@type":"WebSite","@id":"https:\/\/www.shizenna.com\/#website","url":"https:\/\/www.shizenna.com\/","name":"Shizen&#039;na","description":"Respira 100% natural","potentialAction":[{"@type":"SearchAction","target":{"@type":"EntryPoint","urlTemplate":"https:\/\/www.shizenna.com\/?s={search_term_string}"},"query-input":{"@type":"PropertyValueSpecification","valueRequired":true,"valueName":"search_term_string"}}],"inLanguage":"en-GB"}]}},"_links":{"self":[{"href":"https:\/\/www.shizenna.com\/en\/wp-json\/wp\/v2\/product\/20545","targetHints":{"allow":["GET"]}}],"collection":[{"href":"https:\/\/www.shizenna.com\/en\/wp-json\/wp\/v2\/product"}],"about":[{"href":"https:\/\/www.shizenna.com\/en\/wp-json\/wp\/v2\/types\/product"}],"wp:featuredmedia":[{"embeddable":true,"href":"https:\/\/www.shizenna.com\/en\/wp-json\/wp\/v2\/media\/22627"}],"wp:attachment":[{"href":"https:\/\/www.shizenna.com\/en\/wp-json\/wp\/v2\/media?parent=20545"}],"wp:term":[{"taxonomy":"product_brand","embeddable":true,"href":"https:\/\/www.shizenna.com\/en\/wp-json\/wp\/v2\/product_brand?post=20545"},{"taxonomy":"product_cat","embeddable":true,"href":"https:\/\/www.shizenna.com\/en\/wp-json\/wp\/v2\/product_cat?post=20545"},{"taxonomy":"product_tag","embeddable":true,"href":"https:\/\/www.shizenna.com\/en\/wp-json\/wp\/v2\/product_tag?post=20545"}],"curies":[{"name":"wp","href":"https:\/\/api.w.org\/{rel}","templated":true}]}}