{"id":21619,"date":"2020-09-22T19:03:35","date_gmt":"2020-09-22T17:03:35","guid":{"rendered":"https:\/\/www.shizenna.com\/?post_type=product&#038;p=21619"},"modified":"2024-02-06T00:12:49","modified_gmt":"2024-02-05T23:12:49","slug":"kabin","status":"publish","type":"product","link":"https:\/\/www.shizenna.com\/en\/producto\/kabin\/","title":{"rendered":"KABIN"},"content":{"rendered":"<p>The<span style=\"color: #333399;\"> <a style=\"color: #333399;\" href=\"http:\/\/lapitroig.com\">Pit-Roig<\/a><\/span>, ceramista de Moi\u00e0, elabora manualment i un per un en el seu taller de cer\u00e0mica, aquesta pe\u00e7a \u00fanica i exclusiva de Shizen&#8217;na, amb tot l&#8217;amor que necessiten les peces d&#8217;artesania: el temps, la bona terra, els revestiments interns i cocci\u00f3 a alta temperatura. S&#8217;arrodoneix amb fusta de pi del Moian\u00e8s i les branques de fusta japonesa (Mitsumata) que s&#8217;impregnen de la sinergia escollida per repartir l&#8217;olor amb const\u00e0ncia i eleg\u00e0ncia.<\/p>\n<p>S&#8217;usa b\u00e0sicament per decoraci\u00f3, en <em>halls<\/em> d&#8217;hotel, sales grans de reuni\u00f3, salons luxosos, recepcions, banys grans&#8230;<\/p>\n<p>Due to the natural porosity of the ceramic, it changes color when we introduce the oils, taking on a double hue that gives it greater authenticity.<\/p>\n<p><strong>Approximate measurements: <\/strong><strong>Alt <\/strong><strong>17 cm x \u00d8 14 cm. With Mitsumata sticks: Alt. aprox. 60cm.<\/strong><\/p>","protected":false},"excerpt":{"rendered":"<p>Exclusive ceramic and wood diffuser handmade in Moi\u00e0 expressly for Shizen'na, with mitsumata sticks, especially for decoration in hotel halls, large meeting rooms, luxurious lounges, receptions, large bathrooms ...<\/p>\n<p>&nbsp;<\/p>","protected":false},"featured_media":22637,"template":"","meta":[],"product_brand":[],"product_cat":[194,195,196],"product_tag":[],"class_list":{"0":"post-21619","1":"product","2":"type-product","3":"status-publish","4":"has-post-thumbnail","6":"product_cat-difusors","7":"product_cat-personal","8":"product_cat-professional","9":"product-grid-view","11":"first","12":"outofstock","13":"taxable","14":"shipping-taxable","15":"purchasable","16":"product-type-simple"},"yoast_head":"<!-- This site is optimized with the Yoast SEO plugin v25.8 - https:\/\/yoast.com\/wordpress\/plugins\/seo\/ -->\n<title>KABIN - Shizen&#039;na<\/title>\n<meta name=\"description\" content=\"Exclusiu difusor de cer\u00e0mica i fusta fet a m\u00e0 a Moi\u00e0 expressament per a Shizen\u2019na, amb bastons de Mitsumata, especial per decoraci\u00f3.\" \/>\n<meta name=\"robots\" content=\"index, follow, max-snippet:-1, max-image-preview:large, max-video-preview:-1\" \/>\n<link rel=\"canonical\" href=\"https:\/\/www.shizenna.com\/en\/producto\/kabin\/\" \/>\n<meta property=\"og:locale\" content=\"en_GB\" \/>\n<meta property=\"og:type\" content=\"article\" \/>\n<meta property=\"og:title\" content=\"KABIN - Shizen&#039;na\" \/>\n<meta property=\"og:description\" content=\"Exclusiu difusor de cer\u00e0mica i fusta fet a m\u00e0 a Moi\u00e0 expressament per a Shizen\u2019na, amb bastons de Mitsumata, especial per decoraci\u00f3.\" \/>\n<meta property=\"og:url\" content=\"https:\/\/www.shizenna.com\/en\/producto\/kabin\/\" \/>\n<meta property=\"og:site_name\" content=\"Shizen&#039;na\" \/>\n<meta property=\"article:modified_time\" content=\"2024-02-05T23:12:49+00:00\" \/>\n<meta property=\"og:image\" content=\"https:\/\/www.shizenna.com\/wp-content\/uploads\/2020\/09\/Shizzenna-Troncs-blancs-2.jpg\" \/>\n\t<meta property=\"og:image:width\" content=\"2000\" \/>\n\t<meta property=\"og:image:height\" content=\"2000\" \/>\n\t<meta property=\"og:image:type\" content=\"image\/jpeg\" \/>\n<meta name=\"twitter:card\" content=\"summary_large_image\" \/>\n<meta name=\"twitter:label1\" content=\"Estimated reading time\" \/>\n\t<meta name=\"twitter:data1\" content=\"1 minute\" \/>\n<script type=\"application\/ld+json\" class=\"yoast-schema-graph\">{\"@context\":\"https:\/\/schema.org\",\"@graph\":[{\"@type\":\"WebPage\",\"@id\":\"https:\/\/www.shizenna.com\/producto\/kabin\/\",\"url\":\"https:\/\/www.shizenna.com\/producto\/kabin\/\",\"name\":\"KABIN - Shizen&#039;na\",\"isPartOf\":{\"@id\":\"https:\/\/www.shizenna.com\/#website\"},\"primaryImageOfPage\":{\"@id\":\"https:\/\/www.shizenna.com\/producto\/kabin\/#primaryimage\"},\"image\":{\"@id\":\"https:\/\/www.shizenna.com\/producto\/kabin\/#primaryimage\"},\"thumbnailUrl\":\"https:\/\/www.shizenna.com\/wp-content\/uploads\/2020\/09\/Shizzenna-Troncs-blancs-2.jpg\",\"datePublished\":\"2020-09-22T17:03:35+00:00\",\"dateModified\":\"2024-02-05T23:12:49+00:00\",\"description\":\"Exclusiu difusor de cer\u00e0mica i fusta fet a m\u00e0 a Moi\u00e0 expressament per a Shizen\u2019na, amb bastons de Mitsumata, especial per decoraci\u00f3.\",\"breadcrumb\":{\"@id\":\"https:\/\/www.shizenna.com\/producto\/kabin\/#breadcrumb\"},\"inLanguage\":\"en-GB\",\"potentialAction\":[{\"@type\":\"ReadAction\",\"target\":[\"https:\/\/www.shizenna.com\/producto\/kabin\/\"]}]},{\"@type\":\"ImageObject\",\"inLanguage\":\"en-GB\",\"@id\":\"https:\/\/www.shizenna.com\/producto\/kabin\/#primaryimage\",\"url\":\"https:\/\/www.shizenna.com\/wp-content\/uploads\/2020\/09\/Shizzenna-Troncs-blancs-2.jpg\",\"contentUrl\":\"https:\/\/www.shizenna.com\/wp-content\/uploads\/2020\/09\/Shizzenna-Troncs-blancs-2.jpg\",\"width\":2000,\"height\":2000},{\"@type\":\"BreadcrumbList\",\"@id\":\"https:\/\/www.shizenna.com\/producto\/kabin\/#breadcrumb\",\"itemListElement\":[{\"@type\":\"ListItem\",\"position\":1,\"name\":\"Products\",\"item\":\"https:\/\/www.shizenna.com\/en\/shop\/\"},{\"@type\":\"ListItem\",\"position\":2,\"name\":\"KABIN\"}]},{\"@type\":\"WebSite\",\"@id\":\"https:\/\/www.shizenna.com\/#website\",\"url\":\"https:\/\/www.shizenna.com\/\",\"name\":\"Shizen&#039;na\",\"description\":\"Respira 100% natural\",\"potentialAction\":[{\"@type\":\"SearchAction\",\"target\":{\"@type\":\"EntryPoint\",\"urlTemplate\":\"https:\/\/www.shizenna.com\/?s={search_term_string}\"},\"query-input\":{\"@type\":\"PropertyValueSpecification\",\"valueRequired\":true,\"valueName\":\"search_term_string\"}}],\"inLanguage\":\"en-GB\"}]}<\/script>\n<!-- \/ Yoast SEO plugin. -->","yoast_head_json":{"title":"KABIN - Shizen&#039;na","description":"Exclusiu difusor de cer\u00e0mica i fusta fet a m\u00e0 a Moi\u00e0 expressament per a Shizen\u2019na, amb bastons de Mitsumata, especial per decoraci\u00f3.","robots":{"index":"index","follow":"follow","max-snippet":"max-snippet:-1","max-image-preview":"max-image-preview:large","max-video-preview":"max-video-preview:-1"},"canonical":"https:\/\/www.shizenna.com\/en\/producto\/kabin\/","og_locale":"en_GB","og_type":"article","og_title":"KABIN - Shizen&#039;na","og_description":"Exclusiu difusor de cer\u00e0mica i fusta fet a m\u00e0 a Moi\u00e0 expressament per a Shizen\u2019na, amb bastons de Mitsumata, especial per decoraci\u00f3.","og_url":"https:\/\/www.shizenna.com\/en\/producto\/kabin\/","og_site_name":"Shizen&#039;na","article_modified_time":"2024-02-05T23:12:49+00:00","og_image":[{"width":2000,"height":2000,"url":"https:\/\/www.shizenna.com\/wp-content\/uploads\/2020\/09\/Shizzenna-Troncs-blancs-2.jpg","type":"image\/jpeg"}],"twitter_card":"summary_large_image","twitter_misc":{"Estimated reading time":"1 minute"},"schema":{"@context":"https:\/\/schema.org","@graph":[{"@type":"WebPage","@id":"https:\/\/www.shizenna.com\/producto\/kabin\/","url":"https:\/\/www.shizenna.com\/producto\/kabin\/","name":"KABIN - Shizen&#039;na","isPartOf":{"@id":"https:\/\/www.shizenna.com\/#website"},"primaryImageOfPage":{"@id":"https:\/\/www.shizenna.com\/producto\/kabin\/#primaryimage"},"image":{"@id":"https:\/\/www.shizenna.com\/producto\/kabin\/#primaryimage"},"thumbnailUrl":"https:\/\/www.shizenna.com\/wp-content\/uploads\/2020\/09\/Shizzenna-Troncs-blancs-2.jpg","datePublished":"2020-09-22T17:03:35+00:00","dateModified":"2024-02-05T23:12:49+00:00","description":"Exclusiu difusor de cer\u00e0mica i fusta fet a m\u00e0 a Moi\u00e0 expressament per a Shizen\u2019na, amb bastons de Mitsumata, especial per decoraci\u00f3.","breadcrumb":{"@id":"https:\/\/www.shizenna.com\/producto\/kabin\/#breadcrumb"},"inLanguage":"en-GB","potentialAction":[{"@type":"ReadAction","target":["https:\/\/www.shizenna.com\/producto\/kabin\/"]}]},{"@type":"ImageObject","inLanguage":"en-GB","@id":"https:\/\/www.shizenna.com\/producto\/kabin\/#primaryimage","url":"https:\/\/www.shizenna.com\/wp-content\/uploads\/2020\/09\/Shizzenna-Troncs-blancs-2.jpg","contentUrl":"https:\/\/www.shizenna.com\/wp-content\/uploads\/2020\/09\/Shizzenna-Troncs-blancs-2.jpg","width":2000,"height":2000},{"@type":"BreadcrumbList","@id":"https:\/\/www.shizenna.com\/producto\/kabin\/#breadcrumb","itemListElement":[{"@type":"ListItem","position":1,"name":"Products","item":"https:\/\/www.shizenna.com\/en\/shop\/"},{"@type":"ListItem","position":2,"name":"KABIN"}]},{"@type":"WebSite","@id":"https:\/\/www.shizenna.com\/#website","url":"https:\/\/www.shizenna.com\/","name":"Shizen&#039;na","description":"Respira 100% natural","potentialAction":[{"@type":"SearchAction","target":{"@type":"EntryPoint","urlTemplate":"https:\/\/www.shizenna.com\/?s={search_term_string}"},"query-input":{"@type":"PropertyValueSpecification","valueRequired":true,"valueName":"search_term_string"}}],"inLanguage":"en-GB"}]}},"_links":{"self":[{"href":"https:\/\/www.shizenna.com\/en\/wp-json\/wp\/v2\/product\/21619","targetHints":{"allow":["GET"]}}],"collection":[{"href":"https:\/\/www.shizenna.com\/en\/wp-json\/wp\/v2\/product"}],"about":[{"href":"https:\/\/www.shizenna.com\/en\/wp-json\/wp\/v2\/types\/product"}],"wp:featuredmedia":[{"embeddable":true,"href":"https:\/\/www.shizenna.com\/en\/wp-json\/wp\/v2\/media\/22637"}],"wp:attachment":[{"href":"https:\/\/www.shizenna.com\/en\/wp-json\/wp\/v2\/media?parent=21619"}],"wp:term":[{"taxonomy":"product_brand","embeddable":true,"href":"https:\/\/www.shizenna.com\/en\/wp-json\/wp\/v2\/product_brand?post=21619"},{"taxonomy":"product_cat","embeddable":true,"href":"https:\/\/www.shizenna.com\/en\/wp-json\/wp\/v2\/product_cat?post=21619"},{"taxonomy":"product_tag","embeddable":true,"href":"https:\/\/www.shizenna.com\/en\/wp-json\/wp\/v2\/product_tag?post=21619"}],"curies":[{"name":"wp","href":"https:\/\/api.w.org\/{rel}","templated":true}]}}