{"id":22809,"date":"2020-11-05T19:17:16","date_gmt":"2020-11-05T18:17:16","guid":{"rendered":"https:\/\/www.shizenna.com\/?post_type=product&#038;p=22809"},"modified":"2024-10-02T13:11:09","modified_gmt":"2024-10-02T11:11:09","slug":"d-eucaliptol","status":"publish","type":"product","link":"https:\/\/www.shizenna.com\/en\/producto\/d-eucaliptol\/","title":{"rendered":"D-EUCALIPTOL"},"content":{"rendered":"<p>Vegetable alcoholic solution for disinfection of any type of appliance or utensil. It also contains eucalyptus essential oil as a powerful antiviral and antibacterial agent and a touch of the excellent extra virgin olive oil Clorofil\u00b7la from Terra la Vita, so as not to dry out your hands. Combines with our hands-free dispenser <a href=\"https:\/\/www.shizenna.com\/producto\/d-spenser\/\">D-Spenser<\/a> to disinfect everyday utensils such as a mask, mobile phone, keys ... without having contact with the device and is compatible with contact with the skin.<\/p>\n<p>The essences of Shizen'na give off all their effectiveness in the diffusers of the own brand, without heat, without water and adapted to its density. <strong>Cannot be used in heat diffusers<\/strong>.<\/p>\n<p>&nbsp;<\/p>","protected":false},"excerpt":{"rendered":"<p>Alcoholic disinfectant solution with eucalyptus oil and extra virgin olive oil, for the constant disinfection of everyday devices, such as the mask, mobile phone, keys ...<\/p>\n<p>Composition: Vegetable Alcohol, Eucalyptol, Extra Virgin Olive Oil<\/p>","protected":false},"featured_media":22816,"template":"","meta":[],"product_brand":[],"product_cat":[178],"product_tag":[],"class_list":{"0":"post-22809","1":"product","2":"type-product","3":"status-publish","4":"has-post-thumbnail","6":"product_cat-utility","7":"pa_difusor-seleccionat-d-spenser","8":"pa_mida-seleccionat-166","9":"pa_mida-seleccionat-500-ml","10":"product-grid-view","12":"first","13":"instock","14":"featured","15":"taxable","16":"shipping-taxable","17":"purchasable","18":"product-type-variable","19":"has-default-attributes"},"yoast_head":"<!-- This site is optimized with the Yoast SEO plugin v25.8 - https:\/\/yoast.com\/wordpress\/plugins\/seo\/ -->\n<title>D-EUCALIPTOL - Shizen&#039;na<\/title>\n<meta name=\"description\" content=\"Soluci\u00f3 alcoh\u00f2lica vegetal desinfectant amb oli d&#039;eucaliptus i oli d&#039;oliva extra verge, per a la desinfecci\u00f3 d&#039;aparells i estris d&#039;\u00fas quotidi\u00e0\" \/>\n<meta name=\"robots\" content=\"index, follow, max-snippet:-1, max-image-preview:large, max-video-preview:-1\" \/>\n<link rel=\"canonical\" href=\"https:\/\/www.shizenna.com\/en\/producto\/d-eucaliptol\/\" \/>\n<meta property=\"og:locale\" content=\"en_GB\" \/>\n<meta property=\"og:type\" content=\"article\" \/>\n<meta property=\"og:title\" content=\"D-EUCALIPTOL - Shizen&#039;na\" \/>\n<meta property=\"og:description\" content=\"Soluci\u00f3 alcoh\u00f2lica vegetal desinfectant amb oli d&#039;eucaliptus i oli d&#039;oliva extra verge, per a la desinfecci\u00f3 d&#039;aparells i estris d&#039;\u00fas quotidi\u00e0\" \/>\n<meta property=\"og:url\" content=\"https:\/\/www.shizenna.com\/en\/producto\/d-eucaliptol\/\" \/>\n<meta property=\"og:site_name\" content=\"Shizen&#039;na\" \/>\n<meta property=\"article:modified_time\" content=\"2024-10-02T11:11:09+00:00\" \/>\n<meta property=\"og:image\" content=\"https:\/\/www.shizenna.com\/wp-content\/uploads\/2020\/11\/006-d-eucaliptol.jpg\" \/>\n\t<meta property=\"og:image:width\" content=\"2000\" \/>\n\t<meta property=\"og:image:height\" content=\"2000\" \/>\n\t<meta property=\"og:image:type\" content=\"image\/jpeg\" \/>\n<meta name=\"twitter:card\" content=\"summary_large_image\" \/>\n<meta name=\"twitter:label1\" content=\"Estimated reading time\" \/>\n\t<meta name=\"twitter:data1\" content=\"1 minute\" \/>\n<script type=\"application\/ld+json\" class=\"yoast-schema-graph\">{\"@context\":\"https:\/\/schema.org\",\"@graph\":[{\"@type\":\"WebPage\",\"@id\":\"https:\/\/www.shizenna.com\/producto\/d-eucaliptol\/\",\"url\":\"https:\/\/www.shizenna.com\/producto\/d-eucaliptol\/\",\"name\":\"D-EUCALIPTOL - Shizen&#039;na\",\"isPartOf\":{\"@id\":\"https:\/\/www.shizenna.com\/#website\"},\"primaryImageOfPage\":{\"@id\":\"https:\/\/www.shizenna.com\/producto\/d-eucaliptol\/#primaryimage\"},\"image\":{\"@id\":\"https:\/\/www.shizenna.com\/producto\/d-eucaliptol\/#primaryimage\"},\"thumbnailUrl\":\"https:\/\/www.shizenna.com\/wp-content\/uploads\/2020\/11\/006-d-eucaliptol.jpg\",\"datePublished\":\"2020-11-05T18:17:16+00:00\",\"dateModified\":\"2024-10-02T11:11:09+00:00\",\"description\":\"Soluci\u00f3 alcoh\u00f2lica vegetal desinfectant amb oli d'eucaliptus i oli d'oliva extra verge, per a la desinfecci\u00f3 d'aparells i estris d'\u00fas quotidi\u00e0\",\"breadcrumb\":{\"@id\":\"https:\/\/www.shizenna.com\/producto\/d-eucaliptol\/#breadcrumb\"},\"inLanguage\":\"en-GB\",\"potentialAction\":[{\"@type\":\"ReadAction\",\"target\":[\"https:\/\/www.shizenna.com\/producto\/d-eucaliptol\/\"]}]},{\"@type\":\"ImageObject\",\"inLanguage\":\"en-GB\",\"@id\":\"https:\/\/www.shizenna.com\/producto\/d-eucaliptol\/#primaryimage\",\"url\":\"https:\/\/www.shizenna.com\/wp-content\/uploads\/2020\/11\/006-d-eucaliptol.jpg\",\"contentUrl\":\"https:\/\/www.shizenna.com\/wp-content\/uploads\/2020\/11\/006-d-eucaliptol.jpg\",\"width\":2000,\"height\":2000},{\"@type\":\"BreadcrumbList\",\"@id\":\"https:\/\/www.shizenna.com\/producto\/d-eucaliptol\/#breadcrumb\",\"itemListElement\":[{\"@type\":\"ListItem\",\"position\":1,\"name\":\"Products\",\"item\":\"https:\/\/www.shizenna.com\/en\/shop\/\"},{\"@type\":\"ListItem\",\"position\":2,\"name\":\"D-EUCALIPTOL\"}]},{\"@type\":\"WebSite\",\"@id\":\"https:\/\/www.shizenna.com\/#website\",\"url\":\"https:\/\/www.shizenna.com\/\",\"name\":\"Shizen&#039;na\",\"description\":\"Respira 100% natural\",\"potentialAction\":[{\"@type\":\"SearchAction\",\"target\":{\"@type\":\"EntryPoint\",\"urlTemplate\":\"https:\/\/www.shizenna.com\/?s={search_term_string}\"},\"query-input\":{\"@type\":\"PropertyValueSpecification\",\"valueRequired\":true,\"valueName\":\"search_term_string\"}}],\"inLanguage\":\"en-GB\"}]}<\/script>\n<!-- \/ Yoast SEO plugin. -->","yoast_head_json":{"title":"D-EUCALIPTOL - Shizen&#039;na","description":"Soluci\u00f3 alcoh\u00f2lica vegetal desinfectant amb oli d'eucaliptus i oli d'oliva extra verge, per a la desinfecci\u00f3 d'aparells i estris d'\u00fas quotidi\u00e0","robots":{"index":"index","follow":"follow","max-snippet":"max-snippet:-1","max-image-preview":"max-image-preview:large","max-video-preview":"max-video-preview:-1"},"canonical":"https:\/\/www.shizenna.com\/en\/producto\/d-eucaliptol\/","og_locale":"en_GB","og_type":"article","og_title":"D-EUCALIPTOL - Shizen&#039;na","og_description":"Soluci\u00f3 alcoh\u00f2lica vegetal desinfectant amb oli d'eucaliptus i oli d'oliva extra verge, per a la desinfecci\u00f3 d'aparells i estris d'\u00fas quotidi\u00e0","og_url":"https:\/\/www.shizenna.com\/en\/producto\/d-eucaliptol\/","og_site_name":"Shizen&#039;na","article_modified_time":"2024-10-02T11:11:09+00:00","og_image":[{"width":2000,"height":2000,"url":"https:\/\/www.shizenna.com\/wp-content\/uploads\/2020\/11\/006-d-eucaliptol.jpg","type":"image\/jpeg"}],"twitter_card":"summary_large_image","twitter_misc":{"Estimated reading time":"1 minute"},"schema":{"@context":"https:\/\/schema.org","@graph":[{"@type":"WebPage","@id":"https:\/\/www.shizenna.com\/producto\/d-eucaliptol\/","url":"https:\/\/www.shizenna.com\/producto\/d-eucaliptol\/","name":"D-EUCALIPTOL - Shizen&#039;na","isPartOf":{"@id":"https:\/\/www.shizenna.com\/#website"},"primaryImageOfPage":{"@id":"https:\/\/www.shizenna.com\/producto\/d-eucaliptol\/#primaryimage"},"image":{"@id":"https:\/\/www.shizenna.com\/producto\/d-eucaliptol\/#primaryimage"},"thumbnailUrl":"https:\/\/www.shizenna.com\/wp-content\/uploads\/2020\/11\/006-d-eucaliptol.jpg","datePublished":"2020-11-05T18:17:16+00:00","dateModified":"2024-10-02T11:11:09+00:00","description":"Soluci\u00f3 alcoh\u00f2lica vegetal desinfectant amb oli d'eucaliptus i oli d'oliva extra verge, per a la desinfecci\u00f3 d'aparells i estris d'\u00fas quotidi\u00e0","breadcrumb":{"@id":"https:\/\/www.shizenna.com\/producto\/d-eucaliptol\/#breadcrumb"},"inLanguage":"en-GB","potentialAction":[{"@type":"ReadAction","target":["https:\/\/www.shizenna.com\/producto\/d-eucaliptol\/"]}]},{"@type":"ImageObject","inLanguage":"en-GB","@id":"https:\/\/www.shizenna.com\/producto\/d-eucaliptol\/#primaryimage","url":"https:\/\/www.shizenna.com\/wp-content\/uploads\/2020\/11\/006-d-eucaliptol.jpg","contentUrl":"https:\/\/www.shizenna.com\/wp-content\/uploads\/2020\/11\/006-d-eucaliptol.jpg","width":2000,"height":2000},{"@type":"BreadcrumbList","@id":"https:\/\/www.shizenna.com\/producto\/d-eucaliptol\/#breadcrumb","itemListElement":[{"@type":"ListItem","position":1,"name":"Products","item":"https:\/\/www.shizenna.com\/en\/shop\/"},{"@type":"ListItem","position":2,"name":"D-EUCALIPTOL"}]},{"@type":"WebSite","@id":"https:\/\/www.shizenna.com\/#website","url":"https:\/\/www.shizenna.com\/","name":"Shizen&#039;na","description":"Respira 100% natural","potentialAction":[{"@type":"SearchAction","target":{"@type":"EntryPoint","urlTemplate":"https:\/\/www.shizenna.com\/?s={search_term_string}"},"query-input":{"@type":"PropertyValueSpecification","valueRequired":true,"valueName":"search_term_string"}}],"inLanguage":"en-GB"}]}},"_links":{"self":[{"href":"https:\/\/www.shizenna.com\/en\/wp-json\/wp\/v2\/product\/22809","targetHints":{"allow":["GET"]}}],"collection":[{"href":"https:\/\/www.shizenna.com\/en\/wp-json\/wp\/v2\/product"}],"about":[{"href":"https:\/\/www.shizenna.com\/en\/wp-json\/wp\/v2\/types\/product"}],"wp:featuredmedia":[{"embeddable":true,"href":"https:\/\/www.shizenna.com\/en\/wp-json\/wp\/v2\/media\/22816"}],"wp:attachment":[{"href":"https:\/\/www.shizenna.com\/en\/wp-json\/wp\/v2\/media?parent=22809"}],"wp:term":[{"taxonomy":"product_brand","embeddable":true,"href":"https:\/\/www.shizenna.com\/en\/wp-json\/wp\/v2\/product_brand?post=22809"},{"taxonomy":"product_cat","embeddable":true,"href":"https:\/\/www.shizenna.com\/en\/wp-json\/wp\/v2\/product_cat?post=22809"},{"taxonomy":"product_tag","embeddable":true,"href":"https:\/\/www.shizenna.com\/en\/wp-json\/wp\/v2\/product_tag?post=22809"}],"curies":[{"name":"wp","href":"https:\/\/api.w.org\/{rel}","templated":true}]}}