{"id":22845,"date":"2020-11-10T10:27:15","date_gmt":"2020-11-10T09:27:15","guid":{"rendered":"https:\/\/www.shizenna.com\/?post_type=product&#038;p=22845"},"modified":"2024-09-24T03:20:29","modified_gmt":"2024-09-24T01:20:29","slug":"spray","status":"publish","type":"product","link":"https:\/\/www.shizenna.com\/en\/producto\/spray\/","title":{"rendered":"SPRAY"},"content":{"rendered":"<p>Esprai per a aromatitzar de manera r\u00e0pida un espai, un coix\u00ed, una cortina, una pe\u00e7a de roba&#8230; i per a refor\u00e7ar la funci\u00f3 dels difusors existents. Es pot polvoritzar qualsevol de les ess\u00e8ncies de Shizen&#8217;na, en la seva versi\u00f3 espec\u00edfica i personalitzada per a aquest difusor.<\/p>","protected":false},"excerpt":{"rendered":"<p>Difusor d&#8217;esprai per a ambientar els espais escollits de manera r\u00e0pida o per a aromatitzar coixins, cortines, peces de roba&#8230; amb qualsevol de les nostres ess\u00e8ncies.<\/p>","protected":false},"featured_media":23050,"template":"","meta":[],"product_brand":[],"product_cat":[194,195],"product_tag":[],"class_list":{"0":"post-22845","1":"product","2":"type-product","3":"status-publish","4":"has-post-thumbnail","6":"product_cat-difusors","7":"product_cat-personal","8":"product-grid-view","10":"first","11":"instock","12":"taxable","13":"shipping-taxable","14":"product-type-simple"},"yoast_head":"<!-- This site is optimized with the Yoast SEO plugin v25.8 - https:\/\/yoast.com\/wordpress\/plugins\/seo\/ -->\n<title>SPRAY - Shizen&#039;na<\/title>\n<meta name=\"description\" content=\"Difusor d&#039;esprai per a ambientar els espais escollits de manera r\u00e0pida o per aromatitzar coixins, cortines, peces de roba...\" \/>\n<meta name=\"robots\" content=\"index, follow, max-snippet:-1, max-image-preview:large, max-video-preview:-1\" \/>\n<link rel=\"canonical\" href=\"https:\/\/www.shizenna.com\/en\/producto\/spray\/\" \/>\n<meta property=\"og:locale\" content=\"en_GB\" \/>\n<meta property=\"og:type\" content=\"article\" \/>\n<meta property=\"og:title\" content=\"SPRAY - Shizen&#039;na\" \/>\n<meta property=\"og:description\" content=\"Difusor d&#039;esprai per a ambientar els espais escollits de manera r\u00e0pida o per aromatitzar coixins, cortines, peces de roba...\" \/>\n<meta property=\"og:url\" content=\"https:\/\/www.shizenna.com\/en\/producto\/spray\/\" \/>\n<meta property=\"og:site_name\" content=\"Shizen&#039;na\" \/>\n<meta property=\"article:modified_time\" content=\"2024-09-24T01:20:29+00:00\" \/>\n<meta property=\"og:image\" content=\"https:\/\/www.shizenna.com\/wp-content\/uploads\/2020\/11\/AmpolletaSPRAY-Shizenna-Pure.jpg\" \/>\n\t<meta property=\"og:image:width\" content=\"1000\" \/>\n\t<meta property=\"og:image:height\" content=\"1000\" \/>\n\t<meta property=\"og:image:type\" content=\"image\/jpeg\" \/>\n<meta name=\"twitter:card\" content=\"summary_large_image\" \/>\n<script type=\"application\/ld+json\" class=\"yoast-schema-graph\">{\"@context\":\"https:\/\/schema.org\",\"@graph\":[{\"@type\":\"WebPage\",\"@id\":\"https:\/\/www.shizenna.com\/en\/producto\/spray\/\",\"url\":\"https:\/\/www.shizenna.com\/en\/producto\/spray\/\",\"name\":\"SPRAY - Shizen&#039;na\",\"isPartOf\":{\"@id\":\"https:\/\/www.shizenna.com\/#website\"},\"primaryImageOfPage\":{\"@id\":\"https:\/\/www.shizenna.com\/en\/producto\/spray\/#primaryimage\"},\"image\":{\"@id\":\"https:\/\/www.shizenna.com\/en\/producto\/spray\/#primaryimage\"},\"thumbnailUrl\":\"https:\/\/www.shizenna.com\/wp-content\/uploads\/2020\/11\/AmpolletaSPRAY-Shizenna-Pure.jpg\",\"datePublished\":\"2020-11-10T09:27:15+00:00\",\"dateModified\":\"2024-09-24T01:20:29+00:00\",\"description\":\"Difusor d'esprai per a ambientar els espais escollits de manera r\u00e0pida o per aromatitzar coixins, cortines, peces de roba...\",\"breadcrumb\":{\"@id\":\"https:\/\/www.shizenna.com\/en\/producto\/spray\/#breadcrumb\"},\"inLanguage\":\"en-GB\",\"potentialAction\":[{\"@type\":\"ReadAction\",\"target\":[\"https:\/\/www.shizenna.com\/en\/producto\/spray\/\"]}]},{\"@type\":\"ImageObject\",\"inLanguage\":\"en-GB\",\"@id\":\"https:\/\/www.shizenna.com\/en\/producto\/spray\/#primaryimage\",\"url\":\"https:\/\/www.shizenna.com\/wp-content\/uploads\/2020\/11\/AmpolletaSPRAY-Shizenna-Pure.jpg\",\"contentUrl\":\"https:\/\/www.shizenna.com\/wp-content\/uploads\/2020\/11\/AmpolletaSPRAY-Shizenna-Pure.jpg\",\"width\":1000,\"height\":1000},{\"@type\":\"BreadcrumbList\",\"@id\":\"https:\/\/www.shizenna.com\/en\/producto\/spray\/#breadcrumb\",\"itemListElement\":[{\"@type\":\"ListItem\",\"position\":1,\"name\":\"Products\",\"item\":\"https:\/\/www.shizenna.com\/en\/shop\/\"},{\"@type\":\"ListItem\",\"position\":2,\"name\":\"SPRAY\"}]},{\"@type\":\"WebSite\",\"@id\":\"https:\/\/www.shizenna.com\/#website\",\"url\":\"https:\/\/www.shizenna.com\/\",\"name\":\"Shizen&#039;na\",\"description\":\"Respira 100% natural\",\"potentialAction\":[{\"@type\":\"SearchAction\",\"target\":{\"@type\":\"EntryPoint\",\"urlTemplate\":\"https:\/\/www.shizenna.com\/?s={search_term_string}\"},\"query-input\":{\"@type\":\"PropertyValueSpecification\",\"valueRequired\":true,\"valueName\":\"search_term_string\"}}],\"inLanguage\":\"en-GB\"}]}<\/script>\n<!-- \/ Yoast SEO plugin. -->","yoast_head_json":{"title":"SPRAY - Shizen&#039;na","description":"Difusor d'esprai per a ambientar els espais escollits de manera r\u00e0pida o per aromatitzar coixins, cortines, peces de roba...","robots":{"index":"index","follow":"follow","max-snippet":"max-snippet:-1","max-image-preview":"max-image-preview:large","max-video-preview":"max-video-preview:-1"},"canonical":"https:\/\/www.shizenna.com\/en\/producto\/spray\/","og_locale":"en_GB","og_type":"article","og_title":"SPRAY - Shizen&#039;na","og_description":"Difusor d'esprai per a ambientar els espais escollits de manera r\u00e0pida o per aromatitzar coixins, cortines, peces de roba...","og_url":"https:\/\/www.shizenna.com\/en\/producto\/spray\/","og_site_name":"Shizen&#039;na","article_modified_time":"2024-09-24T01:20:29+00:00","og_image":[{"width":1000,"height":1000,"url":"https:\/\/www.shizenna.com\/wp-content\/uploads\/2020\/11\/AmpolletaSPRAY-Shizenna-Pure.jpg","type":"image\/jpeg"}],"twitter_card":"summary_large_image","schema":{"@context":"https:\/\/schema.org","@graph":[{"@type":"WebPage","@id":"https:\/\/www.shizenna.com\/en\/producto\/spray\/","url":"https:\/\/www.shizenna.com\/en\/producto\/spray\/","name":"SPRAY - Shizen&#039;na","isPartOf":{"@id":"https:\/\/www.shizenna.com\/#website"},"primaryImageOfPage":{"@id":"https:\/\/www.shizenna.com\/en\/producto\/spray\/#primaryimage"},"image":{"@id":"https:\/\/www.shizenna.com\/en\/producto\/spray\/#primaryimage"},"thumbnailUrl":"https:\/\/www.shizenna.com\/wp-content\/uploads\/2020\/11\/AmpolletaSPRAY-Shizenna-Pure.jpg","datePublished":"2020-11-10T09:27:15+00:00","dateModified":"2024-09-24T01:20:29+00:00","description":"Difusor d'esprai per a ambientar els espais escollits de manera r\u00e0pida o per aromatitzar coixins, cortines, peces de roba...","breadcrumb":{"@id":"https:\/\/www.shizenna.com\/en\/producto\/spray\/#breadcrumb"},"inLanguage":"en-GB","potentialAction":[{"@type":"ReadAction","target":["https:\/\/www.shizenna.com\/en\/producto\/spray\/"]}]},{"@type":"ImageObject","inLanguage":"en-GB","@id":"https:\/\/www.shizenna.com\/en\/producto\/spray\/#primaryimage","url":"https:\/\/www.shizenna.com\/wp-content\/uploads\/2020\/11\/AmpolletaSPRAY-Shizenna-Pure.jpg","contentUrl":"https:\/\/www.shizenna.com\/wp-content\/uploads\/2020\/11\/AmpolletaSPRAY-Shizenna-Pure.jpg","width":1000,"height":1000},{"@type":"BreadcrumbList","@id":"https:\/\/www.shizenna.com\/en\/producto\/spray\/#breadcrumb","itemListElement":[{"@type":"ListItem","position":1,"name":"Products","item":"https:\/\/www.shizenna.com\/en\/shop\/"},{"@type":"ListItem","position":2,"name":"SPRAY"}]},{"@type":"WebSite","@id":"https:\/\/www.shizenna.com\/#website","url":"https:\/\/www.shizenna.com\/","name":"Shizen&#039;na","description":"Respira 100% natural","potentialAction":[{"@type":"SearchAction","target":{"@type":"EntryPoint","urlTemplate":"https:\/\/www.shizenna.com\/?s={search_term_string}"},"query-input":{"@type":"PropertyValueSpecification","valueRequired":true,"valueName":"search_term_string"}}],"inLanguage":"en-GB"}]}},"_links":{"self":[{"href":"https:\/\/www.shizenna.com\/en\/wp-json\/wp\/v2\/product\/22845","targetHints":{"allow":["GET"]}}],"collection":[{"href":"https:\/\/www.shizenna.com\/en\/wp-json\/wp\/v2\/product"}],"about":[{"href":"https:\/\/www.shizenna.com\/en\/wp-json\/wp\/v2\/types\/product"}],"wp:featuredmedia":[{"embeddable":true,"href":"https:\/\/www.shizenna.com\/en\/wp-json\/wp\/v2\/media\/23050"}],"wp:attachment":[{"href":"https:\/\/www.shizenna.com\/en\/wp-json\/wp\/v2\/media?parent=22845"}],"wp:term":[{"taxonomy":"product_brand","embeddable":true,"href":"https:\/\/www.shizenna.com\/en\/wp-json\/wp\/v2\/product_brand?post=22845"},{"taxonomy":"product_cat","embeddable":true,"href":"https:\/\/www.shizenna.com\/en\/wp-json\/wp\/v2\/product_cat?post=22845"},{"taxonomy":"product_tag","embeddable":true,"href":"https:\/\/www.shizenna.com\/en\/wp-json\/wp\/v2\/product_tag?post=22845"}],"curies":[{"name":"wp","href":"https:\/\/api.w.org\/{rel}","templated":true}]}}