{"id":23004,"date":"2020-11-23T11:20:15","date_gmt":"2020-11-23T10:20:15","guid":{"rendered":"https:\/\/www.shizenna.com\/?post_type=product&#038;p=23004"},"modified":"2024-12-21T06:44:03","modified_gmt":"2024-12-21T05:44:03","slug":"shinnamon","status":"publish","type":"product","link":"https:\/\/www.shizenna.com\/en\/producto\/shinnamon\/","title":{"rendered":"SHINNAMON"},"content":{"rendered":"<p>The aroma of cinnamon sweetened by the vanilla combines with the orange and the cardamom to create an atmosphere that makes you feel accompanied in times of cold, with the warmth that this spicy and cozy smell provides.<\/p>\n<h4><strong><span style=\"color: #000000;\">Vainilla- Vanilla planifolia<\/span><\/strong><br \/>\n<strong><em><span style=\"color: #5b9bd5;\">Sweetness<\/span><\/em><\/strong><br \/>\n<strong><span style=\"color: #000000;\">Canyella- Santalum Album<\/span><\/strong><br \/>\n<strong><span style=\"color: #5b9bd5;\"><em>Aphrodisiac<\/em><\/span><\/strong><br \/>\n<strong><span style=\"color: #000000;\">Taronja- Citrus sinensis<\/span><\/strong><br \/>\n<strong><em><span style=\"color: #5b9bd5;\">Well-being<\/span><\/em><\/strong><\/h4>\n<h4><strong><span style=\"color: #000000;\">Cardamom &#8211; Elettaria cardamomum<\/span><\/strong><br \/>\n<strong><em><span style=\"color: #5b9bd5;\">Tonic<\/span><\/em><\/strong><\/h4>\n<h4><strong><span style=\"color: #000000;\">Aglaia &#8211; Aglaia Odorata<\/span><\/strong><br \/>\n<strong><em><span style=\"color: #5b9bd5;\">Well-being<\/span><\/em><\/strong><\/h4>\n<p>&nbsp;<\/p>\n<p>&nbsp;<\/p>\n<p>The essences of Shizen'na give off all their effectiveness in the diffusers of the own brand, without heat, without water and adapted to its density. <strong>Cannot be used in heat diffusers<\/strong>.<\/p>\n<h6>OFFICIAL PRODUCT ECHA UFI NUMBER: x910-G0NP-X00D-RDVP<\/h6>\n<p>&nbsp;<\/p>","protected":false},"excerpt":{"rendered":"<p>A persistent aroma of cinnamon from Sri Lanka invades us together with the sweetness of vanilla and a touch of citrus and invites us to a warm and relaxed space that recalls the atmosphere of <strong>Christmas<\/strong>.<\/p>\n<p>Aromatic composition: Vanilla, Cinnamon, Orange, Cardamom, Aglaia<\/p>\n<p>&nbsp;<\/p>","protected":false},"featured_media":22632,"template":"","meta":[],"product_brand":[],"product_cat":[230,181],"product_tag":[],"class_list":{"0":"post-23004","1":"product","2":"type-product","3":"status-publish","4":"has-post-thumbnail","6":"product_cat-especiades-balsamiques","7":"product_cat-season","8":"pa_difusor-seleccionat-bruma","9":"pa_difusor-seleccionat-cap","10":"pa_difusor-seleccionat-d-spenser","11":"pa_difusor-seleccionat-kabin","12":"pa_difusor-seleccionat-nebuchic","13":"pa_difusor-seleccionat-nebuscent","14":"pa_difusor-seleccionat-oki","15":"pa_difusor-seleccionat-spray","16":"pa_difusor-seleccionat-todana","17":"pa_mida-seleccionat-168","18":"pa_mida-seleccionat-spray-100-ml","19":"pa_mida-seleccionat-166","20":"pa_mida-seleccionat-500-ml","21":"pa_tipus-essencia","22":"pa_tipus-spray","23":"product-grid-view","25":"first","26":"instock","27":"taxable","28":"shipping-taxable","29":"purchasable","30":"product-type-variable","31":"has-default-attributes"},"yoast_head":"<!-- This site is optimized with the Yoast SEO plugin v25.8 - https:\/\/yoast.com\/wordpress\/plugins\/seo\/ -->\n<title>SHINNAMON - Shizen&#039;na<\/title>\n<meta name=\"description\" content=\"L&#039;aroma de canyella ens envaeix juntament amb la dol\u00e7or de la vainilla i un toc de c\u00edtric que convida a un espai c\u00e0lid i dist\u00e8s, amb un suau final floral\" \/>\n<meta name=\"robots\" content=\"index, follow, max-snippet:-1, max-image-preview:large, max-video-preview:-1\" \/>\n<link rel=\"canonical\" href=\"https:\/\/www.shizenna.com\/en\/producto\/shinnamon\/\" \/>\n<meta property=\"og:locale\" content=\"en_GB\" \/>\n<meta property=\"og:type\" content=\"article\" \/>\n<meta property=\"og:title\" content=\"SHINNAMON - Shizen&#039;na\" \/>\n<meta property=\"og:description\" content=\"L&#039;aroma de canyella ens envaeix juntament amb la dol\u00e7or de la vainilla i un toc de c\u00edtric que convida a un espai c\u00e0lid i dist\u00e8s, amb un suau final floral\" \/>\n<meta property=\"og:url\" content=\"https:\/\/www.shizenna.com\/en\/producto\/shinnamon\/\" \/>\n<meta property=\"og:site_name\" content=\"Shizen&#039;na\" \/>\n<meta property=\"article:modified_time\" content=\"2024-12-21T05:44:03+00:00\" \/>\n<meta property=\"og:image\" content=\"https:\/\/www.shizenna.com\/wp-content\/uploads\/2020\/10\/005-Season-Shinnamon.jpg\" \/>\n\t<meta property=\"og:image:width\" content=\"2000\" \/>\n\t<meta property=\"og:image:height\" content=\"2000\" \/>\n\t<meta property=\"og:image:type\" content=\"image\/jpeg\" \/>\n<meta name=\"twitter:card\" content=\"summary_large_image\" \/>\n<meta name=\"twitter:label1\" content=\"Estimated reading time\" \/>\n\t<meta name=\"twitter:data1\" content=\"1 minute\" \/>\n<script type=\"application\/ld+json\" class=\"yoast-schema-graph\">{\"@context\":\"https:\/\/schema.org\",\"@graph\":[{\"@type\":\"WebPage\",\"@id\":\"https:\/\/www.shizenna.com\/producto\/shinnamon\/\",\"url\":\"https:\/\/www.shizenna.com\/producto\/shinnamon\/\",\"name\":\"SHINNAMON - Shizen&#039;na\",\"isPartOf\":{\"@id\":\"https:\/\/www.shizenna.com\/#website\"},\"primaryImageOfPage\":{\"@id\":\"https:\/\/www.shizenna.com\/producto\/shinnamon\/#primaryimage\"},\"image\":{\"@id\":\"https:\/\/www.shizenna.com\/producto\/shinnamon\/#primaryimage\"},\"thumbnailUrl\":\"https:\/\/www.shizenna.com\/wp-content\/uploads\/2020\/10\/005-Season-Shinnamon.jpg\",\"datePublished\":\"2020-11-23T10:20:15+00:00\",\"dateModified\":\"2024-12-21T05:44:03+00:00\",\"description\":\"L'aroma de canyella ens envaeix juntament amb la dol\u00e7or de la vainilla i un toc de c\u00edtric que convida a un espai c\u00e0lid i dist\u00e8s, amb un suau final floral\",\"breadcrumb\":{\"@id\":\"https:\/\/www.shizenna.com\/producto\/shinnamon\/#breadcrumb\"},\"inLanguage\":\"en-GB\",\"potentialAction\":[{\"@type\":\"ReadAction\",\"target\":[\"https:\/\/www.shizenna.com\/producto\/shinnamon\/\"]}]},{\"@type\":\"ImageObject\",\"inLanguage\":\"en-GB\",\"@id\":\"https:\/\/www.shizenna.com\/producto\/shinnamon\/#primaryimage\",\"url\":\"https:\/\/www.shizenna.com\/wp-content\/uploads\/2020\/10\/005-Season-Shinnamon.jpg\",\"contentUrl\":\"https:\/\/www.shizenna.com\/wp-content\/uploads\/2020\/10\/005-Season-Shinnamon.jpg\",\"width\":2000,\"height\":2000},{\"@type\":\"BreadcrumbList\",\"@id\":\"https:\/\/www.shizenna.com\/producto\/shinnamon\/#breadcrumb\",\"itemListElement\":[{\"@type\":\"ListItem\",\"position\":1,\"name\":\"Products\",\"item\":\"https:\/\/www.shizenna.com\/en\/shop\/\"},{\"@type\":\"ListItem\",\"position\":2,\"name\":\"SHINNAMON\"}]},{\"@type\":\"WebSite\",\"@id\":\"https:\/\/www.shizenna.com\/#website\",\"url\":\"https:\/\/www.shizenna.com\/\",\"name\":\"Shizen&#039;na\",\"description\":\"Respira 100% natural\",\"potentialAction\":[{\"@type\":\"SearchAction\",\"target\":{\"@type\":\"EntryPoint\",\"urlTemplate\":\"https:\/\/www.shizenna.com\/?s={search_term_string}\"},\"query-input\":{\"@type\":\"PropertyValueSpecification\",\"valueRequired\":true,\"valueName\":\"search_term_string\"}}],\"inLanguage\":\"en-GB\"}]}<\/script>\n<!-- \/ Yoast SEO plugin. -->","yoast_head_json":{"title":"SHINNAMON - Shizen&#039;na","description":"L'aroma de canyella ens envaeix juntament amb la dol\u00e7or de la vainilla i un toc de c\u00edtric que convida a un espai c\u00e0lid i dist\u00e8s, amb un suau final floral","robots":{"index":"index","follow":"follow","max-snippet":"max-snippet:-1","max-image-preview":"max-image-preview:large","max-video-preview":"max-video-preview:-1"},"canonical":"https:\/\/www.shizenna.com\/en\/producto\/shinnamon\/","og_locale":"en_GB","og_type":"article","og_title":"SHINNAMON - Shizen&#039;na","og_description":"L'aroma de canyella ens envaeix juntament amb la dol\u00e7or de la vainilla i un toc de c\u00edtric que convida a un espai c\u00e0lid i dist\u00e8s, amb un suau final floral","og_url":"https:\/\/www.shizenna.com\/en\/producto\/shinnamon\/","og_site_name":"Shizen&#039;na","article_modified_time":"2024-12-21T05:44:03+00:00","og_image":[{"width":2000,"height":2000,"url":"https:\/\/www.shizenna.com\/wp-content\/uploads\/2020\/10\/005-Season-Shinnamon.jpg","type":"image\/jpeg"}],"twitter_card":"summary_large_image","twitter_misc":{"Estimated reading time":"1 minute"},"schema":{"@context":"https:\/\/schema.org","@graph":[{"@type":"WebPage","@id":"https:\/\/www.shizenna.com\/producto\/shinnamon\/","url":"https:\/\/www.shizenna.com\/producto\/shinnamon\/","name":"SHINNAMON - Shizen&#039;na","isPartOf":{"@id":"https:\/\/www.shizenna.com\/#website"},"primaryImageOfPage":{"@id":"https:\/\/www.shizenna.com\/producto\/shinnamon\/#primaryimage"},"image":{"@id":"https:\/\/www.shizenna.com\/producto\/shinnamon\/#primaryimage"},"thumbnailUrl":"https:\/\/www.shizenna.com\/wp-content\/uploads\/2020\/10\/005-Season-Shinnamon.jpg","datePublished":"2020-11-23T10:20:15+00:00","dateModified":"2024-12-21T05:44:03+00:00","description":"L'aroma de canyella ens envaeix juntament amb la dol\u00e7or de la vainilla i un toc de c\u00edtric que convida a un espai c\u00e0lid i dist\u00e8s, amb un suau final floral","breadcrumb":{"@id":"https:\/\/www.shizenna.com\/producto\/shinnamon\/#breadcrumb"},"inLanguage":"en-GB","potentialAction":[{"@type":"ReadAction","target":["https:\/\/www.shizenna.com\/producto\/shinnamon\/"]}]},{"@type":"ImageObject","inLanguage":"en-GB","@id":"https:\/\/www.shizenna.com\/producto\/shinnamon\/#primaryimage","url":"https:\/\/www.shizenna.com\/wp-content\/uploads\/2020\/10\/005-Season-Shinnamon.jpg","contentUrl":"https:\/\/www.shizenna.com\/wp-content\/uploads\/2020\/10\/005-Season-Shinnamon.jpg","width":2000,"height":2000},{"@type":"BreadcrumbList","@id":"https:\/\/www.shizenna.com\/producto\/shinnamon\/#breadcrumb","itemListElement":[{"@type":"ListItem","position":1,"name":"Products","item":"https:\/\/www.shizenna.com\/en\/shop\/"},{"@type":"ListItem","position":2,"name":"SHINNAMON"}]},{"@type":"WebSite","@id":"https:\/\/www.shizenna.com\/#website","url":"https:\/\/www.shizenna.com\/","name":"Shizen&#039;na","description":"Respira 100% natural","potentialAction":[{"@type":"SearchAction","target":{"@type":"EntryPoint","urlTemplate":"https:\/\/www.shizenna.com\/?s={search_term_string}"},"query-input":{"@type":"PropertyValueSpecification","valueRequired":true,"valueName":"search_term_string"}}],"inLanguage":"en-GB"}]}},"_links":{"self":[{"href":"https:\/\/www.shizenna.com\/en\/wp-json\/wp\/v2\/product\/23004","targetHints":{"allow":["GET"]}}],"collection":[{"href":"https:\/\/www.shizenna.com\/en\/wp-json\/wp\/v2\/product"}],"about":[{"href":"https:\/\/www.shizenna.com\/en\/wp-json\/wp\/v2\/types\/product"}],"wp:featuredmedia":[{"embeddable":true,"href":"https:\/\/www.shizenna.com\/en\/wp-json\/wp\/v2\/media\/22632"}],"wp:attachment":[{"href":"https:\/\/www.shizenna.com\/en\/wp-json\/wp\/v2\/media?parent=23004"}],"wp:term":[{"taxonomy":"product_brand","embeddable":true,"href":"https:\/\/www.shizenna.com\/en\/wp-json\/wp\/v2\/product_brand?post=23004"},{"taxonomy":"product_cat","embeddable":true,"href":"https:\/\/www.shizenna.com\/en\/wp-json\/wp\/v2\/product_cat?post=23004"},{"taxonomy":"product_tag","embeddable":true,"href":"https:\/\/www.shizenna.com\/en\/wp-json\/wp\/v2\/product_tag?post=23004"}],"curies":[{"name":"wp","href":"https:\/\/api.w.org\/{rel}","templated":true}]}}