{"id":23195,"date":"2021-05-04T10:38:11","date_gmt":"2021-05-04T08:38:11","guid":{"rendered":"https:\/\/www.shizenna.com\/?post_type=product&#038;p=23195"},"modified":"2025-12-29T19:34:01","modified_gmt":"2025-12-29T18:34:01","slug":"bouquet","status":"publish","type":"product","link":"https:\/\/www.shizenna.com\/en\/producto\/bouquet\/","title":{"rendered":"BOUQUET"},"content":{"rendered":"<p>El dinamisme i la serenor de la <strong>spring<\/strong> expressats des de la tendresa i l&#8217;emoci\u00f3 de la Gard\u00e8nia i la vivor de la fusta de S\u00e0ndal.<\/p>\n<h4><strong><span style=\"color: #000000;\">Gardenia- Gardenia Tahitiana<\/span><\/strong><br \/>\n<strong><em><span style=\"color: #5b9bd5;\">Balancing - Aphrodisiac<\/span><\/em><\/strong><br \/>\n<strong><span style=\"color: #000000;\">Benjoin- Styrax Tonkinensis<\/span><\/strong><br \/>\n<strong><span style=\"color: #5b9bd5;\"><em>Strength<\/em><\/span><\/strong><br \/>\n<strong><span style=\"color: #000000;\">Coconut- Cocos Nucifera<\/span><\/strong><br \/>\n<strong><em><span style=\"color: #5b9bd5;\">Antibacterial<\/span><\/em><\/strong><\/h4>\n<h4><strong><span style=\"color: #000000;\">S\u00e0ndal\u00a0 &#8211; Santalum Album<\/span><\/strong><br \/>\n<strong><em><span style=\"color: #5b9bd5;\">Reflexive<\/span><\/em><\/strong><\/h4>\n<p>&nbsp;<\/p>\n<p>The essences of Shizen'na give off all their effectiveness in the diffusers of the own brand, without heat, without water and adapted to its density. <strong>Cannot be used in heat diffusers<\/strong>.<\/p>\n<h6>OFFICIAL PRODUCT ECHA UFI NUMBER: 3G10-H01G-J00D-231T<\/h6>","protected":false},"excerpt":{"rendered":"<p>Enjoy <strong>spring<\/strong> all year round, at home or at work, letting the perfect aroma of the Gardenia transmit the serenity of the time when everything blooms, the light becomes constant and love more excites.<\/p>\n<p>Aromatic composition: Gardenia, Benzoin, Coconut, Sandalwood<\/p>\n<p>&nbsp;<\/p>","protected":false},"featured_media":23440,"template":"","meta":[],"product_brand":[],"product_cat":[235,181],"product_tag":[],"class_list":{"0":"post-23195","1":"product","2":"type-product","3":"status-publish","4":"has-post-thumbnail","6":"product_cat-florals","7":"product_cat-season","8":"pa_difusor-seleccionat-bruma","9":"pa_difusor-seleccionat-cap","10":"pa_difusor-seleccionat-kabin","11":"pa_difusor-seleccionat-nebuchic","12":"pa_difusor-seleccionat-nebuscent","13":"pa_difusor-seleccionat-oki","14":"pa_difusor-seleccionat-oto-car","15":"pa_difusor-seleccionat-spray","16":"pa_difusor-seleccionat-todana","17":"pa_mida-seleccionat-168","18":"pa_mida-seleccionat-spray-100-ml","19":"pa_mida-seleccionat-166","20":"pa_mida-seleccionat-500-ml","21":"pa_mida-seleccionat-spray-de-100ml","22":"pa_tipus-essencia","23":"pa_tipus-spray","24":"product-grid-view","26":"first","27":"instock","28":"taxable","29":"shipping-taxable","30":"purchasable","31":"product-type-variable","32":"has-default-attributes"},"yoast_head":"<!-- This site is optimized with the Yoast SEO plugin v25.8 - https:\/\/yoast.com\/wordpress\/plugins\/seo\/ -->\n<title>BOUQUET - Shizen&#039;na<\/title>\n<meta name=\"description\" content=\"Que sigui primavera tot l&#039;any amb la floral aroma de la Gard\u00e8nia, per gaudir de la serenor de l&#039;\u00e8poca en que tot floreix i l&#039;amor m\u00e9s emociona\" \/>\n<meta name=\"robots\" content=\"index, follow, max-snippet:-1, max-image-preview:large, max-video-preview:-1\" \/>\n<link rel=\"canonical\" href=\"https:\/\/www.shizenna.com\/en\/producto\/bouquet\/\" \/>\n<meta property=\"og:locale\" content=\"en_GB\" \/>\n<meta property=\"og:type\" content=\"article\" \/>\n<meta property=\"og:title\" content=\"BOUQUET - Shizen&#039;na\" \/>\n<meta property=\"og:description\" content=\"Que sigui primavera tot l&#039;any amb la floral aroma de la Gard\u00e8nia, per gaudir de la serenor de l&#039;\u00e8poca en que tot floreix i l&#039;amor m\u00e9s emociona\" \/>\n<meta property=\"og:url\" content=\"https:\/\/www.shizenna.com\/en\/producto\/bouquet\/\" \/>\n<meta property=\"og:site_name\" content=\"Shizen&#039;na\" \/>\n<meta property=\"article:modified_time\" content=\"2025-12-29T18:34:01+00:00\" \/>\n<meta property=\"og:image\" content=\"https:\/\/www.shizenna.com\/wp-content\/uploads\/2021\/05\/BOUQUET-MAILCHIMP-scaled.jpg\" \/>\n\t<meta property=\"og:image:width\" content=\"2560\" \/>\n\t<meta property=\"og:image:height\" content=\"2560\" \/>\n\t<meta property=\"og:image:type\" content=\"image\/jpeg\" \/>\n<meta name=\"twitter:card\" content=\"summary_large_image\" \/>\n<meta name=\"twitter:label1\" content=\"Estimated reading time\" \/>\n\t<meta name=\"twitter:data1\" content=\"1 minute\" \/>\n<script type=\"application\/ld+json\" class=\"yoast-schema-graph\">{\"@context\":\"https:\/\/schema.org\",\"@graph\":[{\"@type\":\"WebPage\",\"@id\":\"https:\/\/www.shizenna.com\/producto\/bouquet\/\",\"url\":\"https:\/\/www.shizenna.com\/producto\/bouquet\/\",\"name\":\"BOUQUET - Shizen&#039;na\",\"isPartOf\":{\"@id\":\"https:\/\/www.shizenna.com\/#website\"},\"primaryImageOfPage\":{\"@id\":\"https:\/\/www.shizenna.com\/producto\/bouquet\/#primaryimage\"},\"image\":{\"@id\":\"https:\/\/www.shizenna.com\/producto\/bouquet\/#primaryimage\"},\"thumbnailUrl\":\"https:\/\/www.shizenna.com\/wp-content\/uploads\/2021\/05\/BOUQUET-MAILCHIMP-scaled.jpg\",\"datePublished\":\"2021-05-04T08:38:11+00:00\",\"dateModified\":\"2025-12-29T18:34:01+00:00\",\"description\":\"Que sigui primavera tot l'any amb la floral aroma de la Gard\u00e8nia, per gaudir de la serenor de l'\u00e8poca en que tot floreix i l'amor m\u00e9s emociona\",\"breadcrumb\":{\"@id\":\"https:\/\/www.shizenna.com\/producto\/bouquet\/#breadcrumb\"},\"inLanguage\":\"en-GB\",\"potentialAction\":[{\"@type\":\"ReadAction\",\"target\":[\"https:\/\/www.shizenna.com\/producto\/bouquet\/\"]}]},{\"@type\":\"ImageObject\",\"inLanguage\":\"en-GB\",\"@id\":\"https:\/\/www.shizenna.com\/producto\/bouquet\/#primaryimage\",\"url\":\"https:\/\/www.shizenna.com\/wp-content\/uploads\/2021\/05\/BOUQUET-MAILCHIMP-scaled.jpg\",\"contentUrl\":\"https:\/\/www.shizenna.com\/wp-content\/uploads\/2021\/05\/BOUQUET-MAILCHIMP-scaled.jpg\",\"width\":2560,\"height\":2560},{\"@type\":\"BreadcrumbList\",\"@id\":\"https:\/\/www.shizenna.com\/producto\/bouquet\/#breadcrumb\",\"itemListElement\":[{\"@type\":\"ListItem\",\"position\":1,\"name\":\"Products\",\"item\":\"https:\/\/www.shizenna.com\/en\/shop\/\"},{\"@type\":\"ListItem\",\"position\":2,\"name\":\"BOUQUET\"}]},{\"@type\":\"WebSite\",\"@id\":\"https:\/\/www.shizenna.com\/#website\",\"url\":\"https:\/\/www.shizenna.com\/\",\"name\":\"Shizen&#039;na\",\"description\":\"Respira 100% natural\",\"potentialAction\":[{\"@type\":\"SearchAction\",\"target\":{\"@type\":\"EntryPoint\",\"urlTemplate\":\"https:\/\/www.shizenna.com\/?s={search_term_string}\"},\"query-input\":{\"@type\":\"PropertyValueSpecification\",\"valueRequired\":true,\"valueName\":\"search_term_string\"}}],\"inLanguage\":\"en-GB\"}]}<\/script>\n<!-- \/ Yoast SEO plugin. -->","yoast_head_json":{"title":"BOUQUET - Shizen&#039;na","description":"Que sigui primavera tot l'any amb la floral aroma de la Gard\u00e8nia, per gaudir de la serenor de l'\u00e8poca en que tot floreix i l'amor m\u00e9s emociona","robots":{"index":"index","follow":"follow","max-snippet":"max-snippet:-1","max-image-preview":"max-image-preview:large","max-video-preview":"max-video-preview:-1"},"canonical":"https:\/\/www.shizenna.com\/en\/producto\/bouquet\/","og_locale":"en_GB","og_type":"article","og_title":"BOUQUET - Shizen&#039;na","og_description":"Que sigui primavera tot l'any amb la floral aroma de la Gard\u00e8nia, per gaudir de la serenor de l'\u00e8poca en que tot floreix i l'amor m\u00e9s emociona","og_url":"https:\/\/www.shizenna.com\/en\/producto\/bouquet\/","og_site_name":"Shizen&#039;na","article_modified_time":"2025-12-29T18:34:01+00:00","og_image":[{"width":2560,"height":2560,"url":"https:\/\/www.shizenna.com\/wp-content\/uploads\/2021\/05\/BOUQUET-MAILCHIMP-scaled.jpg","type":"image\/jpeg"}],"twitter_card":"summary_large_image","twitter_misc":{"Estimated reading time":"1 minute"},"schema":{"@context":"https:\/\/schema.org","@graph":[{"@type":"WebPage","@id":"https:\/\/www.shizenna.com\/producto\/bouquet\/","url":"https:\/\/www.shizenna.com\/producto\/bouquet\/","name":"BOUQUET - Shizen&#039;na","isPartOf":{"@id":"https:\/\/www.shizenna.com\/#website"},"primaryImageOfPage":{"@id":"https:\/\/www.shizenna.com\/producto\/bouquet\/#primaryimage"},"image":{"@id":"https:\/\/www.shizenna.com\/producto\/bouquet\/#primaryimage"},"thumbnailUrl":"https:\/\/www.shizenna.com\/wp-content\/uploads\/2021\/05\/BOUQUET-MAILCHIMP-scaled.jpg","datePublished":"2021-05-04T08:38:11+00:00","dateModified":"2025-12-29T18:34:01+00:00","description":"Que sigui primavera tot l'any amb la floral aroma de la Gard\u00e8nia, per gaudir de la serenor de l'\u00e8poca en que tot floreix i l'amor m\u00e9s emociona","breadcrumb":{"@id":"https:\/\/www.shizenna.com\/producto\/bouquet\/#breadcrumb"},"inLanguage":"en-GB","potentialAction":[{"@type":"ReadAction","target":["https:\/\/www.shizenna.com\/producto\/bouquet\/"]}]},{"@type":"ImageObject","inLanguage":"en-GB","@id":"https:\/\/www.shizenna.com\/producto\/bouquet\/#primaryimage","url":"https:\/\/www.shizenna.com\/wp-content\/uploads\/2021\/05\/BOUQUET-MAILCHIMP-scaled.jpg","contentUrl":"https:\/\/www.shizenna.com\/wp-content\/uploads\/2021\/05\/BOUQUET-MAILCHIMP-scaled.jpg","width":2560,"height":2560},{"@type":"BreadcrumbList","@id":"https:\/\/www.shizenna.com\/producto\/bouquet\/#breadcrumb","itemListElement":[{"@type":"ListItem","position":1,"name":"Products","item":"https:\/\/www.shizenna.com\/en\/shop\/"},{"@type":"ListItem","position":2,"name":"BOUQUET"}]},{"@type":"WebSite","@id":"https:\/\/www.shizenna.com\/#website","url":"https:\/\/www.shizenna.com\/","name":"Shizen&#039;na","description":"Respira 100% natural","potentialAction":[{"@type":"SearchAction","target":{"@type":"EntryPoint","urlTemplate":"https:\/\/www.shizenna.com\/?s={search_term_string}"},"query-input":{"@type":"PropertyValueSpecification","valueRequired":true,"valueName":"search_term_string"}}],"inLanguage":"en-GB"}]}},"_links":{"self":[{"href":"https:\/\/www.shizenna.com\/en\/wp-json\/wp\/v2\/product\/23195","targetHints":{"allow":["GET"]}}],"collection":[{"href":"https:\/\/www.shizenna.com\/en\/wp-json\/wp\/v2\/product"}],"about":[{"href":"https:\/\/www.shizenna.com\/en\/wp-json\/wp\/v2\/types\/product"}],"wp:featuredmedia":[{"embeddable":true,"href":"https:\/\/www.shizenna.com\/en\/wp-json\/wp\/v2\/media\/23440"}],"wp:attachment":[{"href":"https:\/\/www.shizenna.com\/en\/wp-json\/wp\/v2\/media?parent=23195"}],"wp:term":[{"taxonomy":"product_brand","embeddable":true,"href":"https:\/\/www.shizenna.com\/en\/wp-json\/wp\/v2\/product_brand?post=23195"},{"taxonomy":"product_cat","embeddable":true,"href":"https:\/\/www.shizenna.com\/en\/wp-json\/wp\/v2\/product_cat?post=23195"},{"taxonomy":"product_tag","embeddable":true,"href":"https:\/\/www.shizenna.com\/en\/wp-json\/wp\/v2\/product_tag?post=23195"}],"curies":[{"name":"wp","href":"https:\/\/api.w.org\/{rel}","templated":true}]}}