{"id":23531,"date":"2022-02-17T12:39:46","date_gmt":"2022-02-17T11:39:46","guid":{"rendered":"https:\/\/www.shizenna.com\/?post_type=product&#038;p=23531"},"modified":"2024-11-23T05:15:12","modified_gmt":"2024-11-23T04:15:12","slug":"malum","status":"publish","type":"product","link":"https:\/\/www.shizenna.com\/en\/producto\/malum\/","title":{"rendered":"MALUM"},"content":{"rendered":"<p><strong>L&#8217;aroma<\/strong><strong> pr\u00f2pia de l&#8217;Empord\u00e0<\/strong>, amb extractes de poma i de fulla de figuera tant caracter\u00edstiques dels seus camps i que les combinem amb un toc de <strong>ginebra<\/strong>\u00a0<strong>Nut <\/strong>que li confereix una sofisticaci\u00f3 molt especial, donant frescor i alegria a l&#8217;ambient.<\/p>\n<p>AVAILABLE EXCLUSIVELY IN 100ml SPRAY<\/p>\n<p>The essences of Shizen'na give off all their effectiveness in the diffusers of the own brand, without heat, without water and adapted to its density. <strong>Cannot be used in heat diffusers<\/strong>.<\/p>\n<h6>OFFICIAL PRODUCT ECHA UFI NUMBER: 7J10-00QV-U00V-REMV<\/h6>","protected":false},"excerpt":{"rendered":"<p>L&#8217;entorn de <strong>Girona<\/strong>. Les aromes m\u00e9s caracter\u00edstiques de <strong>l&#8217;Empord\u00e0<\/strong>\u00a0combinades per a donar la sensaci\u00f3 despreocupada de l&#8217;<strong>the summer<\/strong> i poder sentir una alenada fresca que arriba dels camps de fruita, els arbres aut\u00f2ctons i el nostre toc diferencial.<\/p>\n<p>Aromatic composition: Apple, Fig tree, Lovage, Gin Nut<\/p>\n<p>&nbsp;<\/p>","protected":false},"featured_media":23548,"template":"","meta":[],"product_brand":[],"product_cat":[234,181],"product_tag":[],"class_list":{"0":"post-23531","1":"product","2":"type-product","3":"status-publish","4":"has-post-thumbnail","6":"product_cat-afruitades","7":"product_cat-season","8":"pa_difusor-seleccionat-cap","9":"pa_difusor-seleccionat-spray","10":"pa_mida-seleccionat-spray-100-ml","11":"pa_tipus-spray","12":"product-grid-view","14":"first","15":"instock","16":"taxable","17":"shipping-taxable","18":"purchasable","19":"product-type-simple"},"yoast_head":"<!-- This site is optimized with the Yoast SEO plugin v25.8 - https:\/\/yoast.com\/wordpress\/plugins\/seo\/ -->\n<title>MALUM - Shizen&#039;na<\/title>\n<meta name=\"description\" content=\"La frescor dels camps de fruita de l&#039;Empord\u00e0 en una sinergia d&#039;extractes naturals de poma i figuera aut\u00f2ctona. Natura d&#039;estiu per tot l&#039;any.\" \/>\n<meta name=\"robots\" content=\"index, follow, max-snippet:-1, max-image-preview:large, max-video-preview:-1\" \/>\n<link rel=\"canonical\" href=\"https:\/\/www.shizenna.com\/en\/producto\/malum\/\" \/>\n<meta property=\"og:locale\" content=\"en_GB\" \/>\n<meta property=\"og:type\" content=\"article\" \/>\n<meta property=\"og:title\" content=\"MALUM - Shizen&#039;na\" \/>\n<meta property=\"og:description\" content=\"La frescor dels camps de fruita de l&#039;Empord\u00e0 en una sinergia d&#039;extractes naturals de poma i figuera aut\u00f2ctona. Natura d&#039;estiu per tot l&#039;any.\" \/>\n<meta property=\"og:url\" content=\"https:\/\/www.shizenna.com\/en\/producto\/malum\/\" \/>\n<meta property=\"og:site_name\" content=\"Shizen&#039;na\" \/>\n<meta property=\"article:modified_time\" content=\"2024-11-23T04:15:12+00:00\" \/>\n<meta property=\"og:image\" content=\"https:\/\/www.shizenna.com\/wp-content\/uploads\/2022\/02\/MALUM.jpg\" \/>\n\t<meta property=\"og:image:width\" content=\"1000\" \/>\n\t<meta property=\"og:image:height\" content=\"1000\" \/>\n\t<meta property=\"og:image:type\" content=\"image\/jpeg\" \/>\n<meta name=\"twitter:card\" content=\"summary_large_image\" \/>\n<meta name=\"twitter:label1\" content=\"Estimated reading time\" \/>\n\t<meta name=\"twitter:data1\" content=\"1 minute\" \/>\n<script type=\"application\/ld+json\" class=\"yoast-schema-graph\">{\"@context\":\"https:\/\/schema.org\",\"@graph\":[{\"@type\":\"WebPage\",\"@id\":\"https:\/\/www.shizenna.com\/producto\/malum\/\",\"url\":\"https:\/\/www.shizenna.com\/producto\/malum\/\",\"name\":\"MALUM - Shizen&#039;na\",\"isPartOf\":{\"@id\":\"https:\/\/www.shizenna.com\/#website\"},\"primaryImageOfPage\":{\"@id\":\"https:\/\/www.shizenna.com\/producto\/malum\/#primaryimage\"},\"image\":{\"@id\":\"https:\/\/www.shizenna.com\/producto\/malum\/#primaryimage\"},\"thumbnailUrl\":\"https:\/\/www.shizenna.com\/wp-content\/uploads\/2022\/02\/MALUM.jpg\",\"datePublished\":\"2022-02-17T11:39:46+00:00\",\"dateModified\":\"2024-11-23T04:15:12+00:00\",\"description\":\"La frescor dels camps de fruita de l'Empord\u00e0 en una sinergia d'extractes naturals de poma i figuera aut\u00f2ctona. Natura d'estiu per tot l'any.\",\"breadcrumb\":{\"@id\":\"https:\/\/www.shizenna.com\/producto\/malum\/#breadcrumb\"},\"inLanguage\":\"en-GB\",\"potentialAction\":[{\"@type\":\"ReadAction\",\"target\":[\"https:\/\/www.shizenna.com\/producto\/malum\/\"]}]},{\"@type\":\"ImageObject\",\"inLanguage\":\"en-GB\",\"@id\":\"https:\/\/www.shizenna.com\/producto\/malum\/#primaryimage\",\"url\":\"https:\/\/www.shizenna.com\/wp-content\/uploads\/2022\/02\/MALUM.jpg\",\"contentUrl\":\"https:\/\/www.shizenna.com\/wp-content\/uploads\/2022\/02\/MALUM.jpg\",\"width\":1000,\"height\":1000},{\"@type\":\"BreadcrumbList\",\"@id\":\"https:\/\/www.shizenna.com\/producto\/malum\/#breadcrumb\",\"itemListElement\":[{\"@type\":\"ListItem\",\"position\":1,\"name\":\"Products\",\"item\":\"https:\/\/www.shizenna.com\/en\/shop\/\"},{\"@type\":\"ListItem\",\"position\":2,\"name\":\"MALUM\"}]},{\"@type\":\"WebSite\",\"@id\":\"https:\/\/www.shizenna.com\/#website\",\"url\":\"https:\/\/www.shizenna.com\/\",\"name\":\"Shizen&#039;na\",\"description\":\"Respira 100% natural\",\"potentialAction\":[{\"@type\":\"SearchAction\",\"target\":{\"@type\":\"EntryPoint\",\"urlTemplate\":\"https:\/\/www.shizenna.com\/?s={search_term_string}\"},\"query-input\":{\"@type\":\"PropertyValueSpecification\",\"valueRequired\":true,\"valueName\":\"search_term_string\"}}],\"inLanguage\":\"en-GB\"}]}<\/script>\n<!-- \/ Yoast SEO plugin. -->","yoast_head_json":{"title":"MALUM - Shizen&#039;na","description":"La frescor dels camps de fruita de l'Empord\u00e0 en una sinergia d'extractes naturals de poma i figuera aut\u00f2ctona. Natura d'estiu per tot l'any.","robots":{"index":"index","follow":"follow","max-snippet":"max-snippet:-1","max-image-preview":"max-image-preview:large","max-video-preview":"max-video-preview:-1"},"canonical":"https:\/\/www.shizenna.com\/en\/producto\/malum\/","og_locale":"en_GB","og_type":"article","og_title":"MALUM - Shizen&#039;na","og_description":"La frescor dels camps de fruita de l'Empord\u00e0 en una sinergia d'extractes naturals de poma i figuera aut\u00f2ctona. Natura d'estiu per tot l'any.","og_url":"https:\/\/www.shizenna.com\/en\/producto\/malum\/","og_site_name":"Shizen&#039;na","article_modified_time":"2024-11-23T04:15:12+00:00","og_image":[{"width":1000,"height":1000,"url":"https:\/\/www.shizenna.com\/wp-content\/uploads\/2022\/02\/MALUM.jpg","type":"image\/jpeg"}],"twitter_card":"summary_large_image","twitter_misc":{"Estimated reading time":"1 minute"},"schema":{"@context":"https:\/\/schema.org","@graph":[{"@type":"WebPage","@id":"https:\/\/www.shizenna.com\/producto\/malum\/","url":"https:\/\/www.shizenna.com\/producto\/malum\/","name":"MALUM - Shizen&#039;na","isPartOf":{"@id":"https:\/\/www.shizenna.com\/#website"},"primaryImageOfPage":{"@id":"https:\/\/www.shizenna.com\/producto\/malum\/#primaryimage"},"image":{"@id":"https:\/\/www.shizenna.com\/producto\/malum\/#primaryimage"},"thumbnailUrl":"https:\/\/www.shizenna.com\/wp-content\/uploads\/2022\/02\/MALUM.jpg","datePublished":"2022-02-17T11:39:46+00:00","dateModified":"2024-11-23T04:15:12+00:00","description":"La frescor dels camps de fruita de l'Empord\u00e0 en una sinergia d'extractes naturals de poma i figuera aut\u00f2ctona. Natura d'estiu per tot l'any.","breadcrumb":{"@id":"https:\/\/www.shizenna.com\/producto\/malum\/#breadcrumb"},"inLanguage":"en-GB","potentialAction":[{"@type":"ReadAction","target":["https:\/\/www.shizenna.com\/producto\/malum\/"]}]},{"@type":"ImageObject","inLanguage":"en-GB","@id":"https:\/\/www.shizenna.com\/producto\/malum\/#primaryimage","url":"https:\/\/www.shizenna.com\/wp-content\/uploads\/2022\/02\/MALUM.jpg","contentUrl":"https:\/\/www.shizenna.com\/wp-content\/uploads\/2022\/02\/MALUM.jpg","width":1000,"height":1000},{"@type":"BreadcrumbList","@id":"https:\/\/www.shizenna.com\/producto\/malum\/#breadcrumb","itemListElement":[{"@type":"ListItem","position":1,"name":"Products","item":"https:\/\/www.shizenna.com\/en\/shop\/"},{"@type":"ListItem","position":2,"name":"MALUM"}]},{"@type":"WebSite","@id":"https:\/\/www.shizenna.com\/#website","url":"https:\/\/www.shizenna.com\/","name":"Shizen&#039;na","description":"Respira 100% natural","potentialAction":[{"@type":"SearchAction","target":{"@type":"EntryPoint","urlTemplate":"https:\/\/www.shizenna.com\/?s={search_term_string}"},"query-input":{"@type":"PropertyValueSpecification","valueRequired":true,"valueName":"search_term_string"}}],"inLanguage":"en-GB"}]}},"_links":{"self":[{"href":"https:\/\/www.shizenna.com\/en\/wp-json\/wp\/v2\/product\/23531","targetHints":{"allow":["GET"]}}],"collection":[{"href":"https:\/\/www.shizenna.com\/en\/wp-json\/wp\/v2\/product"}],"about":[{"href":"https:\/\/www.shizenna.com\/en\/wp-json\/wp\/v2\/types\/product"}],"wp:featuredmedia":[{"embeddable":true,"href":"https:\/\/www.shizenna.com\/en\/wp-json\/wp\/v2\/media\/23548"}],"wp:attachment":[{"href":"https:\/\/www.shizenna.com\/en\/wp-json\/wp\/v2\/media?parent=23531"}],"wp:term":[{"taxonomy":"product_brand","embeddable":true,"href":"https:\/\/www.shizenna.com\/en\/wp-json\/wp\/v2\/product_brand?post=23531"},{"taxonomy":"product_cat","embeddable":true,"href":"https:\/\/www.shizenna.com\/en\/wp-json\/wp\/v2\/product_cat?post=23531"},{"taxonomy":"product_tag","embeddable":true,"href":"https:\/\/www.shizenna.com\/en\/wp-json\/wp\/v2\/product_tag?post=23531"}],"curies":[{"name":"wp","href":"https:\/\/api.w.org\/{rel}","templated":true}]}}