{"id":23608,"date":"2022-05-23T19:20:04","date_gmt":"2022-05-23T17:20:04","guid":{"rendered":"https:\/\/www.shizenna.com\/?post_type=product&#038;p=23608"},"modified":"2025-01-14T09:42:26","modified_gmt":"2025-01-14T08:42:26","slug":"persia","status":"publish","type":"product","link":"https:\/\/www.shizenna.com\/en\/producto\/persia\/","title":{"rendered":"PERSIA"},"content":{"rendered":"<p>Sinergia homentage a Tapputi-Belaketallim (Babil\u00f2nia, voltants del 1200 abans de Crist), primera perfumista coneguda de la hist\u00f2ria. Elaborada per la nostra perfumista, Montse Nart, sobre el 2021 despr\u00e9s de Crist, <strong>uneix 19 olis essencials<\/strong> diferents segons les ess\u00e8ncies trobades en la m\u00edtica Ruta de la Seda.<\/p>\n<p>Deixa&#8217;t transportar a un excitant viatge per Orient sentint l&#8217;eleg\u00e0ncia que transmet la seva perfecta aroma.<\/p>\n<h4><strong>Hinoki &#8211; Chamaecyparis Obtusa<\/strong><br \/>\n<em><span style=\"color: #5b9bd5;\"><strong>Purificant<\/strong><\/span><\/em><br \/>\n<strong>Orange &#8211; Citrus sinensis<\/strong><br \/>\n<em><span style=\"color: #5b9bd5;\"><strong>Well-being<\/strong><\/span><\/em><br \/>\n<strong>Sandalwood \u2013 Santalum Album<\/strong><br \/>\n<em><span style=\"color: #5b9bd5;\"><strong>Reflexive<\/strong><\/span><\/em><br \/>\n<strong>Gessam\u00ed &#8211; Jasminum Sambac<\/strong><br \/>\n<em><span style=\"color: #5b9bd5;\"><strong>Calm<\/strong><\/span><\/em><\/h4>\n<h4><strong>Rosa de Damasc &#8211; Rosa x Damascena<\/strong><br \/>\n<em><span style=\"color: #5b9bd5;\"><strong>Stimulating<\/strong><\/span><\/em><\/h4>\n<p>The essences of Shizen'na give off all their effectiveness in the diffusers of the own brand, without heat, without water and adapted to its density. <strong>Cannot be used in heat diffusers<\/strong>.<\/p>\n<h6>OFFICIAL PRODUCT ECHA UFI NUMBER: (Pending)<\/h6>","protected":false},"excerpt":{"rendered":"<p>Sentir la for\u00e7a de les aromes orientals combinades de manera precisa per sentir les olors diverses i intenses de la Ruta de la Seda.<\/p>\n<p>Aromatic composition: Hinoki, Sandalwood, Jasmine, Damask Rose, Vanilla, Tonka Bean, Hiba, Black Pepper, Orange.<\/p>","protected":false},"featured_media":23624,"template":"","meta":[],"product_brand":[],"product_cat":[232,233,231,176],"product_tag":[],"class_list":{"0":"post-23608","1":"product","2":"type-product","3":"status-publish","4":"has-post-thumbnail","6":"product_cat-afustades","7":"product_cat-aromariques","8":"product_cat-citriques","9":"product_cat-architecture","10":"pa_difusor-seleccionat-bruma","11":"pa_difusor-seleccionat-cap","12":"pa_difusor-seleccionat-kabin","13":"pa_difusor-seleccionat-nebuchic","14":"pa_difusor-seleccionat-nebuscent","15":"pa_difusor-seleccionat-oki","16":"pa_difusor-seleccionat-spray","17":"pa_difusor-seleccionat-todana","18":"pa_mida-seleccionat-168","19":"pa_mida-seleccionat-spray-100-ml","20":"pa_mida-seleccionat-166","21":"pa_mida-seleccionat-500-ml","22":"pa_tipus-essencia","23":"pa_tipus-spray","24":"product-grid-view","26":"first","27":"instock","28":"taxable","29":"shipping-taxable","30":"purchasable","31":"product-type-variable","32":"has-default-attributes"},"yoast_head":"<!-- This site is optimized with the Yoast SEO plugin v25.8 - https:\/\/yoast.com\/wordpress\/plugins\/seo\/ -->\n<title>PERSIA - Shizen&#039;na<\/title>\n<meta name=\"description\" content=\"Sentir la for\u00e7a de les aromes orientals combinades de manera precisa per a sentir les olors diverses i intenses de la Ruta de la Seda.\" \/>\n<meta name=\"robots\" content=\"index, follow, max-snippet:-1, max-image-preview:large, max-video-preview:-1\" \/>\n<link rel=\"canonical\" href=\"https:\/\/www.shizenna.com\/en\/producto\/persia\/\" \/>\n<meta property=\"og:locale\" content=\"en_GB\" \/>\n<meta property=\"og:type\" content=\"article\" \/>\n<meta property=\"og:title\" content=\"PERSIA - Shizen&#039;na\" \/>\n<meta property=\"og:description\" content=\"Sentir la for\u00e7a de les aromes orientals combinades de manera precisa per a sentir les olors diverses i intenses de la Ruta de la Seda.\" \/>\n<meta property=\"og:url\" content=\"https:\/\/www.shizenna.com\/en\/producto\/persia\/\" \/>\n<meta property=\"og:site_name\" content=\"Shizen&#039;na\" \/>\n<meta property=\"article:modified_time\" content=\"2025-01-14T08:42:26+00:00\" \/>\n<meta property=\"og:image\" content=\"https:\/\/www.shizenna.com\/wp-content\/uploads\/2022\/05\/PERSIA-WEB.jpg\" \/>\n\t<meta property=\"og:image:width\" content=\"500\" \/>\n\t<meta property=\"og:image:height\" content=\"500\" \/>\n\t<meta property=\"og:image:type\" content=\"image\/jpeg\" \/>\n<meta name=\"twitter:card\" content=\"summary_large_image\" \/>\n<meta name=\"twitter:label1\" content=\"Estimated reading time\" \/>\n\t<meta name=\"twitter:data1\" content=\"1 minute\" \/>\n<script type=\"application\/ld+json\" class=\"yoast-schema-graph\">{\"@context\":\"https:\/\/schema.org\",\"@graph\":[{\"@type\":\"WebPage\",\"@id\":\"https:\/\/www.shizenna.com\/producto\/persia\/\",\"url\":\"https:\/\/www.shizenna.com\/producto\/persia\/\",\"name\":\"PERSIA - Shizen&#039;na\",\"isPartOf\":{\"@id\":\"https:\/\/www.shizenna.com\/#website\"},\"primaryImageOfPage\":{\"@id\":\"https:\/\/www.shizenna.com\/producto\/persia\/#primaryimage\"},\"image\":{\"@id\":\"https:\/\/www.shizenna.com\/producto\/persia\/#primaryimage\"},\"thumbnailUrl\":\"https:\/\/www.shizenna.com\/wp-content\/uploads\/2022\/05\/PERSIA-WEB.jpg\",\"datePublished\":\"2022-05-23T17:20:04+00:00\",\"dateModified\":\"2025-01-14T08:42:26+00:00\",\"description\":\"Sentir la for\u00e7a de les aromes orientals combinades de manera precisa per a sentir les olors diverses i intenses de la Ruta de la Seda.\",\"breadcrumb\":{\"@id\":\"https:\/\/www.shizenna.com\/producto\/persia\/#breadcrumb\"},\"inLanguage\":\"en-GB\",\"potentialAction\":[{\"@type\":\"ReadAction\",\"target\":[\"https:\/\/www.shizenna.com\/producto\/persia\/\"]}]},{\"@type\":\"ImageObject\",\"inLanguage\":\"en-GB\",\"@id\":\"https:\/\/www.shizenna.com\/producto\/persia\/#primaryimage\",\"url\":\"https:\/\/www.shizenna.com\/wp-content\/uploads\/2022\/05\/PERSIA-WEB.jpg\",\"contentUrl\":\"https:\/\/www.shizenna.com\/wp-content\/uploads\/2022\/05\/PERSIA-WEB.jpg\",\"width\":500,\"height\":500},{\"@type\":\"BreadcrumbList\",\"@id\":\"https:\/\/www.shizenna.com\/producto\/persia\/#breadcrumb\",\"itemListElement\":[{\"@type\":\"ListItem\",\"position\":1,\"name\":\"Products\",\"item\":\"https:\/\/www.shizenna.com\/en\/shop\/\"},{\"@type\":\"ListItem\",\"position\":2,\"name\":\"PERSIA\"}]},{\"@type\":\"WebSite\",\"@id\":\"https:\/\/www.shizenna.com\/#website\",\"url\":\"https:\/\/www.shizenna.com\/\",\"name\":\"Shizen&#039;na\",\"description\":\"Respira 100% natural\",\"potentialAction\":[{\"@type\":\"SearchAction\",\"target\":{\"@type\":\"EntryPoint\",\"urlTemplate\":\"https:\/\/www.shizenna.com\/?s={search_term_string}\"},\"query-input\":{\"@type\":\"PropertyValueSpecification\",\"valueRequired\":true,\"valueName\":\"search_term_string\"}}],\"inLanguage\":\"en-GB\"}]}<\/script>\n<!-- \/ Yoast SEO plugin. -->","yoast_head_json":{"title":"PERSIA - Shizen&#039;na","description":"Sentir la for\u00e7a de les aromes orientals combinades de manera precisa per a sentir les olors diverses i intenses de la Ruta de la Seda.","robots":{"index":"index","follow":"follow","max-snippet":"max-snippet:-1","max-image-preview":"max-image-preview:large","max-video-preview":"max-video-preview:-1"},"canonical":"https:\/\/www.shizenna.com\/en\/producto\/persia\/","og_locale":"en_GB","og_type":"article","og_title":"PERSIA - Shizen&#039;na","og_description":"Sentir la for\u00e7a de les aromes orientals combinades de manera precisa per a sentir les olors diverses i intenses de la Ruta de la Seda.","og_url":"https:\/\/www.shizenna.com\/en\/producto\/persia\/","og_site_name":"Shizen&#039;na","article_modified_time":"2025-01-14T08:42:26+00:00","og_image":[{"width":500,"height":500,"url":"https:\/\/www.shizenna.com\/wp-content\/uploads\/2022\/05\/PERSIA-WEB.jpg","type":"image\/jpeg"}],"twitter_card":"summary_large_image","twitter_misc":{"Estimated reading time":"1 minute"},"schema":{"@context":"https:\/\/schema.org","@graph":[{"@type":"WebPage","@id":"https:\/\/www.shizenna.com\/producto\/persia\/","url":"https:\/\/www.shizenna.com\/producto\/persia\/","name":"PERSIA - Shizen&#039;na","isPartOf":{"@id":"https:\/\/www.shizenna.com\/#website"},"primaryImageOfPage":{"@id":"https:\/\/www.shizenna.com\/producto\/persia\/#primaryimage"},"image":{"@id":"https:\/\/www.shizenna.com\/producto\/persia\/#primaryimage"},"thumbnailUrl":"https:\/\/www.shizenna.com\/wp-content\/uploads\/2022\/05\/PERSIA-WEB.jpg","datePublished":"2022-05-23T17:20:04+00:00","dateModified":"2025-01-14T08:42:26+00:00","description":"Sentir la for\u00e7a de les aromes orientals combinades de manera precisa per a sentir les olors diverses i intenses de la Ruta de la Seda.","breadcrumb":{"@id":"https:\/\/www.shizenna.com\/producto\/persia\/#breadcrumb"},"inLanguage":"en-GB","potentialAction":[{"@type":"ReadAction","target":["https:\/\/www.shizenna.com\/producto\/persia\/"]}]},{"@type":"ImageObject","inLanguage":"en-GB","@id":"https:\/\/www.shizenna.com\/producto\/persia\/#primaryimage","url":"https:\/\/www.shizenna.com\/wp-content\/uploads\/2022\/05\/PERSIA-WEB.jpg","contentUrl":"https:\/\/www.shizenna.com\/wp-content\/uploads\/2022\/05\/PERSIA-WEB.jpg","width":500,"height":500},{"@type":"BreadcrumbList","@id":"https:\/\/www.shizenna.com\/producto\/persia\/#breadcrumb","itemListElement":[{"@type":"ListItem","position":1,"name":"Products","item":"https:\/\/www.shizenna.com\/en\/shop\/"},{"@type":"ListItem","position":2,"name":"PERSIA"}]},{"@type":"WebSite","@id":"https:\/\/www.shizenna.com\/#website","url":"https:\/\/www.shizenna.com\/","name":"Shizen&#039;na","description":"Respira 100% natural","potentialAction":[{"@type":"SearchAction","target":{"@type":"EntryPoint","urlTemplate":"https:\/\/www.shizenna.com\/?s={search_term_string}"},"query-input":{"@type":"PropertyValueSpecification","valueRequired":true,"valueName":"search_term_string"}}],"inLanguage":"en-GB"}]}},"_links":{"self":[{"href":"https:\/\/www.shizenna.com\/en\/wp-json\/wp\/v2\/product\/23608","targetHints":{"allow":["GET"]}}],"collection":[{"href":"https:\/\/www.shizenna.com\/en\/wp-json\/wp\/v2\/product"}],"about":[{"href":"https:\/\/www.shizenna.com\/en\/wp-json\/wp\/v2\/types\/product"}],"wp:featuredmedia":[{"embeddable":true,"href":"https:\/\/www.shizenna.com\/en\/wp-json\/wp\/v2\/media\/23624"}],"wp:attachment":[{"href":"https:\/\/www.shizenna.com\/en\/wp-json\/wp\/v2\/media?parent=23608"}],"wp:term":[{"taxonomy":"product_brand","embeddable":true,"href":"https:\/\/www.shizenna.com\/en\/wp-json\/wp\/v2\/product_brand?post=23608"},{"taxonomy":"product_cat","embeddable":true,"href":"https:\/\/www.shizenna.com\/en\/wp-json\/wp\/v2\/product_cat?post=23608"},{"taxonomy":"product_tag","embeddable":true,"href":"https:\/\/www.shizenna.com\/en\/wp-json\/wp\/v2\/product_tag?post=23608"}],"curies":[{"name":"wp","href":"https:\/\/api.w.org\/{rel}","templated":true}]}}