{"id":19799,"date":"2020-08-19T05:57:00","date_gmt":"2020-08-19T03:57:00","guid":{"rendered":"https:\/\/www.shizenna.com\/?page_id=19799"},"modified":"2024-11-05T16:33:17","modified_gmt":"2024-11-05T15:33:17","slug":"sobre-shizenna","status":"publish","type":"page","link":"https:\/\/www.shizenna.com\/es\/sobre-shizenna\/","title":{"rendered":"SOBRE SHIZEN&#8217;NA"},"content":{"rendered":"<div id=\"1220291974\" class=\"u_1220291974 dmRespRow\">\n<div id=\"1479883981\" class=\"dmRespColsWrapper\">\n<div id=\"1464623594\" class=\"u_1464623594 dmRespCol small-12 medium-12 large-12\">\n<h2 id=\"1782564098\" class=\"dmNewParagraph\" data-dmtmpl=\"true\" data-element-type=\"paragraph\" data-uialign=\"left\"><span class=\"m-specific lh-1 m-font-size-20 font-size-20\">SHIZEN&#8217;NA (<\/span>\u81ea\u7136\u306a) en japon\u00e9s significa NATURAL.<\/h2>\n<h2 class=\"dmNewParagraph\" data-dmtmpl=\"true\" data-element-type=\"paragraph\" data-uialign=\"left\"><a href=\"https:\/\/www.shizenna.com\/wp-content\/uploads\/2020\/11\/ROMANI-EN-FLOR.jpg\"><img loading=\"lazy\" decoding=\"async\" class=\"alignnone wp-image-22944\" src=\"https:\/\/www.shizenna.com\/wp-content\/uploads\/2020\/11\/ROMANI-EN-FLOR.jpg\" alt=\"\" width=\"229\" height=\"229\" srcset=\"https:\/\/www.shizenna.com\/wp-content\/uploads\/2020\/11\/ROMANI-EN-FLOR-66x66.jpg 66w, https:\/\/www.shizenna.com\/wp-content\/uploads\/2020\/11\/ROMANI-EN-FLOR-100x100.jpg 100w, https:\/\/www.shizenna.com\/wp-content\/uploads\/2020\/11\/ROMANI-EN-FLOR-150x150.jpg 150w, https:\/\/www.shizenna.com\/wp-content\/uploads\/2020\/11\/ROMANI-EN-FLOR-200x200.jpg 200w, https:\/\/www.shizenna.com\/wp-content\/uploads\/2020\/11\/ROMANI-EN-FLOR-300x300.jpg 300w, https:\/\/www.shizenna.com\/wp-content\/uploads\/2020\/11\/ROMANI-EN-FLOR-400x400.jpg 400w, https:\/\/www.shizenna.com\/wp-content\/uploads\/2020\/11\/ROMANI-EN-FLOR-500x500.jpg 500w, https:\/\/www.shizenna.com\/wp-content\/uploads\/2020\/11\/ROMANI-EN-FLOR-600x600.jpg 600w, https:\/\/www.shizenna.com\/wp-content\/uploads\/2020\/11\/ROMANI-EN-FLOR-700x700.jpg 700w, https:\/\/www.shizenna.com\/wp-content\/uploads\/2020\/11\/ROMANI-EN-FLOR-768x767.jpg 768w, https:\/\/www.shizenna.com\/wp-content\/uploads\/2020\/11\/ROMANI-EN-FLOR-800x799.jpg 800w, https:\/\/www.shizenna.com\/wp-content\/uploads\/2020\/11\/ROMANI-EN-FLOR-1024x1024.jpg 1024w, https:\/\/www.shizenna.com\/wp-content\/uploads\/2020\/11\/ROMANI-EN-FLOR-1200x1199.jpg 1200w, https:\/\/www.shizenna.com\/wp-content\/uploads\/2020\/11\/ROMANI-EN-FLOR.jpg 1414w\" sizes=\"auto, (max-width: 229px) 100vw, 229px\" \/><\/a> \u00a0\u00a0 \u00a0<a href=\"https:\/\/www.shizenna.com\/wp-content\/uploads\/2020\/09\/MANDARINA-PETIT.jpg\"><img loading=\"lazy\" decoding=\"async\" class=\"alignnone wp-image-22856\" src=\"https:\/\/www.shizenna.com\/wp-content\/uploads\/2020\/09\/MANDARINA-PETIT.jpg\" alt=\"\" width=\"229\" height=\"229\" srcset=\"https:\/\/www.shizenna.com\/wp-content\/uploads\/2020\/09\/MANDARINA-PETIT-66x66.jpg 66w, https:\/\/www.shizenna.com\/wp-content\/uploads\/2020\/09\/MANDARINA-PETIT-100x100.jpg 100w, https:\/\/www.shizenna.com\/wp-content\/uploads\/2020\/09\/MANDARINA-PETIT-150x150.jpg 150w, https:\/\/www.shizenna.com\/wp-content\/uploads\/2020\/09\/MANDARINA-PETIT-200x200.jpg 200w, https:\/\/www.shizenna.com\/wp-content\/uploads\/2020\/09\/MANDARINA-PETIT-300x300.jpg 300w, https:\/\/www.shizenna.com\/wp-content\/uploads\/2020\/09\/MANDARINA-PETIT-400x400.jpg 400w, https:\/\/www.shizenna.com\/wp-content\/uploads\/2020\/09\/MANDARINA-PETIT-500x500.jpg 500w, https:\/\/www.shizenna.com\/wp-content\/uploads\/2020\/09\/MANDARINA-PETIT.jpg 552w\" sizes=\"auto, (max-width: 229px) 100vw, 229px\" \/> \u00a0\u00a0\u00a0 <\/a><a href=\"https:\/\/www.shizenna.com\/wp-content\/uploads\/2020\/08\/zhenzhong-liu-URZZp_YdXIQ-unsplash-2.jpg\"><img loading=\"lazy\" decoding=\"async\" class=\"alignnone wp-image-22910\" src=\"https:\/\/www.shizenna.com\/wp-content\/uploads\/2020\/08\/zhenzhong-liu-URZZp_YdXIQ-unsplash-2.jpg\" alt=\"\" width=\"229\" height=\"229\" srcset=\"https:\/\/www.shizenna.com\/wp-content\/uploads\/2020\/08\/zhenzhong-liu-URZZp_YdXIQ-unsplash-2-66x66.jpg 66w, https:\/\/www.shizenna.com\/wp-content\/uploads\/2020\/08\/zhenzhong-liu-URZZp_YdXIQ-unsplash-2-100x100.jpg 100w, https:\/\/www.shizenna.com\/wp-content\/uploads\/2020\/08\/zhenzhong-liu-URZZp_YdXIQ-unsplash-2-150x150.jpg 150w, https:\/\/www.shizenna.com\/wp-content\/uploads\/2020\/08\/zhenzhong-liu-URZZp_YdXIQ-unsplash-2-200x200.jpg 200w, https:\/\/www.shizenna.com\/wp-content\/uploads\/2020\/08\/zhenzhong-liu-URZZp_YdXIQ-unsplash-2-300x300.jpg 300w, https:\/\/www.shizenna.com\/wp-content\/uploads\/2020\/08\/zhenzhong-liu-URZZp_YdXIQ-unsplash-2-400x400.jpg 400w, https:\/\/www.shizenna.com\/wp-content\/uploads\/2020\/08\/zhenzhong-liu-URZZp_YdXIQ-unsplash-2-500x500.jpg 500w, https:\/\/www.shizenna.com\/wp-content\/uploads\/2020\/08\/zhenzhong-liu-URZZp_YdXIQ-unsplash-2-600x600.jpg 600w, https:\/\/www.shizenna.com\/wp-content\/uploads\/2020\/08\/zhenzhong-liu-URZZp_YdXIQ-unsplash-2-700x700.jpg 700w, https:\/\/www.shizenna.com\/wp-content\/uploads\/2020\/08\/zhenzhong-liu-URZZp_YdXIQ-unsplash-2-768x768.jpg 768w, https:\/\/www.shizenna.com\/wp-content\/uploads\/2020\/08\/zhenzhong-liu-URZZp_YdXIQ-unsplash-2-800x801.jpg 800w, https:\/\/www.shizenna.com\/wp-content\/uploads\/2020\/08\/zhenzhong-liu-URZZp_YdXIQ-unsplash-2-1024x1024.jpg 1024w, https:\/\/www.shizenna.com\/wp-content\/uploads\/2020\/08\/zhenzhong-liu-URZZp_YdXIQ-unsplash-2-1200x1201.jpg 1200w, https:\/\/www.shizenna.com\/wp-content\/uploads\/2020\/08\/zhenzhong-liu-URZZp_YdXIQ-unsplash-2-1536x1536.jpg 1536w, https:\/\/www.shizenna.com\/wp-content\/uploads\/2020\/08\/zhenzhong-liu-URZZp_YdXIQ-unsplash-2.jpg 1553w\" sizes=\"auto, (max-width: 229px) 100vw, 229px\" \/>\u00a0 \u00a0 \u00a0<\/a><a href=\"https:\/\/www.shizenna.com\/wp-content\/uploads\/2020\/08\/utsman-media-QbbLST6EhZ4-unsplash-scaled.jpg\"><img loading=\"lazy\" decoding=\"async\" class=\"alignnone wp-image-22880\" src=\"https:\/\/www.shizenna.com\/wp-content\/uploads\/2020\/08\/utsman-media-QbbLST6EhZ4-unsplash-scaled.jpg\" alt=\"\" width=\"229\" height=\"229\" srcset=\"https:\/\/www.shizenna.com\/wp-content\/uploads\/2020\/08\/utsman-media-QbbLST6EhZ4-unsplash-66x66.jpg 66w, https:\/\/www.shizenna.com\/wp-content\/uploads\/2020\/08\/utsman-media-QbbLST6EhZ4-unsplash-100x100.jpg 100w, https:\/\/www.shizenna.com\/wp-content\/uploads\/2020\/08\/utsman-media-QbbLST6EhZ4-unsplash-150x150.jpg 150w, https:\/\/www.shizenna.com\/wp-content\/uploads\/2020\/08\/utsman-media-QbbLST6EhZ4-unsplash-200x200.jpg 200w, https:\/\/www.shizenna.com\/wp-content\/uploads\/2020\/08\/utsman-media-QbbLST6EhZ4-unsplash-300x300.jpg 300w, https:\/\/www.shizenna.com\/wp-content\/uploads\/2020\/08\/utsman-media-QbbLST6EhZ4-unsplash-400x400.jpg 400w, https:\/\/www.shizenna.com\/wp-content\/uploads\/2020\/08\/utsman-media-QbbLST6EhZ4-unsplash-500x500.jpg 500w, https:\/\/www.shizenna.com\/wp-content\/uploads\/2020\/08\/utsman-media-QbbLST6EhZ4-unsplash-600x600.jpg 600w, https:\/\/www.shizenna.com\/wp-content\/uploads\/2020\/08\/utsman-media-QbbLST6EhZ4-unsplash-700x700.jpg 700w, https:\/\/www.shizenna.com\/wp-content\/uploads\/2020\/08\/utsman-media-QbbLST6EhZ4-unsplash-768x768.jpg 768w, https:\/\/www.shizenna.com\/wp-content\/uploads\/2020\/08\/utsman-media-QbbLST6EhZ4-unsplash-800x800.jpg 800w, https:\/\/www.shizenna.com\/wp-content\/uploads\/2020\/08\/utsman-media-QbbLST6EhZ4-unsplash-1024x1024.jpg 1024w, https:\/\/www.shizenna.com\/wp-content\/uploads\/2020\/08\/utsman-media-QbbLST6EhZ4-unsplash-1200x1200.jpg 1200w, https:\/\/www.shizenna.com\/wp-content\/uploads\/2020\/08\/utsman-media-QbbLST6EhZ4-unsplash-1536x1536.jpg 1536w, https:\/\/www.shizenna.com\/wp-content\/uploads\/2020\/08\/utsman-media-QbbLST6EhZ4-unsplash-scaled.jpg 2560w\" sizes=\"auto, (max-width: 229px) 100vw, 229px\" \/><\/a><\/h2>\n<h2>El dise\u00f1o decorativo solamente es funcional a la vista; si el olor no acoma\u00f1a, la est\u00e9tica visual deja de tener sentido.<\/h2>\n<div><\/div>\n<div>SHIZENNA SL es una empresa basada en la creencia de que un mundo mejor es posible y nuestra herramienta para contribuir es mediante nuestros conocimientos de la naturaleza, aplicando las propiedades y los beneficios que nos dan las plantas, la fruta c\u00edtrica y las flores , a trav\u00e9s de la pureza de su interior, de sus propios aceites esenciales que, en difusi\u00f3n, limpian y suavizan el aire que respiramos en los espacios cerrados, de manera totalmente natural.<\/div>\n<\/div>\n<\/div>\n<\/div>\n<p>Nuestra forma de ver la vida es a trav\u00e9s de la naturaleza, aprovechando la riqueza que nos entrega tal como es sin a\u00f1adir componentes sint\u00e9ticos que, si bien la pueden hacer m\u00e1s econ\u00f3mica, tambi\u00e9n la hacen perjudicial. Conservar los elementos que nos entrega la naturaleza en su propio estado, nos acerca a la esencia de la vida y nos hace m\u00e1s coherentes con los principios de la misma creaci\u00f3n.<\/p>\n<p>Respeto por el medio y aportaci\u00f3n de beneficio al entorno mediante los aromas naturales, para dar y recibir bienestar a trav\u00e9s de par\u00e1metros de sostenibilidad, de concienciaci\u00f3n social y, por supuesto, de amor. El amor es fundamental para que las personas se entiendan, se ayuden y hagan que la vida sea m\u00e1s sencilla y agradable. Cuanto m\u00e1s amor, m\u00e1s felicidad. Cuanto m\u00e1s felicidad, m\u00e1s bienestar.<\/p>\n<p>Nuestra responsable de dise\u00f1o de aromas, <strong>Montse Nart<\/strong>, aromat\u00f3loga y perfumista, re\u00fane de toda tierra productiva las esencias inmaculadas de sus plantas, flores y fruta, para configurar aromas impecables, extra\u00eddas de la conjunci\u00f3n entre naturaleza y el amor que tiene por ella.<\/p>\n<p>Licenciada en marketing internacional y experta en estampaci\u00f3n textil, recoge la fuerza que le ha dado un mundo lleno de colores, fibras naturales y conocimientos de diversas culturas del mundo, para crear colecciones de aromas puras inspiradas en aspectos de la vida que responden a una relaci\u00f3n entre el entorno, los colores que desprende y la funci\u00f3n concreta que un aroma debe tener.<\/p>\n<p>Los aceites esenciales tienen varias propiedades que dependen de sus caracter\u00edsticas de procedencia y Montse las aprovecha para crear las sinergias (<em>blends<\/em> o mezclas) que aportan todos sus beneficios, su punto de atracci\u00f3n especial que hace que el ambiente sea, b\u00e1sicamente, cautivador en todos los sentidos; como ella dice, incluso al tacto, porque para palpar, no es imprescindible tocar si lo puedes sentir.<\/p>\n<p>Y en la parte empresarial, <strong>Jordi Castellet<\/strong>, jefe ejecutivo, aporta m\u00e1s de cuarenta a\u00f1os de experiencia profesional en diversos sectores, pero b\u00e1sicamente en el textil, donde llev\u00f3 la direcci\u00f3n empresarial y creativa de una empresa de complementos. Con conocimientos de marketing, de mercado global y de comercio, fue vicepresidente del Gremio de la Confecci\u00f3n de Barcelona y presidente de la sectorial textil de PIMEC. En Shizenna tambi\u00e9n se ocupa de hacer sentir y entender la fuerza y propiedades de los aceites esenciales con medios intangibles que no permiten su inhalaci\u00f3n, como internet o la imagen gr\u00e1fica.<\/p>\n<p>Para llegar a donde estamos e ir mucho m\u00e1s all\u00e1, en Shizen'na contamos con colaboradores, prescriptores y delegaciones de venta en el territorio:<\/p>\n<p><strong>Zonas<\/strong>:<\/p>\n<p><a href=\"http:\/\/www.comdecasa.cat\/\"><span style=\"text-decoration: underline;\">Com de Casa<\/span><\/a>\u00a0(Servicios de limpieza y mantenimiento - Ventas \u00e1rea Vall\u00e9s)\u00a0<a href=\"mailto:gemma@comdecasa.cat\"><span style=\"text-decoration: underline;\">gemma@comdecasa.cat<\/span><\/a>)<\/p>\n<p><span style=\"text-decoration: underline;\"><a href=\"http:\/\/www.esthertorras.com\">Esther Torras<\/a><\/span>\u00a0(Orden\u00f3loga - Ventas \u00e1rea Barcelon\u00e9s) <span style=\"text-decoration: underline;\"><a href=\"mailto:esther.organizatucasa@gmail.com\">esther.organizatucasa@gmail.com<\/a><\/span>)<\/p>\n<p class=\" translation-block\">GIRONA: Ventas desde la tienda f\u00edsica en la calle Argenteria 1, en el Barri Vell<\/p>\n<p><strong>Colaboraciones especiales<\/strong>:<\/p>\n<p>Laia Requena: (Imagen, Dise\u00f1o y Packaging)<\/p>\n<p><a href=\"http:\/\/vanderpla.com\/\"><span style=\"text-decoration: underline;\">Eudald Pla<\/span><\/a> (Dise\u00f1o Corporativo)<\/p>\n<p>Pol Ant\u00fanez (Antrop\u00f3logo)<\/p>\n<p>Marisa Corres (Arquitecta)<\/p>\n<p>Gina Castellet (Comunicaci\u00f3n)<\/p>\n<p>A9 Arquitectura (Dise\u00f1o exposici\u00f3n)<\/p>\n<p>Mateu Castellet (Dise\u00f1o de espacios)<\/p>\n<p>Jan Ant\u00fanez (Producci\u00f3n de producto y Audiovisual)<\/p>","protected":false},"excerpt":{"rendered":"<p>SHIZEN&#8217;NA (\u81ea\u7136\u306a) en japon\u00e8s significa NATURAL. \u00a0\u00a0 \u00a0 \u00a0\u00a0\u00a0 \u00a0 [&hellip;]<\/p>","protected":false},"author":1,"featured_media":0,"parent":0,"menu_order":0,"comment_status":"closed","ping_status":"closed","template":"","meta":{"footnotes":""},"class_list":["post-19799","page","type-page","status-publish","hentry"],"yoast_head":"<!-- This site is optimized with the Yoast SEO plugin v25.8 - https:\/\/yoast.com\/wordpress\/plugins\/seo\/ -->\n<title>SOBRE SHIZEN&#039;NA - Shizen&#039;na<\/title>\n<meta name=\"description\" content=\"Empresa dedicada a l&#039;aromatitzaci\u00f3 i higienitzaci\u00f3 de l&#039;ambient amb sinergies d&#039;olis essencials 100% naturals i difusors adaptats propis.\" \/>\n<meta name=\"robots\" content=\"index, follow, max-snippet:-1, max-image-preview:large, max-video-preview:-1\" \/>\n<link rel=\"canonical\" href=\"https:\/\/www.shizenna.com\/es\/sobre-shizenna\/\" \/>\n<meta property=\"og:locale\" content=\"es_ES\" \/>\n<meta property=\"og:type\" content=\"article\" \/>\n<meta property=\"og:title\" content=\"SOBRE SHIZEN&#039;NA - Shizen&#039;na\" \/>\n<meta property=\"og:description\" content=\"Empresa dedicada a l&#039;aromatitzaci\u00f3 i higienitzaci\u00f3 de l&#039;ambient amb sinergies d&#039;olis essencials 100% naturals i difusors adaptats propis.\" \/>\n<meta property=\"og:url\" content=\"https:\/\/www.shizenna.com\/es\/sobre-shizenna\/\" \/>\n<meta property=\"og:site_name\" content=\"Shizen&#039;na\" \/>\n<meta property=\"article:modified_time\" content=\"2024-11-05T15:33:17+00:00\" \/>\n<meta property=\"og:image\" content=\"https:\/\/www.shizenna.com\/wp-content\/uploads\/2020\/11\/ROMANI-EN-FLOR.jpg\" \/>\n\t<meta property=\"og:image:width\" content=\"1414\" \/>\n\t<meta property=\"og:image:height\" content=\"1413\" \/>\n\t<meta property=\"og:image:type\" content=\"image\/jpeg\" \/>\n<meta name=\"twitter:card\" content=\"summary_large_image\" \/>\n<meta name=\"twitter:label1\" content=\"Tiempo de lectura\" \/>\n\t<meta name=\"twitter:data1\" content=\"4 minutos\" \/>\n<script type=\"application\/ld+json\" class=\"yoast-schema-graph\">{\"@context\":\"https:\/\/schema.org\",\"@graph\":[{\"@type\":\"WebPage\",\"@id\":\"https:\/\/www.shizenna.com\/sobre-shizenna\/\",\"url\":\"https:\/\/www.shizenna.com\/sobre-shizenna\/\",\"name\":\"SOBRE SHIZEN'NA - Shizen&#039;na\",\"isPartOf\":{\"@id\":\"https:\/\/www.shizenna.com\/#website\"},\"primaryImageOfPage\":{\"@id\":\"https:\/\/www.shizenna.com\/sobre-shizenna\/#primaryimage\"},\"image\":{\"@id\":\"https:\/\/www.shizenna.com\/sobre-shizenna\/#primaryimage\"},\"thumbnailUrl\":\"https:\/\/www.shizenna.com\/wp-content\/uploads\/2020\/11\/ROMANI-EN-FLOR.jpg\",\"datePublished\":\"2020-08-19T03:57:00+00:00\",\"dateModified\":\"2024-11-05T15:33:17+00:00\",\"description\":\"Empresa dedicada a l'aromatitzaci\u00f3 i higienitzaci\u00f3 de l'ambient amb sinergies d'olis essencials 100% naturals i difusors adaptats propis.\",\"inLanguage\":\"es\",\"potentialAction\":[{\"@type\":\"ReadAction\",\"target\":[\"https:\/\/www.shizenna.com\/sobre-shizenna\/\"]}]},{\"@type\":\"ImageObject\",\"inLanguage\":\"es\",\"@id\":\"https:\/\/www.shizenna.com\/sobre-shizenna\/#primaryimage\",\"url\":\"https:\/\/www.shizenna.com\/wp-content\/uploads\/2020\/11\/ROMANI-EN-FLOR.jpg\",\"contentUrl\":\"https:\/\/www.shizenna.com\/wp-content\/uploads\/2020\/11\/ROMANI-EN-FLOR.jpg\"},{\"@type\":\"WebSite\",\"@id\":\"https:\/\/www.shizenna.com\/#website\",\"url\":\"https:\/\/www.shizenna.com\/\",\"name\":\"Shizen&#039;na\",\"description\":\"Respira 100% natural\",\"potentialAction\":[{\"@type\":\"SearchAction\",\"target\":{\"@type\":\"EntryPoint\",\"urlTemplate\":\"https:\/\/www.shizenna.com\/?s={search_term_string}\"},\"query-input\":{\"@type\":\"PropertyValueSpecification\",\"valueRequired\":true,\"valueName\":\"search_term_string\"}}],\"inLanguage\":\"es\"}]}<\/script>\n<!-- \/ Yoast SEO plugin. -->","yoast_head_json":{"title":"SOBRE SHIZEN'NA - Shizen&#039;na","description":"Empresa dedicada a l'aromatitzaci\u00f3 i higienitzaci\u00f3 de l'ambient amb sinergies d'olis essencials 100% naturals i difusors adaptats propis.","robots":{"index":"index","follow":"follow","max-snippet":"max-snippet:-1","max-image-preview":"max-image-preview:large","max-video-preview":"max-video-preview:-1"},"canonical":"https:\/\/www.shizenna.com\/es\/sobre-shizenna\/","og_locale":"es_ES","og_type":"article","og_title":"SOBRE SHIZEN'NA - Shizen&#039;na","og_description":"Empresa dedicada a l'aromatitzaci\u00f3 i higienitzaci\u00f3 de l'ambient amb sinergies d'olis essencials 100% naturals i difusors adaptats propis.","og_url":"https:\/\/www.shizenna.com\/es\/sobre-shizenna\/","og_site_name":"Shizen&#039;na","article_modified_time":"2024-11-05T15:33:17+00:00","og_image":[{"width":1414,"height":1413,"url":"https:\/\/www.shizenna.com\/wp-content\/uploads\/2020\/11\/ROMANI-EN-FLOR.jpg","type":"image\/jpeg"}],"twitter_card":"summary_large_image","twitter_misc":{"Tiempo de lectura":"4 minutos"},"schema":{"@context":"https:\/\/schema.org","@graph":[{"@type":"WebPage","@id":"https:\/\/www.shizenna.com\/sobre-shizenna\/","url":"https:\/\/www.shizenna.com\/sobre-shizenna\/","name":"SOBRE SHIZEN'NA - Shizen&#039;na","isPartOf":{"@id":"https:\/\/www.shizenna.com\/#website"},"primaryImageOfPage":{"@id":"https:\/\/www.shizenna.com\/sobre-shizenna\/#primaryimage"},"image":{"@id":"https:\/\/www.shizenna.com\/sobre-shizenna\/#primaryimage"},"thumbnailUrl":"https:\/\/www.shizenna.com\/wp-content\/uploads\/2020\/11\/ROMANI-EN-FLOR.jpg","datePublished":"2020-08-19T03:57:00+00:00","dateModified":"2024-11-05T15:33:17+00:00","description":"Empresa dedicada a l'aromatitzaci\u00f3 i higienitzaci\u00f3 de l'ambient amb sinergies d'olis essencials 100% naturals i difusors adaptats propis.","inLanguage":"es","potentialAction":[{"@type":"ReadAction","target":["https:\/\/www.shizenna.com\/sobre-shizenna\/"]}]},{"@type":"ImageObject","inLanguage":"es","@id":"https:\/\/www.shizenna.com\/sobre-shizenna\/#primaryimage","url":"https:\/\/www.shizenna.com\/wp-content\/uploads\/2020\/11\/ROMANI-EN-FLOR.jpg","contentUrl":"https:\/\/www.shizenna.com\/wp-content\/uploads\/2020\/11\/ROMANI-EN-FLOR.jpg"},{"@type":"WebSite","@id":"https:\/\/www.shizenna.com\/#website","url":"https:\/\/www.shizenna.com\/","name":"Shizen&#039;na","description":"Respira 100% natural","potentialAction":[{"@type":"SearchAction","target":{"@type":"EntryPoint","urlTemplate":"https:\/\/www.shizenna.com\/?s={search_term_string}"},"query-input":{"@type":"PropertyValueSpecification","valueRequired":true,"valueName":"search_term_string"}}],"inLanguage":"es"}]}},"_links":{"self":[{"href":"https:\/\/www.shizenna.com\/es\/wp-json\/wp\/v2\/pages\/19799","targetHints":{"allow":["GET"]}}],"collection":[{"href":"https:\/\/www.shizenna.com\/es\/wp-json\/wp\/v2\/pages"}],"about":[{"href":"https:\/\/www.shizenna.com\/es\/wp-json\/wp\/v2\/types\/page"}],"author":[{"embeddable":true,"href":"https:\/\/www.shizenna.com\/es\/wp-json\/wp\/v2\/users\/1"}],"replies":[{"embeddable":true,"href":"https:\/\/www.shizenna.com\/es\/wp-json\/wp\/v2\/comments?post=19799"}],"version-history":[{"count":32,"href":"https:\/\/www.shizenna.com\/es\/wp-json\/wp\/v2\/pages\/19799\/revisions"}],"predecessor-version":[{"id":24051,"href":"https:\/\/www.shizenna.com\/es\/wp-json\/wp\/v2\/pages\/19799\/revisions\/24051"}],"wp:attachment":[{"href":"https:\/\/www.shizenna.com\/es\/wp-json\/wp\/v2\/media?parent=19799"}],"curies":[{"name":"wp","href":"https:\/\/api.w.org\/{rel}","templated":true}]}}