{"id":19802,"date":"2020-08-19T05:57:41","date_gmt":"2020-08-19T03:57:41","guid":{"rendered":"https:\/\/www.shizenna.com\/?page_id=19802"},"modified":"2024-11-05T16:50:24","modified_gmt":"2024-11-05T15:50:24","slug":"taller-dessencies","status":"publish","type":"page","link":"https:\/\/www.shizenna.com\/es\/taller-dessencies\/","title":{"rendered":"NUESTRO TALLER"},"content":{"rendered":"<p><div class=\"fusion-fullwidth fullwidth-box nonhundred-percent-fullwidth non-hundred-percent-height-scrolling\"  style='background-color: rgba(255,255,255,0);background-position: center center;background-repeat: no-repeat;padding-top:0px;padding-right:0px;padding-bottom:0px;padding-left:0px;'><div class=\"fusion-builder-row fusion-row\"><div  class=\"fusion-layout-column fusion_builder_column fusion_builder_column_1_1 fusion-builder-column-1 fusion-one-full fusion-column-first fusion-column-last shizenna-enable-title-static-page 1_1\"  style='margin-top:0px;margin-bottom:20px;'>\n\t\t\t\t\t<div class=\"fusion-column-wrapper\" style=\"padding: 0px 0px 0px 0px;background-position:left top;background-repeat:no-repeat;-webkit-background-size:cover;-moz-background-size:cover;-o-background-size:cover;background-size:cover;\"   data-bg-url=\"\">\n\t\t\t\t\t\t<div class=\"fusion-builder-row fusion-builder-row-inner fusion-row\"><div  class=\"fusion-layout-column fusion_builder_column fusion_builder_column_1_3  fusion-one-third fusion-column-first 1_3\"  style='margin-top: 0px;margin-bottom: 20px;width:33.33%;width:calc(33.33% - ( ( 4% + 4% ) * 0.3333 ) );margin-right:4%;'><div class=\"fusion-column-wrapper\" style=\"padding: 0px 0px 0px 0px;background-position:left top;background-repeat:no-repeat;-webkit-background-size:cover;-moz-background-size:cover;-o-background-size:cover;background-size:cover;\"  data-bg-url=\"\"><span class=\"fusion-imageframe imageframe-none imageframe-1 hover-type-none\"><img loading=\"lazy\" decoding=\"async\" src=\"https:\/\/www.shizenna.com\/wp-content\/uploads\/2020\/09\/20200922_125140.jpg\" width=\"2430\" height=\"1918\" alt=\"\" title=\"20200922_125140\" class=\"img-responsive wp-image-21622\" srcset=\"https:\/\/www.shizenna.com\/wp-content\/uploads\/2020\/09\/20200922_125140-200x158.jpg 200w, https:\/\/www.shizenna.com\/wp-content\/uploads\/2020\/09\/20200922_125140-400x316.jpg 400w, https:\/\/www.shizenna.com\/wp-content\/uploads\/2020\/09\/20200922_125140-600x474.jpg 600w, https:\/\/www.shizenna.com\/wp-content\/uploads\/2020\/09\/20200922_125140-800x631.jpg 800w, https:\/\/www.shizenna.com\/wp-content\/uploads\/2020\/09\/20200922_125140-1200x947.jpg 1200w, https:\/\/www.shizenna.com\/wp-content\/uploads\/2020\/09\/20200922_125140.jpg 2430w\" sizes=\"auto, (max-width: 768px) 100vw, 2430px\" \/><\/span><div class=\"fusion-text\"><p>MONTSE NART, Perfumista y Aromat\u00f2loga de Shizen'na<\/p>\n<\/div><\/div><\/div><div  class=\"fusion-layout-column fusion_builder_column fusion_builder_column_1_3  fusion-one-third 1_3\"  style='margin-top: 0px;margin-bottom: 20px;width:33.33%;width:calc(33.33% - ( ( 4% + 4% ) * 0.3333 ) );margin-right:4%;'><div class=\"fusion-column-wrapper\" style=\"padding: 0px 0px 0px 0px;background-position:left top;background-repeat:no-repeat;-webkit-background-size:cover;-moz-background-size:cover;-o-background-size:cover;background-size:cover;\"  data-bg-url=\"\"><div class=\"fusion-text\"><p>Nuestra perfumista y aromat\u00f2loga y la colaboraci\u00f3n de un etnobot\u00e1nico mallorqu\u00edn, forman parte del equipo de producci\u00f3n de nuestras colecciones de sinergias de aceites esenciales. El conocimiento cient\u00edfico, la sensibilidad, el conocimiento del medio y el estudio de los entornos, confieren las mezclas perfectas que forman nuestras colecciones.<\/p>\n<p>La calidad es la base de las esencias de Shizen'na. La b\u00fasqueda constante de las mejores plantas arom\u00e1ticas es obsesi\u00f3n dentro de nuestro equipo de expertos. El estudio posterior de las perfectas condiciones de la planta y el fruto, conforma la base de los aceites que se utilizar\u00e1n para hacer nuestras sinergias.<\/p>\n<p>A Shizenna nos tomamos en serio el concepto del km 0 y buscamos, en la medida de lo posible, las plantas arom\u00e1ticas aut\u00f3ctonas como fuente principal de nuestras sinergias. En cualquier caso, hay que tener siempre en cuenta fincas sostenibles en nuestro pa\u00eds o en cualquiera de las procedencias de los aceites esenciales que utiliza Shizen'na.<\/p>\n<p>Los procesos manuales y mec\u00e1nicos no contaminantes, junto con una selecci\u00f3n cuidadosa de las plantas, el momento correcto de cosecha y de maduraci\u00f3n, son fundamentales para obtener el elemento de base perfecto.<\/p>\n<\/div><\/div><\/div><div  class=\"fusion-layout-column fusion_builder_column fusion_builder_column_1_3  fusion-one-third fusion-column-last 1_3\"  style='margin-top: 0px;margin-bottom: 20px;width:33.33%;width:calc(33.33% - ( ( 4% + 4% ) * 0.3333 ) );'><div class=\"fusion-column-wrapper\" style=\"padding: 0px 0px 0px 0px;background-position:left top;background-repeat:no-repeat;-webkit-background-size:cover;-moz-background-size:cover;-o-background-size:cover;background-size:cover;\"  data-bg-url=\"\"><span class=\"fusion-imageframe imageframe-none imageframe-2 hover-type-none\"><img loading=\"lazy\" decoding=\"async\" src=\"https:\/\/www.shizenna.com\/wp-content\/uploads\/2021\/07\/Collita-lavanda-per-web.jpg\" width=\"512\" height=\"512\" alt=\"\" title=\"Collita lavanda per web\" class=\"img-responsive wp-image-23318\" srcset=\"https:\/\/www.shizenna.com\/wp-content\/uploads\/2021\/07\/Collita-lavanda-per-web-200x200.jpg 200w, https:\/\/www.shizenna.com\/wp-content\/uploads\/2021\/07\/Collita-lavanda-per-web-400x400.jpg 400w, https:\/\/www.shizenna.com\/wp-content\/uploads\/2021\/07\/Collita-lavanda-per-web.jpg 512w\" sizes=\"auto, (max-width: 768px) 100vw, 512px\" \/><\/span><div class=\"fusion-text\"><p>Cosecha de Lavandula Angustifolia en Moi\u00e0 por y para Shizen\u2019na. Julio de 2021.<\/p>\n<\/div><span class=\"fusion-imageframe imageframe-none imageframe-3 hover-type-none\"><img loading=\"lazy\" decoding=\"async\" src=\"https:\/\/www.shizenna.com\/wp-content\/uploads\/2020\/09\/20200915_112650-min-scaled.jpg\" width=\"2560\" height=\"1244\" alt=\"\" title=\"20200915_112650-min\" class=\"img-responsive wp-image-21564\" srcset=\"https:\/\/www.shizenna.com\/wp-content\/uploads\/2020\/09\/20200915_112650-min-200x97.jpg 200w, https:\/\/www.shizenna.com\/wp-content\/uploads\/2020\/09\/20200915_112650-min-400x194.jpg 400w, https:\/\/www.shizenna.com\/wp-content\/uploads\/2020\/09\/20200915_112650-min-600x292.jpg 600w, https:\/\/www.shizenna.com\/wp-content\/uploads\/2020\/09\/20200915_112650-min-800x389.jpg 800w, https:\/\/www.shizenna.com\/wp-content\/uploads\/2020\/09\/20200915_112650-min-1200x583.jpg 1200w, https:\/\/www.shizenna.com\/wp-content\/uploads\/2020\/09\/20200915_112650-min-scaled.jpg 2560w\" sizes=\"auto, (max-width: 768px) 100vw, 2560px\" \/><\/span><div class=\"fusion-text\"><p>Montse hace una selecci\u00f3n de los mejores aceites esenciales para la posterior formulaci\u00f3n de las exclusivas sinergias de Shizen'na.<\/p>\n<\/div><\/div><\/div><\/div><div class=\"fusion-clearfix\"><\/div>\n\n\t\t\t\t\t<\/div>\n\t\t\t\t<\/div><div  class=\"fusion-layout-column fusion_builder_column fusion_builder_column_1_1 fusion-builder-column-2 fusion-one-full fusion-column-first fusion-column-last 1_1\"  style='margin-top:0px;margin-bottom:20px;'>\n\t\t\t\t\t<div class=\"fusion-column-wrapper\" style=\"padding: 0px 0px 0px 0px;background-position:left top;background-repeat:no-repeat;-webkit-background-size:cover;-moz-background-size:cover;-o-background-size:cover;background-size:cover;\"   data-bg-url=\"\">\n\t\t\t\t\t\t<div class=\"fusion-builder-row fusion-builder-row-inner fusion-row\"><div  class=\"fusion-layout-column fusion_builder_column fusion_builder_column_1_3  fusion-one-third fusion-column-first 1_3\"  style='margin-top: 0px;margin-bottom: 20px;width:33.33%;width:calc(33.33% - ( ( 4% ) * 0.3333 ) );margin-right:4%;'><div class=\"fusion-column-wrapper\" style=\"padding: 0px 0px 0px 0px;background-position:left top;background-repeat:no-repeat;-webkit-background-size:cover;-moz-background-size:cover;-o-background-size:cover;background-size:cover;\"  data-bg-url=\"\"><div class=\"fusion-text\"><h3>Proceso de destilaci\u00f3n<\/h3>\n<p>Los procesos mec\u00e1nicos empleados son minuciosos, con aplicaci\u00f3n del tiempo exacto (sin prisas) y con la temperatura y presi\u00f3n medidas con precisi\u00f3n por la correcta destilaci\u00f3n. Cada planta, cada flor, cada fruto que se trata, necesita su proceso espec\u00edfico, con los m\u00e9todos correspondientes a cada materia prima, para conseguir la base de los aceites esenciales utilizados en nuestras colecciones.<\/p>\n<\/div><\/div><\/div><div  class=\"fusion-layout-column fusion_builder_column fusion_builder_column_2_3  fusion-two-third fusion-column-last 2_3\"  style='margin-top: 0px;margin-bottom: 20px;width:66.66%;width:calc(66.66% - ( ( 4% ) * 0.6666 ) );'><div class=\"fusion-column-wrapper\" style=\"padding: 0px 0px 0px 0px;background-position:left top;background-repeat:no-repeat;-webkit-background-size:cover;-moz-background-size:cover;-o-background-size:cover;background-size:cover;\"  data-bg-url=\"\"><span class=\"fusion-imageframe imageframe-none imageframe-4 hover-type-none\"><img loading=\"lazy\" decoding=\"async\" src=\"https:\/\/www.shizenna.com\/wp-content\/uploads\/2020\/09\/20200910_102308-scaled.jpg\" width=\"2560\" height=\"1244\" alt=\"\" title=\"20200910_102308\" class=\"img-responsive wp-image-21628\" srcset=\"https:\/\/www.shizenna.com\/wp-content\/uploads\/2020\/09\/20200910_102308-200x97.jpg 200w, https:\/\/www.shizenna.com\/wp-content\/uploads\/2020\/09\/20200910_102308-400x194.jpg 400w, https:\/\/www.shizenna.com\/wp-content\/uploads\/2020\/09\/20200910_102308-600x292.jpg 600w, https:\/\/www.shizenna.com\/wp-content\/uploads\/2020\/09\/20200910_102308-800x389.jpg 800w, https:\/\/www.shizenna.com\/wp-content\/uploads\/2020\/09\/20200910_102308-1200x583.jpg 1200w, https:\/\/www.shizenna.com\/wp-content\/uploads\/2020\/09\/20200910_102308-scaled.jpg 2560w\" sizes=\"auto, (max-width: 768px) 100vw, 2560px\" \/><\/span><\/div><\/div><\/div><div class=\"fusion-clearfix\"><\/div>\n\n\t\t\t\t\t<\/div>\n\t\t\t\t<\/div><div  class=\"fusion-layout-column fusion_builder_column fusion_builder_column_1_1 fusion-builder-column-3 fusion-one-full fusion-column-first fusion-column-last 1_1\"  style='margin-top:0px;margin-bottom:20px;'>\n\t\t\t\t\t<div class=\"fusion-column-wrapper\" style=\"padding: 0px 0px 0px 0px;background-position:left top;background-repeat:no-repeat;-webkit-background-size:cover;-moz-background-size:cover;-o-background-size:cover;background-size:cover;\"   data-bg-url=\"\">\n\t\t\t\t\t\t<div class=\"fusion-builder-row fusion-builder-row-inner fusion-row\"><div  class=\"fusion-layout-column fusion_builder_column fusion_builder_column_1_3  fusion-one-third fusion-column-first 1_3\"  style='margin-top: 0px;margin-bottom: 20px;width:33.33%;width:calc(33.33% - ( ( 4% + 4% ) * 0.3333 ) );margin-right:4%;'><div class=\"fusion-column-wrapper\" style=\"padding: 0px 0px 0px 0px;background-position:left top;background-repeat:no-repeat;-webkit-background-size:cover;-moz-background-size:cover;-o-background-size:cover;background-size:cover;\"  data-bg-url=\"\"><span class=\"fusion-imageframe imageframe-none imageframe-5 hover-type-none\"><img loading=\"lazy\" decoding=\"async\" src=\"https:\/\/www.shizenna.com\/wp-content\/uploads\/2020\/09\/LABORATORI.jpg\" width=\"1200\" height=\"1800\" alt=\"\" title=\"LABORATORI\" class=\"img-responsive wp-image-21635\" srcset=\"https:\/\/www.shizenna.com\/wp-content\/uploads\/2020\/09\/LABORATORI-200x300.jpg 200w, https:\/\/www.shizenna.com\/wp-content\/uploads\/2020\/09\/LABORATORI-400x600.jpg 400w, https:\/\/www.shizenna.com\/wp-content\/uploads\/2020\/09\/LABORATORI-600x900.jpg 600w, https:\/\/www.shizenna.com\/wp-content\/uploads\/2020\/09\/LABORATORI-800x1200.jpg 800w, https:\/\/www.shizenna.com\/wp-content\/uploads\/2020\/09\/LABORATORI.jpg 1200w\" sizes=\"auto, (max-width: 768px) 100vw, 1200px\" \/><\/span><\/div><\/div><div  class=\"fusion-layout-column fusion_builder_column fusion_builder_column_1_3  fusion-one-third 1_3\"  style='margin-top: 0px;margin-bottom: 20px;width:33.33%;width:calc(33.33% - ( ( 4% + 4% ) * 0.3333 ) );margin-right:4%;'><div class=\"fusion-column-wrapper\" style=\"padding: 0px 0px 0px 0px;background-position:left top;background-repeat:no-repeat;-webkit-background-size:cover;-moz-background-size:cover;-o-background-size:cover;background-size:cover;\"  data-bg-url=\"\"><div class=\"fusion-text\"><p>Se estudian plantas, frutos, aromas y las funcionalidades de los aceites obtenidos y se conforman las sinergias definitivas, que repondr\u00e1n el tiempo conveniente en espacios sin luz, antes de ser puestas a disposici\u00f3n de ser embotelladas en envase de vidrio opaco, perfecto para su conservaci\u00f3n.<\/p>\n<p>Nuestros conocimientos y experiencia hacen que las colecciones de SHIZEN'NA sean especiales y exclusivas, pudiendo crear un aroma personalizada para una empresa o marca.<\/p>\n<\/div><\/div><\/div><div  class=\"fusion-layout-column fusion_builder_column fusion_builder_column_1_3  fusion-one-third fusion-column-last 1_3\"  style='margin-top: 0px;margin-bottom: 20px;width:33.33%;width:calc(33.33% - ( ( 4% + 4% ) * 0.3333 ) );'><div class=\"fusion-column-wrapper\" style=\"padding: 0px 0px 0px 0px;background-position:left top;background-repeat:no-repeat;-webkit-background-size:cover;-moz-background-size:cover;-o-background-size:cover;background-size:cover;\"  data-bg-url=\"\"><span class=\"fusion-imageframe imageframe-none imageframe-6 hover-type-none\"><img loading=\"lazy\" decoding=\"async\" src=\"https:\/\/www.shizenna.com\/wp-content\/uploads\/2024\/11\/Shizenna_3-800x533.jpg\" width=\"800\" height=\"533\" alt=\"\" title=\"Shizenna_3\" class=\"img-responsive wp-image-24052\" srcset=\"https:\/\/www.shizenna.com\/wp-content\/uploads\/2024\/11\/Shizenna_3-200x133.jpg 200w, https:\/\/www.shizenna.com\/wp-content\/uploads\/2024\/11\/Shizenna_3-400x267.jpg 400w, https:\/\/www.shizenna.com\/wp-content\/uploads\/2024\/11\/Shizenna_3-600x400.jpg 600w, https:\/\/www.shizenna.com\/wp-content\/uploads\/2024\/11\/Shizenna_3-800x533.jpg 800w, https:\/\/www.shizenna.com\/wp-content\/uploads\/2024\/11\/Shizenna_3-1200x800.jpg 1200w\" sizes=\"auto, (max-width: 768px) 100vw, 800px\" \/><\/span><\/div><\/div><\/div><div class=\"fusion-clearfix\"><\/div>\n\n\t\t\t\t\t<\/div>\n\t\t\t\t<\/div><\/div><\/div><div class=\"fusion-fullwidth fullwidth-box nonhundred-percent-fullwidth non-hundred-percent-height-scrolling\"  style='background-color: rgba(255,255,255,0);background-position: center center;background-repeat: no-repeat;padding-top:0px;padding-right:0px;padding-bottom:0px;padding-left:0px;'><div class=\"fusion-builder-row fusion-row\"><div  class=\"fusion-layout-column fusion_builder_column fusion_builder_column_1_1 fusion-builder-column-4 fusion-one-full fusion-column-first fusion-column-last 1_1\"  style='margin-top:0px;margin-bottom:20px;'>\n\t\t\t\t\t<div class=\"fusion-column-wrapper\" style=\"padding: 0px 0px 0px 0px;background-position:left top;background-repeat:no-repeat;-webkit-background-size:cover;-moz-background-size:cover;-o-background-size:cover;background-size:cover;\"   data-bg-url=\"\">\n\t\t\t\t\t\t<div class=\"fusion-builder-row fusion-builder-row-inner fusion-row\"><div  class=\"fusion-layout-column fusion_builder_column fusion_builder_column_2_3  fusion-two-third fusion-column-first 2_3\"  style='margin-top: 0px;margin-bottom: 20px;width:66.66%;width:calc(66.66% - ( ( 4% ) * 0.6666 ) );margin-right:4%;'><div class=\"fusion-column-wrapper\" style=\"padding: 0px 0px 0px 0px;background-position:left top;background-repeat:no-repeat;-webkit-background-size:cover;-moz-background-size:cover;-o-background-size:cover;background-size:cover;\"  data-bg-url=\"\"><div class=\"fusion-text\"><p>Toda aproximaci\u00f3n en el territorio nos da la singularidad que nuestro prop\u00f3sito persigue, contando con profesionales de primer nivel expertos en nuestro \u00e1mbito, estudiantes universitarios y personas que se inician en el mundo profesional, todos de nuestro alrededor territorial.<\/p>\n<p>Colaboradores de Shizen\u2019na:<\/p>\n<p><a href=\"http:\/\/vanderpla.com\">Eudald Pla<\/a> (Imagen i dise\u00f1o)<\/p>\n<p>Pol Ant\u00fanez (Antrop\u00f3logo)<\/p>\n<p>Marisa Corres (Arquitecta)<\/p>\n<p>Gina Castellet (Comunicaci\u00f3n)<\/p>\n<p>Mateu Castellet (Interiorisme)<\/p>\n<p>Jan Ant\u00fanez (Premsa i Producte)<\/p>\n<p>A9 Arquitectura (Dise\u00f1o exposici\u00f3n)<\/p>\n<\/div><\/div><\/div><\/div><div class=\"fusion-clearfix\"><\/div>\n\n\t\t\t\t\t<\/div>\n\t\t\t\t<\/div><\/div><\/div><\/p>","protected":false},"excerpt":{"rendered":"","protected":false},"author":1,"featured_media":0,"parent":0,"menu_order":0,"comment_status":"closed","ping_status":"closed","template":"","meta":{"footnotes":""},"class_list":["post-19802","page","type-page","status-publish","hentry"],"yoast_head":"<!-- This site is optimized with the Yoast SEO plugin v25.8 - https:\/\/yoast.com\/wordpress\/plugins\/seo\/ -->\n<title>EL NOSTRE TALLER - Shizen&#039;na<\/title>\n<meta name=\"description\" content=\"Comptem amb expertes aromat\u00f2logues, perfumistes, etnobot\u00e0nics, pagesos i la col\u00b7laboraci\u00f3 de professionals de primer nivell del nostre sector\" \/>\n<meta name=\"robots\" content=\"index, follow, max-snippet:-1, max-image-preview:large, max-video-preview:-1\" \/>\n<link rel=\"canonical\" href=\"https:\/\/www.shizenna.com\/es\/taller-dessencies\/\" \/>\n<meta property=\"og:locale\" content=\"es_ES\" \/>\n<meta property=\"og:type\" content=\"article\" \/>\n<meta property=\"og:title\" content=\"EL NOSTRE TALLER - Shizen&#039;na\" \/>\n<meta property=\"og:description\" content=\"Comptem amb expertes aromat\u00f2logues, perfumistes, etnobot\u00e0nics, pagesos i la col\u00b7laboraci\u00f3 de professionals de primer nivell del nostre sector\" \/>\n<meta property=\"og:url\" content=\"https:\/\/www.shizenna.com\/es\/taller-dessencies\/\" \/>\n<meta property=\"og:site_name\" content=\"Shizen&#039;na\" \/>\n<meta property=\"article:modified_time\" content=\"2024-11-05T15:50:24+00:00\" \/>\n<meta name=\"twitter:card\" content=\"summary_large_image\" \/>\n<meta name=\"twitter:label1\" content=\"Tiempo de lectura\" \/>\n\t<meta name=\"twitter:data1\" content=\"6 minutos\" \/>\n<script type=\"application\/ld+json\" class=\"yoast-schema-graph\">{\"@context\":\"https:\/\/schema.org\",\"@graph\":[{\"@type\":\"WebPage\",\"@id\":\"https:\/\/www.shizenna.com\/taller-dessencies\/\",\"url\":\"https:\/\/www.shizenna.com\/taller-dessencies\/\",\"name\":\"EL NOSTRE TALLER - Shizen&#039;na\",\"isPartOf\":{\"@id\":\"https:\/\/www.shizenna.com\/#website\"},\"datePublished\":\"2020-08-19T03:57:41+00:00\",\"dateModified\":\"2024-11-05T15:50:24+00:00\",\"description\":\"Comptem amb expertes aromat\u00f2logues, perfumistes, etnobot\u00e0nics, pagesos i la col\u00b7laboraci\u00f3 de professionals de primer nivell del nostre sector\",\"inLanguage\":\"es\",\"potentialAction\":[{\"@type\":\"ReadAction\",\"target\":[\"https:\/\/www.shizenna.com\/taller-dessencies\/\"]}]},{\"@type\":\"WebSite\",\"@id\":\"https:\/\/www.shizenna.com\/#website\",\"url\":\"https:\/\/www.shizenna.com\/\",\"name\":\"Shizen&#039;na\",\"description\":\"Respira 100% natural\",\"potentialAction\":[{\"@type\":\"SearchAction\",\"target\":{\"@type\":\"EntryPoint\",\"urlTemplate\":\"https:\/\/www.shizenna.com\/?s={search_term_string}\"},\"query-input\":{\"@type\":\"PropertyValueSpecification\",\"valueRequired\":true,\"valueName\":\"search_term_string\"}}],\"inLanguage\":\"es\"}]}<\/script>\n<!-- \/ Yoast SEO plugin. -->","yoast_head_json":{"title":"EL NOSTRE TALLER - Shizen&#039;na","description":"Comptem amb expertes aromat\u00f2logues, perfumistes, etnobot\u00e0nics, pagesos i la col\u00b7laboraci\u00f3 de professionals de primer nivell del nostre sector","robots":{"index":"index","follow":"follow","max-snippet":"max-snippet:-1","max-image-preview":"max-image-preview:large","max-video-preview":"max-video-preview:-1"},"canonical":"https:\/\/www.shizenna.com\/es\/taller-dessencies\/","og_locale":"es_ES","og_type":"article","og_title":"EL NOSTRE TALLER - Shizen&#039;na","og_description":"Comptem amb expertes aromat\u00f2logues, perfumistes, etnobot\u00e0nics, pagesos i la col\u00b7laboraci\u00f3 de professionals de primer nivell del nostre sector","og_url":"https:\/\/www.shizenna.com\/es\/taller-dessencies\/","og_site_name":"Shizen&#039;na","article_modified_time":"2024-11-05T15:50:24+00:00","twitter_card":"summary_large_image","twitter_misc":{"Tiempo de lectura":"6 minutos"},"schema":{"@context":"https:\/\/schema.org","@graph":[{"@type":"WebPage","@id":"https:\/\/www.shizenna.com\/taller-dessencies\/","url":"https:\/\/www.shizenna.com\/taller-dessencies\/","name":"EL NOSTRE TALLER - Shizen&#039;na","isPartOf":{"@id":"https:\/\/www.shizenna.com\/#website"},"datePublished":"2020-08-19T03:57:41+00:00","dateModified":"2024-11-05T15:50:24+00:00","description":"Comptem amb expertes aromat\u00f2logues, perfumistes, etnobot\u00e0nics, pagesos i la col\u00b7laboraci\u00f3 de professionals de primer nivell del nostre sector","inLanguage":"es","potentialAction":[{"@type":"ReadAction","target":["https:\/\/www.shizenna.com\/taller-dessencies\/"]}]},{"@type":"WebSite","@id":"https:\/\/www.shizenna.com\/#website","url":"https:\/\/www.shizenna.com\/","name":"Shizen&#039;na","description":"Respira 100% natural","potentialAction":[{"@type":"SearchAction","target":{"@type":"EntryPoint","urlTemplate":"https:\/\/www.shizenna.com\/?s={search_term_string}"},"query-input":{"@type":"PropertyValueSpecification","valueRequired":true,"valueName":"search_term_string"}}],"inLanguage":"es"}]}},"_links":{"self":[{"href":"https:\/\/www.shizenna.com\/es\/wp-json\/wp\/v2\/pages\/19802","targetHints":{"allow":["GET"]}}],"collection":[{"href":"https:\/\/www.shizenna.com\/es\/wp-json\/wp\/v2\/pages"}],"about":[{"href":"https:\/\/www.shizenna.com\/es\/wp-json\/wp\/v2\/types\/page"}],"author":[{"embeddable":true,"href":"https:\/\/www.shizenna.com\/es\/wp-json\/wp\/v2\/users\/1"}],"replies":[{"embeddable":true,"href":"https:\/\/www.shizenna.com\/es\/wp-json\/wp\/v2\/comments?post=19802"}],"version-history":[{"count":18,"href":"https:\/\/www.shizenna.com\/es\/wp-json\/wp\/v2\/pages\/19802\/revisions"}],"predecessor-version":[{"id":24053,"href":"https:\/\/www.shizenna.com\/es\/wp-json\/wp\/v2\/pages\/19802\/revisions\/24053"}],"wp:attachment":[{"href":"https:\/\/www.shizenna.com\/es\/wp-json\/wp\/v2\/media?parent=19802"}],"curies":[{"name":"wp","href":"https:\/\/api.w.org\/{rel}","templated":true}]}}