{"id":20910,"date":"2020-09-03T05:06:02","date_gmt":"2020-09-03T03:06:02","guid":{"rendered":"https:\/\/www.shizenna.com\/?page_id=20910"},"modified":"2020-10-19T16:52:37","modified_gmt":"2020-10-19T14:52:37","slug":"visio","status":"publish","type":"page","link":"https:\/\/www.shizenna.com\/es\/visio\/","title":{"rendered":"Visi\u00f3n"},"content":{"rendered":"<p>A Shizen'na queremos ser una referencia en el mundo de las esencias naturales con la contribuci\u00f3n a la mejora del aire que se respira en el ambiente profesional, p\u00fablico y privado, el comercio y los hogares particulares.<\/p>\n<p>Creamos colecciones de aceites esenciales basados en la perfecci\u00f3n de los elementos de la tierra para un p\u00fablico que quiere respirar naturaleza, con los conocimientos profesionales de nuestros perfumistas titulados.<\/p>\n<p>Tambi\u00e9n somos especialistas en la elaboraci\u00f3n de perfumes personalizados y exclusivos para contribuir a la potenciaci\u00f3n y posicionamiento de marca.<\/p>\n<p>Contamos con difusores personales de peque\u00f1o y mediano alcance para particulares y de tama\u00f1os superiores para \u00e1mbitos comerciales e industriales de medianas y grandes superficies.<\/p>","protected":false},"excerpt":{"rendered":"<p>A Shizen&#8217;na volem ser una refer\u00e8ncia en el m\u00f3n de [&hellip;]<\/p>","protected":false},"author":1,"featured_media":0,"parent":0,"menu_order":0,"comment_status":"closed","ping_status":"closed","template":"","meta":{"footnotes":""},"class_list":["post-20910","page","type-page","status-publish","hentry"],"yoast_head":"<!-- This site is optimized with the Yoast SEO plugin v25.8 - https:\/\/yoast.com\/wordpress\/plugins\/seo\/ -->\n<title>Visi\u00f3 - Shizen&#039;na<\/title>\n<meta name=\"description\" content=\"Refer\u00e8ncia en el m\u00f3n de les ess\u00e8ncies naturals contribuint a la millora de l&#039;aire en l&#039;ambient professional p\u00fablic i les llars particulars.\" \/>\n<meta name=\"robots\" content=\"index, follow, max-snippet:-1, max-image-preview:large, max-video-preview:-1\" \/>\n<link rel=\"canonical\" href=\"https:\/\/www.shizenna.com\/es\/visio\/\" \/>\n<meta property=\"og:locale\" content=\"es_ES\" \/>\n<meta property=\"og:type\" content=\"article\" \/>\n<meta property=\"og:title\" content=\"Visi\u00f3 - Shizen&#039;na\" \/>\n<meta property=\"og:description\" content=\"Refer\u00e8ncia en el m\u00f3n de les ess\u00e8ncies naturals contribuint a la millora de l&#039;aire en l&#039;ambient professional p\u00fablic i les llars particulars.\" \/>\n<meta property=\"og:url\" content=\"https:\/\/www.shizenna.com\/es\/visio\/\" \/>\n<meta property=\"og:site_name\" content=\"Shizen&#039;na\" \/>\n<meta property=\"article:modified_time\" content=\"2020-10-19T14:52:37+00:00\" \/>\n<meta name=\"twitter:card\" content=\"summary_large_image\" \/>\n<meta name=\"twitter:label1\" content=\"Tiempo de lectura\" \/>\n\t<meta name=\"twitter:data1\" content=\"1 minuto\" \/>\n<script type=\"application\/ld+json\" class=\"yoast-schema-graph\">{\"@context\":\"https:\/\/schema.org\",\"@graph\":[{\"@type\":\"WebPage\",\"@id\":\"https:\/\/www.shizenna.com\/es\/visio\/\",\"url\":\"https:\/\/www.shizenna.com\/es\/visio\/\",\"name\":\"Visi\u00f3 - Shizen&#039;na\",\"isPartOf\":{\"@id\":\"https:\/\/www.shizenna.com\/#website\"},\"datePublished\":\"2020-09-03T03:06:02+00:00\",\"dateModified\":\"2020-10-19T14:52:37+00:00\",\"description\":\"Refer\u00e8ncia en el m\u00f3n de les ess\u00e8ncies naturals contribuint a la millora de l'aire en l'ambient professional p\u00fablic i les llars particulars.\",\"inLanguage\":\"es\",\"potentialAction\":[{\"@type\":\"ReadAction\",\"target\":[\"https:\/\/www.shizenna.com\/es\/visio\/\"]}]},{\"@type\":\"WebSite\",\"@id\":\"https:\/\/www.shizenna.com\/#website\",\"url\":\"https:\/\/www.shizenna.com\/\",\"name\":\"Shizen&#039;na\",\"description\":\"Respira 100% natural\",\"potentialAction\":[{\"@type\":\"SearchAction\",\"target\":{\"@type\":\"EntryPoint\",\"urlTemplate\":\"https:\/\/www.shizenna.com\/?s={search_term_string}\"},\"query-input\":{\"@type\":\"PropertyValueSpecification\",\"valueRequired\":true,\"valueName\":\"search_term_string\"}}],\"inLanguage\":\"es\"}]}<\/script>\n<!-- \/ Yoast SEO plugin. -->","yoast_head_json":{"title":"Visi\u00f3 - Shizen&#039;na","description":"Refer\u00e8ncia en el m\u00f3n de les ess\u00e8ncies naturals contribuint a la millora de l'aire en l'ambient professional p\u00fablic i les llars particulars.","robots":{"index":"index","follow":"follow","max-snippet":"max-snippet:-1","max-image-preview":"max-image-preview:large","max-video-preview":"max-video-preview:-1"},"canonical":"https:\/\/www.shizenna.com\/es\/visio\/","og_locale":"es_ES","og_type":"article","og_title":"Visi\u00f3 - Shizen&#039;na","og_description":"Refer\u00e8ncia en el m\u00f3n de les ess\u00e8ncies naturals contribuint a la millora de l'aire en l'ambient professional p\u00fablic i les llars particulars.","og_url":"https:\/\/www.shizenna.com\/es\/visio\/","og_site_name":"Shizen&#039;na","article_modified_time":"2020-10-19T14:52:37+00:00","twitter_card":"summary_large_image","twitter_misc":{"Tiempo de lectura":"1 minuto"},"schema":{"@context":"https:\/\/schema.org","@graph":[{"@type":"WebPage","@id":"https:\/\/www.shizenna.com\/es\/visio\/","url":"https:\/\/www.shizenna.com\/es\/visio\/","name":"Visi\u00f3 - Shizen&#039;na","isPartOf":{"@id":"https:\/\/www.shizenna.com\/#website"},"datePublished":"2020-09-03T03:06:02+00:00","dateModified":"2020-10-19T14:52:37+00:00","description":"Refer\u00e8ncia en el m\u00f3n de les ess\u00e8ncies naturals contribuint a la millora de l'aire en l'ambient professional p\u00fablic i les llars particulars.","inLanguage":"es","potentialAction":[{"@type":"ReadAction","target":["https:\/\/www.shizenna.com\/es\/visio\/"]}]},{"@type":"WebSite","@id":"https:\/\/www.shizenna.com\/#website","url":"https:\/\/www.shizenna.com\/","name":"Shizen&#039;na","description":"Respira 100% natural","potentialAction":[{"@type":"SearchAction","target":{"@type":"EntryPoint","urlTemplate":"https:\/\/www.shizenna.com\/?s={search_term_string}"},"query-input":{"@type":"PropertyValueSpecification","valueRequired":true,"valueName":"search_term_string"}}],"inLanguage":"es"}]}},"_links":{"self":[{"href":"https:\/\/www.shizenna.com\/es\/wp-json\/wp\/v2\/pages\/20910","targetHints":{"allow":["GET"]}}],"collection":[{"href":"https:\/\/www.shizenna.com\/es\/wp-json\/wp\/v2\/pages"}],"about":[{"href":"https:\/\/www.shizenna.com\/es\/wp-json\/wp\/v2\/types\/page"}],"author":[{"embeddable":true,"href":"https:\/\/www.shizenna.com\/es\/wp-json\/wp\/v2\/users\/1"}],"replies":[{"embeddable":true,"href":"https:\/\/www.shizenna.com\/es\/wp-json\/wp\/v2\/comments?post=20910"}],"version-history":[{"count":0,"href":"https:\/\/www.shizenna.com\/es\/wp-json\/wp\/v2\/pages\/20910\/revisions"}],"wp:attachment":[{"href":"https:\/\/www.shizenna.com\/es\/wp-json\/wp\/v2\/media?parent=20910"}],"curies":[{"name":"wp","href":"https:\/\/api.w.org\/{rel}","templated":true}]}}