{"id":20918,"date":"2020-09-03T05:25:31","date_gmt":"2020-09-03T03:25:31","guid":{"rendered":"https:\/\/www.shizenna.com\/?page_id=20918"},"modified":"2021-02-26T13:09:23","modified_gmt":"2021-02-26T12:09:23","slug":"producte","status":"publish","type":"page","link":"https:\/\/www.shizenna.com\/es\/producte\/","title":{"rendered":"Producto"},"content":{"rendered":"<p><span style=\"font-weight: 400;\">Para elaborar nuestras sinergias (<\/span><i><span style=\"font-weight: 400;\">blends<\/span><\/i><span style=\"font-weight: 400;\">)<\/span> <span style=\"font-weight: 400;\">naturales, hacemos la elecci\u00f3n de las plantas, flores, maderas y frutos c\u00edtricos, cuidando la sostenibilidad de las plantaciones y con modelos de comercio justo, tratando los elementos naturales con criterios de responsabilidad. S\u00f3lo de esta manera, cuando eliminamos los qu\u00edmicos del ambiente y aromatizado con esencias naturales, regresamos a la tierra lo que nos da, sin contaminar su ambiente.<\/span><\/p>\n<p><b>Los aromas de Shizen'na s\u00f3lo contienen elementos naturales<\/b><span style=\"font-weight: 400;\">. En ning\u00fan caso se a\u00f1aden fragancias qu\u00edmicas ni sustancias sint\u00e9ticas fijadoras o de cualquier otro tipo.<\/span><\/p>\n<p><span style=\"font-weight: 400;\">Varias colecciones formadas por m\u00e1s de 70 tipos de sinergias de aceites esenciales han sido elaboradas por nuestras aromat\u00f3logas, con aceites extra\u00eddos de todo el mundo de manera respetuosa y seleccionados por su calidad, para obtener unas esencias naturales exclusivas.\u00a0<\/span><\/p>\n<p><span style=\"font-weight: 400;\">Tambi\u00e9n elaboramos perfumer\u00eda natural a medida para una perfecta interacci\u00f3n entre el espacio y la marca y poder obsequiar un aroma personalizada.<\/span><\/p>\n<p>&nbsp;<\/p>\n<p><b>PROCESOS<\/b><\/p>\n<p><span style=\"font-weight: 400;\">HIGIENIZACI\u00d3N<\/span><\/p>\n<p><span style=\"font-weight: 400;\">Nebulitzaci\u00f3 ambiental de nanopart\u00edcules d&#8217;olis essencials amb propietats <strong>antivirales<\/strong>, <strong>antibacterianes<\/strong> y <strong>reductores de contaminaci\u00f3<\/strong>, certificats pel Centre d&#8217;Investigaci\u00f3 Kitasato de Ci\u00e8ncies Ambientals del Jap\u00f3 i el Japan Aroma Laboratory.<\/span><\/p>\n<p><span style=\"font-weight: 400;\">\u00a0<\/span><\/p>\n<p><span style=\"font-weight: 400;\">DIFUSI\u00d3N<\/span><\/p>\n<p><span style=\"font-weight: 400;\">Estudiamos los espacios para aromatizar a medida y llegar a todos los rincones donde se desee que el aroma aporte los efectos beneficiosos deseados, colocando aparatos nebulizadores con tecnolog\u00eda de doble fluido para la perfecta difusi\u00f3n, con el aprovechamiento del 100% de las propiedades de los aceites esenciales.<\/span><\/p>\n<p><span style=\"font-weight: 400;\">\u00a0<\/span><\/p>\n<p><span style=\"font-weight: 400;\">PERSONALIZACI\u00d3N<\/span><\/p>\n<p><span style=\"font-weight: 400;\">Nuestro equipo de expertos analiza con el cliente cu\u00e1l es el aroma m\u00e1s adecuado para su espacio en funci\u00f3n de su especialidad, su producto, su objetivo y su entorno y creamos conjuntamente el aroma de su marca.<\/span><\/p>\n<p><span style=\"font-weight: 400;\">\u00a0<\/span><\/p>\n<p><span style=\"font-weight: 400;\">AROMA 100% NATURAL<\/span><\/p>\n<p><span style=\"font-weight: 400;\">Tenemos una colecci\u00f3n de sinergias de aceites esenciales 100% estudiada durante a\u00f1os para aromat\u00f3logas y perfumistas, para aromatizar espacios de toda medida en funci\u00f3n de su actividad o el objetivo establecido.<\/span><\/p>\n<p><span style=\"font-weight: 400;\">\u00a0<\/span><\/p>\n<p><b><i>Colecciones de sinergias:<\/i><\/b><\/p>\n<p><b>SHIZEN&#8217;NA <\/b><b>PURE<\/b><\/p>\n<p><span style=\"font-weight: 400;\">Una colecci\u00f3n basada en aceites esenciales con principios activos antivirales y antibacterianos para la limpieza de tus espacios. Limpia el ambiente y aporta serenidad a tu entorno.<\/span><\/p>\n<p>&nbsp;<\/p>\n<p><b>SHIZEN&#8217;NA <\/b><b>ARCHITECTURE<\/b><\/p>\n<p><span style=\"font-weight: 400;\">Una colecci\u00f3n arm\u00f3nica que integra los olores a las diversas formas est\u00e9ticas de la arquitectura y la decoraci\u00f3n de los diferentes espacios.<\/span><\/p>\n<p><span style=\"font-weight: 400;\">\u00a0<\/span><\/p>\n<p><b>SHIZEN&#8217;NA <\/b><b>ANTHROPOLOGY<\/b><\/p>\n<p><span style=\"font-weight: 400;\">Una colecci\u00f3n \u00fanica que nos lleva a la esencia del comportamiento humano en sociedad. Hablando de empat\u00eda, de cooperaci\u00f3n. Comprendiendo lo que compartimos, pero tambi\u00e9n lo que nos hace singulares y \u00fanicos. Aprendiendo con todo lo que nos ense\u00f1a la antropolog\u00eda de nosotros mismos y del mundo diverso que nos rodea.<\/span><\/p>\n<p><span style=\"font-weight: 400;\">\u00a0<\/span><\/p>\n<p><b>SHIZEN&#8217;NA UTILITY<\/b><\/p>\n<p><span style=\"font-weight: 400;\">Sinergias elaboradas con ingredientes 100% naturales y estudiadas para tener un beneficio concreto en su difusi\u00f3n.<\/span><\/p>\n<p>&nbsp;<\/p>\n<p><strong>SHIZEN&#8217;NA SEASON<\/strong><\/p>\n<p>Cuando se quiere adaptar el olor de nuestro entorno a la temporada que vivimos, Shizen'na incorpora sinergias que acompa\u00f1an el ambiente, llenando el espacio del calor o la frescura que el tiempo nos pide.<\/p>\n<p>&nbsp;<\/p>\n<p><b>@aroma CLEAN AIR<\/b><\/p>\n<p><span style=\"font-weight: 400;\">Reductores naturales de contaminaci\u00f3n, malos olores y g\u00e9rmenes pat\u00f3genos<\/span><\/p>\n<p><span style=\"font-weight: 400;\">\u00a0<\/span><\/p>\n<p><b>@aroma DESIGN AIR<\/b><\/p>\n<p><span style=\"font-weight: 400;\">Estudiada para la armonizaci\u00f3n entre los espacios y su dise\u00f1o\u00a0<\/span><\/p>\n<p><span style=\"font-weight: 400;\">\u00a0<\/span><\/p>\n<p><b>@aroma JAPANESE AIR<\/b><\/p>\n<p><span style=\"font-weight: 400;\">La cultura y los elementos exclusivamente japoneses para sentir confort y placer<\/span><\/p>\n<p><span style=\"font-weight: 400;\">\u00a0<\/span><\/p>\n<p><b>@aroma BOTANICAL AIR<\/b><\/p>\n<p><span style=\"font-weight: 400;\">La esencia refrescante de las plantas que ayuda a relajar la mente y reducir el estr\u00e9s\u00a0<\/span><\/p>\n<p><span style=\"font-weight: 400;\">\u00a0<\/span><\/p>\n<p><b>@aroma SUPPLEMENT AIR<\/b><\/p>\n<p><span style=\"font-weight: 400;\">Acompa\u00f1ar los elementos del d\u00eda a d\u00eda con un aroma personal estimulante<\/span><\/p>\n<p>&nbsp;<\/p>\n<p><b>DIFUSORES SHIZEN\u2019NA I EXCLUSIVOS @aroma<\/b><\/p>\n<p><span style=\"font-weight: 400;\">Varios tipos de difusi\u00f3n, profesionales y personales, para todos los tama\u00f1os de espacios, a trav\u00e9s de aparatos el\u00e9ctricos o de difusi\u00f3n directa, dise\u00f1ados aqu\u00ed y en Jap\u00f3n, con tecnolog\u00eda patentada de doble fluido, para aprovechar el 100% de las propiedades de los aceites esenciales.<\/span><\/p>\n<p><span style=\"font-weight: 400;\">\u00a0<\/span><\/p>\n<p><b>DIFUSORES PROFESIONALES<\/b><\/p>\n<p><span style=\"font-weight: 400;\">(Venta o alquiler para eventos. Consultar condiciones en hola@shizenna.com)<\/span><\/p>\n<p><b>Los diferentes difusores profesionales de SHIZENNA est\u00e1n concebidos para zonas di\u00e1fanas de trabajo com\u00fan, amplias salas de reuniones, centros de convenciones, comercios de grandes superficies y espacios de celebraci\u00f3n de todo tipo de eventos, desde teatros hasta pabellones deportivos o feriales.\u00a0<\/b><\/p>\n<p><b>Se pueden alquilar por d\u00edas o adquirirlos para poderlos tener siempre al alcance.<\/b><\/p>\n<p><b>\u00a0<\/b><\/p>\n<p><b>SHIZEN&#8217;NA NEBUSCENT<\/b><\/p>\n<p><span style=\"font-weight: 400;\">Programable v\u00eda app, con tecnolog\u00eda de doble fluido.\u00a0<\/span><\/p>\n<p><span style=\"font-weight: 400;\">Alcance hasta 400m<\/span><span style=\"font-weight: 400;\">2<\/span><\/p>\n<p><b>\u00a0<\/b><\/p>\n<p><b>SHIZEN&#8217;NA OKI<\/b><\/p>\n<p><span style=\"font-weight: 400;\">Para grandes superficies a trav\u00e9s del sistema de ventilaci\u00f3n existente.\u00a0<\/span><\/p>\n<p><span style=\"font-weight: 400;\">Alcance: Hasta a 3500m<\/span><span style=\"font-weight: 400;\">2<\/span><\/p>\n<p>&nbsp;<\/p>\n<p><b>@aroma ALL IN ONE<\/b><\/p>\n<p><span style=\"font-weight: 400;\">Difusor de alta calidad dise\u00f1ado para Toshihiko Sakai. Para espacios p\u00fablicos.\u00a0<\/span><\/p>\n<p><span style=\"font-weight: 400;\">Alcance hasta a 175m<\/span><span style=\"font-weight: 400;\">2<\/span><\/p>\n<p><b>\u00a0<\/b><\/p>\n<p><b>@aroma SELECT TYPE<\/b><\/p>\n<p><span style=\"font-weight: 400;\">Resistente, por espacios h\u00famedos o severos.<\/span><\/p>\n<p><span style=\"font-weight: 400;\">Alcance hasta 150m<\/span><span style=\"font-weight: 400;\">2 <\/span><span style=\"font-weight: 400;\">con posibilidad de doblar extensi\u00f3n<\/span><\/p>\n<p><span style=\"font-weight: 400;\">\u00a0<\/span><\/p>\n<p><b>DIFUSORES PERSONALES<\/b><\/p>\n<p><b>Para uso en vivienda, oficinas, peque\u00f1os comercios o espacios privados<\/b><\/p>\n<p><b><i>\u00a0<\/i><\/b><\/p>\n<p><b>SHIZEN&#8217;NA NEBUCHIC<\/b><\/p>\n<p><span style=\"font-weight: 400;\">Nueva tecnolog\u00eda efectiva de nebulizaci\u00f3n en un dise\u00f1o reducido y eficaz.\u00a0<\/span><\/p>\n<p><span style=\"font-weight: 400;\">Alcance: Hasta a 60m2<\/span><span style=\"font-weight: 400;\">2<\/span><\/p>\n<p><b>\u00a0<\/b><\/p>\n<p><b>SHIZEN&#8217;NA BRUMA<\/b><\/p>\n<p><span style=\"font-weight: 400;\">Silencio absoluto para sentir la profundidad arom\u00e1tica. Espacios de hasta 25 m<\/span><span style=\"font-weight: 400;\">2<\/span><\/p>\n<p>&nbsp;<\/p>\n<p><b>SHIZEN&#8217;NA TODANA<\/b><\/p>\n<p><span style=\"font-weight: 400;\">Vasija de cer\u00e1mica y madera hechos individualmente a mano para Shizen'na, para aromatizar de armarios o para sobremesa con posibilidad de incorporar nuestro especial Aceite Esencial Zanzi (repelente de mosquitos)\u00a0<\/span><\/p>\n<p><b>SHIZEN&#8217;NA KABIN<\/b><\/p>\n<p><span style=\"font-weight: 400;\">Jarro de cer\u00e1mica y madera hecho a mano para Shizen'na con bastones de mitsumata, para decoraci\u00f3n.<\/span><\/p>\n<p>&nbsp;<\/p>\n<p><b>SHIZEN&#8217;NA OTO CAR<\/b><\/p>\n<p><span style=\"font-weight: 400;\">Especial para coche, se coloca a la salida del aire del propio veh\u00edculo y aromatiza silenciosamente y sin conexiones.\u00a0\u00a0<\/span><\/p>\n<p>&nbsp;<\/p>\n<p><b>@aroma PIEZO SOLO<\/b><\/p>\n<p><span style=\"font-weight: 400;\">Funcionalidad silenciosa por ultrasonidos, de alta calidad aromatizante.\u00a0<\/span><\/p>\n<p><span style=\"font-weight: 400;\">Alcance: Hasta 75m<\/span><span style=\"font-weight: 400;\">2<\/span><\/p>\n<p><span style=\"font-weight: 400;\">\u00a0<\/span><\/p>\n<p><b>@aroma TOKONAME VASE<\/b><\/p>\n<p><span style=\"font-weight: 400;\">Jarr\u00f3n japon\u00e9s de rama arom\u00e1tica para decoraci\u00f3n de interiores.<\/span><\/p>\n<p><span style=\"font-weight: 400;\">\u00a0<\/span><\/p>\n<p><b>@aroma HINOCO<\/b><\/p>\n<p><span style=\"font-weight: 400;\">Madera de cipr\u00e9s japon\u00e9s para captar y extender toda la esencia del aceite en espacios reducidos.<\/span><\/p>\n<p><span style=\"font-weight: 400;\">\u00a0<\/span><\/p>\n<p><b>@aroma TOKONAME STONE<\/b><\/p>\n<p><span style=\"font-weight: 400;\">Dise\u00f1ado por Fumie Shibata y producido a mano en Jap\u00f3n para aromatizar un peque\u00f1o espacio propio.<\/span><\/p>\n<p><span style=\"font-weight: 400;\">\u00a0<\/span><\/p>\n<p><b>@aroma USB Aroma Time<\/b><\/p>\n<p><span style=\"font-weight: 400;\">Alimentado por USB. Apoyo arom\u00e1tico personal durante el trabajo o los viajes<\/span><\/p>","protected":false},"excerpt":{"rendered":"<p>Per elaborar les nostres sinergies (blends) naturals, fem l&#8217;elecci\u00f3 de [&hellip;]<\/p>","protected":false},"author":1,"featured_media":0,"parent":0,"menu_order":0,"comment_status":"closed","ping_status":"closed","template":"","meta":{"footnotes":""},"class_list":["post-20918","page","type-page","status-publish","hentry"],"yoast_head":"<!-- This site is optimized with the Yoast SEO plugin v25.8 - https:\/\/yoast.com\/wordpress\/plugins\/seo\/ -->\n<title>Producte - Shizen&#039;na<\/title>\n<meta name=\"description\" content=\"Les aromes de Shizen&#039;na nom\u00e9s contenen elements naturals. En cap cas s&#039;afegeixen frag\u00e0ncies qu\u00edmiques ni subst\u00e0ncies sint\u00e8tiques fixadores.\" \/>\n<meta name=\"robots\" content=\"index, follow, max-snippet:-1, max-image-preview:large, max-video-preview:-1\" \/>\n<link rel=\"canonical\" href=\"https:\/\/www.shizenna.com\/es\/producte\/\" \/>\n<meta property=\"og:locale\" content=\"es_ES\" \/>\n<meta property=\"og:type\" content=\"article\" \/>\n<meta property=\"og:title\" content=\"Producte - Shizen&#039;na\" \/>\n<meta property=\"og:description\" content=\"Les aromes de Shizen&#039;na nom\u00e9s contenen elements naturals. En cap cas s&#039;afegeixen frag\u00e0ncies qu\u00edmiques ni subst\u00e0ncies sint\u00e8tiques fixadores.\" \/>\n<meta property=\"og:url\" content=\"https:\/\/www.shizenna.com\/es\/producte\/\" \/>\n<meta property=\"og:site_name\" content=\"Shizen&#039;na\" \/>\n<meta property=\"article:modified_time\" content=\"2021-02-26T12:09:23+00:00\" \/>\n<meta name=\"twitter:card\" content=\"summary_large_image\" \/>\n<meta name=\"twitter:label1\" content=\"Tiempo de lectura\" \/>\n\t<meta name=\"twitter:data1\" content=\"5 minutos\" \/>\n<script type=\"application\/ld+json\" class=\"yoast-schema-graph\">{\"@context\":\"https:\/\/schema.org\",\"@graph\":[{\"@type\":\"WebPage\",\"@id\":\"https:\/\/www.shizenna.com\/producte\/\",\"url\":\"https:\/\/www.shizenna.com\/producte\/\",\"name\":\"Producte - Shizen&#039;na\",\"isPartOf\":{\"@id\":\"https:\/\/www.shizenna.com\/#website\"},\"datePublished\":\"2020-09-03T03:25:31+00:00\",\"dateModified\":\"2021-02-26T12:09:23+00:00\",\"description\":\"Les aromes de Shizen'na nom\u00e9s contenen elements naturals. En cap cas s'afegeixen frag\u00e0ncies qu\u00edmiques ni subst\u00e0ncies sint\u00e8tiques fixadores.\",\"inLanguage\":\"es\",\"potentialAction\":[{\"@type\":\"ReadAction\",\"target\":[\"https:\/\/www.shizenna.com\/producte\/\"]}]},{\"@type\":\"WebSite\",\"@id\":\"https:\/\/www.shizenna.com\/#website\",\"url\":\"https:\/\/www.shizenna.com\/\",\"name\":\"Shizen&#039;na\",\"description\":\"Respira 100% natural\",\"potentialAction\":[{\"@type\":\"SearchAction\",\"target\":{\"@type\":\"EntryPoint\",\"urlTemplate\":\"https:\/\/www.shizenna.com\/?s={search_term_string}\"},\"query-input\":{\"@type\":\"PropertyValueSpecification\",\"valueRequired\":true,\"valueName\":\"search_term_string\"}}],\"inLanguage\":\"es\"}]}<\/script>\n<!-- \/ Yoast SEO plugin. -->","yoast_head_json":{"title":"Producte - Shizen&#039;na","description":"Les aromes de Shizen'na nom\u00e9s contenen elements naturals. En cap cas s'afegeixen frag\u00e0ncies qu\u00edmiques ni subst\u00e0ncies sint\u00e8tiques fixadores.","robots":{"index":"index","follow":"follow","max-snippet":"max-snippet:-1","max-image-preview":"max-image-preview:large","max-video-preview":"max-video-preview:-1"},"canonical":"https:\/\/www.shizenna.com\/es\/producte\/","og_locale":"es_ES","og_type":"article","og_title":"Producte - Shizen&#039;na","og_description":"Les aromes de Shizen'na nom\u00e9s contenen elements naturals. En cap cas s'afegeixen frag\u00e0ncies qu\u00edmiques ni subst\u00e0ncies sint\u00e8tiques fixadores.","og_url":"https:\/\/www.shizenna.com\/es\/producte\/","og_site_name":"Shizen&#039;na","article_modified_time":"2021-02-26T12:09:23+00:00","twitter_card":"summary_large_image","twitter_misc":{"Tiempo de lectura":"5 minutos"},"schema":{"@context":"https:\/\/schema.org","@graph":[{"@type":"WebPage","@id":"https:\/\/www.shizenna.com\/producte\/","url":"https:\/\/www.shizenna.com\/producte\/","name":"Producte - Shizen&#039;na","isPartOf":{"@id":"https:\/\/www.shizenna.com\/#website"},"datePublished":"2020-09-03T03:25:31+00:00","dateModified":"2021-02-26T12:09:23+00:00","description":"Les aromes de Shizen'na nom\u00e9s contenen elements naturals. En cap cas s'afegeixen frag\u00e0ncies qu\u00edmiques ni subst\u00e0ncies sint\u00e8tiques fixadores.","inLanguage":"es","potentialAction":[{"@type":"ReadAction","target":["https:\/\/www.shizenna.com\/producte\/"]}]},{"@type":"WebSite","@id":"https:\/\/www.shizenna.com\/#website","url":"https:\/\/www.shizenna.com\/","name":"Shizen&#039;na","description":"Respira 100% natural","potentialAction":[{"@type":"SearchAction","target":{"@type":"EntryPoint","urlTemplate":"https:\/\/www.shizenna.com\/?s={search_term_string}"},"query-input":{"@type":"PropertyValueSpecification","valueRequired":true,"valueName":"search_term_string"}}],"inLanguage":"es"}]}},"_links":{"self":[{"href":"https:\/\/www.shizenna.com\/es\/wp-json\/wp\/v2\/pages\/20918","targetHints":{"allow":["GET"]}}],"collection":[{"href":"https:\/\/www.shizenna.com\/es\/wp-json\/wp\/v2\/pages"}],"about":[{"href":"https:\/\/www.shizenna.com\/es\/wp-json\/wp\/v2\/types\/page"}],"author":[{"embeddable":true,"href":"https:\/\/www.shizenna.com\/es\/wp-json\/wp\/v2\/users\/1"}],"replies":[{"embeddable":true,"href":"https:\/\/www.shizenna.com\/es\/wp-json\/wp\/v2\/comments?post=20918"}],"version-history":[{"count":2,"href":"https:\/\/www.shizenna.com\/es\/wp-json\/wp\/v2\/pages\/20918\/revisions"}],"predecessor-version":[{"id":23159,"href":"https:\/\/www.shizenna.com\/es\/wp-json\/wp\/v2\/pages\/20918\/revisions\/23159"}],"wp:attachment":[{"href":"https:\/\/www.shizenna.com\/es\/wp-json\/wp\/v2\/media?parent=20918"}],"curies":[{"name":"wp","href":"https:\/\/api.w.org\/{rel}","templated":true}]}}