{"id":20924,"date":"2020-09-03T05:35:45","date_gmt":"2020-09-03T03:35:45","guid":{"rendered":"https:\/\/www.shizenna.com\/?page_id=20924"},"modified":"2020-11-12T17:13:36","modified_gmt":"2020-11-12T16:13:36","slug":"politica-de-venda","status":"publish","type":"page","link":"https:\/\/www.shizenna.com\/es\/politica-de-venda\/","title":{"rendered":"Pol\u00edtica de venta"},"content":{"rendered":"<p><strong>FORMA DE PAGO<\/strong><\/p>\n<p>Pagament per transfer\u00e8ncia banc\u00e0ria:<\/p>\n<p>Una vez haya validado toda la informaci\u00f3n sobre su compra -art\u00edculos, modos de env\u00edo, direcci\u00f3n de entrega y de facturaci\u00f3n- aparecer\u00e1 una nueva p\u00e1gina para que elija qu\u00e9 modalidad de pago desea utilizar. En caso de elegir pagar mediante transferencia bancaria, recibir\u00e1 una factura proforma en su e-mail con nuestros datos bancarios para que pueda efectuar la transferencia bancaria. Una vez hayamos recibido el ingreso en nuestra cuenta identificado con nuestro n\u00famero de proforma, procederemos al env\u00edo de su pedido.<\/p>\n<p><strong>ENV\u00cdOS<\/strong><\/p>\n<p>M\u00e8todes de lliurament:<\/p>\n<p>SHIZENNA SL, elegir\u00e1 los medios de entrega y organizar\u00e1 el transporte hasta las instalaciones del cliente.<\/p>\n<p>Plazos de expedici\u00f3n de pedidos<\/p>\n<p>El plazo de expedici\u00f3n es de entre 2 y 10 d\u00edas h\u00e1biles en el caso de tener existencias.<\/p>\n<p>En el sup\u00f2sit que shizenna.com no pugui complir amb aquest termini, el nostre servei d&#8217;atenci\u00f3 al client es posar\u00e0 en contacte amb vost\u00e8, per a comunicar-l&#8217;hi i procedir a la confirmaci\u00f3, canvi o anul\u00b7laci\u00f3 de la comanda. Si hagu\u00e9s efectuat el pagament per avan\u00e7at se li retornar\u00e0 l&#8217;import satisfet de manera immediata.<\/p>\n<p>El plazo de entrega empieza a contar desde la recepci\u00f3n de su pedido.<\/p>\n<p>Cuando consulte una p\u00e1gina de producto en el sitio web, ver\u00e1 indicado el plazo de entrega estimado para cada referencia.<\/p>\n<p>Para las referencias en las que se indica \"Bajo pedido\", recibir\u00e1 un e-mail o una llamada de nuestro Departamento de Atenci\u00f3n al Cliente con el plazo de entrega estimado.<\/p>\n<p>Despeses d&#8217;enviament:<\/p>\n<p>Las tarifas de env\u00edo se calculan en funci\u00f3n del importe del pedido. En el momento de realizar su pedido y antes de confirmar los datos de pago, podr\u00e1 conocer el coste del env\u00edo de los productos incluidos en el carrito de la compra de nuestra tienda online.<\/p>\n<p>Tarifas per a Espa\u00f1a Peninsular y Espa\u00f1a Baleares:<\/p>\n<p>10,60\u20ac para pedidos inferiores a 50\u20ac<\/p>\n<p>Portes gratuitos para pedidos a partir de 50\u20ac<\/p>\n<p>Los env\u00edos a Canarias, Ceuta y Melilla est\u00e1n sujetos a diversos gastos aduaneros e impuestos. El pago de estos, corresponder\u00e1 al cliente. Para m\u00e1s informaci\u00f3n, p\u00f3ngase en contacto con nuestro Departamento Comercial enviando un correo electr\u00f3nico a hola@shizenna.com<\/p>\n<p>S\u00ed entregamos en el extranjero.<\/p>\n<p>El sistema de compra se somete a la legislaci\u00f3n vigente en Espa\u00f1a, por lo tanto las operaciones de venta se entender\u00e1n realizadas en el domicilio de SHIZENNA, S.L .: C \/ TOSCA 32, 2\u00ba \u00b7 08180 MOI\u00c0 (Barcelona).<\/p>\n<p>DEVOLUCIONES<\/p>\n<p>Cualquier art\u00edculo comprado a shizenna.com tiene garant\u00eda total de satisfacci\u00f3n.<\/p>\n<p>Si la causa del cambio del producto se debe a un error nuestro, asumiremos todos los gastos derivados del cambio y posterior env\u00edo del pedido correcto. Al recibir el paquete, se confirmar\u00e1 el buen estado del producto y que efectivamente se trataba de un error por nuestra parte. A continuaci\u00f3n, se proceder\u00e1 al env\u00edo del nuevo producto.<\/p>\n<p>No se admitir\u00e1 ning\u00fan cambio sin previa autorizaci\u00f3n por parte de shizenna.com<\/p>\n<p>En ning\u00fan caso se admitir\u00e1 el cambio o devoluci\u00f3n de aquellos art\u00edculos manipulados por el cliente o recibidos en mal estado.<\/p>\n<p>No olvide verificar la recepci\u00f3n:<\/p>\n<p>El n\u00famero de embalajes<\/p>\n<p>El estado de los embalajes<\/p>\n<p>En caso de falta o defecto:<\/p>\n<p>Haga reservas escritas y precisas en el albar\u00e1n del transportista.<\/p>\n<p>Informi&#8217;ns el m\u00e9s aviat possible.<\/p>\n<p>Le recordamos que indicar la menci\u00f3n \"Conforme salvo examen\" no es v\u00e1lido. Toda reclamaci\u00f3n debe indicarse en el albar\u00e1n del transportista en el momento de la entrega<\/p>\n<p>Para la devoluci\u00f3n del producto o consultas debe ponerse en contacto con nosotros por cualquiera de los siguientes medios:<\/p>\n<p>Por tel\u00e9fono al: 636482001<\/p>\n<p>Por correo electr\u00f3nico: hola@shizenna.com<\/p>\n<p>PRIVACIDAD Y CONFIDENCIALIDAD<\/p>\n<p>Esta p\u00e1gina web utiliza cookies. Obtenga m\u00e1s informaci\u00f3n sobre su uso en el apartado \"Pol\u00edtica de cookies\" de este documento.<\/p>\n<p>De acuerdo con lo establecido en las CONDICIONES GENERALES DE VENTA de nuestros productos las ventas van dirigidas exclusivamente a empresas o profesionales, por lo que usted manifiesta expresamente que en cualquiera de las relaciones que mantenga con SHIZENNA S.L. los datos que nos facilite, y que ser\u00e1n objeto de tratamiento, hacen referencia \u00fanicamente a su actividad empresarial o profesional.<\/p>\n<p>De conformidad con lo dispuesto en la Ley Org\u00e1nica 15\/1999, de Protecci\u00f3n de Datos de Car\u00e1cter Personal (LOPD) y su normativa de desarrollo, el responsable del sitio web, en cumplimiento de lo dispuesto en el art. 5 y 6 de la LOPD, informa a todos los usuarios del sitio web que faciliten o vayan a facilitar sus datos personales, que estos ser\u00e1n incorporados en un fichero automatizado que se encuentra debidamente inscrito en la Agencia Espa\u00f1ola de Protecci\u00f3n de Datos.<\/p>\n<p>Els usuaris, mitjan\u00e7ant la marcaci\u00f3 de la casella, accepten expressament i de manera lliure i inequ\u00edvoca que les seves dades personals siguin tractades per part del prestador per a realitzar les seg\u00fcents finalitats:<\/p>\n<p>Tramitar encargos, solicitudes o cualquier tipo de petici\u00f3n que sea realizada por el usuario a trav\u00e9s de cualquiera de las formas de contacto que se ponen a disposici\u00f3n del usuario en el sitio web de la compa\u00f1\u00eda.<\/p>\n<p>Tramitar los pedidos a trav\u00e9s de la tienda online.<\/p>\n<p>SHIZENNA, SL. no dispone en ning\u00fan momento de los datos relativos a su tarjeta de cr\u00e9dito. Los datos se introducen directamente en una p\u00e1gina web segura de la entidad bancaria que gestiona el pago (pasarela de pago del banco), garantiz\u00e1ndole as\u00ed mayor seguridad y confidencialidad.<\/p>\n<p>SHIZENNA, SL. informa y garantiza expresamente a los usuarios que sus datos personales no ser\u00e1n cedidos en ning\u00fan caso a terceras compa\u00f1\u00edas, y que siempre que fuera a realizarse alg\u00fan tipo de cesi\u00f3n de datos personales, de forma previa, se solicitar\u00eda el consentimiento expreso, informado, e inequ\u00edvoco por parte de los titulares.<\/p>\n<p>Todos los datos solicitados a trav\u00e9s del sitio web son obligatorios, ya que son necesarios para la prestaci\u00f3n de un servicio \u00f3ptimo al usuario. En caso de que no sean facilitados todos los datos, el prestador no garantiza que la informaci\u00f3n y servicios facilitados sean completamente ajustados a sus necesidades.<\/p>\n<p>El prestador garantiza en todo caso al usuario el ejercicio de los derechos de acceso, rectificaci\u00f3n, cancelaci\u00f3n, informaci\u00f3n y oposici\u00f3n, en los t\u00e9rminos dispuestos en la legislaci\u00f3n vigente. Por ello, de conformidad con lo dispuesto en la Ley Org\u00e1nica<\/p>\n<p>15\/1999, de Protecci\u00f3n de Datos de Car\u00e1cter Personal (LOPD) podr\u00e1 ejercer sus derechos remitiendo una solicitud expresa, junto a una copia de su DNI, a trav\u00e9s de los siguientes medios:<\/p>\n<p>E-mail: hola@shizenna.com<\/p>\n<p>Correu Postal: Masia Montbr\u00fa (Casa Shizen&#8217;na) \u00b7 08180 MOI\u00c0 (Barcelona)<\/p>\n<p>Si no desea recibir comunicaciones comerciales de nuestra empresa, le rogamos que nos lo solicite por email a: hola@shizenna.com.<\/p>\n<p>El prestador ha adoptado todas las medidas t\u00e9cnicas y de organizaci\u00f3n necesaria para garantizar la seguridad e integridad de los datos de car\u00e1cter personal que trate, as\u00ed como para evitar su p\u00e9rdida, alteraci\u00f3n y \/ o acceso por parte de terceros no autorizados.<\/p>\n<p>El usuario responder\u00e1, en cualquier caso, de la veracidad de los datos facilitados, reserv\u00e1ndose SHIZENNA, S.L. el derecho a excluir de los servicios registrados a todo usuario que haya facilitado datos falsos, sin perjuicio de emprender aquellas acciones legales que encuentre pertinentes.<\/p>\n<p>Uso de Cookies<\/p>\n<p>El sitio web del prestador puede utilizar cookies (peque\u00f1os archivos de informaci\u00f3n que el servidor env\u00eda al ordenador de quien accede a la p\u00e1gina) para llevar a cabo determinadas funciones que son consideradas imprescindibles para el correcto funcionamiento y visualizaci\u00f3n del sitio. Las cookies utilizadas por el sitio web se asocian \u00fanicamente con un usuario an\u00f3nimo y su ordenador, y no proporcionan por s\u00ed mismas los datos personales del usuario.<\/p>\n<p>Al navegar por esta web el usuario est\u00e1 aceptando que se puedan instalar cookies en su terminal y que nos permiten conocer la siguiente informaci\u00f3n:<\/p>\n<p>Informaci\u00f3n estad\u00edstica del uso de la web.<\/p>\n<p>Tipo de 'cookies' usadas<\/p>\n<p>Esta web utiliza tanto cookies temporales de sesi\u00f3n como cookies permanentes. Las cookies de sesi\u00f3n almacenan datos \u00fanicamente mientras el usuario accede a la web y las cookies permanentes almacenan los datos en el terminal para que sean accedidos y utilizados en m\u00e1s de una sesi\u00f3n.<\/p>\n<p>Seg\u00fan la finalidad para la que se traten los datos obtenidos a trav\u00e9s de las 'cookies', la web puede utilizar:<\/p>\n<p>'Cookies' t\u00e9cnicas<\/p>\n<p>Son aquellas que permiten al usuario la navegaci\u00f3n a trav\u00e9s de la p\u00e1gina web o aplicaci\u00f3n y la utilizaci\u00f3n de las diferentes opciones o servicios que en ella existen. Por ejemplo, controlar el tr\u00e1fico y la comunicaci\u00f3n de datos, identificar la sesi\u00f3n, acceder a las partes web de acceso restringido, recordar los elementos que integran un pedido, realizar la solicitud de inscripci\u00f3n o participaci\u00f3n en un evento, utilizar elementos de seguridad durante la navegaci\u00f3n y almacenar contenidos para la difusi\u00f3n de v\u00eddeos o sonido.<\/p>\n<p>'Cookies' de terceros<\/p>\n<p>En algunas p\u00e1ginas web se pueden instalar cookies de terceros que permiten gestionar y mejorar los servicios ofrecidos. Como por ejemplo, servicios estad\u00edsticos de Google Analytics y Comscore.<\/p>\n<p>L&#8217;usuari t\u00e9 la possibilitat de configurar el seu navegador per a ser avisat de la recepci\u00f3 de &#8216;cookies&#8217; i per a impedir la seva instal\u00b7laci\u00f3 en el seu equip. Si us plau, consulti les instruccions i manuals del seu navegador per a ampliar aquesta informaci\u00f3. A continuaci\u00f3 li facilitem les instruccions dels navegadors m\u00e9s utilitzats.<\/p>\n<p>Para ajustar los permisos relacionados con las cookies en el navegador Google Chrome:<\/p>\n<p>Hacer clic en el men\u00fa situado en la barra de herramientas.<\/p>\n<p>Seleccionar Configuraci\u00f3n.<\/p>\n<p>Hacer clic en Mostrar opciones avanzadas.<\/p>\n<p>En la secci\u00f3n 'Privacidad' hacer clic en el bot\u00f3n Configuraci\u00f3n de contenido.<\/p>\n<p>En la secci\u00f3n de 'Cookies' se pueden configurar las opciones.<\/p>\n<p>Para ajustar los permisos relacionados con las cookies en el navegador Mozilla Firefox:<\/p>\n<p>En la parte superior de la ventana de Firefox hacer clic en el men\u00fa Herramientas.<\/p>\n<p>Seleccionar Opciones.<\/p>\n<p>Seleccionar el panel Privacidad.<\/p>\n<p>En la opci\u00f3n Firefox podr\u00e1 elegir Usar una configuraci\u00f3n personalizada para el historial para configurar las opciones.<\/p>\n<p>Para ajustar los permisos relacionados con las cookies en el navegador Internet Explorer 9:<\/p>\n<p>En la parte superior de la ventana de Internet Explorer hacer clic en el men\u00fa Herramientas.<\/p>\n<p>Seleccionar la pestanya de Seguretat i utilitzar l&#8217;opci\u00f3 Eliminar l&#8217;historial d&#8217;exploraci\u00f3 per a eliminar les &#8216;cookies&#8217;. Activar la casella &#8216;Cookies&#8217; i, a continuaci\u00f3, fer clic a Eliminar.<\/p>\n<p>Seleccionar la pesta\u00f1a de Seguridad y acceder a Configuraci\u00f3n. Mover el control deslizante totalmente hacia arriba para bloquear todas las cookies o totalmente hacia abajo para permitir todas las 'cookies'. Despu\u00e9s de esto, hacer clic en Aceptar.<\/p>\n<p>En caso de bloquear el uso de cookies en su navegador es posible que algunos servicios o funcionalidades de la p\u00e1gina web no est\u00e9n disponibles.<\/p>\n<p>En algunos navegadores se pueden configurar reglas espec\u00edficas para administrar cookies para sitio web, lo que ofrece un control m\u00e1s preciso sobre la privacidad. Esto significa que se puede inhabilitar cookies de todos los lugares excepto de aquellos en los que se conf\u00ede.<\/p>\n<p>INFORMACI\u00d3N DE CONTACTO<\/p>\n<p>El dominio de Internet shizenna.com es propiedad de SHIZENNA, S.L. identificada con el NIF B-67509232. Empresa inscrita en el Registro Mercantil de Barcelona, en el Volumen 47084, al folio 36, Hoja n\u00ba B-540572, Inscripci\u00f3n 1.<\/p>\n<p>Direcci\u00f3n Postal:<\/p>\n<p>Masia Montbr\u00fa (Casa Shizen&#8217;na)<\/p>\n<p>08180 MOI\u00c0<\/p>\n<p>(Barcelona)<\/p>\n<p>Tel\u00e9fono<\/p>\n<p>636482001<\/p>\n<p>Correo electr\u00f3nico:<\/p>\n<p>hola@shizenna.com<\/p>","protected":false},"excerpt":{"rendered":"<p>FORMA DE PAGAMENT Pagament per transfer\u00e8ncia banc\u00e0ria: Una vegada hagi [&hellip;]<\/p>","protected":false},"author":1,"featured_media":0,"parent":0,"menu_order":0,"comment_status":"closed","ping_status":"closed","template":"","meta":{"footnotes":""},"class_list":["post-20924","page","type-page","status-publish","hentry"],"yoast_head":"<!-- This site is optimized with the Yoast SEO plugin v25.8 - https:\/\/yoast.com\/wordpress\/plugins\/seo\/ -->\n<title>Pol\u00edtica de venda - Shizen&#039;na<\/title>\n<meta name=\"description\" content=\"Pol\u00edtica de venta\" \/>\n<meta name=\"robots\" content=\"index, follow, max-snippet:-1, max-image-preview:large, max-video-preview:-1\" \/>\n<link rel=\"canonical\" href=\"https:\/\/www.shizenna.com\/es\/politica-de-venda\/\" \/>\n<meta property=\"og:locale\" content=\"es_ES\" \/>\n<meta property=\"og:type\" content=\"article\" \/>\n<meta property=\"og:title\" content=\"Pol\u00edtica de venda - Shizen&#039;na\" \/>\n<meta property=\"og:description\" content=\"Pol\u00edtica de venta\" \/>\n<meta property=\"og:url\" content=\"https:\/\/www.shizenna.com\/es\/politica-de-venda\/\" \/>\n<meta property=\"og:site_name\" content=\"Shizen&#039;na\" \/>\n<meta property=\"article:modified_time\" content=\"2020-11-12T16:13:36+00:00\" \/>\n<meta name=\"twitter:card\" content=\"summary_large_image\" \/>\n<meta name=\"twitter:label1\" content=\"Tiempo de lectura\" \/>\n\t<meta name=\"twitter:data1\" content=\"10 minutos\" \/>\n<script type=\"application\/ld+json\" class=\"yoast-schema-graph\">{\"@context\":\"https:\/\/schema.org\",\"@graph\":[{\"@type\":\"WebPage\",\"@id\":\"https:\/\/www.shizenna.com\/en\/politica-de-venda\/\",\"url\":\"https:\/\/www.shizenna.com\/en\/politica-de-venda\/\",\"name\":\"Pol\u00edtica de venda - Shizen&#039;na\",\"isPartOf\":{\"@id\":\"https:\/\/www.shizenna.com\/#website\"},\"datePublished\":\"2020-09-03T03:35:45+00:00\",\"dateModified\":\"2020-11-12T16:13:36+00:00\",\"description\":\"Pol\u00edtica de venda|Pol\u00edtica de venta\",\"inLanguage\":\"es\",\"potentialAction\":[{\"@type\":\"ReadAction\",\"target\":[\"https:\/\/www.shizenna.com\/en\/politica-de-venda\/\"]}]},{\"@type\":\"WebSite\",\"@id\":\"https:\/\/www.shizenna.com\/#website\",\"url\":\"https:\/\/www.shizenna.com\/\",\"name\":\"Shizen&#039;na\",\"description\":\"Respira 100% natural\",\"potentialAction\":[{\"@type\":\"SearchAction\",\"target\":{\"@type\":\"EntryPoint\",\"urlTemplate\":\"https:\/\/www.shizenna.com\/?s={search_term_string}\"},\"query-input\":{\"@type\":\"PropertyValueSpecification\",\"valueRequired\":true,\"valueName\":\"search_term_string\"}}],\"inLanguage\":\"es\"}]}<\/script>\n<!-- \/ Yoast SEO plugin. -->","yoast_head_json":{"title":"Pol\u00edtica de venda - Shizen&#039;na","description":"Pol\u00edtica de venta","robots":{"index":"index","follow":"follow","max-snippet":"max-snippet:-1","max-image-preview":"max-image-preview:large","max-video-preview":"max-video-preview:-1"},"canonical":"https:\/\/www.shizenna.com\/es\/politica-de-venda\/","og_locale":"es_ES","og_type":"article","og_title":"Pol\u00edtica de venda - Shizen&#039;na","og_description":"Pol\u00edtica de venta","og_url":"https:\/\/www.shizenna.com\/es\/politica-de-venda\/","og_site_name":"Shizen&#039;na","article_modified_time":"2020-11-12T16:13:36+00:00","twitter_card":"summary_large_image","twitter_misc":{"Tiempo de lectura":"10 minutos"},"schema":{"@context":"https:\/\/schema.org","@graph":[{"@type":"WebPage","@id":"https:\/\/www.shizenna.com\/en\/politica-de-venda\/","url":"https:\/\/www.shizenna.com\/en\/politica-de-venda\/","name":"Pol\u00edtica de venda - Shizen&#039;na","isPartOf":{"@id":"https:\/\/www.shizenna.com\/#website"},"datePublished":"2020-09-03T03:35:45+00:00","dateModified":"2020-11-12T16:13:36+00:00","description":"Pol\u00edtica de venda|Pol\u00edtica de venta","inLanguage":"es","potentialAction":[{"@type":"ReadAction","target":["https:\/\/www.shizenna.com\/en\/politica-de-venda\/"]}]},{"@type":"WebSite","@id":"https:\/\/www.shizenna.com\/#website","url":"https:\/\/www.shizenna.com\/","name":"Shizen&#039;na","description":"Respira 100% natural","potentialAction":[{"@type":"SearchAction","target":{"@type":"EntryPoint","urlTemplate":"https:\/\/www.shizenna.com\/?s={search_term_string}"},"query-input":{"@type":"PropertyValueSpecification","valueRequired":true,"valueName":"search_term_string"}}],"inLanguage":"es"}]}},"_links":{"self":[{"href":"https:\/\/www.shizenna.com\/es\/wp-json\/wp\/v2\/pages\/20924","targetHints":{"allow":["GET"]}}],"collection":[{"href":"https:\/\/www.shizenna.com\/es\/wp-json\/wp\/v2\/pages"}],"about":[{"href":"https:\/\/www.shizenna.com\/es\/wp-json\/wp\/v2\/types\/page"}],"author":[{"embeddable":true,"href":"https:\/\/www.shizenna.com\/es\/wp-json\/wp\/v2\/users\/1"}],"replies":[{"embeddable":true,"href":"https:\/\/www.shizenna.com\/es\/wp-json\/wp\/v2\/comments?post=20924"}],"version-history":[{"count":4,"href":"https:\/\/www.shizenna.com\/es\/wp-json\/wp\/v2\/pages\/20924\/revisions"}],"predecessor-version":[{"id":22850,"href":"https:\/\/www.shizenna.com\/es\/wp-json\/wp\/v2\/pages\/20924\/revisions\/22850"}],"wp:attachment":[{"href":"https:\/\/www.shizenna.com\/es\/wp-json\/wp\/v2\/media?parent=20924"}],"curies":[{"name":"wp","href":"https:\/\/api.w.org\/{rel}","templated":true}]}}