{"id":3,"date":"2020-08-18T16:54:00","date_gmt":"2020-08-18T16:54:00","guid":{"rendered":"https:\/\/www.shizenna.com\/?page_id=3"},"modified":"2020-10-29T14:04:18","modified_gmt":"2020-10-29T13:04:18","slug":"politica-de-privacitat","status":"publish","type":"page","link":"https:\/\/www.shizenna.com\/es\/politica-de-privacitat\/","title":{"rendered":"Pol\u00edtica de privacidad"},"content":{"rendered":"<p><strong>AVISO LEGAL<\/strong><\/p>\n<p>OBJETO<\/p>\n<p>El prestador, responsable del sitio web, pone a disposici\u00f3n de los usuarios el presente documento con el que pretende dar cumplimiento a las obligaciones dispuestas en la Ley 34\/2002, de Servicios de la Sociedad de la Informaci\u00f3n y del Comercio Electr\u00f3nico (LSSI-CE ), as\u00ed como informar a todos los usuarios del sitio web respecto a cu\u00e1les son las condiciones de uso del sitio web.<\/p>\n<p>Toda persona que acceda a este sitio web asume el papel de usuario, comprometi\u00e9ndose a la observancia y cumplimiento riguroso de las disposiciones aqu\u00ed dispuestas, as\u00ed como cualquier otra disposici\u00f3n legal que fuera aplicable.<\/p>\n<p>Este sitio web ha sido revisado y probado para que funcione correctamente. En principio, puede garantizarse el correcto funcionamiento los 365 d\u00edas del a\u00f1o, 24 horas al d\u00eda. Sin embargo, el prestador no descarta la posibilidad de que existan ciertos errores de programaci\u00f3n, o que acontezcan causas de fuerza mayor, cat\u00e1strofes naturales, huelgas, o circunstancias semejantes que hagan imposible el acceso a la p\u00e1gina web.<\/p>\n<p><strong>PROTECCION DE DATOS PERSONALES<\/strong><\/p>\n<p>De conformidad con lo dispuesto en la Ley Org\u00e1nica 15\/1999, de Protecci\u00f3n de Datos de Car\u00e1cter Personal (LOPD) y su normativa de desarrollo, el responsable del sitio web, en cumplimiento de lo dispuesto en el art. 5 y 6 de la LOPD, informa a todos los usuarios del sitio web que faciliten o vayan a facilitar sus datos personales, que estos ser\u00e1n incorporados en un fichero automatizado que se encuentra debidamente inscrito en la Agencia Espa\u00f1ola de Protecci\u00f3n de Datos.<\/p>\n<p>Los usuarios, mediante la marcaci\u00f3n de la casilla, aceptan expresamente y de manera libre e inequ\u00edvoca que sus datos personales sean tratados por parte del prestador para realizar las siguientes finalidades:<\/p>\n<ol>\n<li>Tramitar encargos, solicitudes o cualquier tipo de petici\u00f3n que sea realizada por el usuario a trav\u00e9s de cualquiera de las formas de contacto que se ponen a disposici\u00f3n del usuario en el sitio web de la compa\u00f1\u00eda.<\/li>\n<li>Tramitar los pedidos a trav\u00e9s de la tienda online.<\/li>\n<\/ol>\n<p>El prestador informa y garantiza expresamente a los usuarios que sus datos personales no ser\u00e1n cedidos en ning\u00fan caso a terceras compa\u00f1\u00edas, y que siempre que fuera a realizarse alg\u00fan tipo de cesi\u00f3n de datos personales, de forma previa, se solicitar\u00eda el consentimiento expreso, informado, e inequ\u00edvoco por parte de los titulares.<\/p>\n<p>Todos los datos solicitados a trav\u00e9s del sitio web son obligatorios, ya que son necesarios para la prestaci\u00f3n de un servicio \u00f3ptimo al usuario. En caso de que no sean facilitados todos los datos, el prestador no garantiza que la informaci\u00f3n y servicios facilitados sean completamente ajustados a sus necesidades.<\/p>\n<p>El prestador garantiza en todo caso al usuario el ejercicio de los derechos de acceso, rectificaci\u00f3n, cancelaci\u00f3n, informaci\u00f3n y oposici\u00f3n, en los t\u00e9rminos dispuestos en la legislaci\u00f3n vigente. Por ello, de conformidad con lo dispuesto en la Ley Org\u00e1nica 15\/1999, de Protecci\u00f3n de Datos de Car\u00e1cter Personal (LOPD) podr\u00e1 ejercer sus derechos remitiendo una solicitud expresa, junto a una copia de su DNI, a trav\u00e9s de los siguientes medios:<\/p>\n<ol>\n<li>E-mail: hola@shizenna.com<\/li>\n<li>Correu Postal: Masia Montbr\u00fa (Casa Shizen&#8217;na) 08180 MOI\u00c0<\/li>\n<\/ol>\n<p>Si no desea recibir comunicaciones comerciales de nuestra empresa, le rogamos que nos lo solicite por email a: hola@shizenna.com.<\/p>\n<p>El prestador ha adoptado todas las medidas t\u00e9cnicas y de organizaci\u00f3n necesaria para garantizar la seguridad e integridad de los datos de car\u00e1cter personal que trate, as\u00ed como para evitar su p\u00e9rdida, alteraci\u00f3n y \/ o acceso por parte de terceros no autorizados.<\/p>\n<p>El usuario responder\u00e1, en cualquier caso, de la veracidad de los datos facilitados, reserv\u00e1ndose SHIZENNA, S.L. el derecho a excluir de los servicios registrados a todo usuario que haya facilitado datos falsos, sin perjuicio de emprender aquellas acciones legales que encuentre pertinentes.<\/p>\n<p><strong>USO DE COOKIES<\/strong><\/p>\n<p>El sitio web del prestador puede utilizar cookies (peque\u00f1os archivos de informaci\u00f3n que el servidor env\u00eda al ordenador de quien accede a la p\u00e1gina) para llevar a cabo determinadas funciones que son consideradas imprescindibles para el correcto funcionamiento y visualizaci\u00f3n del sitio. Las cookies utilizadas por el sitio web se asocian \u00fanicamente con un usuario an\u00f3nimo y su ordenador, y no proporcionan por s\u00ed mismas los datos personales del usuario.<\/p>\n<p>Al navegar por esta web el usuario est\u00e1 aceptando que se puedan instalar cookies en su terminal y que nos permiten conocer la siguiente informaci\u00f3n:<\/p>\n<p>Informaci\u00f3n estad\u00edstica del uso de la web.<\/p>\n<h5>Tipo de 'cookies' usadas<\/h5>\n<p>Esta web utiliza tanto cookies temporales de sesi\u00f3n como cookies permanentes. Las cookies de sesi\u00f3n almacenan datos \u00fanicamente mientras el usuario accede a la web y las cookies permanentes almacenan los datos en el terminal para que sean accedidos y utilizados en m\u00e1s de una sesi\u00f3n.<\/p>\n<p>Seg\u00fan la finalidad para la que se traten los datos obtenidos a trav\u00e9s de las 'cookies', la web puede utilizar:<\/p>\n<h5>'Cookies' t\u00e9cnicas<\/h5>\n<p>Son aquellas que permiten al usuario la navegaci\u00f3n a trav\u00e9s de la p\u00e1gina web o aplicaci\u00f3n y la utilizaci\u00f3n de las diferentes opciones o servicios que en ella existen. Por ejemplo, controlar el tr\u00e1fico y la comunicaci\u00f3n de datos, identificar la sesi\u00f3n, acceder a las partes web de acceso restringido, recordar los elementos que integran un pedido, realizar la solicitud de inscripci\u00f3n o participaci\u00f3n en un evento, utilizar elementos de seguridad durante la navegaci\u00f3n y almacenar contenidos para la difusi\u00f3n de v\u00eddeos o sonido.<\/p>\n<h5>'Cookies' de terceros<\/h5>\n<p>En algunas p\u00e1ginas web se pueden instalar cookies de terceros que permiten gestionar y mejorar los servicios ofrecidos. Como por ejemplo, servicios estad\u00edsticos de Google Analytics y Comscore.<\/p>\n<p>El usuario tiene la posibilidad de configurar su navegador para ser avisado de la recepci\u00f3n de cookies y para impedir su instalaci\u00f3n en su equipo. Por favor, consulte las instrucciones y manuales de su navegador para ampliar esta informaci\u00f3n. A continuaci\u00f3n le facilitamos las instrucciones de los navegadores m\u00e1s utilizados.<\/p>\n<p>Para ajustar los permisos relacionados con las cookies en el navegador Google Chrome:<\/p>\n<p>Hacer clic en el men\u00fa situado en la barra de herramientas.<\/p>\n<p>Seleccionar Configuraci\u00f3n.<\/p>\n<p>Hacer clic en Mostrar opciones avanzadas.<\/p>\n<p>En la secci\u00f3n 'Privacidad' hacer clic en el bot\u00f3n Configuraci\u00f3n de contenido.<\/p>\n<p>En la secci\u00f3n de 'Cookies' se pueden configurar las opciones.<\/p>\n<p>Para ajustar los permisos relacionados con las cookies en el navegador Mozilla Firefox:<\/p>\n<p>En la parte superior de la ventana de Firefox hacer clic en el men\u00fa Herramientas.<\/p>\n<p>Seleccionar Opciones.<\/p>\n<p>Seleccionar el panel Privacidad.<\/p>\n<p>En la opci\u00f3n Firefox podr\u00e1 elegir Usar una configuraci\u00f3n personalizada para el historial para configurar las opciones.<\/p>\n<p>Para ajustar los permisos relacionados con las cookies en el navegador Internet Explorer 9:<\/p>\n<p>En la parte superior de la ventana de Internet Explorer hacer clic en el men\u00fa Herramientas.<\/p>\n<p>Seleccionar la pesta\u00f1a de Seguridad y utilizar la opci\u00f3n Eliminar el historial de exploraci\u00f3n para eliminar las 'cookies'. Activar la casilla 'Cookies' y, a continuaci\u00f3n,<\/p>\n<p>hacer clic en Eliminar.<\/p>\n<p>Seleccionar la pesta\u00f1a de Seguridad y acceder a Configuraci\u00f3n. Mover el control deslizante totalmente hacia arriba para bloquear todas las cookies o totalmente hacia abajo para permitir todas las 'cookies'. Despu\u00e9s de esto, hacer clic en Aceptar.<\/p>\n<p>En caso de bloquear el uso de cookies en su navegador es posible que algunos servicios o funcionalidades de la p\u00e1gina web no est\u00e9n disponibles.<\/p>\n<p>En algunos navegadores se pueden configurar reglas espec\u00edficas para administrar cookies para sitio web, lo que ofrece un control m\u00e1s preciso sobre la privacidad. Esto significa que se puede inhabilitar cookies de todos los lugares excepto de aquellos en los que se conf\u00ede.<\/p>\n<p><strong>PROPIEDAD INTELECTUAL E INDUSTRIAL<\/strong><\/p>\n<p>El sitio web, incluyendo a t\u00edtulo enunciativo pero no limitativo su programaci\u00f3n, edici\u00f3n, compilaci\u00f3n y dem\u00e1s elementos necesarios para su funcionamiento, los dise\u00f1os, logotipos, texto y \/ o gr\u00e1ficos son propiedad del prestador o en su caso dispone de licencia o autorizaci\u00f3n expresa por parte de los autores. Todos los contenidos del sitio web se encuentran debidamente protegidos por la normativa de propiedad intelectual e industrial, as\u00ed como inscritos en los registros p\u00fablicos correspondientes.<\/p>\n<p>Independientemente de la finalidad para la que fueran destinados, la reproducci\u00f3n total o parcial, uso, explotaci\u00f3n, distribuci\u00f3n y comercializaci\u00f3n, requiere en todo caso de la autorizaci\u00f3n escrita previa por parte del prestador. Cualquier uso no autorizado previamente por parte del prestador ser\u00e1 considerado un incumplimiento grave de los derechos de propiedad intelectual o industrial del autor.<\/p>\n<p>Los dise\u00f1os, logotipos, texto y \/ o gr\u00e1ficos ajenos al prestador y que pudieran aparecer en el sitio web, pertenecen a sus respectivos propietarios, siendo ellos mismos responsables de cualquier posible controversia que pudiera suscitarse respecto a los mismos. En todo caso, el prestador cuenta con la autorizaci\u00f3n expresa y previa por parte de estos.<\/p>\n<p>El prestador no autoriza expresamente a que terceros puedan redirigir directamente a los contenidos concretos del sitio web, debiendo en todo caso redirigir al sitio web principal del prestador.<\/p>\n<p>El prestador reconoce a favor de sus titulares los correspondientes derechos de propiedad industrial e intelectual, no implicando su sola menci\u00f3n o aparici\u00f3n en el sitio web la existencia de derechos o responsabilidad del prestador sobre los mismos, como tampoco respaldo, patrocinio o recomendaci\u00f3n por parte de este.<\/p>\n<p>Para realizar cualquier tipo de observaci\u00f3n respecto a posibles incumplimientos de los derechos de propiedad intelectual o industrial, as\u00ed como sobre cualquiera de los contenidos del sitio web, puede hacerlo a trav\u00e9s del siguiente correo electr\u00f3nico: hola@shizenna.com<\/p>\n<p><strong>LEY APLICABLE Y JURISDICCI\u00d3N<\/strong><\/p>\n<p>Para la resoluci\u00f3n de todas las controversias o cuestiones relacionadas con el presente sitio web o de las actividades en \u00e9l desarrolladas, ser\u00e1 de aplicaci\u00f3n la legislaci\u00f3n espa\u00f1ola, a la que se someten expresamente las partes, siendo competentes para la resoluci\u00f3n de todos los conflictos derivados o relacionados con su uso los Juzgados y Tribunales de Barcelona.<\/p>\n<p>&nbsp;<\/p>\n<h4>T\u00c9RMINOS Y CONDICIONES<\/h4>\n<p><strong>APARTADO CONDICIONES DE USO.<\/strong><\/p>\n<p>Las ventas en este website van dirigidas a particulares, empresas o profesionales.<\/p>\n<p>Se deber\u00e1 marcar una casilla aceptando las condiciones de uso para proceder a realizar la compra.<\/p>\n<p>Condiciones de uso<\/p>\n<p>Al registrarse en shizenna.com usted acepta sus condiciones de uso.<\/p>\n<p>El uso de los servicios de shizenna.com despu\u00e9s de haberse publicado las modificaciones en las condiciones de uso supone la aceptaci\u00f3n de estas. En el caso de no aceptar estas modificaciones, por favor d\u00e9 de baja su cuenta de usuario registrado de shizenna.com, enviando un correo electr\u00f3nico a hola@shizenna.com indicando que desea darse de baja del servicio.<\/p>\n<p>Identif\u00edquese como cliente<\/p>\n<p>Puede registrarse como cliente en un primer momento desde su Cuenta. Desde ese momento podr\u00e1 realizar compras y adem\u00e1s recibir comunicaciones comerciales. En cualquier momento, si no desea recibir comunicaciones comerciales de nuestra empresa puede enviarnos un mail solicit\u00e1ndolo a: hola@shizenna.com.<\/p>\n<p>Si no desea registrarse con una cuenta de usuario en el sitio web, usted puede realizar la compra como Usuario Invitado.<\/p>\n<p>Vea la pol\u00edtica de privacidad y confidencialidad de shizenna.com para conocer sobre el tratamiento de sus datos personales y el uso de cookies en nuestra web.<\/p>\n<p>Como selccionar el producto<\/p>\n<p>No tiene m\u00e1s que seleccionar el art\u00edculo que desee, la cantidad, tama\u00f1o ... y pulsar en el bot\u00f3n de \"Comprar\". En cada producto se indica el precio sin el IVA incluido.<\/p>\n<p>Durante el proceso de compra tiene la posibilidad de modificar el contenido del carrito. Puede eliminar art\u00edculos, a\u00f1adir nuevos o modificar la cantidad solicitada.<\/p>\n<p>Como eliminar uno o varios art\u00edculos del carrete<\/p>\n<p>En la parte derecha de cada l\u00ednea de los art\u00edculos encontrar\u00e1 el icono de \"Eliminar\" el producto, bastar\u00e1 que haga clic en el icono en cada uno de los art\u00edculos que desee suprimir, y se actualizar\u00e1 el importe de su compra.<\/p>\n<p>Como modificar la cantidad de un art\u00edculo<\/p>\n<p>En el apartado de las cantidades bastar\u00e1 que introduzca la nueva cantidad, y se actualizar\u00e1 el importe de su compra.<\/p>\n<p>Como a\u00f1adir un nuevo producto al carrete<\/p>\n<p>Despu\u00e9s de haber introducido art\u00edculos en su carrito, puede pulsar la opci\u00f3n \"Continuar comprando\", que le devolver\u00e1 a la p\u00e1gina principal de shizenna.com. Seleccionando el art\u00edculo que desee y pulsando \"Comprar\" lo introducir\u00e1 en su carrito.<\/p>\n<p>Una vez elegidos los productos, premio \"tramitar pedido\".<\/p>\n<p>Como escoger una direcci\u00f3n<\/p>\n<p>En la pantalla que visualizar\u00e1 tras confirmar los art\u00edculos que quiera adquirir, tendr\u00e1 dos espacios para introducir la Direcci\u00f3n de facturaci\u00f3n y la Direcci\u00f3n de entrega. Estas dos direcciones ser\u00e1n diferentes si desea enviar el producto a una direcci\u00f3n diferente a la de facturaci\u00f3n. En este caso deber\u00e1 introducir como direcci\u00f3n de entrega aquella donde desee que env\u00eden su compra y como direcci\u00f3n de facturaci\u00f3n indicar\u00e1 su direcci\u00f3n fiscal.<\/p>\n<p>Tomaremos por defecto la informaci\u00f3n de entrega y facturaci\u00f3n que haya indicado en su cuenta de usuario. Sin embargo al realizar cada una de sus compras se le pedir\u00e1 confirmaci\u00f3n de las direcciones tomadas por defecto. Si fuera necesario, puede modificarlas en el acto.<\/p>\n<p>Contenidos e informaci\u00f3n suministrada en el web site<\/p>\n<p>shizenna.com se reserva el derecho a modificar la oferta comercial presentada en el web site (modificaciones sobre productos, precios, promociones y otras condiciones comerciales y de servicio) en cualquier momento.<\/p>\n<p>Hacemos todos los esfuerzos para ofrecer la informaci\u00f3n contenida en el web site de forma veraz y sin errores tipogr\u00e1ficos. En caso de que en alg\u00fan momento se produjera alg\u00fan error de este tipo, ajeno en todo momento a la voluntad de SHIZENNA SL, se proceder\u00eda inmediatamente a su correcci\u00f3n. De existir un error tipogr\u00e1fico en alguno de los precios mostrados y alg\u00fan cliente hubiera tomado una decisi\u00f3n de compra basada en dicho error, le comunicaremos al cliente dicho error y tendr\u00e1 el derecho a rescindir su compra sin ning\u00fan coste por su parte.<\/p>\n<p>El web site de shizenna.com, as\u00ed como los correos electr\u00f3nicos que usted recibe de shizenna.com contienen material protegido por derechos de autor. Usted acepta que no adquiere la propiedad de este material protegido por el mero hecho de bajar (download) del web site de shizenna.com informaci\u00f3n protegida bajo los derechos de autor o copyright. SHIZENNA S.L. es due\u00f1o y posee la propiedad en la selecci\u00f3n, coordinaci\u00f3n, disposici\u00f3n y modificaci\u00f3n del contenido publicado en el sitio web, as\u00ed como en sus originales.<\/p>\n<p>Los usuarios de la web shizenna.com actuaran de manera responsable y utilizaran las herramientas que proporciona shizenna.com de manera correcta y legalmente. Si shizenna.com determina que alguno de los usuarios no est\u00e1 utilizando de manera responsable las herramientas que provee, shizenna.com estar\u00e1 facultado para censurar, editar o bloquear todo tipo de transmisiones de informaci\u00f3n de este usuario o uso del sistema de shizenna.com.<\/p>\n<p><strong>PRECIOS<\/strong><\/p>\n<p>Los precios publicados en este web site est\u00e1n indicados sin IVA incluido y con el IVA incluido. En el momento de realizar el pedido incluir\u00e1 el precio total con los gastos e impuestos que correspondan. Todas las ventas se realizan con su correspondiente factura.<\/p>\n<p>Salvo acuerdo escrito que indique lo contrario, los productos son entregados como \"En f\u00e1brica\" (Ex-works), tal y como este t\u00e9rmino se define en los Incoterms 2010.<\/p>\n<p>Denominaci\u00f3n Social: SHIZENNA SL<\/p>\n<p>Domicilio Social: c\/ Tosca 32, 2o \u00b7 08180 MOI\u00c0<\/p>\n<p>CIF: B67509232<\/p>\n<p>Tel\u00e9fono: (+34) 636482001<\/p>\n<p>e-mail: hola@shizenna.com<\/p>\n<p>Inscrita en el Registro Mercantil de Barcelona<\/p>","protected":false},"excerpt":{"rendered":"<p>AV\u00cdS LEGAL OBJECTE El prestador, responsable del lloc web, posa [&hellip;]<\/p>","protected":false},"author":1,"featured_media":0,"parent":0,"menu_order":0,"comment_status":"closed","ping_status":"closed","template":"","meta":{"footnotes":""},"class_list":["post-3","page","type-page","status-publish","hentry"],"yoast_head":"<!-- This site is optimized with the Yoast SEO plugin v25.8 - https:\/\/yoast.com\/wordpress\/plugins\/seo\/ -->\n<title>Pol\u00edtica de privacitat - Shizen&#039;na<\/title>\n<meta name=\"description\" content=\"Pol\u00edtica de privacidad\" \/>\n<meta name=\"robots\" content=\"index, follow, max-snippet:-1, max-image-preview:large, max-video-preview:-1\" \/>\n<link rel=\"canonical\" href=\"https:\/\/www.shizenna.com\/es\/politica-de-privacitat\/\" \/>\n<meta property=\"og:locale\" content=\"es_ES\" \/>\n<meta property=\"og:type\" content=\"article\" \/>\n<meta property=\"og:title\" content=\"Pol\u00edtica de privacitat - Shizen&#039;na\" \/>\n<meta property=\"og:description\" content=\"Pol\u00edtica de privacidad\" \/>\n<meta property=\"og:url\" content=\"https:\/\/www.shizenna.com\/es\/politica-de-privacitat\/\" \/>\n<meta property=\"og:site_name\" content=\"Shizen&#039;na\" \/>\n<meta property=\"article:modified_time\" content=\"2020-10-29T13:04:18+00:00\" \/>\n<meta name=\"twitter:card\" content=\"summary_large_image\" \/>\n<meta name=\"twitter:label1\" content=\"Tiempo de lectura\" \/>\n\t<meta name=\"twitter:data1\" content=\"13 minutos\" \/>\n<script type=\"application\/ld+json\" class=\"yoast-schema-graph\">{\"@context\":\"https:\/\/schema.org\",\"@graph\":[{\"@type\":\"WebPage\",\"@id\":\"https:\/\/www.shizenna.com\/politica-de-privacitat\/\",\"url\":\"https:\/\/www.shizenna.com\/politica-de-privacitat\/\",\"name\":\"Pol\u00edtica de privacitat - Shizen&#039;na\",\"isPartOf\":{\"@id\":\"https:\/\/www.shizenna.com\/#website\"},\"datePublished\":\"2020-08-18T16:54:00+00:00\",\"dateModified\":\"2020-10-29T13:04:18+00:00\",\"description\":\"Pol\u00edtica de privacitat|Pol\u00edtica de privacidad\",\"inLanguage\":\"es\",\"potentialAction\":[{\"@type\":\"ReadAction\",\"target\":[\"https:\/\/www.shizenna.com\/politica-de-privacitat\/\"]}]},{\"@type\":\"WebSite\",\"@id\":\"https:\/\/www.shizenna.com\/#website\",\"url\":\"https:\/\/www.shizenna.com\/\",\"name\":\"Shizen&#039;na\",\"description\":\"Respira 100% natural\",\"potentialAction\":[{\"@type\":\"SearchAction\",\"target\":{\"@type\":\"EntryPoint\",\"urlTemplate\":\"https:\/\/www.shizenna.com\/?s={search_term_string}\"},\"query-input\":{\"@type\":\"PropertyValueSpecification\",\"valueRequired\":true,\"valueName\":\"search_term_string\"}}],\"inLanguage\":\"es\"}]}<\/script>\n<!-- \/ Yoast SEO plugin. -->","yoast_head_json":{"title":"Pol\u00edtica de privacitat - Shizen&#039;na","description":"Pol\u00edtica de privacidad","robots":{"index":"index","follow":"follow","max-snippet":"max-snippet:-1","max-image-preview":"max-image-preview:large","max-video-preview":"max-video-preview:-1"},"canonical":"https:\/\/www.shizenna.com\/es\/politica-de-privacitat\/","og_locale":"es_ES","og_type":"article","og_title":"Pol\u00edtica de privacitat - Shizen&#039;na","og_description":"Pol\u00edtica de privacidad","og_url":"https:\/\/www.shizenna.com\/es\/politica-de-privacitat\/","og_site_name":"Shizen&#039;na","article_modified_time":"2020-10-29T13:04:18+00:00","twitter_card":"summary_large_image","twitter_misc":{"Tiempo de lectura":"13 minutos"},"schema":{"@context":"https:\/\/schema.org","@graph":[{"@type":"WebPage","@id":"https:\/\/www.shizenna.com\/politica-de-privacitat\/","url":"https:\/\/www.shizenna.com\/politica-de-privacitat\/","name":"Pol\u00edtica de privacitat - Shizen&#039;na","isPartOf":{"@id":"https:\/\/www.shizenna.com\/#website"},"datePublished":"2020-08-18T16:54:00+00:00","dateModified":"2020-10-29T13:04:18+00:00","description":"Pol\u00edtica de privacitat|Pol\u00edtica de privacidad","inLanguage":"es","potentialAction":[{"@type":"ReadAction","target":["https:\/\/www.shizenna.com\/politica-de-privacitat\/"]}]},{"@type":"WebSite","@id":"https:\/\/www.shizenna.com\/#website","url":"https:\/\/www.shizenna.com\/","name":"Shizen&#039;na","description":"Respira 100% natural","potentialAction":[{"@type":"SearchAction","target":{"@type":"EntryPoint","urlTemplate":"https:\/\/www.shizenna.com\/?s={search_term_string}"},"query-input":{"@type":"PropertyValueSpecification","valueRequired":true,"valueName":"search_term_string"}}],"inLanguage":"es"}]}},"_links":{"self":[{"href":"https:\/\/www.shizenna.com\/es\/wp-json\/wp\/v2\/pages\/3","targetHints":{"allow":["GET"]}}],"collection":[{"href":"https:\/\/www.shizenna.com\/es\/wp-json\/wp\/v2\/pages"}],"about":[{"href":"https:\/\/www.shizenna.com\/es\/wp-json\/wp\/v2\/types\/page"}],"author":[{"embeddable":true,"href":"https:\/\/www.shizenna.com\/es\/wp-json\/wp\/v2\/users\/1"}],"replies":[{"embeddable":true,"href":"https:\/\/www.shizenna.com\/es\/wp-json\/wp\/v2\/comments?post=3"}],"version-history":[{"count":2,"href":"https:\/\/www.shizenna.com\/es\/wp-json\/wp\/v2\/pages\/3\/revisions"}],"predecessor-version":[{"id":22673,"href":"https:\/\/www.shizenna.com\/es\/wp-json\/wp\/v2\/pages\/3\/revisions\/22673"}],"wp:attachment":[{"href":"https:\/\/www.shizenna.com\/es\/wp-json\/wp\/v2\/media?parent=3"}],"curies":[{"name":"wp","href":"https:\/\/api.w.org\/{rel}","templated":true}]}}