{"id":20100,"date":"2020-08-21T19:01:00","date_gmt":"2020-08-21T17:01:00","guid":{"rendered":"https:\/\/www.shizenna.com\/?post_type=product&#038;p=20100"},"modified":"2026-03-03T10:03:34","modified_gmt":"2026-03-03T09:03:34","slug":"oto-car","status":"publish","type":"product","link":"https:\/\/www.shizenna.com\/es\/producto\/oto-car\/","title":{"rendered":"OTO CAR"},"content":{"rendered":"<p>Peque\u00f1o y sencillo difusor de esencias para coche absolutamente silencioso, para disfrutar el aroma deseada en el veh\u00edculo sin obstaculizar las conversaciones o la m\u00fasica.<\/p>\n<p>En verter unas gotas de aceite esencial puro de Shizen'na, el difusor OTO CAR se coloca en las tomas de aire y se encarga de difundir el olor con su propio ventilador.<\/p>\n<p>Funciona sin pilas ni electricidad por cable, s\u00f3lo a trav\u00e9s del propio aire del veh\u00edculo.<\/p>\n<p>Dimensiones: 82mm ancho x 14mm di\u00e1metro<\/p>\n<ul>\n<li>Funciona autom\u00e1ticamente poniendo el clip en la salida de aire del veh\u00edculo - Peso 19gr<\/li>\n<li>Para todos los aceites Shizen\u2019na de 10ml (Se puede a\u00f1adir cualquier aroma de la colecci\u00f3n, pero el difusor va acompa\u00f1ado originalmente de una botella de 4ml de Bergamot)<\/li>\n<\/ul>\n<p>&nbsp;<\/p>\n<p>&nbsp;<\/p>","protected":false},"excerpt":{"rendered":"<p><span data-sheets-value=\"{&quot;1&quot;:2,&quot;2&quot;:&quot;Petit i senzill difusor per a cotxe absolutament silenci\u00f3s, per a obtenir l'aroma desitjat en el vehicle sense obstaculitzar les converses o la m\u00fasica.&quot;}\" data-sheets-userformat=\"{&quot;2&quot;:15105,&quot;3&quot;:{&quot;1&quot;:0},&quot;11&quot;:4,&quot;12&quot;:0,&quot;14&quot;:{&quot;1&quot;:2,&quot;2&quot;:8289386},&quot;15&quot;:&quot;Arial&quot;,&quot;16&quot;:9}\">Peque\u00f1o y sencillo difusor de esencias para coche absolutamente silencioso, para disfrutar el aroma deseado en el veh\u00edculo sin obstaculizar las conversaciones o la m\u00fasica.\u00a0<\/span><\/p>","protected":false},"featured_media":23777,"template":"","meta":[],"product_brand":[],"product_cat":[194,195],"product_tag":[],"class_list":{"0":"post-20100","1":"product","2":"type-product","3":"status-publish","4":"has-post-thumbnail","6":"product_cat-difusors","7":"product_cat-personal","8":"product-grid-view","10":"first","11":"instock","12":"taxable","13":"shipping-taxable","14":"purchasable","15":"product-type-simple"},"yoast_head":"<!-- This site is optimized with the Yoast SEO plugin v25.8 - https:\/\/yoast.com\/wordpress\/plugins\/seo\/ -->\n<title>OTO CAR - Shizen&#039;na<\/title>\n<meta name=\"description\" content=\"Difusor d&#039;ess\u00e8ncies per a cotxe absolutament silenci\u00f3s, per a obtenir l&#039;aroma desitjat sense obstaculitzar les converses o la m\u00fasica.\" \/>\n<meta name=\"robots\" content=\"index, follow, max-snippet:-1, max-image-preview:large, max-video-preview:-1\" \/>\n<link rel=\"canonical\" href=\"https:\/\/www.shizenna.com\/es\/producto\/oto-car\/\" \/>\n<meta property=\"og:locale\" content=\"es_ES\" \/>\n<meta property=\"og:type\" content=\"article\" \/>\n<meta property=\"og:title\" content=\"OTO CAR - Shizen&#039;na\" \/>\n<meta property=\"og:description\" content=\"Difusor d&#039;ess\u00e8ncies per a cotxe absolutament silenci\u00f3s, per a obtenir l&#039;aroma desitjat sense obstaculitzar les converses o la m\u00fasica.\" \/>\n<meta property=\"og:url\" content=\"https:\/\/www.shizenna.com\/es\/producto\/oto-car\/\" \/>\n<meta property=\"og:site_name\" content=\"Shizen&#039;na\" \/>\n<meta property=\"article:modified_time\" content=\"2026-03-03T09:03:34+00:00\" \/>\n<meta property=\"og:image\" content=\"https:\/\/www.shizenna.com\/wp-content\/uploads\/2023\/03\/OTO-CAR-2023.jpg\" \/>\n\t<meta property=\"og:image:width\" content=\"800\" \/>\n\t<meta property=\"og:image:height\" content=\"800\" \/>\n\t<meta property=\"og:image:type\" content=\"image\/jpeg\" \/>\n<meta name=\"twitter:card\" content=\"summary_large_image\" \/>\n<meta name=\"twitter:label1\" content=\"Tiempo de lectura\" \/>\n\t<meta name=\"twitter:data1\" content=\"1 minuto\" \/>\n<script type=\"application\/ld+json\" class=\"yoast-schema-graph\">{\"@context\":\"https:\/\/schema.org\",\"@graph\":[{\"@type\":\"WebPage\",\"@id\":\"https:\/\/www.shizenna.com\/producto\/oto-car\/\",\"url\":\"https:\/\/www.shizenna.com\/producto\/oto-car\/\",\"name\":\"OTO CAR - Shizen&#039;na\",\"isPartOf\":{\"@id\":\"https:\/\/www.shizenna.com\/#website\"},\"primaryImageOfPage\":{\"@id\":\"https:\/\/www.shizenna.com\/producto\/oto-car\/#primaryimage\"},\"image\":{\"@id\":\"https:\/\/www.shizenna.com\/producto\/oto-car\/#primaryimage\"},\"thumbnailUrl\":\"https:\/\/www.shizenna.com\/wp-content\/uploads\/2023\/03\/OTO-CAR-2023.jpg\",\"datePublished\":\"2020-08-21T17:01:00+00:00\",\"dateModified\":\"2026-03-03T09:03:34+00:00\",\"description\":\"Difusor d'ess\u00e8ncies per a cotxe absolutament silenci\u00f3s, per a obtenir l'aroma desitjat sense obstaculitzar les converses o la m\u00fasica.\",\"breadcrumb\":{\"@id\":\"https:\/\/www.shizenna.com\/producto\/oto-car\/#breadcrumb\"},\"inLanguage\":\"es\",\"potentialAction\":[{\"@type\":\"ReadAction\",\"target\":[\"https:\/\/www.shizenna.com\/producto\/oto-car\/\"]}]},{\"@type\":\"ImageObject\",\"inLanguage\":\"es\",\"@id\":\"https:\/\/www.shizenna.com\/producto\/oto-car\/#primaryimage\",\"url\":\"https:\/\/www.shizenna.com\/wp-content\/uploads\/2023\/03\/OTO-CAR-2023.jpg\",\"contentUrl\":\"https:\/\/www.shizenna.com\/wp-content\/uploads\/2023\/03\/OTO-CAR-2023.jpg\",\"width\":800,\"height\":800},{\"@type\":\"BreadcrumbList\",\"@id\":\"https:\/\/www.shizenna.com\/producto\/oto-car\/#breadcrumb\",\"itemListElement\":[{\"@type\":\"ListItem\",\"position\":1,\"name\":\"Products\",\"item\":\"https:\/\/www.shizenna.com\/en\/shop\/\"},{\"@type\":\"ListItem\",\"position\":2,\"name\":\"OTO CAR\"}]},{\"@type\":\"WebSite\",\"@id\":\"https:\/\/www.shizenna.com\/#website\",\"url\":\"https:\/\/www.shizenna.com\/\",\"name\":\"Shizen&#039;na\",\"description\":\"Respira 100% natural\",\"potentialAction\":[{\"@type\":\"SearchAction\",\"target\":{\"@type\":\"EntryPoint\",\"urlTemplate\":\"https:\/\/www.shizenna.com\/?s={search_term_string}\"},\"query-input\":{\"@type\":\"PropertyValueSpecification\",\"valueRequired\":true,\"valueName\":\"search_term_string\"}}],\"inLanguage\":\"es\"}]}<\/script>\n<!-- \/ Yoast SEO plugin. -->","yoast_head_json":{"title":"OTO CAR - Shizen&#039;na","description":"Difusor d'ess\u00e8ncies per a cotxe absolutament silenci\u00f3s, per a obtenir l'aroma desitjat sense obstaculitzar les converses o la m\u00fasica.","robots":{"index":"index","follow":"follow","max-snippet":"max-snippet:-1","max-image-preview":"max-image-preview:large","max-video-preview":"max-video-preview:-1"},"canonical":"https:\/\/www.shizenna.com\/es\/producto\/oto-car\/","og_locale":"es_ES","og_type":"article","og_title":"OTO CAR - Shizen&#039;na","og_description":"Difusor d'ess\u00e8ncies per a cotxe absolutament silenci\u00f3s, per a obtenir l'aroma desitjat sense obstaculitzar les converses o la m\u00fasica.","og_url":"https:\/\/www.shizenna.com\/es\/producto\/oto-car\/","og_site_name":"Shizen&#039;na","article_modified_time":"2026-03-03T09:03:34+00:00","og_image":[{"width":800,"height":800,"url":"https:\/\/www.shizenna.com\/wp-content\/uploads\/2023\/03\/OTO-CAR-2023.jpg","type":"image\/jpeg"}],"twitter_card":"summary_large_image","twitter_misc":{"Tiempo de lectura":"1 minuto"},"schema":{"@context":"https:\/\/schema.org","@graph":[{"@type":"WebPage","@id":"https:\/\/www.shizenna.com\/producto\/oto-car\/","url":"https:\/\/www.shizenna.com\/producto\/oto-car\/","name":"OTO CAR - Shizen&#039;na","isPartOf":{"@id":"https:\/\/www.shizenna.com\/#website"},"primaryImageOfPage":{"@id":"https:\/\/www.shizenna.com\/producto\/oto-car\/#primaryimage"},"image":{"@id":"https:\/\/www.shizenna.com\/producto\/oto-car\/#primaryimage"},"thumbnailUrl":"https:\/\/www.shizenna.com\/wp-content\/uploads\/2023\/03\/OTO-CAR-2023.jpg","datePublished":"2020-08-21T17:01:00+00:00","dateModified":"2026-03-03T09:03:34+00:00","description":"Difusor d'ess\u00e8ncies per a cotxe absolutament silenci\u00f3s, per a obtenir l'aroma desitjat sense obstaculitzar les converses o la m\u00fasica.","breadcrumb":{"@id":"https:\/\/www.shizenna.com\/producto\/oto-car\/#breadcrumb"},"inLanguage":"es","potentialAction":[{"@type":"ReadAction","target":["https:\/\/www.shizenna.com\/producto\/oto-car\/"]}]},{"@type":"ImageObject","inLanguage":"es","@id":"https:\/\/www.shizenna.com\/producto\/oto-car\/#primaryimage","url":"https:\/\/www.shizenna.com\/wp-content\/uploads\/2023\/03\/OTO-CAR-2023.jpg","contentUrl":"https:\/\/www.shizenna.com\/wp-content\/uploads\/2023\/03\/OTO-CAR-2023.jpg","width":800,"height":800},{"@type":"BreadcrumbList","@id":"https:\/\/www.shizenna.com\/producto\/oto-car\/#breadcrumb","itemListElement":[{"@type":"ListItem","position":1,"name":"Products","item":"https:\/\/www.shizenna.com\/en\/shop\/"},{"@type":"ListItem","position":2,"name":"OTO CAR"}]},{"@type":"WebSite","@id":"https:\/\/www.shizenna.com\/#website","url":"https:\/\/www.shizenna.com\/","name":"Shizen&#039;na","description":"Respira 100% natural","potentialAction":[{"@type":"SearchAction","target":{"@type":"EntryPoint","urlTemplate":"https:\/\/www.shizenna.com\/?s={search_term_string}"},"query-input":{"@type":"PropertyValueSpecification","valueRequired":true,"valueName":"search_term_string"}}],"inLanguage":"es"}]}},"_links":{"self":[{"href":"https:\/\/www.shizenna.com\/es\/wp-json\/wp\/v2\/product\/20100","targetHints":{"allow":["GET"]}}],"collection":[{"href":"https:\/\/www.shizenna.com\/es\/wp-json\/wp\/v2\/product"}],"about":[{"href":"https:\/\/www.shizenna.com\/es\/wp-json\/wp\/v2\/types\/product"}],"wp:featuredmedia":[{"embeddable":true,"href":"https:\/\/www.shizenna.com\/es\/wp-json\/wp\/v2\/media\/23777"}],"wp:attachment":[{"href":"https:\/\/www.shizenna.com\/es\/wp-json\/wp\/v2\/media?parent=20100"}],"wp:term":[{"taxonomy":"product_brand","embeddable":true,"href":"https:\/\/www.shizenna.com\/es\/wp-json\/wp\/v2\/product_brand?post=20100"},{"taxonomy":"product_cat","embeddable":true,"href":"https:\/\/www.shizenna.com\/es\/wp-json\/wp\/v2\/product_cat?post=20100"},{"taxonomy":"product_tag","embeddable":true,"href":"https:\/\/www.shizenna.com\/es\/wp-json\/wp\/v2\/product_tag?post=20100"}],"curies":[{"name":"wp","href":"https:\/\/api.w.org\/{rel}","templated":true}]}}