{"id":20363,"date":"2020-08-25T18:08:13","date_gmt":"2020-08-25T16:08:13","guid":{"rendered":"https:\/\/www.shizenna.com\/?post_type=product&#038;p=20363"},"modified":"2024-03-26T12:22:59","modified_gmt":"2024-03-26T11:22:59","slug":"rosemary","status":"publish","type":"product","link":"https:\/\/www.shizenna.com\/es\/producto\/rosemary\/","title":{"rendered":"ROSEMARY"},"content":{"rendered":"<p>Los componentes de esta sinergia conforman un aroma de gran potencia antiviral y de aroma pr\u00f3ximo. Eucalipto como antiviral, el Romero como planta aut\u00f3ctona y el Cipr\u00e9s y el Hinoki por la fuerza de los \u00e1rboles.<\/p>\n<p>Las esencias de Shizen'na desprenden toda su efectividad en los difusores de la propia marca, sin calor, sin agua y adaptados a su densidad. <strong>NO se pueden utilizar en difusores de calor<\/strong>.<\/p>\n<h6>OFFICIAL PRODUCT ECHA UFI NUMBER: M800-E0CX-800F-T9VW<\/h6>","protected":false},"excerpt":{"rendered":"<p>Potente efecto antiviral y bactericida con ingredientes que aportan bienestar y serenidad al mismo tiempo, dando un elemento de higiene y seguridad con olor natural de los bosques aut\u00f3ctonos.<\/p>\n<p>Composici\u00f3n arom\u00e1tica: Eucalipto, Romero, Cipr\u00e9s, Hinoki<\/p>","protected":false},"featured_media":22619,"template":"","meta":[],"product_brand":[],"product_cat":[233,175],"product_tag":[180],"class_list":{"0":"post-20363","1":"product","2":"type-product","3":"status-publish","4":"has-post-thumbnail","6":"product_cat-aromariques","7":"product_cat-pure","8":"product_tag-olis-essencials","9":"pa_difusor-seleccionat-bruma","10":"pa_difusor-seleccionat-cap","11":"pa_difusor-seleccionat-kabin","12":"pa_difusor-seleccionat-nebuchic","13":"pa_difusor-seleccionat-nebuscent","14":"pa_difusor-seleccionat-oki","15":"pa_difusor-seleccionat-spray","16":"pa_difusor-seleccionat-todana","17":"pa_mida-seleccionat-168","18":"pa_mida-seleccionat-spray-100-ml","19":"pa_mida-seleccionat-166","20":"pa_mida-seleccionat-500-ml","21":"pa_tipus-essencia","22":"pa_tipus-spray","23":"product-grid-view","25":"first","26":"instock","27":"taxable","28":"shipping-taxable","29":"purchasable","30":"product-type-variable","31":"has-default-attributes"},"yoast_head":"<!-- This site is optimized with the Yoast SEO plugin v25.8 - https:\/\/yoast.com\/wordpress\/plugins\/seo\/ -->\n<title>ROSEMARY - Shizen&#039;na<\/title>\n<meta name=\"description\" content=\"Potent efecte antiviral i bactericida amb ingredients que aporten benestar. Higiene amb olor natural dels boscos aut\u00f2ctons.\" \/>\n<meta name=\"robots\" content=\"index, follow, max-snippet:-1, max-image-preview:large, max-video-preview:-1\" \/>\n<link rel=\"canonical\" href=\"https:\/\/www.shizenna.com\/es\/producto\/rosemary\/\" \/>\n<meta property=\"og:locale\" content=\"es_ES\" \/>\n<meta property=\"og:type\" content=\"article\" \/>\n<meta property=\"og:title\" content=\"ROSEMARY - Shizen&#039;na\" \/>\n<meta property=\"og:description\" content=\"Potent efecte antiviral i bactericida amb ingredients que aporten benestar. Higiene amb olor natural dels boscos aut\u00f2ctons.\" \/>\n<meta property=\"og:url\" content=\"https:\/\/www.shizenna.com\/es\/producto\/rosemary\/\" \/>\n<meta property=\"og:site_name\" content=\"Shizen&#039;na\" \/>\n<meta property=\"article:modified_time\" content=\"2024-03-26T11:22:59+00:00\" \/>\n<meta property=\"og:image\" content=\"https:\/\/www.shizenna.com\/wp-content\/uploads\/2020\/10\/001-Eucalyptol-Rosemary.jpg\" \/>\n\t<meta property=\"og:image:width\" content=\"2000\" \/>\n\t<meta property=\"og:image:height\" content=\"2000\" \/>\n\t<meta property=\"og:image:type\" content=\"image\/jpeg\" \/>\n<meta name=\"twitter:card\" content=\"summary_large_image\" \/>\n<script type=\"application\/ld+json\" class=\"yoast-schema-graph\">{\"@context\":\"https:\/\/schema.org\",\"@graph\":[{\"@type\":\"WebPage\",\"@id\":\"https:\/\/www.shizenna.com\/producto\/rosemary\/\",\"url\":\"https:\/\/www.shizenna.com\/producto\/rosemary\/\",\"name\":\"ROSEMARY - Shizen&#039;na\",\"isPartOf\":{\"@id\":\"https:\/\/www.shizenna.com\/#website\"},\"primaryImageOfPage\":{\"@id\":\"https:\/\/www.shizenna.com\/producto\/rosemary\/#primaryimage\"},\"image\":{\"@id\":\"https:\/\/www.shizenna.com\/producto\/rosemary\/#primaryimage\"},\"thumbnailUrl\":\"https:\/\/www.shizenna.com\/wp-content\/uploads\/2020\/10\/001-Eucalyptol-Rosemary.jpg\",\"datePublished\":\"2020-08-25T16:08:13+00:00\",\"dateModified\":\"2024-03-26T11:22:59+00:00\",\"description\":\"Potent efecte antiviral i bactericida amb ingredients que aporten benestar. Higiene amb olor natural dels boscos aut\u00f2ctons.\",\"breadcrumb\":{\"@id\":\"https:\/\/www.shizenna.com\/producto\/rosemary\/#breadcrumb\"},\"inLanguage\":\"es\",\"potentialAction\":[{\"@type\":\"ReadAction\",\"target\":[\"https:\/\/www.shizenna.com\/producto\/rosemary\/\"]}]},{\"@type\":\"ImageObject\",\"inLanguage\":\"es\",\"@id\":\"https:\/\/www.shizenna.com\/producto\/rosemary\/#primaryimage\",\"url\":\"https:\/\/www.shizenna.com\/wp-content\/uploads\/2020\/10\/001-Eucalyptol-Rosemary.jpg\",\"contentUrl\":\"https:\/\/www.shizenna.com\/wp-content\/uploads\/2020\/10\/001-Eucalyptol-Rosemary.jpg\",\"width\":2000,\"height\":2000},{\"@type\":\"BreadcrumbList\",\"@id\":\"https:\/\/www.shizenna.com\/producto\/rosemary\/#breadcrumb\",\"itemListElement\":[{\"@type\":\"ListItem\",\"position\":1,\"name\":\"Products\",\"item\":\"https:\/\/www.shizenna.com\/en\/shop\/\"},{\"@type\":\"ListItem\",\"position\":2,\"name\":\"ROSEMARY\"}]},{\"@type\":\"WebSite\",\"@id\":\"https:\/\/www.shizenna.com\/#website\",\"url\":\"https:\/\/www.shizenna.com\/\",\"name\":\"Shizen&#039;na\",\"description\":\"Respira 100% natural\",\"potentialAction\":[{\"@type\":\"SearchAction\",\"target\":{\"@type\":\"EntryPoint\",\"urlTemplate\":\"https:\/\/www.shizenna.com\/?s={search_term_string}\"},\"query-input\":{\"@type\":\"PropertyValueSpecification\",\"valueRequired\":true,\"valueName\":\"search_term_string\"}}],\"inLanguage\":\"es\"}]}<\/script>\n<!-- \/ Yoast SEO plugin. -->","yoast_head_json":{"title":"ROSEMARY - Shizen&#039;na","description":"Potent efecte antiviral i bactericida amb ingredients que aporten benestar. Higiene amb olor natural dels boscos aut\u00f2ctons.","robots":{"index":"index","follow":"follow","max-snippet":"max-snippet:-1","max-image-preview":"max-image-preview:large","max-video-preview":"max-video-preview:-1"},"canonical":"https:\/\/www.shizenna.com\/es\/producto\/rosemary\/","og_locale":"es_ES","og_type":"article","og_title":"ROSEMARY - Shizen&#039;na","og_description":"Potent efecte antiviral i bactericida amb ingredients que aporten benestar. Higiene amb olor natural dels boscos aut\u00f2ctons.","og_url":"https:\/\/www.shizenna.com\/es\/producto\/rosemary\/","og_site_name":"Shizen&#039;na","article_modified_time":"2024-03-26T11:22:59+00:00","og_image":[{"width":2000,"height":2000,"url":"https:\/\/www.shizenna.com\/wp-content\/uploads\/2020\/10\/001-Eucalyptol-Rosemary.jpg","type":"image\/jpeg"}],"twitter_card":"summary_large_image","schema":{"@context":"https:\/\/schema.org","@graph":[{"@type":"WebPage","@id":"https:\/\/www.shizenna.com\/producto\/rosemary\/","url":"https:\/\/www.shizenna.com\/producto\/rosemary\/","name":"ROSEMARY - Shizen&#039;na","isPartOf":{"@id":"https:\/\/www.shizenna.com\/#website"},"primaryImageOfPage":{"@id":"https:\/\/www.shizenna.com\/producto\/rosemary\/#primaryimage"},"image":{"@id":"https:\/\/www.shizenna.com\/producto\/rosemary\/#primaryimage"},"thumbnailUrl":"https:\/\/www.shizenna.com\/wp-content\/uploads\/2020\/10\/001-Eucalyptol-Rosemary.jpg","datePublished":"2020-08-25T16:08:13+00:00","dateModified":"2024-03-26T11:22:59+00:00","description":"Potent efecte antiviral i bactericida amb ingredients que aporten benestar. Higiene amb olor natural dels boscos aut\u00f2ctons.","breadcrumb":{"@id":"https:\/\/www.shizenna.com\/producto\/rosemary\/#breadcrumb"},"inLanguage":"es","potentialAction":[{"@type":"ReadAction","target":["https:\/\/www.shizenna.com\/producto\/rosemary\/"]}]},{"@type":"ImageObject","inLanguage":"es","@id":"https:\/\/www.shizenna.com\/producto\/rosemary\/#primaryimage","url":"https:\/\/www.shizenna.com\/wp-content\/uploads\/2020\/10\/001-Eucalyptol-Rosemary.jpg","contentUrl":"https:\/\/www.shizenna.com\/wp-content\/uploads\/2020\/10\/001-Eucalyptol-Rosemary.jpg","width":2000,"height":2000},{"@type":"BreadcrumbList","@id":"https:\/\/www.shizenna.com\/producto\/rosemary\/#breadcrumb","itemListElement":[{"@type":"ListItem","position":1,"name":"Products","item":"https:\/\/www.shizenna.com\/en\/shop\/"},{"@type":"ListItem","position":2,"name":"ROSEMARY"}]},{"@type":"WebSite","@id":"https:\/\/www.shizenna.com\/#website","url":"https:\/\/www.shizenna.com\/","name":"Shizen&#039;na","description":"Respira 100% natural","potentialAction":[{"@type":"SearchAction","target":{"@type":"EntryPoint","urlTemplate":"https:\/\/www.shizenna.com\/?s={search_term_string}"},"query-input":{"@type":"PropertyValueSpecification","valueRequired":true,"valueName":"search_term_string"}}],"inLanguage":"es"}]}},"_links":{"self":[{"href":"https:\/\/www.shizenna.com\/es\/wp-json\/wp\/v2\/product\/20363","targetHints":{"allow":["GET"]}}],"collection":[{"href":"https:\/\/www.shizenna.com\/es\/wp-json\/wp\/v2\/product"}],"about":[{"href":"https:\/\/www.shizenna.com\/es\/wp-json\/wp\/v2\/types\/product"}],"wp:featuredmedia":[{"embeddable":true,"href":"https:\/\/www.shizenna.com\/es\/wp-json\/wp\/v2\/media\/22619"}],"wp:attachment":[{"href":"https:\/\/www.shizenna.com\/es\/wp-json\/wp\/v2\/media?parent=20363"}],"wp:term":[{"taxonomy":"product_brand","embeddable":true,"href":"https:\/\/www.shizenna.com\/es\/wp-json\/wp\/v2\/product_brand?post=20363"},{"taxonomy":"product_cat","embeddable":true,"href":"https:\/\/www.shizenna.com\/es\/wp-json\/wp\/v2\/product_cat?post=20363"},{"taxonomy":"product_tag","embeddable":true,"href":"https:\/\/www.shizenna.com\/es\/wp-json\/wp\/v2\/product_tag?post=20363"}],"curies":[{"name":"wp","href":"https:\/\/api.w.org\/{rel}","templated":true}]}}