{"id":20422,"date":"2020-08-25T18:20:38","date_gmt":"2020-08-25T16:20:38","guid":{"rendered":"https:\/\/www.shizenna.com\/?post_type=product&#038;p=20422"},"modified":"2025-01-29T05:49:01","modified_gmt":"2025-01-29T04:49:01","slug":"wabi-sabi","status":"publish","type":"product","link":"https:\/\/www.shizenna.com\/es\/producto\/wabi-sabi\/","title":{"rendered":"WABI SABI"},"content":{"rendered":"<p>Wabi Sabi expresa su estilo amparado en la belleza intr\u00ednseca de la simplicidad, la humildad y la naturalidad imperfecta.<\/p>\n<p>El aceite esencial de Hiba (roble japon\u00e9s), con su olor a corteza rota por el paso del tiempo, nos muestra su sabidur\u00eda. Lo acompa\u00f1a la madera Ho (\u00e1rbol chino), suaves notas le\u00f1osas que nos confieren un espacio \u00fanico de paz.<\/p>\n<p>La belleza modesta y delicada de la flor del Frangipani, irrumpe en medio del espacio dando una nota discreta floral que nos recuerda de nuevo la belleza de la naturalidad imperfecto.<\/p>\n<h4><strong>Incienso\u2013 Boswellia carterii<\/strong><br \/>\n<strong><em><span style=\"color: #5b9bd5;\">Bals\u00e1mico emocional<\/span><\/em><\/strong><br \/>\n<strong>Madera de rosa - Aniba rosaedora<\/strong><br \/>\n<strong><em><span style=\"color: #5b9bd5;\">Revitalizante<\/span><\/em><\/strong><br \/>\n<strong>S\u00e1ndalo \u2013 Santalum Album<\/strong><br \/>\n<strong><em><span style=\"color: #5b9bd5;\">Reflexivo<\/span><\/em><\/strong><br \/>\n<strong>Cripr\u00e9s \u2013 Cupressus sempervirens<\/strong><br \/>\n<strong><em><span style=\"color: #5b9bd5;\">Seguridad<\/span><\/em><\/strong><br \/>\n<strong>Hiba \u2013Thujopsis dolabrata<\/strong><br \/>\n<strong><em><span style=\"color: #5b9bd5;\">Sabidur\u00eda<\/span><\/em><\/strong><br \/>\n<strong>Palmarosa \u2013 Cymbopogon Martinii<\/strong><br \/>\n<strong><em><span style=\"color: #5b9bd5;\">Apertura emocional<\/span><\/em><\/strong><br \/>\n<strong>Frangipani \u2013Plumeria Alba<\/strong><br \/>\n<strong><span style=\"color: #5b9bd5;\"><em>Optimismo<\/em><\/span><\/strong><\/h4>\n<p>Las esencias de Shizen'na desprenden toda su efectividad en los difusores de la propia marca, sin calor, sin agua y adaptados a su densidad. <strong>NO se pueden utilizar en difusores de calor<\/strong>.<\/p>\n<h6>OFFICIAL ECHA UFI NUMBER: VQ00-X0TW-S00X-30T7<\/h6>","protected":false},"excerpt":{"rendered":"<p>Wabi Sabi expresa su estilo amparado en la belleza intr\u00ednseca de la simplicidad, la humildad y la naturalidad imperfecta.<\/p>\n<p>Composici\u00f3n arom\u00e1tica: Incienso, Madera de Rosa, S\u00e1ndalo, Cipr\u00e9s, Hiba, Palmarosa, Frangipani<\/p>","protected":false},"featured_media":22625,"template":"","meta":[],"product_brand":[],"product_cat":[232,176],"product_tag":[],"class_list":{"0":"post-20422","1":"product","2":"type-product","3":"status-publish","4":"has-post-thumbnail","6":"product_cat-afustades","7":"product_cat-architecture","8":"pa_difusor-seleccionat-bruma","9":"pa_difusor-seleccionat-cap","10":"pa_difusor-seleccionat-kabin","11":"pa_difusor-seleccionat-nebuchic","12":"pa_difusor-seleccionat-nebuscent","13":"pa_difusor-seleccionat-oki","14":"pa_difusor-seleccionat-spray","15":"pa_difusor-seleccionat-todana","16":"pa_mida-seleccionat-168","17":"pa_mida-seleccionat-spray-100-ml","18":"pa_mida-seleccionat-166","19":"pa_mida-seleccionat-500-ml","20":"pa_tipus-essencia","21":"pa_tipus-spray","22":"product-grid-view","24":"first","25":"instock","26":"featured","27":"taxable","28":"shipping-taxable","29":"purchasable","30":"product-type-variable","31":"has-default-attributes"},"yoast_head":"<!-- This site is optimized with the Yoast SEO plugin v25.8 - https:\/\/yoast.com\/wordpress\/plugins\/seo\/ -->\n<title>WABI SABI - Shizen&#039;na<\/title>\n<meta name=\"description\" content=\"Wabi Sabi expressa el seu estil emparat en la bellesa intr\u00ednseca de la simplicitat, la humilitat i la naturalitat imperfecte.\" \/>\n<meta name=\"robots\" content=\"index, follow, max-snippet:-1, max-image-preview:large, max-video-preview:-1\" \/>\n<link rel=\"canonical\" href=\"https:\/\/www.shizenna.com\/es\/producto\/wabi-sabi\/\" \/>\n<meta property=\"og:locale\" content=\"es_ES\" \/>\n<meta property=\"og:type\" content=\"article\" \/>\n<meta property=\"og:title\" content=\"WABI SABI - Shizen&#039;na\" \/>\n<meta property=\"og:description\" content=\"Wabi Sabi expressa el seu estil emparat en la bellesa intr\u00ednseca de la simplicitat, la humilitat i la naturalitat imperfecte.\" \/>\n<meta property=\"og:url\" content=\"https:\/\/www.shizenna.com\/es\/producto\/wabi-sabi\/\" \/>\n<meta property=\"og:site_name\" content=\"Shizen&#039;na\" \/>\n<meta property=\"article:modified_time\" content=\"2025-01-29T04:49:01+00:00\" \/>\n<meta property=\"og:image\" content=\"https:\/\/www.shizenna.com\/wp-content\/uploads\/2020\/10\/002-Architecture-wabisabi.jpg\" \/>\n\t<meta property=\"og:image:width\" content=\"2000\" \/>\n\t<meta property=\"og:image:height\" content=\"2000\" \/>\n\t<meta property=\"og:image:type\" content=\"image\/jpeg\" \/>\n<meta name=\"twitter:card\" content=\"summary_large_image\" \/>\n<meta name=\"twitter:label1\" content=\"Tiempo de lectura\" \/>\n\t<meta name=\"twitter:data1\" content=\"1 minuto\" \/>\n<script type=\"application\/ld+json\" class=\"yoast-schema-graph\">{\"@context\":\"https:\/\/schema.org\",\"@graph\":[{\"@type\":\"WebPage\",\"@id\":\"https:\/\/www.shizenna.com\/producto\/wabi-sabi\/\",\"url\":\"https:\/\/www.shizenna.com\/producto\/wabi-sabi\/\",\"name\":\"WABI SABI - Shizen&#039;na\",\"isPartOf\":{\"@id\":\"https:\/\/www.shizenna.com\/#website\"},\"primaryImageOfPage\":{\"@id\":\"https:\/\/www.shizenna.com\/producto\/wabi-sabi\/#primaryimage\"},\"image\":{\"@id\":\"https:\/\/www.shizenna.com\/producto\/wabi-sabi\/#primaryimage\"},\"thumbnailUrl\":\"https:\/\/www.shizenna.com\/wp-content\/uploads\/2020\/10\/002-Architecture-wabisabi.jpg\",\"datePublished\":\"2020-08-25T16:20:38+00:00\",\"dateModified\":\"2025-01-29T04:49:01+00:00\",\"description\":\"Wabi Sabi expressa el seu estil emparat en la bellesa intr\u00ednseca de la simplicitat, la humilitat i la naturalitat imperfecte.\",\"breadcrumb\":{\"@id\":\"https:\/\/www.shizenna.com\/producto\/wabi-sabi\/#breadcrumb\"},\"inLanguage\":\"es\",\"potentialAction\":[{\"@type\":\"ReadAction\",\"target\":[\"https:\/\/www.shizenna.com\/producto\/wabi-sabi\/\"]}]},{\"@type\":\"ImageObject\",\"inLanguage\":\"es\",\"@id\":\"https:\/\/www.shizenna.com\/producto\/wabi-sabi\/#primaryimage\",\"url\":\"https:\/\/www.shizenna.com\/wp-content\/uploads\/2020\/10\/002-Architecture-wabisabi.jpg\",\"contentUrl\":\"https:\/\/www.shizenna.com\/wp-content\/uploads\/2020\/10\/002-Architecture-wabisabi.jpg\",\"width\":2000,\"height\":2000},{\"@type\":\"BreadcrumbList\",\"@id\":\"https:\/\/www.shizenna.com\/producto\/wabi-sabi\/#breadcrumb\",\"itemListElement\":[{\"@type\":\"ListItem\",\"position\":1,\"name\":\"Products\",\"item\":\"https:\/\/www.shizenna.com\/en\/shop\/\"},{\"@type\":\"ListItem\",\"position\":2,\"name\":\"WABI SABI\"}]},{\"@type\":\"WebSite\",\"@id\":\"https:\/\/www.shizenna.com\/#website\",\"url\":\"https:\/\/www.shizenna.com\/\",\"name\":\"Shizen&#039;na\",\"description\":\"Respira 100% natural\",\"potentialAction\":[{\"@type\":\"SearchAction\",\"target\":{\"@type\":\"EntryPoint\",\"urlTemplate\":\"https:\/\/www.shizenna.com\/?s={search_term_string}\"},\"query-input\":{\"@type\":\"PropertyValueSpecification\",\"valueRequired\":true,\"valueName\":\"search_term_string\"}}],\"inLanguage\":\"es\"}]}<\/script>\n<!-- \/ Yoast SEO plugin. -->","yoast_head_json":{"title":"WABI SABI - Shizen&#039;na","description":"Wabi Sabi expresa su estilo amparado en la belleza intr\u00ednseca de la simplicidad, la humildad y la naturalidad imperfecta.","robots":{"index":"index","follow":"follow","max-snippet":"max-snippet:-1","max-image-preview":"max-image-preview:large","max-video-preview":"max-video-preview:-1"},"canonical":"https:\/\/www.shizenna.com\/es\/producto\/wabi-sabi\/","og_locale":"es_ES","og_type":"article","og_title":"WABI SABI - Shizen&#039;na","og_description":"Wabi Sabi expressa el seu estil emparat en la bellesa intr\u00ednseca de la simplicitat, la humilitat i la naturalitat imperfecte.","og_url":"https:\/\/www.shizenna.com\/es\/producto\/wabi-sabi\/","og_site_name":"Shizen&#039;na","article_modified_time":"2025-01-29T04:49:01+00:00","og_image":[{"width":2000,"height":2000,"url":"https:\/\/www.shizenna.com\/wp-content\/uploads\/2020\/10\/002-Architecture-wabisabi.jpg","type":"image\/jpeg"}],"twitter_card":"summary_large_image","twitter_misc":{"Tiempo de lectura":"1 minuto"},"schema":{"@context":"https:\/\/schema.org","@graph":[{"@type":"WebPage","@id":"https:\/\/www.shizenna.com\/producto\/wabi-sabi\/","url":"https:\/\/www.shizenna.com\/producto\/wabi-sabi\/","name":"WABI SABI - Shizen&#039;na","isPartOf":{"@id":"https:\/\/www.shizenna.com\/#website"},"primaryImageOfPage":{"@id":"https:\/\/www.shizenna.com\/producto\/wabi-sabi\/#primaryimage"},"image":{"@id":"https:\/\/www.shizenna.com\/producto\/wabi-sabi\/#primaryimage"},"thumbnailUrl":"https:\/\/www.shizenna.com\/wp-content\/uploads\/2020\/10\/002-Architecture-wabisabi.jpg","datePublished":"2020-08-25T16:20:38+00:00","dateModified":"2025-01-29T04:49:01+00:00","description":"Wabi Sabi expresa su estilo amparado en la belleza intr\u00ednseca de la simplicidad, la humildad y la naturalidad imperfecta.","breadcrumb":{"@id":"https:\/\/www.shizenna.com\/producto\/wabi-sabi\/#breadcrumb"},"inLanguage":"es","potentialAction":[{"@type":"ReadAction","target":["https:\/\/www.shizenna.com\/producto\/wabi-sabi\/"]}]},{"@type":"ImageObject","inLanguage":"es","@id":"https:\/\/www.shizenna.com\/producto\/wabi-sabi\/#primaryimage","url":"https:\/\/www.shizenna.com\/wp-content\/uploads\/2020\/10\/002-Architecture-wabisabi.jpg","contentUrl":"https:\/\/www.shizenna.com\/wp-content\/uploads\/2020\/10\/002-Architecture-wabisabi.jpg","width":2000,"height":2000},{"@type":"BreadcrumbList","@id":"https:\/\/www.shizenna.com\/producto\/wabi-sabi\/#breadcrumb","itemListElement":[{"@type":"ListItem","position":1,"name":"Products","item":"https:\/\/www.shizenna.com\/en\/shop\/"},{"@type":"ListItem","position":2,"name":"WABI SABI"}]},{"@type":"WebSite","@id":"https:\/\/www.shizenna.com\/#website","url":"https:\/\/www.shizenna.com\/","name":"Shizen&#039;na","description":"Respira 100% natural","potentialAction":[{"@type":"SearchAction","target":{"@type":"EntryPoint","urlTemplate":"https:\/\/www.shizenna.com\/?s={search_term_string}"},"query-input":{"@type":"PropertyValueSpecification","valueRequired":true,"valueName":"search_term_string"}}],"inLanguage":"es"}]}},"_links":{"self":[{"href":"https:\/\/www.shizenna.com\/es\/wp-json\/wp\/v2\/product\/20422","targetHints":{"allow":["GET"]}}],"collection":[{"href":"https:\/\/www.shizenna.com\/es\/wp-json\/wp\/v2\/product"}],"about":[{"href":"https:\/\/www.shizenna.com\/es\/wp-json\/wp\/v2\/types\/product"}],"wp:featuredmedia":[{"embeddable":true,"href":"https:\/\/www.shizenna.com\/es\/wp-json\/wp\/v2\/media\/22625"}],"wp:attachment":[{"href":"https:\/\/www.shizenna.com\/es\/wp-json\/wp\/v2\/media?parent=20422"}],"wp:term":[{"taxonomy":"product_brand","embeddable":true,"href":"https:\/\/www.shizenna.com\/es\/wp-json\/wp\/v2\/product_brand?post=20422"},{"taxonomy":"product_cat","embeddable":true,"href":"https:\/\/www.shizenna.com\/es\/wp-json\/wp\/v2\/product_cat?post=20422"},{"taxonomy":"product_tag","embeddable":true,"href":"https:\/\/www.shizenna.com\/es\/wp-json\/wp\/v2\/product_tag?post=20422"}],"curies":[{"name":"wp","href":"https:\/\/api.w.org\/{rel}","templated":true}]}}