{"id":20483,"date":"2020-08-25T18:22:41","date_gmt":"2020-08-25T16:22:41","guid":{"rendered":"https:\/\/www.shizenna.com\/?post_type=product&#038;p=20483"},"modified":"2025-05-22T10:18:50","modified_gmt":"2025-05-22T08:18:50","slug":"sensible","status":"publish","type":"product","link":"https:\/\/www.shizenna.com\/es\/producto\/sensible\/","title":{"rendered":"SENSIBLE"},"content":{"rendered":"<p>La sensibilidad es la facultad del ser humano de percibir emociones y sentimientos.<\/p>\n<p>Los aceites esenciales que conforman esta sinergia provienen del sentimiento m\u00e1s sensible de nuestras aromat\u00f2logas, interpretando cada uno de sus elementos y formulando en un ambiente natural, limpio y tranquilo, con el tiempo incontrolado e infinito, para llegar a lo m\u00e1s profundo de su alma y, a su vez, a la tuya.<\/p>\n<h4>Magn\u00f2lia &#8211; Magnolia alba<br \/>\n<em><span style=\"color: #5b9bd5;\">Realaxaci\u00f3<\/span><\/em><br \/>\nBor\u00f2nia &#8211; Boronia megastigma<br \/>\n<span style=\"color: #5b9bd5;\"><em>Sensualitat<\/em><\/span><br \/>\nFusta d&#8217;Ho &#8211; Cinnamomum camphora<br \/>\n<em><span style=\"color: #5b9bd5;\">Afrodis\u00edaco<\/span><\/em><\/h4>\n<p>Las esencias de Shizen'na desprenden toda su efectividad en los difusores de la propia marca, sin calor, sin agua y adaptados a su densidad. <strong>NO se pueden utilizar en difusores de calor<\/strong>.<\/p>\n<h6>OFFICIAL PRODUCT ECHA UFI NUMBER: QF00-E0RQ-V00F-4021<\/h6>","protected":false},"excerpt":{"rendered":"<p>La sensibilidad es la facultad del ser humano de percibir emociones y sentimientos.<\/p>\n<p>Composici\u00f3 arom\u00e0tica: Magn\u00f2lia, Bor\u00f2nia, Fusta d&#8217;Ho<\/p>","protected":false},"featured_media":22628,"template":"","meta":[],"product_brand":[],"product_cat":[233,177],"product_tag":[],"class_list":{"0":"post-20483","1":"product","2":"type-product","3":"status-publish","4":"has-post-thumbnail","6":"product_cat-aromariques","7":"product_cat-anthropology","8":"pa_difusor-seleccionat-bruma","9":"pa_difusor-seleccionat-cap","10":"pa_difusor-seleccionat-kabin","11":"pa_difusor-seleccionat-nebuchic","12":"pa_difusor-seleccionat-nebuscent","13":"pa_difusor-seleccionat-oki","14":"pa_difusor-seleccionat-spray","15":"pa_difusor-seleccionat-todana","16":"pa_mida-seleccionat-168","17":"pa_mida-seleccionat-spray-100-ml","18":"pa_mida-seleccionat-166","19":"pa_mida-seleccionat-500-ml","20":"pa_tipus-essencia","21":"pa_tipus-spray","22":"product-grid-view","24":"first","25":"instock","26":"featured","27":"taxable","28":"shipping-taxable","29":"purchasable","30":"product-type-variable","31":"has-default-attributes"},"yoast_head":"<!-- This site is optimized with the Yoast SEO plugin v25.8 - https:\/\/yoast.com\/wordpress\/plugins\/seo\/ -->\n<title>SENSIBLE - Shizen&#039;na<\/title>\n<meta name=\"description\" content=\"La sensibilitat \u00e9s la facultat del ser hum\u00e0 de percebre emocions i sentiments. Composici\u00f3 arom\u00e0tica: Magn\u00f2lia, Bor\u00f2nia, Fusta d&#039;Ho\" \/>\n<meta name=\"robots\" content=\"index, follow, max-snippet:-1, max-image-preview:large, max-video-preview:-1\" \/>\n<link rel=\"canonical\" href=\"https:\/\/www.shizenna.com\/es\/producto\/sensible\/\" \/>\n<meta property=\"og:locale\" content=\"es_ES\" \/>\n<meta property=\"og:type\" content=\"article\" \/>\n<meta property=\"og:title\" content=\"SENSIBLE - Shizen&#039;na\" \/>\n<meta property=\"og:description\" content=\"La sensibilitat \u00e9s la facultat del ser hum\u00e0 de percebre emocions i sentiments. Composici\u00f3 arom\u00e0tica: Magn\u00f2lia, Bor\u00f2nia, Fusta d&#039;Ho\" \/>\n<meta property=\"og:url\" content=\"https:\/\/www.shizenna.com\/es\/producto\/sensible\/\" \/>\n<meta property=\"og:site_name\" content=\"Shizen&#039;na\" \/>\n<meta property=\"article:modified_time\" content=\"2025-05-22T08:18:50+00:00\" \/>\n<meta property=\"og:image\" content=\"https:\/\/www.shizenna.com\/wp-content\/uploads\/2020\/10\/003-Antropology-Sensible.jpg\" \/>\n\t<meta property=\"og:image:width\" content=\"2000\" \/>\n\t<meta property=\"og:image:height\" content=\"2000\" \/>\n\t<meta property=\"og:image:type\" content=\"image\/jpeg\" \/>\n<meta name=\"twitter:card\" content=\"summary_large_image\" \/>\n<meta name=\"twitter:label1\" content=\"Tiempo de lectura\" \/>\n\t<meta name=\"twitter:data1\" content=\"1 minuto\" \/>\n<script type=\"application\/ld+json\" class=\"yoast-schema-graph\">{\"@context\":\"https:\/\/schema.org\",\"@graph\":[{\"@type\":\"WebPage\",\"@id\":\"https:\/\/www.shizenna.com\/producto\/sensible\/\",\"url\":\"https:\/\/www.shizenna.com\/producto\/sensible\/\",\"name\":\"SENSIBLE - Shizen&#039;na\",\"isPartOf\":{\"@id\":\"https:\/\/www.shizenna.com\/#website\"},\"primaryImageOfPage\":{\"@id\":\"https:\/\/www.shizenna.com\/producto\/sensible\/#primaryimage\"},\"image\":{\"@id\":\"https:\/\/www.shizenna.com\/producto\/sensible\/#primaryimage\"},\"thumbnailUrl\":\"https:\/\/www.shizenna.com\/wp-content\/uploads\/2020\/10\/003-Antropology-Sensible.jpg\",\"datePublished\":\"2020-08-25T16:22:41+00:00\",\"dateModified\":\"2025-05-22T08:18:50+00:00\",\"description\":\"La sensibilitat \u00e9s la facultat del ser hum\u00e0 de percebre emocions i sentiments. Composici\u00f3 arom\u00e0tica: Magn\u00f2lia, Bor\u00f2nia, Fusta d'Ho\",\"breadcrumb\":{\"@id\":\"https:\/\/www.shizenna.com\/producto\/sensible\/#breadcrumb\"},\"inLanguage\":\"es\",\"potentialAction\":[{\"@type\":\"ReadAction\",\"target\":[\"https:\/\/www.shizenna.com\/producto\/sensible\/\"]}]},{\"@type\":\"ImageObject\",\"inLanguage\":\"es\",\"@id\":\"https:\/\/www.shizenna.com\/producto\/sensible\/#primaryimage\",\"url\":\"https:\/\/www.shizenna.com\/wp-content\/uploads\/2020\/10\/003-Antropology-Sensible.jpg\",\"contentUrl\":\"https:\/\/www.shizenna.com\/wp-content\/uploads\/2020\/10\/003-Antropology-Sensible.jpg\",\"width\":2000,\"height\":2000},{\"@type\":\"BreadcrumbList\",\"@id\":\"https:\/\/www.shizenna.com\/producto\/sensible\/#breadcrumb\",\"itemListElement\":[{\"@type\":\"ListItem\",\"position\":1,\"name\":\"Products\",\"item\":\"https:\/\/www.shizenna.com\/en\/shop\/\"},{\"@type\":\"ListItem\",\"position\":2,\"name\":\"SENSIBLE\"}]},{\"@type\":\"WebSite\",\"@id\":\"https:\/\/www.shizenna.com\/#website\",\"url\":\"https:\/\/www.shizenna.com\/\",\"name\":\"Shizen&#039;na\",\"description\":\"Respira 100% natural\",\"potentialAction\":[{\"@type\":\"SearchAction\",\"target\":{\"@type\":\"EntryPoint\",\"urlTemplate\":\"https:\/\/www.shizenna.com\/?s={search_term_string}\"},\"query-input\":{\"@type\":\"PropertyValueSpecification\",\"valueRequired\":true,\"valueName\":\"search_term_string\"}}],\"inLanguage\":\"es\"}]}<\/script>\n<!-- \/ Yoast SEO plugin. -->","yoast_head_json":{"title":"SENSIBLE - Shizen&#039;na","description":"La sensibilitat \u00e9s la facultat del ser hum\u00e0 de percebre emocions i sentiments. Composici\u00f3 arom\u00e0tica: Magn\u00f2lia, Bor\u00f2nia, Fusta d'Ho","robots":{"index":"index","follow":"follow","max-snippet":"max-snippet:-1","max-image-preview":"max-image-preview:large","max-video-preview":"max-video-preview:-1"},"canonical":"https:\/\/www.shizenna.com\/es\/producto\/sensible\/","og_locale":"es_ES","og_type":"article","og_title":"SENSIBLE - Shizen&#039;na","og_description":"La sensibilitat \u00e9s la facultat del ser hum\u00e0 de percebre emocions i sentiments. Composici\u00f3 arom\u00e0tica: Magn\u00f2lia, Bor\u00f2nia, Fusta d'Ho","og_url":"https:\/\/www.shizenna.com\/es\/producto\/sensible\/","og_site_name":"Shizen&#039;na","article_modified_time":"2025-05-22T08:18:50+00:00","og_image":[{"width":2000,"height":2000,"url":"https:\/\/www.shizenna.com\/wp-content\/uploads\/2020\/10\/003-Antropology-Sensible.jpg","type":"image\/jpeg"}],"twitter_card":"summary_large_image","twitter_misc":{"Tiempo de lectura":"1 minuto"},"schema":{"@context":"https:\/\/schema.org","@graph":[{"@type":"WebPage","@id":"https:\/\/www.shizenna.com\/producto\/sensible\/","url":"https:\/\/www.shizenna.com\/producto\/sensible\/","name":"SENSIBLE - Shizen&#039;na","isPartOf":{"@id":"https:\/\/www.shizenna.com\/#website"},"primaryImageOfPage":{"@id":"https:\/\/www.shizenna.com\/producto\/sensible\/#primaryimage"},"image":{"@id":"https:\/\/www.shizenna.com\/producto\/sensible\/#primaryimage"},"thumbnailUrl":"https:\/\/www.shizenna.com\/wp-content\/uploads\/2020\/10\/003-Antropology-Sensible.jpg","datePublished":"2020-08-25T16:22:41+00:00","dateModified":"2025-05-22T08:18:50+00:00","description":"La sensibilitat \u00e9s la facultat del ser hum\u00e0 de percebre emocions i sentiments. Composici\u00f3 arom\u00e0tica: Magn\u00f2lia, Bor\u00f2nia, Fusta d'Ho","breadcrumb":{"@id":"https:\/\/www.shizenna.com\/producto\/sensible\/#breadcrumb"},"inLanguage":"es","potentialAction":[{"@type":"ReadAction","target":["https:\/\/www.shizenna.com\/producto\/sensible\/"]}]},{"@type":"ImageObject","inLanguage":"es","@id":"https:\/\/www.shizenna.com\/producto\/sensible\/#primaryimage","url":"https:\/\/www.shizenna.com\/wp-content\/uploads\/2020\/10\/003-Antropology-Sensible.jpg","contentUrl":"https:\/\/www.shizenna.com\/wp-content\/uploads\/2020\/10\/003-Antropology-Sensible.jpg","width":2000,"height":2000},{"@type":"BreadcrumbList","@id":"https:\/\/www.shizenna.com\/producto\/sensible\/#breadcrumb","itemListElement":[{"@type":"ListItem","position":1,"name":"Products","item":"https:\/\/www.shizenna.com\/en\/shop\/"},{"@type":"ListItem","position":2,"name":"SENSIBLE"}]},{"@type":"WebSite","@id":"https:\/\/www.shizenna.com\/#website","url":"https:\/\/www.shizenna.com\/","name":"Shizen&#039;na","description":"Respira 100% natural","potentialAction":[{"@type":"SearchAction","target":{"@type":"EntryPoint","urlTemplate":"https:\/\/www.shizenna.com\/?s={search_term_string}"},"query-input":{"@type":"PropertyValueSpecification","valueRequired":true,"valueName":"search_term_string"}}],"inLanguage":"es"}]}},"_links":{"self":[{"href":"https:\/\/www.shizenna.com\/es\/wp-json\/wp\/v2\/product\/20483","targetHints":{"allow":["GET"]}}],"collection":[{"href":"https:\/\/www.shizenna.com\/es\/wp-json\/wp\/v2\/product"}],"about":[{"href":"https:\/\/www.shizenna.com\/es\/wp-json\/wp\/v2\/types\/product"}],"wp:featuredmedia":[{"embeddable":true,"href":"https:\/\/www.shizenna.com\/es\/wp-json\/wp\/v2\/media\/22628"}],"wp:attachment":[{"href":"https:\/\/www.shizenna.com\/es\/wp-json\/wp\/v2\/media?parent=20483"}],"wp:term":[{"taxonomy":"product_brand","embeddable":true,"href":"https:\/\/www.shizenna.com\/es\/wp-json\/wp\/v2\/product_brand?post=20483"},{"taxonomy":"product_cat","embeddable":true,"href":"https:\/\/www.shizenna.com\/es\/wp-json\/wp\/v2\/product_cat?post=20483"},{"taxonomy":"product_tag","embeddable":true,"href":"https:\/\/www.shizenna.com\/es\/wp-json\/wp\/v2\/product_tag?post=20483"}],"curies":[{"name":"wp","href":"https:\/\/api.w.org\/{rel}","templated":true}]}}