{"id":20523,"date":"2020-08-25T18:26:43","date_gmt":"2020-08-25T16:26:43","guid":{"rendered":"https:\/\/www.shizenna.com\/?post_type=product&#038;p=20523"},"modified":"2024-10-28T12:04:30","modified_gmt":"2024-10-28T11:04:30","slug":"singularity","status":"publish","type":"product","link":"https:\/\/www.shizenna.com\/es\/producto\/singularity\/","title":{"rendered":"SINGULARITY"},"content":{"rendered":"<p>Se escapa de la normalidad. Infrecuente, diferente, sorprendente; en definitiva, \u00fanico.<\/p>\n<p>La singularidad es un valor cuando te das cuenta que eres realmente especial, cuando sabes que tu espacio es tu mundo y as\u00ed lo tienes que dar a conocer. Tu entorno es lo que t\u00fa creas y siempre debe tener tu toque personal. Eres t\u00fa quien escoge el olor de tu casa; eres t\u00fa quien dise\u00f1a tu espacio y es el aroma que lo distingue. Decora, colora, adorna y si cierras los ojos, respira y a\u00fan estar\u00e1s all\u00ed, en tu casa, en tu propio mundo.<\/p>\n<h4>Madera de Rosa \u2013 Aniba rosaedora<br \/>\n<em><strong><span style=\"color: #5b9bd5;\">Regenerante<\/span><\/strong><\/em><br \/>\nPachuli \u2013 Pogostemon cablin<br \/>\n<em><strong><span style=\"color: #5b9bd5;\">Paz<\/span><\/strong><\/em><br \/>\nCripr\u00e9s \u2013 Cupressus sempervirens<br \/>\n<em><strong><span style=\"color: #5b9bd5;\">Seguridad<\/span><\/strong><\/em><br \/>\nCedro \u2013 Juniperus virginiana<br \/>\n<em><strong><span style=\"color: #5b9bd5;\">Valent\u00eda<\/span><\/strong><\/em><br \/>\nRomero\u2013 Rosmarinus off.<br \/>\n<strong><em><span style=\"color: #5b9bd5;\">Creatividad<\/span><\/em><\/strong><br \/>\nMaderas bals\u00e1micas<\/h4>\n<p>Las esencias de Shizen'na desprenden toda su efectividad en los difusores de la propia marca, sin calor, sin agua y adaptados a su densidad. <strong>NO se pueden utilizar en difusores de calor<\/strong>.<\/p>\n<h6>OFFICIAL PRODUCT ECHA UFI NUMBER: MH00-X0F4-500X-SAN3<\/h6>","protected":false},"excerpt":{"rendered":"<p>Se escapa de la normalidad. Infrecuente, diferente, sorprendente; en definitiva, \u00fanico. El aroma que enfatiza tu especial personalidad.<\/p>\n<p>Composici\u00f3n arom\u00e1tica: Maderas bals\u00e1micas, cedro, Romero, Cipr\u00e9s, Pachuli, Madera de Rosa<\/p>","protected":false},"featured_media":22629,"template":"","meta":[],"product_brand":[],"product_cat":[232,177],"product_tag":[],"class_list":{"0":"post-20523","1":"product","2":"type-product","3":"status-publish","4":"has-post-thumbnail","6":"product_cat-afustades","7":"product_cat-anthropology","8":"pa_difusor-seleccionat-bruma","9":"pa_difusor-seleccionat-cap","10":"pa_difusor-seleccionat-kabin","11":"pa_difusor-seleccionat-nebuchic","12":"pa_difusor-seleccionat-nebuscent","13":"pa_difusor-seleccionat-oki","14":"pa_difusor-seleccionat-spray","15":"pa_difusor-seleccionat-todana","16":"pa_mida-seleccionat-168","17":"pa_mida-seleccionat-spray-100-ml","18":"pa_mida-seleccionat-166","19":"pa_mida-seleccionat-500-ml","20":"pa_tipus-essencia","21":"pa_tipus-spray","22":"product-grid-view","24":"first","25":"instock","26":"taxable","27":"shipping-taxable","28":"purchasable","29":"product-type-variable","30":"has-default-attributes"},"yoast_head":"<!-- This site is optimized with the Yoast SEO plugin v25.8 - https:\/\/yoast.com\/wordpress\/plugins\/seo\/ -->\n<title>SINGULARITY - Shizen&#039;na<\/title>\n<meta name=\"description\" content=\"S\u2019escapa de la normalitat. Infreq\u00fcent, diferent, sorprenent; en definitiva, \u00fanic. L&#039;aroma que emfatitza la teva especial personalitat.\" \/>\n<meta name=\"robots\" content=\"index, follow, max-snippet:-1, max-image-preview:large, max-video-preview:-1\" \/>\n<link rel=\"canonical\" href=\"https:\/\/www.shizenna.com\/es\/producto\/singularity\/\" \/>\n<meta property=\"og:locale\" content=\"es_ES\" \/>\n<meta property=\"og:type\" content=\"article\" \/>\n<meta property=\"og:title\" content=\"SINGULARITY - Shizen&#039;na\" \/>\n<meta property=\"og:description\" content=\"S\u2019escapa de la normalitat. Infreq\u00fcent, diferent, sorprenent; en definitiva, \u00fanic. L&#039;aroma que emfatitza la teva especial personalitat.\" \/>\n<meta property=\"og:url\" content=\"https:\/\/www.shizenna.com\/es\/producto\/singularity\/\" \/>\n<meta property=\"og:site_name\" content=\"Shizen&#039;na\" \/>\n<meta property=\"article:modified_time\" content=\"2024-10-28T11:04:30+00:00\" \/>\n<meta property=\"og:image\" content=\"https:\/\/www.shizenna.com\/wp-content\/uploads\/2020\/10\/003-Antropology-Singularity.jpg\" \/>\n\t<meta property=\"og:image:width\" content=\"2000\" \/>\n\t<meta property=\"og:image:height\" content=\"2000\" \/>\n\t<meta property=\"og:image:type\" content=\"image\/jpeg\" \/>\n<meta name=\"twitter:card\" content=\"summary_large_image\" \/>\n<meta name=\"twitter:label1\" content=\"Tiempo de lectura\" \/>\n\t<meta name=\"twitter:data1\" content=\"1 minuto\" \/>\n<script type=\"application\/ld+json\" class=\"yoast-schema-graph\">{\"@context\":\"https:\/\/schema.org\",\"@graph\":[{\"@type\":\"WebPage\",\"@id\":\"https:\/\/www.shizenna.com\/producto\/singularity\/\",\"url\":\"https:\/\/www.shizenna.com\/producto\/singularity\/\",\"name\":\"SINGULARITY - Shizen&#039;na\",\"isPartOf\":{\"@id\":\"https:\/\/www.shizenna.com\/#website\"},\"primaryImageOfPage\":{\"@id\":\"https:\/\/www.shizenna.com\/producto\/singularity\/#primaryimage\"},\"image\":{\"@id\":\"https:\/\/www.shizenna.com\/producto\/singularity\/#primaryimage\"},\"thumbnailUrl\":\"https:\/\/www.shizenna.com\/wp-content\/uploads\/2020\/10\/003-Antropology-Singularity.jpg\",\"datePublished\":\"2020-08-25T16:26:43+00:00\",\"dateModified\":\"2024-10-28T11:04:30+00:00\",\"description\":\"S\u2019escapa de la normalitat. Infreq\u00fcent, diferent, sorprenent; en definitiva, \u00fanic. L'aroma que emfatitza la teva especial personalitat.\",\"breadcrumb\":{\"@id\":\"https:\/\/www.shizenna.com\/producto\/singularity\/#breadcrumb\"},\"inLanguage\":\"es\",\"potentialAction\":[{\"@type\":\"ReadAction\",\"target\":[\"https:\/\/www.shizenna.com\/producto\/singularity\/\"]}]},{\"@type\":\"ImageObject\",\"inLanguage\":\"es\",\"@id\":\"https:\/\/www.shizenna.com\/producto\/singularity\/#primaryimage\",\"url\":\"https:\/\/www.shizenna.com\/wp-content\/uploads\/2020\/10\/003-Antropology-Singularity.jpg\",\"contentUrl\":\"https:\/\/www.shizenna.com\/wp-content\/uploads\/2020\/10\/003-Antropology-Singularity.jpg\",\"width\":2000,\"height\":2000},{\"@type\":\"BreadcrumbList\",\"@id\":\"https:\/\/www.shizenna.com\/producto\/singularity\/#breadcrumb\",\"itemListElement\":[{\"@type\":\"ListItem\",\"position\":1,\"name\":\"Products\",\"item\":\"https:\/\/www.shizenna.com\/en\/shop\/\"},{\"@type\":\"ListItem\",\"position\":2,\"name\":\"SINGULARITY\"}]},{\"@type\":\"WebSite\",\"@id\":\"https:\/\/www.shizenna.com\/#website\",\"url\":\"https:\/\/www.shizenna.com\/\",\"name\":\"Shizen&#039;na\",\"description\":\"Respira 100% natural\",\"potentialAction\":[{\"@type\":\"SearchAction\",\"target\":{\"@type\":\"EntryPoint\",\"urlTemplate\":\"https:\/\/www.shizenna.com\/?s={search_term_string}\"},\"query-input\":{\"@type\":\"PropertyValueSpecification\",\"valueRequired\":true,\"valueName\":\"search_term_string\"}}],\"inLanguage\":\"es\"}]}<\/script>\n<!-- \/ Yoast SEO plugin. -->","yoast_head_json":{"title":"SINGULARITY - Shizen&#039;na","description":"S\u2019escapa de la normalitat. Infreq\u00fcent, diferent, sorprenent; en definitiva, \u00fanic. L'aroma que emfatitza la teva especial personalitat.","robots":{"index":"index","follow":"follow","max-snippet":"max-snippet:-1","max-image-preview":"max-image-preview:large","max-video-preview":"max-video-preview:-1"},"canonical":"https:\/\/www.shizenna.com\/es\/producto\/singularity\/","og_locale":"es_ES","og_type":"article","og_title":"SINGULARITY - Shizen&#039;na","og_description":"S\u2019escapa de la normalitat. Infreq\u00fcent, diferent, sorprenent; en definitiva, \u00fanic. L'aroma que emfatitza la teva especial personalitat.","og_url":"https:\/\/www.shizenna.com\/es\/producto\/singularity\/","og_site_name":"Shizen&#039;na","article_modified_time":"2024-10-28T11:04:30+00:00","og_image":[{"width":2000,"height":2000,"url":"https:\/\/www.shizenna.com\/wp-content\/uploads\/2020\/10\/003-Antropology-Singularity.jpg","type":"image\/jpeg"}],"twitter_card":"summary_large_image","twitter_misc":{"Tiempo de lectura":"1 minuto"},"schema":{"@context":"https:\/\/schema.org","@graph":[{"@type":"WebPage","@id":"https:\/\/www.shizenna.com\/producto\/singularity\/","url":"https:\/\/www.shizenna.com\/producto\/singularity\/","name":"SINGULARITY - Shizen&#039;na","isPartOf":{"@id":"https:\/\/www.shizenna.com\/#website"},"primaryImageOfPage":{"@id":"https:\/\/www.shizenna.com\/producto\/singularity\/#primaryimage"},"image":{"@id":"https:\/\/www.shizenna.com\/producto\/singularity\/#primaryimage"},"thumbnailUrl":"https:\/\/www.shizenna.com\/wp-content\/uploads\/2020\/10\/003-Antropology-Singularity.jpg","datePublished":"2020-08-25T16:26:43+00:00","dateModified":"2024-10-28T11:04:30+00:00","description":"S\u2019escapa de la normalitat. Infreq\u00fcent, diferent, sorprenent; en definitiva, \u00fanic. L'aroma que emfatitza la teva especial personalitat.","breadcrumb":{"@id":"https:\/\/www.shizenna.com\/producto\/singularity\/#breadcrumb"},"inLanguage":"es","potentialAction":[{"@type":"ReadAction","target":["https:\/\/www.shizenna.com\/producto\/singularity\/"]}]},{"@type":"ImageObject","inLanguage":"es","@id":"https:\/\/www.shizenna.com\/producto\/singularity\/#primaryimage","url":"https:\/\/www.shizenna.com\/wp-content\/uploads\/2020\/10\/003-Antropology-Singularity.jpg","contentUrl":"https:\/\/www.shizenna.com\/wp-content\/uploads\/2020\/10\/003-Antropology-Singularity.jpg","width":2000,"height":2000},{"@type":"BreadcrumbList","@id":"https:\/\/www.shizenna.com\/producto\/singularity\/#breadcrumb","itemListElement":[{"@type":"ListItem","position":1,"name":"Products","item":"https:\/\/www.shizenna.com\/en\/shop\/"},{"@type":"ListItem","position":2,"name":"SINGULARITY"}]},{"@type":"WebSite","@id":"https:\/\/www.shizenna.com\/#website","url":"https:\/\/www.shizenna.com\/","name":"Shizen&#039;na","description":"Respira 100% natural","potentialAction":[{"@type":"SearchAction","target":{"@type":"EntryPoint","urlTemplate":"https:\/\/www.shizenna.com\/?s={search_term_string}"},"query-input":{"@type":"PropertyValueSpecification","valueRequired":true,"valueName":"search_term_string"}}],"inLanguage":"es"}]}},"_links":{"self":[{"href":"https:\/\/www.shizenna.com\/es\/wp-json\/wp\/v2\/product\/20523","targetHints":{"allow":["GET"]}}],"collection":[{"href":"https:\/\/www.shizenna.com\/es\/wp-json\/wp\/v2\/product"}],"about":[{"href":"https:\/\/www.shizenna.com\/es\/wp-json\/wp\/v2\/types\/product"}],"wp:featuredmedia":[{"embeddable":true,"href":"https:\/\/www.shizenna.com\/es\/wp-json\/wp\/v2\/media\/22629"}],"wp:attachment":[{"href":"https:\/\/www.shizenna.com\/es\/wp-json\/wp\/v2\/media?parent=20523"}],"wp:term":[{"taxonomy":"product_brand","embeddable":true,"href":"https:\/\/www.shizenna.com\/es\/wp-json\/wp\/v2\/product_brand?post=20523"},{"taxonomy":"product_cat","embeddable":true,"href":"https:\/\/www.shizenna.com\/es\/wp-json\/wp\/v2\/product_cat?post=20523"},{"taxonomy":"product_tag","embeddable":true,"href":"https:\/\/www.shizenna.com\/es\/wp-json\/wp\/v2\/product_tag?post=20523"}],"curies":[{"name":"wp","href":"https:\/\/api.w.org\/{rel}","templated":true}]}}