{"id":20546,"date":"2020-08-25T18:43:52","date_gmt":"2020-08-25T16:43:52","guid":{"rendered":"https:\/\/www.shizenna.com\/?post_type=product&#038;p=20546"},"modified":"2025-03-05T17:28:12","modified_gmt":"2025-03-05T16:28:12","slug":"zanzar","status":"publish","type":"product","link":"https:\/\/www.shizenna.com\/es\/producto\/zanzar\/","title":{"rendered":"ZANZAR"},"content":{"rendered":"<p>Esencias <strong>naturales<\/strong> para estar sin mosquitos.<\/p>\n<p>Evitamos que las cenas al aire libre vayan acompa\u00f1adas de olor qu\u00edmica antimosquitos, mezclando los olores sint\u00e9ticos con la comida. Nosotros los ahuyentamos con esencias naturales que, adem\u00e1s de no molestar, dan un olor agradable que acompa\u00f1a aquellos momentos en la terraza, ese momento que no debe estorbar ni el mosquito ni el olor. Adem\u00e1s, se puede dejar en la mesilla de noche para que no molesten cuando dormimos. La especial y natural citronella utilizada contiene potentes principios activos antivirales.<\/p>\n<p>Las esencias de Shizen'na desprenden toda su efectividad en los difusores de la propia marca, sin calor, sin agua y adaptados a su densidad. <strong>NO se pueden utilizar en difusores de calor<\/strong>.<\/p>\n<h6>OFFICIAL PRODUCT ECHA UFI NUMBER: XV00-Y06Q-D00W-EPYC<\/h6>\n<p>&nbsp;<\/p>","protected":false},"excerpt":{"rendered":"<p>Esencias exclusivamente naturales y no invasivas para estar sin mosquitos. Tambi\u00e9n contiene potentes principios activos antivirales.<\/p>\n<p>Composici\u00f3n: Citronela, Pachuli, Lavanda<\/p>\n<pre><\/pre>","protected":false},"featured_media":23238,"template":"","meta":[],"product_brand":[],"product_cat":[178],"product_tag":[],"class_list":{"0":"post-20546","1":"product","2":"type-product","3":"status-publish","4":"has-post-thumbnail","6":"product_cat-utility","7":"pa_difusor-seleccionat-bruma","8":"pa_difusor-seleccionat-cap","9":"pa_difusor-seleccionat-kabin","10":"pa_difusor-seleccionat-nebuchic","11":"pa_difusor-seleccionat-nebuscent","12":"pa_difusor-seleccionat-oki","13":"pa_difusor-seleccionat-vaszanzar","14":"pa_difusor-seleccionat-spray","15":"pa_difusor-seleccionat-todana","16":"pa_mida-seleccionat-166","17":"pa_mida-seleccionat-vidre-30ml","18":"pa_mida-seleccionat-500-ml","19":"pa_mida-seleccionat-60ml","20":"pa_mida-seleccionat-roll-on-10ml","21":"pa_mida-seleccionat-spray-de-100ml","22":"product-grid-view","24":"first","25":"instock","26":"featured","27":"taxable","28":"shipping-taxable","29":"purchasable","30":"product-type-variable","31":"has-default-attributes"},"yoast_head":"<!-- This site is optimized with the Yoast SEO plugin v25.8 - https:\/\/yoast.com\/wordpress\/plugins\/seo\/ -->\n<title>ZANZAR - Shizen&#039;na<\/title>\n<meta name=\"description\" content=\"Ess\u00e8ncies naturals no invasives per a estar sense mosquits, tant per a interior com per a exterior. Composici\u00f3: Citronel\u00b7la, P\u00e0txuli, Esp\u00edgol\" \/>\n<meta name=\"robots\" content=\"index, follow, max-snippet:-1, max-image-preview:large, max-video-preview:-1\" \/>\n<link rel=\"canonical\" href=\"https:\/\/www.shizenna.com\/es\/producto\/zanzar\/\" \/>\n<meta property=\"og:locale\" content=\"es_ES\" \/>\n<meta property=\"og:type\" content=\"article\" \/>\n<meta property=\"og:title\" content=\"ZANZAR - Shizen&#039;na\" \/>\n<meta property=\"og:description\" content=\"Ess\u00e8ncies naturals no invasives per a estar sense mosquits, tant per a interior com per a exterior. Composici\u00f3: Citronel\u00b7la, P\u00e0txuli, Esp\u00edgol\" \/>\n<meta property=\"og:url\" content=\"https:\/\/www.shizenna.com\/es\/producto\/zanzar\/\" \/>\n<meta property=\"og:site_name\" content=\"Shizen&#039;na\" \/>\n<meta property=\"article:modified_time\" content=\"2025-03-05T16:28:12+00:00\" \/>\n<meta property=\"og:image\" content=\"https:\/\/www.shizenna.com\/wp-content\/uploads\/2020\/08\/ZANZAR-MOSQUITS-OUT.jpg\" \/>\n\t<meta property=\"og:image:width\" content=\"2000\" \/>\n\t<meta property=\"og:image:height\" content=\"2000\" \/>\n\t<meta property=\"og:image:type\" content=\"image\/jpeg\" \/>\n<meta name=\"twitter:card\" content=\"summary_large_image\" \/>\n<meta name=\"twitter:label1\" content=\"Tiempo de lectura\" \/>\n\t<meta name=\"twitter:data1\" content=\"1 minuto\" \/>\n<script type=\"application\/ld+json\" class=\"yoast-schema-graph\">{\"@context\":\"https:\/\/schema.org\",\"@graph\":[{\"@type\":\"WebPage\",\"@id\":\"https:\/\/www.shizenna.com\/producto\/zanzar\/\",\"url\":\"https:\/\/www.shizenna.com\/producto\/zanzar\/\",\"name\":\"ZANZAR - Shizen&#039;na\",\"isPartOf\":{\"@id\":\"https:\/\/www.shizenna.com\/#website\"},\"primaryImageOfPage\":{\"@id\":\"https:\/\/www.shizenna.com\/producto\/zanzar\/#primaryimage\"},\"image\":{\"@id\":\"https:\/\/www.shizenna.com\/producto\/zanzar\/#primaryimage\"},\"thumbnailUrl\":\"https:\/\/www.shizenna.com\/wp-content\/uploads\/2020\/08\/ZANZAR-MOSQUITS-OUT.jpg\",\"datePublished\":\"2020-08-25T16:43:52+00:00\",\"dateModified\":\"2025-03-05T16:28:12+00:00\",\"description\":\"Ess\u00e8ncies naturals no invasives per a estar sense mosquits, tant per a interior com per a exterior. Composici\u00f3: Citronel\u00b7la, P\u00e0txuli, Esp\u00edgol\",\"breadcrumb\":{\"@id\":\"https:\/\/www.shizenna.com\/producto\/zanzar\/#breadcrumb\"},\"inLanguage\":\"es\",\"potentialAction\":[{\"@type\":\"ReadAction\",\"target\":[\"https:\/\/www.shizenna.com\/producto\/zanzar\/\"]}]},{\"@type\":\"ImageObject\",\"inLanguage\":\"es\",\"@id\":\"https:\/\/www.shizenna.com\/producto\/zanzar\/#primaryimage\",\"url\":\"https:\/\/www.shizenna.com\/wp-content\/uploads\/2020\/08\/ZANZAR-MOSQUITS-OUT.jpg\",\"contentUrl\":\"https:\/\/www.shizenna.com\/wp-content\/uploads\/2020\/08\/ZANZAR-MOSQUITS-OUT.jpg\",\"width\":2000,\"height\":2000},{\"@type\":\"BreadcrumbList\",\"@id\":\"https:\/\/www.shizenna.com\/producto\/zanzar\/#breadcrumb\",\"itemListElement\":[{\"@type\":\"ListItem\",\"position\":1,\"name\":\"Products\",\"item\":\"https:\/\/www.shizenna.com\/en\/shop\/\"},{\"@type\":\"ListItem\",\"position\":2,\"name\":\"ZANZAR\"}]},{\"@type\":\"WebSite\",\"@id\":\"https:\/\/www.shizenna.com\/#website\",\"url\":\"https:\/\/www.shizenna.com\/\",\"name\":\"Shizen&#039;na\",\"description\":\"Respira 100% natural\",\"potentialAction\":[{\"@type\":\"SearchAction\",\"target\":{\"@type\":\"EntryPoint\",\"urlTemplate\":\"https:\/\/www.shizenna.com\/?s={search_term_string}\"},\"query-input\":{\"@type\":\"PropertyValueSpecification\",\"valueRequired\":true,\"valueName\":\"search_term_string\"}}],\"inLanguage\":\"es\"}]}<\/script>\n<!-- \/ Yoast SEO plugin. -->","yoast_head_json":{"title":"ZANZAR - Shizen&#039;na","description":"Ess\u00e8ncies naturals no invasives per a estar sense mosquits, tant per a interior com per a exterior. Composici\u00f3: Citronel\u00b7la, P\u00e0txuli, Esp\u00edgol","robots":{"index":"index","follow":"follow","max-snippet":"max-snippet:-1","max-image-preview":"max-image-preview:large","max-video-preview":"max-video-preview:-1"},"canonical":"https:\/\/www.shizenna.com\/es\/producto\/zanzar\/","og_locale":"es_ES","og_type":"article","og_title":"ZANZAR - Shizen&#039;na","og_description":"Ess\u00e8ncies naturals no invasives per a estar sense mosquits, tant per a interior com per a exterior. Composici\u00f3: Citronel\u00b7la, P\u00e0txuli, Esp\u00edgol","og_url":"https:\/\/www.shizenna.com\/es\/producto\/zanzar\/","og_site_name":"Shizen&#039;na","article_modified_time":"2025-03-05T16:28:12+00:00","og_image":[{"width":2000,"height":2000,"url":"https:\/\/www.shizenna.com\/wp-content\/uploads\/2020\/08\/ZANZAR-MOSQUITS-OUT.jpg","type":"image\/jpeg"}],"twitter_card":"summary_large_image","twitter_misc":{"Tiempo de lectura":"1 minuto"},"schema":{"@context":"https:\/\/schema.org","@graph":[{"@type":"WebPage","@id":"https:\/\/www.shizenna.com\/producto\/zanzar\/","url":"https:\/\/www.shizenna.com\/producto\/zanzar\/","name":"ZANZAR - Shizen&#039;na","isPartOf":{"@id":"https:\/\/www.shizenna.com\/#website"},"primaryImageOfPage":{"@id":"https:\/\/www.shizenna.com\/producto\/zanzar\/#primaryimage"},"image":{"@id":"https:\/\/www.shizenna.com\/producto\/zanzar\/#primaryimage"},"thumbnailUrl":"https:\/\/www.shizenna.com\/wp-content\/uploads\/2020\/08\/ZANZAR-MOSQUITS-OUT.jpg","datePublished":"2020-08-25T16:43:52+00:00","dateModified":"2025-03-05T16:28:12+00:00","description":"Ess\u00e8ncies naturals no invasives per a estar sense mosquits, tant per a interior com per a exterior. Composici\u00f3: Citronel\u00b7la, P\u00e0txuli, Esp\u00edgol","breadcrumb":{"@id":"https:\/\/www.shizenna.com\/producto\/zanzar\/#breadcrumb"},"inLanguage":"es","potentialAction":[{"@type":"ReadAction","target":["https:\/\/www.shizenna.com\/producto\/zanzar\/"]}]},{"@type":"ImageObject","inLanguage":"es","@id":"https:\/\/www.shizenna.com\/producto\/zanzar\/#primaryimage","url":"https:\/\/www.shizenna.com\/wp-content\/uploads\/2020\/08\/ZANZAR-MOSQUITS-OUT.jpg","contentUrl":"https:\/\/www.shizenna.com\/wp-content\/uploads\/2020\/08\/ZANZAR-MOSQUITS-OUT.jpg","width":2000,"height":2000},{"@type":"BreadcrumbList","@id":"https:\/\/www.shizenna.com\/producto\/zanzar\/#breadcrumb","itemListElement":[{"@type":"ListItem","position":1,"name":"Products","item":"https:\/\/www.shizenna.com\/en\/shop\/"},{"@type":"ListItem","position":2,"name":"ZANZAR"}]},{"@type":"WebSite","@id":"https:\/\/www.shizenna.com\/#website","url":"https:\/\/www.shizenna.com\/","name":"Shizen&#039;na","description":"Respira 100% natural","potentialAction":[{"@type":"SearchAction","target":{"@type":"EntryPoint","urlTemplate":"https:\/\/www.shizenna.com\/?s={search_term_string}"},"query-input":{"@type":"PropertyValueSpecification","valueRequired":true,"valueName":"search_term_string"}}],"inLanguage":"es"}]}},"_links":{"self":[{"href":"https:\/\/www.shizenna.com\/es\/wp-json\/wp\/v2\/product\/20546","targetHints":{"allow":["GET"]}}],"collection":[{"href":"https:\/\/www.shizenna.com\/es\/wp-json\/wp\/v2\/product"}],"about":[{"href":"https:\/\/www.shizenna.com\/es\/wp-json\/wp\/v2\/types\/product"}],"wp:featuredmedia":[{"embeddable":true,"href":"https:\/\/www.shizenna.com\/es\/wp-json\/wp\/v2\/media\/23238"}],"wp:attachment":[{"href":"https:\/\/www.shizenna.com\/es\/wp-json\/wp\/v2\/media?parent=20546"}],"wp:term":[{"taxonomy":"product_brand","embeddable":true,"href":"https:\/\/www.shizenna.com\/es\/wp-json\/wp\/v2\/product_brand?post=20546"},{"taxonomy":"product_cat","embeddable":true,"href":"https:\/\/www.shizenna.com\/es\/wp-json\/wp\/v2\/product_cat?post=20546"},{"taxonomy":"product_tag","embeddable":true,"href":"https:\/\/www.shizenna.com\/es\/wp-json\/wp\/v2\/product_tag?post=20546"}],"curies":[{"name":"wp","href":"https:\/\/api.w.org\/{rel}","templated":true}]}}